{"id":3139,"date":"2024-10-11T00:52:42","date_gmt":"2024-10-10T22:52:42","guid":{"rendered":"https:\/\/pressurezone.shop\/?post_type=product&#038;p=3139"},"modified":"2024-11-16T00:26:14","modified_gmt":"2024-11-15T23:26:14","slug":"phoenix-tears-1000mg-cbd","status":"publish","type":"product","link":"https:\/\/pressurezone.shop\/pl\/produkt\/lzy-feniksa-1000mg-cbd\/","title":{"rendered":"Phoenix Tears-1000MG CBD"},"content":{"rendered":"<h3>Kup Phoenix Tears-1000MG CBD online w Europie: Najwy\u017csza ulga dzi\u0119ki kontrolowanemu dawkowaniu<\/h3>\n<p>Odkryj naturalne korzy\u015bci p\u0142yn\u0105ce z <strong>Phoenix Tears-1000MG CBD<\/strong>pot\u0119\u017cny, wszechstronny koncentrat konopi indyjskich zaprojektowany w celu skutecznego \u0142agodzenia b\u00f3lu, zmniejszania stresu i promowania relaksu. Ten wysokiej jako\u015bci produkt od <strong>Elite Elevation<\/strong> oferuje precyzyjne dawkowanie, idealne do \u0142atwego i dok\u0142adnego w\u0142\u0105czenia korzy\u015bci p\u0142yn\u0105cych z CBD do codziennej rutyny.<\/p>\n<hr \/>\n<h3><strong>Dlaczego warto wybra\u0107 Phoenix Tears-1000MG CBD?<\/strong><\/h3>\n<p>Phoenix Tears to sprawdzona alternatywa w leczeniu r\u00f3\u017cnych schorze\u0144, oferuj\u0105ca ukierunkowan\u0105 ulg\u0119 z naciskiem na dobre samopoczucie. Niezale\u017cnie od tego, czy chcesz z\u0142agodzi\u0107 stany zapalne, czy naturalnie radzi\u0107 sobie ze stresem, ten produkt oferuje wyj\u0105tkowe rezultaty.<\/p>\n<h4><strong>Cechy i korzy\u015bci<\/strong><\/h4>\n<ul>\n<li><strong>Precyzyjna kontrola dawkowania<\/strong> Wst\u0119pnie dozowany w praktycznej strzykawce doustnej o pojemno\u015bci 1 ml zapewniaj\u0105cej sp\u00f3jne stosowanie.<\/li>\n<li><strong>Wydajna formu\u0142a<\/strong> Zawiera wysokie st\u0119\u017cenie <strong>1000 MG CBD<\/strong> aby zmaksymalizowa\u0107 korzy\u015bci terapeutyczne.<\/li>\n<li><strong>Wszechstronne zastosowanie<\/strong> Mo\u017ce by\u0107 przyjmowany podj\u0119zykowo, dodawany do \u017cywno\u015bci lub napoj\u00f3w, lub stosowany miejscowo.<\/li>\n<li><strong>Naturalna ulga w b\u00f3lu<\/strong> Skuteczny w zwalczaniu b\u00f3lu zapalnego i neuropatycznego.<\/li>\n<li><strong>Redukcja stresu i relaksacja<\/strong> Promuje spok\u00f3j i relaks bez efekt\u00f3w psychoaktywnych.<\/li>\n<\/ul>\n<hr \/>\n<h3><strong>Czym s\u0105 \u0142zy feniksa?<\/strong><\/h3>\n<p>Phoenix Tears, znane r\u00f3wnie\u017c jako olej CBD, to ekstrakty z konopi indyjskich opracowane w celu zapewnienia pot\u0119\u017cnych korzy\u015bci terapeutycznych. W przeciwie\u0144stwie do koncentrat\u00f3w bogatych w THC, Phoenix Tears koncentruj\u0105 si\u0119 na <strong>CBD<\/strong>oferuj\u0105c odurzaj\u0105ce doznania idealne dla codziennego dobrego samopoczucia<a href=\"https:\/\/fuelpackz.com\/\" target=\"_blank\" rel=\"noopener\">.<\/a><\/p>\n<hr \/>\n<h3><strong>G\u0142\u00f3wne zastosowania Phoenix Tears-1000MG CBD<\/strong><\/h3>\n<ol>\n<li><strong>Zarz\u0105dzanie b\u00f3lem<\/strong>\n<ul>\n<li>\u0141agodzi og\u00f3lny b\u00f3l zapalny i stany neuropatyczne.<\/li>\n<\/ul>\n<\/li>\n<li><strong>Redukcja stresu i niepokoju<\/strong>\n<ul>\n<li>Naturalnie obni\u017ca poziom stresu i poprawia relaksacj\u0119.<\/li>\n<\/ul>\n<\/li>\n<li><strong>Lepszy sen<\/strong>\n<ul>\n<li>Wspomaga spokojny sen, uspokajaj\u0105c umys\u0142 i cia\u0142o.<\/li>\n<\/ul>\n<\/li>\n<li><strong>Miejscowa ulga<\/strong>\n<ul>\n<li>Mo\u017ce by\u0107 stosowany na okre\u015blone obszary w celu rozlu\u017anienia mi\u0119\u015bni i staw\u00f3w.<\/li>\n<\/ul>\n<\/li>\n<\/ol>\n<hr \/>\n<h3><strong>Jak stosowa\u0107 Phoenix Tears -1000MG CBD?<\/strong><\/h3>\n<ul>\n<li><strong>Stosowanie podj\u0119zykowe<\/strong> Umie\u015b\u0107 kilka kropli pod j\u0119zykiem, przytrzymaj przez 30 sekund, a nast\u0119pnie po\u0142knij w celu szybkiego wch\u0142oni\u0119cia.<\/li>\n<li><strong>Jadalne (Edible)<\/strong> Wymiesza\u0107 z jedzeniem lub napojem w celu dyskretnego spo\u017cycia.<\/li>\n<li><strong>Zastosowanie miejscowe<\/strong> Stosowa\u0107 bezpo\u015brednio na sk\u00f3r\u0119 w celu uzyskania miejscowej ulgi.<\/li>\n<\/ul>\n<hr \/>\n<h3><strong>Specyfikacja produktu<\/strong><\/h3>\n<ul>\n<li><strong>Marka<\/strong> Elite Elevation<\/li>\n<li><strong>Tre\u015b\u0107<\/strong> 1 ml strzykawka doustna<\/li>\n<li><strong>St\u0119\u017cenie CBD<\/strong> 1000MG<\/li>\n<li><strong>U\u017cycie<\/strong> Stosowanie doustne, jadalne lub miejscowe<\/li>\n<\/ul>\n<hr \/>\n<h3><strong>Dlaczego warto wybra\u0107 Phoenix Tears - 1000MG CBD od Elite Elevation?<\/strong><\/h3>\n<p>Elite Elevation s\u0142ynie z produkcji wysokiej jako\u015bci produkt\u00f3w CBD. Dzi\u0119ki kontrolowanemu dawkowaniu i najwy\u017cszej jako\u015bci sk\u0142adnikom, Phoenix Tears oferuje niezawodn\u0105 i skuteczn\u0105 metod\u0119 w\u0142\u0105czenia CBD do codziennego \u017cycia. <strong>CBD<\/strong> do codziennej rutyny.<\/p>\n<hr \/>\n<h3><strong>Dla kogo przeznaczone s\u0105 Phoenix Tears?<\/strong><\/h3>\n<p>Ten produkt jest idealny do :<\/p>\n<ul>\n<li>Osoby cierpi\u0105ce na przewlek\u0142y lub zapalny b\u00f3l.<\/li>\n<li>Osoby poszukuj\u0105ce naturalnego rozwi\u0105zania w celu zmniejszenia stresu lub poprawy relaksu.<\/li>\n<li>Ka\u017cdy, kto chce w\u0142\u0105czy\u0107 CBD do swojej rutyny odnowy biologicznej bez \u017cadnych efekt\u00f3w psychoaktywnych.<\/li>\n<\/ul>\n<hr \/>\n<h3><strong>Zam\u00f3w Phoenix Tears - 1000MG CBD online w Europie ju\u017c dzi\u015b!<\/strong><\/h3>\n<p>Odkryj korzy\u015bci p\u0142yn\u0105ce z <strong>\u0141zy Feniksa<\/strong> i przej\u0105\u0107 kontrol\u0119 nad swoim samopoczuciem. Dzi\u0119ki silnemu st\u0119\u017ceniu <strong>CBD<\/strong>Dzi\u0119ki \u0142atwemu dozowaniu i wszechstronnym zastosowaniom, produkt ten jest idealny do poprawy codziennego \u017cycia.<\/p>\n<p><strong>Kup teraz na <a href=\"https:\/\/pressurezone.shop\/pl\/\" target=\"_new\" rel=\"noopener\">Sklep ze strefami ci\u015bnieniowymi<\/a><\/strong> dla szybkiej, dyskretnej dostawy w ca\u0142ej Europie. Nie czekaj d\u0142u\u017cej - ciesz si\u0119 korzy\u015bciami p\u0142yn\u0105cymi z najwy\u017cszej jako\u015bci CBD ju\u017c dzi\u015b!<\/p>","protected":false},"excerpt":{"rendered":"<p>Achetez Phoenix Tears\u20131000MG CBD en Ligne en Europe : Soulagement Premium avec Dosage Contr\u00f4l\u00e9 D\u00e9couvrez les bienfaits naturels des Phoenix Tears\u20131000MG CBD, un concentr\u00e9 de cannabis puissant et polyvalent con\u00e7u pour soulager efficacement la douleur, r\u00e9duire le stress et favoriser la relaxation. Ce produit premium de Elite Elevation offre un dosage pr\u00e9cis, id\u00e9al pour int\u00e9grer [&hellip;]<\/p>","protected":false},"featured_media":3225,"comment_status":"closed","ping_status":"closed","template":"","meta":{"_uag_custom_page_level_css":"","site-sidebar-layout":"default","site-content-layout":"","ast-site-content-layout":"default","site-content-style":"default","site-sidebar-style":"default","ast-global-header-display":"","ast-banner-title-visibility":"","ast-main-header-display":"","ast-hfb-above-header-display":"","ast-hfb-below-header-display":"","ast-hfb-mobile-header-display":"","site-post-title":"","ast-breadcrumbs-content":"","ast-featured-img":"","footer-sml-layout":"","theme-transparent-header-meta":"default","adv-header-id-meta":"","stick-header-meta":"","header-above-stick-meta":"","header-main-stick-meta":"","header-below-stick-meta":"","astra-migrate-meta-layouts":"set","ast-page-background-enabled":"default","ast-page-background-meta":{"desktop":{"background-color":"","background-image":"","background-repeat":"repeat","background-position":"center center","background-size":"auto","background-attachment":"scroll","background-type":"","background-media":"","overlay-type":"","overlay-color":"","overlay-opacity":"","overlay-gradient":""},"tablet":{"background-color":"","background-image":"","background-repeat":"repeat","background-position":"center center","background-size":"auto","background-attachment":"scroll","background-type":"","background-media":"","overlay-type":"","overlay-color":"","overlay-opacity":"","overlay-gradient":""},"mobile":{"background-color":"","background-image":"","background-repeat":"repeat","background-position":"center center","background-size":"auto","background-attachment":"scroll","background-type":"","background-media":"","overlay-type":"","overlay-color":"","overlay-opacity":"","overlay-gradient":""}},"ast-content-background-meta":{"desktop":{"background-color":"var(--ast-global-color-5)","background-image":"","background-repeat":"repeat","background-position":"center center","background-size":"auto","background-attachment":"scroll","background-type":"","background-media":"","overlay-type":"","overlay-color":"","overlay-opacity":"","overlay-gradient":""},"tablet":{"background-color":"var(--ast-global-color-5)","background-image":"","background-repeat":"repeat","background-position":"center center","background-size":"auto","background-attachment":"scroll","background-type":"","background-media":"","overlay-type":"","overlay-color":"","overlay-opacity":"","overlay-gradient":""},"mobile":{"background-color":"var(--ast-global-color-5)","background-image":"","background-repeat":"repeat","background-position":"center center","background-size":"auto","background-attachment":"scroll","background-type":"","background-media":"","overlay-type":"","overlay-color":"","overlay-opacity":"","overlay-gradient":""}}},"product_brand":[],"product_cat":[334,335],"product_tag":[350,351],"class_list":{"0":"post-3139","1":"product","2":"type-product","3":"status-publish","4":"has-post-thumbnail","6":"product_cat-concentres-de-marijuana","7":"product_cat-achetez-phoenix-tears-en-ligne","8":"product_tag-available-in-1ml-oral-syringe-controlled-dosage-contains-1000mg-of-cbd","9":"product_tag-buy-phoenix-tears-1000mg-cbd-europe","10":"desktop-align-left","11":"tablet-align-left","12":"mobile-align-left","14":"first","15":"instock","16":"shipping-taxable","17":"purchasable","18":"product-type-simple"},"uagb_featured_image_src":{"full":["https:\/\/pressurezone.shop\/wp-content\/uploads\/2024\/10\/Buy-Phoenix-Tears-\u2013-1000MG-CBD.jpeg",1200,1198,false],"thumbnail":["https:\/\/pressurezone.shop\/wp-content\/uploads\/2024\/10\/Buy-Phoenix-Tears-\u2013-1000MG-CBD-150x150.jpeg",150,150,true],"medium":["https:\/\/pressurezone.shop\/wp-content\/uploads\/2024\/10\/Buy-Phoenix-Tears-\u2013-1000MG-CBD-300x300.jpeg",300,300,true],"medium_large":["https:\/\/pressurezone.shop\/wp-content\/uploads\/2024\/10\/Buy-Phoenix-Tears-\u2013-1000MG-CBD-768x767.jpeg",768,767,true],"large":["https:\/\/pressurezone.shop\/wp-content\/uploads\/2024\/10\/Buy-Phoenix-Tears-\u2013-1000MG-CBD-1024x1022.jpeg",1024,1022,true],"1536x1536":["https:\/\/pressurezone.shop\/wp-content\/uploads\/2024\/10\/Buy-Phoenix-Tears-\u2013-1000MG-CBD.jpeg",1200,1198,false],"2048x2048":["https:\/\/pressurezone.shop\/wp-content\/uploads\/2024\/10\/Buy-Phoenix-Tears-\u2013-1000MG-CBD.jpeg",1200,1198,false],"trp-custom-language-flag":["https:\/\/pressurezone.shop\/wp-content\/uploads\/2024\/10\/Buy-Phoenix-Tears-\u2013-1000MG-CBD-12x12.jpeg",12,12,true],"woocommerce_thumbnail":["https:\/\/pressurezone.shop\/wp-content\/uploads\/2024\/10\/Buy-Phoenix-Tears-\u2013-1000MG-CBD-300x300.jpeg",300,300,true],"woocommerce_single":["https:\/\/pressurezone.shop\/wp-content\/uploads\/2024\/10\/Buy-Phoenix-Tears-\u2013-1000MG-CBD-600x599.jpeg",600,599,true],"woocommerce_gallery_thumbnail":["https:\/\/pressurezone.shop\/wp-content\/uploads\/2024\/10\/Buy-Phoenix-Tears-\u2013-1000MG-CBD-100x100.jpeg",100,100,true]},"uagb_author_info":{"display_name":"pressurezone.shop","author_link":"https:\/\/pressurezone.shop\/pl\/author\/"},"uagb_comment_info":0,"uagb_excerpt":"Achetez Phoenix Tears\u20131000MG CBD en Ligne en Europe : Soulagement Premium avec Dosage Contr\u00f4l\u00e9 D\u00e9couvrez les bienfaits naturels des Phoenix Tears\u20131000MG CBD, un concentr\u00e9 de cannabis puissant et polyvalent con\u00e7u pour soulager efficacement la douleur, r\u00e9duire le stress et favoriser la relaxation. Ce produit premium de Elite Elevation offre un dosage pr\u00e9cis, id\u00e9al pour int\u00e9grer&hellip;","_links":{"self":[{"href":"https:\/\/pressurezone.shop\/pl\/wp-json\/wp\/v2\/product\/3139"}],"collection":[{"href":"https:\/\/pressurezone.shop\/pl\/wp-json\/wp\/v2\/product"}],"about":[{"href":"https:\/\/pressurezone.shop\/pl\/wp-json\/wp\/v2\/types\/product"}],"replies":[{"embeddable":true,"href":"https:\/\/pressurezone.shop\/pl\/wp-json\/wp\/v2\/comments?post=3139"}],"version-history":[{"count":3,"href":"https:\/\/pressurezone.shop\/pl\/wp-json\/wp\/v2\/product\/3139\/revisions"}],"predecessor-version":[{"id":4545,"href":"https:\/\/pressurezone.shop\/pl\/wp-json\/wp\/v2\/product\/3139\/revisions\/4545"}],"wp:featuredmedia":[{"embeddable":true,"href":"https:\/\/pressurezone.shop\/pl\/wp-json\/wp\/v2\/media\/3225"}],"wp:attachment":[{"href":"https:\/\/pressurezone.shop\/pl\/wp-json\/wp\/v2\/media?parent=3139"}],"wp:term":[{"taxonomy":"product_brand","embeddable":true,"href":"https:\/\/pressurezone.shop\/pl\/wp-json\/wp\/v2\/product_brand?post=3139"},{"taxonomy":"product_cat","embeddable":true,"href":"https:\/\/pressurezone.shop\/pl\/wp-json\/wp\/v2\/product_cat?post=3139"},{"taxonomy":"product_tag","embeddable":true,"href":"https:\/\/pressurezone.shop\/pl\/wp-json\/wp\/v2\/product_tag?post=3139"}],"curies":[{"name":"wp","href":"https:\/\/api.w.org\/{rel}","templated":true}]}}