{"id":3150,"date":"2024-10-11T00:53:09","date_gmt":"2024-10-10T22:53:09","guid":{"rendered":"https:\/\/pressurezone.shop\/?post_type=product&#038;p=3150"},"modified":"2024-11-17T00:58:27","modified_gmt":"2024-11-16T23:58:27","slug":"phoenix-tears-rick-simpson-oil-600mg-thc","status":"publish","type":"product","link":"https:\/\/pressurezone.shop\/pl\/produkt\/olejek-phoenix-tears-rick-simpson-600mg-thc\/","title":{"rendered":"Olej Ricka Simpsona Phoenix Tears - 600 mg THC"},"content":{"rendered":"<h3><strong>Kup Phoenix Tears Rick Simpson Oil - 600MG THC online w Europie<\/strong><\/h3>\n<p>Odkryj moc <strong>Olej Ricka Simpsona Phoenix Tears - 600 mg THC<\/strong>to najwy\u017cszej jako\u015bci ekstrakt z konopi indyjskich opracowany w celu zapewnienia precyzyjnej ulgi terapeutycznej. Ten wysoce oczyszczony koncentrat THC jest testowany laboratoryjnie, nie zawiera rozpuszczalnik\u00f3w i jest idealny do u\u017cytku medycznego. Niezale\u017cnie od tego, czy leczysz przewlek\u0142e schorzenia, czy poprawiasz swoje samopoczucie, Phoenix Tears jest niezawodnym rozwi\u0105zaniem.<a href=\"https:\/\/fuelpackz.com\/\" target=\"_blank\" rel=\"noopener\">.<\/a><\/p>\n<hr \/>\n<h3><strong>Dlaczego warto wybra\u0107 Phoenix Tears Rick Simpson Oil?<\/strong><\/h3>\n<h4><strong>Cechy produktu<\/strong><\/h4>\n<ul>\n<li><strong>Koncentracja<\/strong> Zawiera od 600 mg do 700 mg THC na porcj\u0119, zapewniaj\u0105c pot\u0119\u017cn\u0105 ulg\u0119.<\/li>\n<li><strong>Precyzyjne dozowanie<\/strong> Przedstawione w <strong>1g (1ml) strzykawka doustna<\/strong> \u0142atwy w u\u017cyciu, idealny do kontrolowanego podawania.<\/li>\n<li><strong>Czysto\u015b\u0107 testowana laboratoryjnie<\/strong> Nie zawiera rozpuszczalnik\u00f3w, gwarantuj\u0105c czysto\u015b\u0107 i bezpiecze\u0144stwo.<\/li>\n<\/ul>\n<h4><strong>Inne kannabinoidy<\/strong> :<\/h4>\n<ul>\n<li><strong>CBC<\/strong> : 0,6 %<\/li>\n<li><strong>CBD<\/strong> : 0,12 %<\/li>\n<li><strong>THCV<\/strong> : 0,3 %<\/li>\n<li><strong>CBN<\/strong> : 0,17 %<\/li>\n<\/ul>\n<hr \/>\n<h3><strong>Jak stosowa\u0107 Phoenix Tears RSO<\/strong><\/h3>\n<ol>\n<li><strong>Zacznij od ma\u0142ego<\/strong> Zacznij od kropli wielko\u015bci ziarenka ry\u017cu.<\/li>\n<li><strong>Zwi\u0119kszaj stopniowo<\/strong> Dostosuj dawk\u0119 0,5 mg THC na funt masy cia\u0142a dziennie, a\u017c do osi\u0105gni\u0119cia po\u017c\u0105danych efekt\u00f3w.<\/li>\n<li><strong>Protoko\u0142y wysokich dawek<\/strong> Zalecany w przypadku powa\u017cnych schorze\u0144, takich jak rak, epilepsja i przewlek\u0142y b\u00f3l, w dawce od 1 mg do 2 mg na funt masy cia\u0142a dziennie.<\/li>\n<li><strong>Unika\u0107 stosowania doodbytniczego<\/strong> Ze wzgl\u0119d\u00f3w bezpiecze\u0144stwa metoda ta nie jest zalecana.<\/li>\n<\/ol>\n<hr \/>\n<h3><strong>Do kogo skierowana jest gra Phoenix Tears?<\/strong><\/h3>\n<p><strong>Phoenix Tears Rick Simpson Oil<\/strong> zosta\u0142 opracowany w celu leczenia szerokiego zakresu schorze\u0144, w tym :<\/p>\n<ul>\n<li><strong>Przewlek\u0142y b\u00f3l<\/strong> Skuteczna ulga w przypadku d\u0142ugotrwa\u0142ego dyskomfortu.<\/li>\n<li><strong>Zaburzenia snu<\/strong> Wspomaga g\u0142\u0119boki, spokojny sen.<\/li>\n<li><strong>Wsparcie w walce z rakiem<\/strong> Cz\u0119sto stosowany w protoko\u0142ach wysokich dawek.<\/li>\n<li><strong>Padaczka<\/strong> Mo\u017ce pom\u00f3c zmniejszy\u0107 cz\u0119stotliwo\u015b\u0107 atak\u00f3w.<\/li>\n<li><strong>Stres i niepok\u00f3j<\/strong> Uspokaja cia\u0142o i umys\u0142, zapewniaj\u0105c optymalny relaks.<\/li>\n<\/ul>\n<hr \/>\n<h3><strong>Korzy\u015bci terapeutyczne<\/strong><\/h3>\n<ul>\n<li><strong>Wysokie st\u0119\u017cenie THC<\/strong> Zapewnia siln\u0105, ukierunkowan\u0105 ulg\u0119.<\/li>\n<li><strong>W\u0142a\u015bciwo\u015bci przeciwzapalne<\/strong> Zmniejsza stany zapalne w chorobach takich jak zapalenie staw\u00f3w.<\/li>\n<li><strong>Wszechstronne zastosowanie<\/strong> Stosowa\u0107 podj\u0119zykowo lub wymiesza\u0107 z jedzeniem w celu dyskretnego spo\u017cycia.<\/li>\n<\/ul>\n<hr \/>\n<h3><strong>Co sprawia, \u017ce Phoenix Tears jest wyj\u0105tkowy?<\/strong><\/h3>\n<p>W przeciwie\u0144stwie do innych ekstrakt\u00f3w z konopi, <strong>Phoenix Tears RSO<\/strong> jest znany z :<\/p>\n<ul>\n<li><strong>Wysoka moc THC<\/strong> Przy 600 mg do 700 mg THC na strzykawk\u0119, jest to jedna z najsilniejszych dost\u0119pnych opcji.<\/li>\n<li><strong>Bezpieczna i czysta formu\u0142a<\/strong> Testowany laboratoryjnie, aby zagwarantowa\u0107 czysto\u015b\u0107 bez rozpuszczalnik\u00f3w.<\/li>\n<li><strong>\u0141atwo\u015b\u0107 u\u017cytkowania<\/strong> Pakowany w strzykawk\u0119 dla precyzyjnej kontroli dawkowania.<\/li>\n<\/ul>\n<hr \/>\n<h3><strong>Dlaczego warto kupowa\u0107 na <a href=\"https:\/\/pressurezone.shop\/pl\/\" target=\"_new\" rel=\"noopener\">PressureZone.Shop<\/a> ?<\/strong><\/h3>\n<ol>\n<li><strong>Wysokiej jako\u015bci<\/strong> Tylko najlepsze, przetestowane laboratoryjnie produkty z konopi indyjskich.<\/li>\n<li><strong>\u0179r\u00f3d\u0142o zaufania<\/strong> Niezawodna, dyskretna dostawa na terenie ca\u0142ej Europy.<\/li>\n<li><strong>Dedykowana obs\u0142uga klienta<\/strong> Kompetentny zesp\u00f3\u0142 dbaj\u0105cy o Twoje potrzeby.<\/li>\n<\/ol>\n<hr \/>\n<h3><strong>Zam\u00f3w Phoenix Tears Rick Simpson Oil ju\u017c dzi\u015b!<\/strong><\/h3>\n<p>Zwi\u0119ksz swoje doznania zwi\u0105zane z konopiami indyjskimi dzi\u0119ki niezawodnej uldze, jak\u0105 zapewnia <strong>Olej Ricka Simpsona Phoenix Tears - 600 mg THC<\/strong>. Idealny dla pacjent\u00f3w medycznych i entuzjast\u00f3w wellness, ten pot\u0119\u017cny ekstrakt jest rozwi\u0105zaniem dla skutecznej, ukierunkowanej opieki.<\/p>\n<p><strong><a href=\"https:\/\/pressurezone.shop\/pl\/\" target=\"_new\" rel=\"noopener\">Zam\u00f3w teraz na PressureZone.Shop<\/a><\/strong> i zr\u00f3b pierwszy krok w kierunku lepszego, wolnego od b\u00f3lu \u017cycia!<\/p>","protected":false},"excerpt":{"rendered":"<p>Achetez Phoenix Tears Rick Simpson Oil \u2013 600MG THC en ligne en Europe D\u00e9couvrez la puissance de Phoenix Tears Rick Simpson Oil \u2013 600MG THC, un extrait de cannabis premium formul\u00e9 pour offrir un soulagement th\u00e9rapeutique avec pr\u00e9cision. Ce concentr\u00e9 de THC hautement purifi\u00e9 est test\u00e9 en laboratoire, sans solvant, et id\u00e9al pour un usage [&hellip;]<\/p>","protected":false},"featured_media":3235,"comment_status":"closed","ping_status":"closed","template":"","meta":{"_uag_custom_page_level_css":"","site-sidebar-layout":"default","site-content-layout":"","ast-site-content-layout":"default","site-content-style":"default","site-sidebar-style":"default","ast-global-header-display":"","ast-banner-title-visibility":"","ast-main-header-display":"","ast-hfb-above-header-display":"","ast-hfb-below-header-display":"","ast-hfb-mobile-header-display":"","site-post-title":"","ast-breadcrumbs-content":"","ast-featured-img":"","footer-sml-layout":"","theme-transparent-header-meta":"default","adv-header-id-meta":"","stick-header-meta":"","header-above-stick-meta":"","header-main-stick-meta":"","header-below-stick-meta":"","astra-migrate-meta-layouts":"set","ast-page-background-enabled":"default","ast-page-background-meta":{"desktop":{"background-color":"","background-image":"","background-repeat":"repeat","background-position":"center center","background-size":"auto","background-attachment":"scroll","background-type":"","background-media":"","overlay-type":"","overlay-color":"","overlay-opacity":"","overlay-gradient":""},"tablet":{"background-color":"","background-image":"","background-repeat":"repeat","background-position":"center center","background-size":"auto","background-attachment":"scroll","background-type":"","background-media":"","overlay-type":"","overlay-color":"","overlay-opacity":"","overlay-gradient":""},"mobile":{"background-color":"","background-image":"","background-repeat":"repeat","background-position":"center center","background-size":"auto","background-attachment":"scroll","background-type":"","background-media":"","overlay-type":"","overlay-color":"","overlay-opacity":"","overlay-gradient":""}},"ast-content-background-meta":{"desktop":{"background-color":"var(--ast-global-color-5)","background-image":"","background-repeat":"repeat","background-position":"center center","background-size":"auto","background-attachment":"scroll","background-type":"","background-media":"","overlay-type":"","overlay-color":"","overlay-opacity":"","overlay-gradient":""},"tablet":{"background-color":"var(--ast-global-color-5)","background-image":"","background-repeat":"repeat","background-position":"center center","background-size":"auto","background-attachment":"scroll","background-type":"","background-media":"","overlay-type":"","overlay-color":"","overlay-opacity":"","overlay-gradient":""},"mobile":{"background-color":"var(--ast-global-color-5)","background-image":"","background-repeat":"repeat","background-position":"center center","background-size":"auto","background-attachment":"scroll","background-type":"","background-media":"","overlay-type":"","overlay-color":"","overlay-opacity":"","overlay-gradient":""}}},"product_brand":[],"product_cat":[334,335],"product_tag":[359,360,361,362],"class_list":{"0":"post-3150","1":"product","2":"type-product","3":"status-publish","4":"has-post-thumbnail","6":"product_cat-concentres-de-marijuana","7":"product_cat-achetez-phoenix-tears-en-ligne","8":"product_tag-buy-phoenix-tears-online","9":"product_tag-buy-phoenix-tears-rick-simpson-oil-600mg-thc-europe","10":"product_tag-phoenix-tears-near-me","11":"product_tag-phoenix-tears-price","12":"desktop-align-left","13":"tablet-align-left","14":"mobile-align-left","16":"first","17":"instock","18":"shipping-taxable","19":"purchasable","20":"product-type-simple"},"uagb_featured_image_src":{"full":["https:\/\/pressurezone.shop\/wp-content\/uploads\/2024\/10\/Buy-Phoenix-Tears-Rick-Simpson-Oil-\u2013-600MG-THC.jpg",2560,2560,false],"thumbnail":["https:\/\/pressurezone.shop\/wp-content\/uploads\/2024\/10\/Buy-Phoenix-Tears-Rick-Simpson-Oil-\u2013-600MG-THC-150x150.jpg",150,150,true],"medium":["https:\/\/pressurezone.shop\/wp-content\/uploads\/2024\/10\/Buy-Phoenix-Tears-Rick-Simpson-Oil-\u2013-600MG-THC-300x300.jpg",300,300,true],"medium_large":["https:\/\/pressurezone.shop\/wp-content\/uploads\/2024\/10\/Buy-Phoenix-Tears-Rick-Simpson-Oil-\u2013-600MG-THC-768x768.jpg",768,768,true],"large":["https:\/\/pressurezone.shop\/wp-content\/uploads\/2024\/10\/Buy-Phoenix-Tears-Rick-Simpson-Oil-\u2013-600MG-THC-1024x1024.jpg",1024,1024,true],"1536x1536":["https:\/\/pressurezone.shop\/wp-content\/uploads\/2024\/10\/Buy-Phoenix-Tears-Rick-Simpson-Oil-\u2013-600MG-THC-1536x1536.jpg",1536,1536,true],"2048x2048":["https:\/\/pressurezone.shop\/wp-content\/uploads\/2024\/10\/Buy-Phoenix-Tears-Rick-Simpson-Oil-\u2013-600MG-THC-2048x2048.jpg",2048,2048,true],"trp-custom-language-flag":["https:\/\/pressurezone.shop\/wp-content\/uploads\/2024\/10\/Buy-Phoenix-Tears-Rick-Simpson-Oil-\u2013-600MG-THC-12x12.jpg",12,12,true],"woocommerce_thumbnail":["https:\/\/pressurezone.shop\/wp-content\/uploads\/2024\/10\/Buy-Phoenix-Tears-Rick-Simpson-Oil-\u2013-600MG-THC-300x300.jpg",300,300,true],"woocommerce_single":["https:\/\/pressurezone.shop\/wp-content\/uploads\/2024\/10\/Buy-Phoenix-Tears-Rick-Simpson-Oil-\u2013-600MG-THC-600x600.jpg",600,600,true],"woocommerce_gallery_thumbnail":["https:\/\/pressurezone.shop\/wp-content\/uploads\/2024\/10\/Buy-Phoenix-Tears-Rick-Simpson-Oil-\u2013-600MG-THC-100x100.jpg",100,100,true]},"uagb_author_info":{"display_name":"pressurezone.shop","author_link":"https:\/\/pressurezone.shop\/pl\/author\/"},"uagb_comment_info":0,"uagb_excerpt":"Achetez Phoenix Tears Rick Simpson Oil \u2013 600MG THC en ligne en Europe D\u00e9couvrez la puissance de Phoenix Tears Rick Simpson Oil \u2013 600MG THC, un extrait de cannabis premium formul\u00e9 pour offrir un soulagement th\u00e9rapeutique avec pr\u00e9cision. Ce concentr\u00e9 de THC hautement purifi\u00e9 est test\u00e9 en laboratoire, sans solvant, et id\u00e9al pour un usage&hellip;","_links":{"self":[{"href":"https:\/\/pressurezone.shop\/pl\/wp-json\/wp\/v2\/product\/3150"}],"collection":[{"href":"https:\/\/pressurezone.shop\/pl\/wp-json\/wp\/v2\/product"}],"about":[{"href":"https:\/\/pressurezone.shop\/pl\/wp-json\/wp\/v2\/types\/product"}],"replies":[{"embeddable":true,"href":"https:\/\/pressurezone.shop\/pl\/wp-json\/wp\/v2\/comments?post=3150"}],"version-history":[{"count":3,"href":"https:\/\/pressurezone.shop\/pl\/wp-json\/wp\/v2\/product\/3150\/revisions"}],"predecessor-version":[{"id":4644,"href":"https:\/\/pressurezone.shop\/pl\/wp-json\/wp\/v2\/product\/3150\/revisions\/4644"}],"wp:featuredmedia":[{"embeddable":true,"href":"https:\/\/pressurezone.shop\/pl\/wp-json\/wp\/v2\/media\/3235"}],"wp:attachment":[{"href":"https:\/\/pressurezone.shop\/pl\/wp-json\/wp\/v2\/media?parent=3150"}],"wp:term":[{"taxonomy":"product_brand","embeddable":true,"href":"https:\/\/pressurezone.shop\/pl\/wp-json\/wp\/v2\/product_brand?post=3150"},{"taxonomy":"product_cat","embeddable":true,"href":"https:\/\/pressurezone.shop\/pl\/wp-json\/wp\/v2\/product_cat?post=3150"},{"taxonomy":"product_tag","embeddable":true,"href":"https:\/\/pressurezone.shop\/pl\/wp-json\/wp\/v2\/product_tag?post=3150"}],"curies":[{"name":"wp","href":"https:\/\/api.w.org\/{rel}","templated":true}]}}