{"id":3152,"date":"2024-10-11T00:53:09","date_gmt":"2024-10-10T22:53:09","guid":{"rendered":"https:\/\/pressurezone.shop\/?post_type=product&#038;p=3152"},"modified":"2024-11-17T01:02:31","modified_gmt":"2024-11-17T00:02:31","slug":"cbd-phoenix-tears-rso-eu","status":"publish","type":"product","link":"https:\/\/pressurezone.shop\/pl\/produkt\/cbd-phoenix-tears-rso-eu\/","title":{"rendered":"CBD Phoenix Tears - RSO EU"},"content":{"rendered":"<h3><strong>Kup CBD Phoenix Tears - RSO EU online<\/strong><\/h3>\n<p>Odkryj moc <strong>CBD Phoenix Tears - RSO EU<\/strong>Ten olej z konopi indyjskich zosta\u0142 specjalnie zaprojektowany dla entuzjast\u00f3w CBD i os\u00f3b poszukuj\u0105cych naturalnych rozwi\u0105za\u0144 swoich dolegliwo\u015bci. Dzi\u0119ki imponuj\u0105cemu st\u0119\u017ceniu <strong>65% CBD<\/strong> i <strong>3% THC<\/strong>Ten produkt jest idealnym wyborem do \u0142agodzenia r\u00f3\u017cnych dolegliwo\u015bci<a href=\"https:\/\/fuelpackz.com\/\" target=\"_blank\" rel=\"noopener\">.<\/a><\/p>\n<hr \/>\n<h3><strong>G\u0142\u00f3wne w\u0142a\u015bciwo\u015bci Phoenix Tears CBD<\/strong><\/h3>\n<ul>\n<li><strong>Optymalny sk\u0142ad<\/strong> 65% CBD dla wyj\u0105tkowych korzy\u015bci terapeutycznych.<\/li>\n<li><strong>\u015aladowa ilo\u015b\u0107 THC<\/strong> Tylko 3%, gwarantuj\u0105c efekty niepsychoaktywne.<\/li>\n<li><strong>Formu\u0142a testowana laboratoryjnie<\/strong> Gwarantowana bezrozpuszczalnikowo\u015b\u0107 i bezpiecze\u0144stwo przy regularnym stosowaniu.<\/li>\n<\/ul>\n<hr \/>\n<h3><strong>Korzy\u015bci terapeutyczne<\/strong><\/h3>\n<p>CBD Phoenix Tears jest znane z tego, \u017ce pomaga w leczeniu :<\/p>\n<ul>\n<li><strong>Przewlek\u0142y b\u00f3l<\/strong> Skuteczne rozwi\u0105zanie \u0142agodz\u0105ce uporczywy b\u00f3l.<\/li>\n<li><strong>Stany zapalne<\/strong> Skutecznie zmniejsza stan zapalny.<\/li>\n<li><strong>L\u0119k i depresja<\/strong> Promuje stan psychicznego i emocjonalnego odpr\u0119\u017cenia.<\/li>\n<li><strong>Powa\u017cne zaburzenia<\/strong> Zapewnia wsparcie w przypadku zaburze\u0144 takich jak epilepsja i zaburzenia snu.<\/li>\n<\/ul>\n<hr \/>\n<h3><strong>Jak stosowa\u0107 CBD Phoenix Tears RSO<\/strong><\/h3>\n<h4><strong>Instrukcje dotycz\u0105ce dawkowania<\/strong><\/h4>\n<ol>\n<li><strong>Zacznij powoli<\/strong> We\u017a kropl\u0119 wielko\u015bci po\u0142owy ziarenka ry\u017cu.<\/li>\n<li><strong>Zwi\u0119kszaj stopniowo<\/strong> Dostosowa\u0107 dawk\u0119 do maksymalnej warto\u015bci <strong>0,5 mg CBD na funt masy cia\u0142a<\/strong> aby zminimalizowa\u0107 potencjalne skutki uboczne, takie jak senno\u015b\u0107 lub \u0142agodna euforia.<\/li>\n<li><strong>Protok\u00f3\u0142 wysokich dawek<\/strong> Stosowany w powa\u017cnych schorzeniach, takich jak silny b\u00f3l, zaburzenia snu, rak lub epilepsja, z typow\u0105 dawk\u0105 <strong>1 do 2 mg CBD na funt masy cia\u0142a dziennie<\/strong>.<\/li>\n<\/ol>\n<hr \/>\n<h3><strong>Dlaczego warto wybra\u0107 CBD Phoenix Tears?<\/strong><\/h3>\n<ul>\n<li><strong>Skoncentrowana formu\u0142a CBD<\/strong> Zapewnia szybkie i d\u0142ugotrwa\u0142e rezultaty.<\/li>\n<li><strong>Wszechstronno\u015b\u0107<\/strong> Idealny do stosowania podj\u0119zykowego lub mieszania z ulubionymi potrawami i napojami.<\/li>\n<li><strong>Ukierunkowana pomoc<\/strong> Zaprojektowany z my\u015bl\u0105 o specyficznych potrzebach medycznych.<\/li>\n<\/ul>\n<hr \/>\n<h3><strong>Co sprawia, \u017ce Phoenix Tears jest wyj\u0105tkowy<\/strong><\/h3>\n<p>CBD Phoenix Tears - RSO EU to znacznie wi\u0119cej ni\u017c tylko produkt z konopi indyjskich:<\/p>\n<ul>\n<li><strong>Wyj\u0105tkowa moc<\/strong> Z <strong>65% CBD<\/strong>Przewy\u017csza wiele innych ekstrakt\u00f3w.<\/li>\n<li><strong>Niezawodno\u015b\u0107 medyczna<\/strong> Zaprojektowany do u\u017cytku terapeutycznego z precyzyjnymi zaleceniami dotycz\u0105cymi dawkowania.<\/li>\n<li><strong>\u0141atwo\u015b\u0107 u\u017cytkowania<\/strong> Prezentowany w strzykawce do precyzyjnego, higienicznego dozowania.<\/li>\n<\/ul>\n<hr \/>\n<h3><strong>Dlaczego warto kupowa\u0107 na <a href=\"https:\/\/pressurezone.shop\/pl\/\" target=\"_new\" rel=\"noopener\">PressureZone.Shop<\/a> ?<\/strong><\/h3>\n<ol>\n<li><strong>Doskona\u0142a jako\u015b\u0107<\/strong> Wszystkie nasze produkty s\u0105 testowane laboratoryjnie i nie zawieraj\u0105 rozpuszczalnik\u00f3w.<\/li>\n<li><strong>Dyskretna dostawa<\/strong> Korzystaj z szybkiej i poufnej dostawy na terenie ca\u0142ej Europy.<\/li>\n<li><strong>Fachowa obs\u0142uga klienta<\/strong> Skorzystaj z profesjonalnego wsparcia w zakresie wszystkich potrzeb zwi\u0105zanych z produktami CBD.<\/li>\n<\/ol>\n<hr \/>\n<h3><strong>Zam\u00f3w CBD Phoenix Tears - RSO EU ju\u017c teraz!<\/strong><\/h3>\n<p>Do\u015bwiadcz doskona\u0142ego samopoczucia dzi\u0119ki <strong>CBD Phoenix Tears - RSO EU<\/strong>. Niezale\u017cnie od tego, czy chcesz z\u0142agodzi\u0107 b\u00f3le, czy promowa\u0107 relaks psychiczny, ten produkt jest idealnym rozwi\u0105zaniem.<\/p>\n<p><strong><a href=\"https:\/\/pressurezone.shop\/pl\/\" target=\"_new\" rel=\"noopener\">Zam\u00f3w ju\u017c dzi\u015b na PressureZone.Shop<\/a><\/strong> i rozpocznij swoj\u0105 drog\u0119 do naturalnej, skutecznej ulgi!<\/p>","protected":false},"excerpt":{"rendered":"<ul>\n<li>65% CBD<\/li>\n<li>3% THC<\/li>\n<\/ul>","protected":false},"featured_media":3239,"comment_status":"closed","ping_status":"closed","template":"","meta":{"_uag_custom_page_level_css":"","site-sidebar-layout":"default","site-content-layout":"","ast-site-content-layout":"default","site-content-style":"default","site-sidebar-style":"default","ast-global-header-display":"","ast-banner-title-visibility":"","ast-main-header-display":"","ast-hfb-above-header-display":"","ast-hfb-below-header-display":"","ast-hfb-mobile-header-display":"","site-post-title":"","ast-breadcrumbs-content":"","ast-featured-img":"","footer-sml-layout":"","theme-transparent-header-meta":"default","adv-header-id-meta":"","stick-header-meta":"","header-above-stick-meta":"","header-main-stick-meta":"","header-below-stick-meta":"","astra-migrate-meta-layouts":"set","ast-page-background-enabled":"default","ast-page-background-meta":{"desktop":{"background-color":"","background-image":"","background-repeat":"repeat","background-position":"center center","background-size":"auto","background-attachment":"scroll","background-type":"","background-media":"","overlay-type":"","overlay-color":"","overlay-opacity":"","overlay-gradient":""},"tablet":{"background-color":"","background-image":"","background-repeat":"repeat","background-position":"center center","background-size":"auto","background-attachment":"scroll","background-type":"","background-media":"","overlay-type":"","overlay-color":"","overlay-opacity":"","overlay-gradient":""},"mobile":{"background-color":"","background-image":"","background-repeat":"repeat","background-position":"center center","background-size":"auto","background-attachment":"scroll","background-type":"","background-media":"","overlay-type":"","overlay-color":"","overlay-opacity":"","overlay-gradient":""}},"ast-content-background-meta":{"desktop":{"background-color":"var(--ast-global-color-5)","background-image":"","background-repeat":"repeat","background-position":"center center","background-size":"auto","background-attachment":"scroll","background-type":"","background-media":"","overlay-type":"","overlay-color":"","overlay-opacity":"","overlay-gradient":""},"tablet":{"background-color":"var(--ast-global-color-5)","background-image":"","background-repeat":"repeat","background-position":"center center","background-size":"auto","background-attachment":"scroll","background-type":"","background-media":"","overlay-type":"","overlay-color":"","overlay-opacity":"","overlay-gradient":""},"mobile":{"background-color":"var(--ast-global-color-5)","background-image":"","background-repeat":"repeat","background-position":"center center","background-size":"auto","background-attachment":"scroll","background-type":"","background-media":"","overlay-type":"","overlay-color":"","overlay-opacity":"","overlay-gradient":""}}},"product_brand":[],"product_cat":[334,335],"product_tag":[359,364,361,362],"class_list":{"0":"post-3152","1":"product","2":"type-product","3":"status-publish","4":"has-post-thumbnail","6":"product_cat-concentres-de-marijuana","7":"product_cat-achetez-phoenix-tears-en-ligne","8":"product_tag-buy-phoenix-tears-online","9":"product_tag-order-cbd-phoenix-tears-rso-eu","10":"product_tag-phoenix-tears-near-me","11":"product_tag-phoenix-tears-price","12":"desktop-align-left","13":"tablet-align-left","14":"mobile-align-left","16":"first","17":"instock","18":"shipping-taxable","19":"purchasable","20":"product-type-simple"},"uagb_featured_image_src":{"full":["https:\/\/pressurezone.shop\/wp-content\/uploads\/2024\/10\/CBD-Phoenix-Tears-\u2013-RSO-EU.webp",570,464,false],"thumbnail":["https:\/\/pressurezone.shop\/wp-content\/uploads\/2024\/10\/CBD-Phoenix-Tears-\u2013-RSO-EU-150x150.webp",150,150,true],"medium":["https:\/\/pressurezone.shop\/wp-content\/uploads\/2024\/10\/CBD-Phoenix-Tears-\u2013-RSO-EU-300x244.webp",300,244,true],"medium_large":["https:\/\/pressurezone.shop\/wp-content\/uploads\/2024\/10\/CBD-Phoenix-Tears-\u2013-RSO-EU.webp",570,464,false],"large":["https:\/\/pressurezone.shop\/wp-content\/uploads\/2024\/10\/CBD-Phoenix-Tears-\u2013-RSO-EU.webp",570,464,false],"1536x1536":["https:\/\/pressurezone.shop\/wp-content\/uploads\/2024\/10\/CBD-Phoenix-Tears-\u2013-RSO-EU.webp",570,464,false],"2048x2048":["https:\/\/pressurezone.shop\/wp-content\/uploads\/2024\/10\/CBD-Phoenix-Tears-\u2013-RSO-EU.webp",570,464,false],"trp-custom-language-flag":["https:\/\/pressurezone.shop\/wp-content\/uploads\/2024\/10\/CBD-Phoenix-Tears-\u2013-RSO-EU-15x12.webp",15,12,true],"woocommerce_thumbnail":["https:\/\/pressurezone.shop\/wp-content\/uploads\/2024\/10\/CBD-Phoenix-Tears-\u2013-RSO-EU-300x300.webp",300,300,true],"woocommerce_single":["https:\/\/pressurezone.shop\/wp-content\/uploads\/2024\/10\/CBD-Phoenix-Tears-\u2013-RSO-EU.webp",570,464,false],"woocommerce_gallery_thumbnail":["https:\/\/pressurezone.shop\/wp-content\/uploads\/2024\/10\/CBD-Phoenix-Tears-\u2013-RSO-EU-100x100.webp",100,100,true]},"uagb_author_info":{"display_name":"pressurezone.shop","author_link":"https:\/\/pressurezone.shop\/pl\/author\/"},"uagb_comment_info":0,"uagb_excerpt":"65% CBD 3% THC","_links":{"self":[{"href":"https:\/\/pressurezone.shop\/pl\/wp-json\/wp\/v2\/product\/3152"}],"collection":[{"href":"https:\/\/pressurezone.shop\/pl\/wp-json\/wp\/v2\/product"}],"about":[{"href":"https:\/\/pressurezone.shop\/pl\/wp-json\/wp\/v2\/types\/product"}],"replies":[{"embeddable":true,"href":"https:\/\/pressurezone.shop\/pl\/wp-json\/wp\/v2\/comments?post=3152"}],"version-history":[{"count":3,"href":"https:\/\/pressurezone.shop\/pl\/wp-json\/wp\/v2\/product\/3152\/revisions"}],"predecessor-version":[{"id":4646,"href":"https:\/\/pressurezone.shop\/pl\/wp-json\/wp\/v2\/product\/3152\/revisions\/4646"}],"wp:featuredmedia":[{"embeddable":true,"href":"https:\/\/pressurezone.shop\/pl\/wp-json\/wp\/v2\/media\/3239"}],"wp:attachment":[{"href":"https:\/\/pressurezone.shop\/pl\/wp-json\/wp\/v2\/media?parent=3152"}],"wp:term":[{"taxonomy":"product_brand","embeddable":true,"href":"https:\/\/pressurezone.shop\/pl\/wp-json\/wp\/v2\/product_brand?post=3152"},{"taxonomy":"product_cat","embeddable":true,"href":"https:\/\/pressurezone.shop\/pl\/wp-json\/wp\/v2\/product_cat?post=3152"},{"taxonomy":"product_tag","embeddable":true,"href":"https:\/\/pressurezone.shop\/pl\/wp-json\/wp\/v2\/product_tag?post=3152"}],"curies":[{"name":"wp","href":"https:\/\/api.w.org\/{rel}","templated":true}]}}