{"id":3158,"date":"2024-10-11T00:53:35","date_gmt":"2024-10-10T22:53:35","guid":{"rendered":"https:\/\/pressurezone.shop\/?post_type=product&#038;p=3158"},"modified":"2024-11-17T02:36:02","modified_gmt":"2024-11-17T01:36:02","slug":"phoenix-tears-rso-rick-simpson-oil","status":"publish","type":"product","link":"https:\/\/pressurezone.shop\/pl\/produkt\/phoenix-tears-rso-rick-simpson-oil\/","title":{"rendered":"Phoenix Tears - RSO (Rick Simpson Oil)"},"content":{"rendered":"<h3><strong>Kup online \u0141zy Feniksa - RSO Europe<\/strong><\/h3>\n<p>The <strong>Phoenix Tears - RSO (Rick Simpson Oil)<\/strong> jest jednym z najpot\u0119\u017cniejszych i najbardziej poszukiwanych ekstrakt\u00f3w z konopi indyjskich, znanym ze swoich <strong>korzy\u015bci terapeutyczne<\/strong> i ich wysokiej jako\u015bci sk\u0142ad. Dost\u0119pny w \u0142atwej w u\u017cyciu strzykawce doustnej, produkt <strong>\u0141zy Feniksa<\/strong> oferuj\u0105 niezr\u00f3wnan\u0105 precyzj\u0119 i wygod\u0119 zar\u00f3wno pocz\u0105tkuj\u0105cym, jak i do\u015bwiadczonym u\u017cytkownikom medycznej marihuany.<\/p>\n<hr \/>\n<h3><strong>Czym s\u0105 \u0142zy feniksa?<\/strong><\/h3>\n<p>Phoenix Tears to olejki z konopi indyjskich o wysokiej mocy, zaprojektowane specjalnie do stosowania w szerokim zakresie <strong>stosowanie doustne i jadalne<\/strong>oferuj\u0105c skoncentrowan\u0105 dawk\u0119 <strong>czysty destylat z konopi indyjskich<\/strong>ekstrahowane g\u0142\u00f3wnie z odmian Indica. Znane ze swoich <strong>w\u0142a\u015bciwo\u015bci lecznicze<\/strong>S\u0105 one idealne dla u\u017cytkownik\u00f3w poszukuj\u0105cych naturalnych rozwi\u0105za\u0144 w walce z b\u00f3lem, bezsenno\u015bci\u0105 i innymi dolegliwo\u015bciami.<\/p>\n<p><strong>Dlaczego warto wybra\u0107 Phoenix Tears - RSO Europe?<\/strong><\/p>\n<ul>\n<li><strong>\u0141atwa aplikacja<\/strong> Nak\u0142ada\u0107 bezpo\u015brednio na palec, biszkopt lub pod j\u0119zyk.<\/li>\n<li><strong>Jako\u015b\u0107 premium<\/strong> Wykonany z najlepszych p\u0105k\u00f3w konopi, starannie wyekstrahowanych w celu uzyskania optymalnej czysto\u015bci.<\/li>\n<li><strong>Wszechstronne zastosowanie<\/strong> Nadaje si\u0119 do stosowania podj\u0119zykowego lub dodawania do \u017cywno\u015bci lub napoj\u00f3w.<\/li>\n<li><strong>Korzy\u015bci lecznicze<\/strong> Zaprojektowany, aby zapewni\u0107 maksymaln\u0105 ulg\u0119 w b\u00f3lu, zaburzeniach snu i chorobach przewlek\u0142ych.<\/li>\n<\/ul>\n<hr \/>\n<h3><strong>Cechy produktu<\/strong><\/h3>\n<ul>\n<li><strong>Format<\/strong> Strzykawka doustna o pojemno\u015bci 1 ml do precyzyjnego dozowania.<\/li>\n<li><strong>Kluczowe sk\u0142adniki<\/strong> Czysty destylat konopi indyjskich ekstrahowany g\u0142\u00f3wnie z odmian indica.<\/li>\n<li><strong>U\u017cycie<\/strong> Idealny dla u\u017cytkownik\u00f3w medycznych poszukuj\u0105cych olejk\u00f3w o wysokiej mocy<a href=\"https:\/\/fuelpackz.com\/\" target=\"_blank\" rel=\"noopener\">.<\/a><\/li>\n<\/ul>\n<hr \/>\n<h3><strong>Efekty i korzy\u015bci<\/strong><\/h3>\n<p>Phoenix Tears oferuj\u0105 <strong>g\u0142\u0119boko relaksuj\u0105ce i terapeutyczne do\u015bwiadczenie<\/strong>. Dzi\u0119ki ich <strong>Ekstrakty z konopi indyjskich indica<\/strong>Produkt ten zosta\u0142 specjalnie zaprojektowany, aby zapewni\u0107 skuteczn\u0105 ulg\u0119 i uspokoi\u0107 umys\u0142:<\/p>\n<ul>\n<li><strong>Leczenie b\u00f3lu<\/strong> \u0141agodzi przewlek\u0142y b\u00f3l, napi\u0119cie mi\u0119\u015bni i powa\u017cne dolegliwo\u015bci.<\/li>\n<li><strong>Ulga w bezsenno\u015bci<\/strong> Wspomaga g\u0142\u0119boki, spokojny sen.<\/li>\n<li><strong>Zmniejszony stres i niepok\u00f3j<\/strong> Uspokaja umys\u0142 i zmniejsza stres.<\/li>\n<li><strong>Stymulacja apetytu<\/strong> Pomaga osobom cierpi\u0105cym na utrat\u0119 apetytu.<\/li>\n<\/ul>\n<hr \/>\n<h3><strong>Jak u\u017cywa\u0107 Phoenix Tears?<\/strong><\/h3>\n<ol>\n<li><strong>Zacznij od ma\u0142ego<\/strong> Umie\u015bci\u0107 1 lub 2 krople pod j\u0119zykiem lub na herbatniku.<\/li>\n<li><strong>Poczekaj i zobacz<\/strong> Pozostawi\u0107 na 1 do 2 godzin przed zwi\u0119kszeniem dawki.<\/li>\n<li><strong>Zwi\u0119kszaj stopniowo<\/strong> Dostosuj dawk\u0119 powoli, aby znale\u017a\u0107 idealn\u0105 ulg\u0119.<\/li>\n<\/ol>\n<hr \/>\n<h3><strong>Zalecane dla<\/strong><\/h3>\n<ul>\n<li>Osoby cierpi\u0105ce na przewlek\u0142y b\u00f3l.<\/li>\n<li>Osoby cierpi\u0105ce na bezsenno\u015b\u0107 lub zaburzenia snu.<\/li>\n<li>Pacjenci cierpi\u0105cy na l\u0119k, stres lub depresj\u0119.<\/li>\n<li>U\u017cytkownicy szukaj\u0105cy alternatywy dla tradycyjnych terapii farmaceutycznych.<\/li>\n<\/ul>\n<hr \/>\n<h3><strong>Dlaczego warto kupi\u0107 Phoenix Tears - RSO Europe w\u0142a\u015bnie u nas?<\/strong><\/h3>\n<p>Nasz <strong>\u0141zy Feniksa<\/strong> s\u0105 wykonane z <strong>destylat z konopi premium<\/strong>gwarantuj\u0105c czysty, bezpieczny i wydajny produkt. Dzi\u0119ki <strong>Czysto\u015b\u0107 testowana laboratoryjnie<\/strong>Mo\u017cesz zaufa\u0107 jako\u015bci i mocy ka\u017cdej dawki.<\/p>\n<p><strong>Nie czekaj d\u0142u\u017cej - odkryj naturalne korzy\u015bci Phoenix Tears ju\u017c dzi\u015b!<\/strong><\/p>\n<hr \/>\n<h3><strong>Zam\u00f3w Phoenix Tears - RSO Europe ju\u017c teraz!<\/strong><\/h3>\n<p>Kupuj bez obaw na <strong><a href=\"https:\/\/pressurezone.shop\/pl\/\" target=\"_new\" rel=\"noopener\">PressureZone.Shop<\/a><\/strong>cannabis, zaufane \u017ar\u00f3d\u0142o najwy\u017cszej jako\u015bci koncentrat\u00f3w konopi indyjskich i produkt\u00f3w leczniczych. Niezale\u017cnie od tego, czy szukasz ulgi w b\u00f3lu, czy lepszej jako\u015bci snu, w <strong>\u0141zy Feniksa<\/strong> s\u0105 idealnym rozwi\u0105zaniem, na kt\u00f3re czeka\u0142e\u015b.<\/p>","protected":false},"excerpt":{"rendered":"<p>Achetez Phoenix Tears \u2013 RSO Europe en ligne Les Phoenix Tears \u2013 RSO (Rick Simpson Oil) sont l&rsquo;un des extraits de cannabis les plus puissants et les plus recherch\u00e9s, reconnus pour leurs b\u00e9n\u00e9fices th\u00e9rapeutiques et leur formulation de haute qualit\u00e9. Disponibles dans une seringue orale facile \u00e0 utiliser, les Phoenix Tears offrent une pr\u00e9cision et [&hellip;]<\/p>","protected":false},"featured_media":3247,"comment_status":"closed","ping_status":"closed","template":"","meta":{"_uag_custom_page_level_css":"","site-sidebar-layout":"default","site-content-layout":"","ast-site-content-layout":"default","site-content-style":"default","site-sidebar-style":"default","ast-global-header-display":"","ast-banner-title-visibility":"","ast-main-header-display":"","ast-hfb-above-header-display":"","ast-hfb-below-header-display":"","ast-hfb-mobile-header-display":"","site-post-title":"","ast-breadcrumbs-content":"","ast-featured-img":"","footer-sml-layout":"","theme-transparent-header-meta":"default","adv-header-id-meta":"","stick-header-meta":"","header-above-stick-meta":"","header-main-stick-meta":"","header-below-stick-meta":"","astra-migrate-meta-layouts":"set","ast-page-background-enabled":"default","ast-page-background-meta":{"desktop":{"background-color":"","background-image":"","background-repeat":"repeat","background-position":"center center","background-size":"auto","background-attachment":"scroll","background-type":"","background-media":"","overlay-type":"","overlay-color":"","overlay-opacity":"","overlay-gradient":""},"tablet":{"background-color":"","background-image":"","background-repeat":"repeat","background-position":"center center","background-size":"auto","background-attachment":"scroll","background-type":"","background-media":"","overlay-type":"","overlay-color":"","overlay-opacity":"","overlay-gradient":""},"mobile":{"background-color":"","background-image":"","background-repeat":"repeat","background-position":"center center","background-size":"auto","background-attachment":"scroll","background-type":"","background-media":"","overlay-type":"","overlay-color":"","overlay-opacity":"","overlay-gradient":""}},"ast-content-background-meta":{"desktop":{"background-color":"var(--ast-global-color-5)","background-image":"","background-repeat":"repeat","background-position":"center center","background-size":"auto","background-attachment":"scroll","background-type":"","background-media":"","overlay-type":"","overlay-color":"","overlay-opacity":"","overlay-gradient":""},"tablet":{"background-color":"var(--ast-global-color-5)","background-image":"","background-repeat":"repeat","background-position":"center center","background-size":"auto","background-attachment":"scroll","background-type":"","background-media":"","overlay-type":"","overlay-color":"","overlay-opacity":"","overlay-gradient":""},"mobile":{"background-color":"var(--ast-global-color-5)","background-image":"","background-repeat":"repeat","background-position":"center center","background-size":"auto","background-attachment":"scroll","background-type":"","background-media":"","overlay-type":"","overlay-color":"","overlay-opacity":"","overlay-gradient":""}}},"product_brand":[],"product_cat":[334,335],"product_tag":[366],"class_list":{"0":"post-3158","1":"product","2":"type-product","3":"status-publish","4":"has-post-thumbnail","6":"product_cat-concentres-de-marijuana","7":"product_cat-achetez-phoenix-tears-en-ligne","8":"product_tag-buy-phoenix-tears-rso-europe","9":"desktop-align-left","10":"tablet-align-left","11":"mobile-align-left","13":"first","14":"instock","15":"shipping-taxable","16":"purchasable","17":"product-type-simple"},"uagb_featured_image_src":{"full":["https:\/\/pressurezone.shop\/wp-content\/uploads\/2024\/10\/Phoenix-Tears-\u2013-RSO-Europe.webp",2048,1365,false],"thumbnail":["https:\/\/pressurezone.shop\/wp-content\/uploads\/2024\/10\/Phoenix-Tears-\u2013-RSO-Europe-150x150.webp",150,150,true],"medium":["https:\/\/pressurezone.shop\/wp-content\/uploads\/2024\/10\/Phoenix-Tears-\u2013-RSO-Europe-300x200.webp",300,200,true],"medium_large":["https:\/\/pressurezone.shop\/wp-content\/uploads\/2024\/10\/Phoenix-Tears-\u2013-RSO-Europe-768x512.webp",768,512,true],"large":["https:\/\/pressurezone.shop\/wp-content\/uploads\/2024\/10\/Phoenix-Tears-\u2013-RSO-Europe-1024x683.webp",1024,683,true],"1536x1536":["https:\/\/pressurezone.shop\/wp-content\/uploads\/2024\/10\/Phoenix-Tears-\u2013-RSO-Europe-1536x1024.webp",1536,1024,true],"2048x2048":["https:\/\/pressurezone.shop\/wp-content\/uploads\/2024\/10\/Phoenix-Tears-\u2013-RSO-Europe.webp",2048,1365,false],"trp-custom-language-flag":["https:\/\/pressurezone.shop\/wp-content\/uploads\/2024\/10\/Phoenix-Tears-\u2013-RSO-Europe-18x12.webp",18,12,true],"woocommerce_thumbnail":["https:\/\/pressurezone.shop\/wp-content\/uploads\/2024\/10\/Phoenix-Tears-\u2013-RSO-Europe-300x300.webp",300,300,true],"woocommerce_single":["https:\/\/pressurezone.shop\/wp-content\/uploads\/2024\/10\/Phoenix-Tears-\u2013-RSO-Europe-600x400.webp",600,400,true],"woocommerce_gallery_thumbnail":["https:\/\/pressurezone.shop\/wp-content\/uploads\/2024\/10\/Phoenix-Tears-\u2013-RSO-Europe-100x100.webp",100,100,true]},"uagb_author_info":{"display_name":"pressurezone.shop","author_link":"https:\/\/pressurezone.shop\/pl\/author\/"},"uagb_comment_info":0,"uagb_excerpt":"Achetez Phoenix Tears \u2013 RSO Europe en ligne Les Phoenix Tears \u2013 RSO (Rick Simpson Oil) sont l&rsquo;un des extraits de cannabis les plus puissants et les plus recherch\u00e9s, reconnus pour leurs b\u00e9n\u00e9fices th\u00e9rapeutiques et leur formulation de haute qualit\u00e9. Disponibles dans une seringue orale facile \u00e0 utiliser, les Phoenix Tears offrent une pr\u00e9cision et&hellip;","_links":{"self":[{"href":"https:\/\/pressurezone.shop\/pl\/wp-json\/wp\/v2\/product\/3158"}],"collection":[{"href":"https:\/\/pressurezone.shop\/pl\/wp-json\/wp\/v2\/product"}],"about":[{"href":"https:\/\/pressurezone.shop\/pl\/wp-json\/wp\/v2\/types\/product"}],"replies":[{"embeddable":true,"href":"https:\/\/pressurezone.shop\/pl\/wp-json\/wp\/v2\/comments?post=3158"}],"version-history":[{"count":3,"href":"https:\/\/pressurezone.shop\/pl\/wp-json\/wp\/v2\/product\/3158\/revisions"}],"predecessor-version":[{"id":4654,"href":"https:\/\/pressurezone.shop\/pl\/wp-json\/wp\/v2\/product\/3158\/revisions\/4654"}],"wp:featuredmedia":[{"embeddable":true,"href":"https:\/\/pressurezone.shop\/pl\/wp-json\/wp\/v2\/media\/3247"}],"wp:attachment":[{"href":"https:\/\/pressurezone.shop\/pl\/wp-json\/wp\/v2\/media?parent=3158"}],"wp:term":[{"taxonomy":"product_brand","embeddable":true,"href":"https:\/\/pressurezone.shop\/pl\/wp-json\/wp\/v2\/product_brand?post=3158"},{"taxonomy":"product_cat","embeddable":true,"href":"https:\/\/pressurezone.shop\/pl\/wp-json\/wp\/v2\/product_cat?post=3158"},{"taxonomy":"product_tag","embeddable":true,"href":"https:\/\/pressurezone.shop\/pl\/wp-json\/wp\/v2\/product_tag?post=3158"}],"curies":[{"name":"wp","href":"https:\/\/api.w.org\/{rel}","templated":true}]}}