{"id":3159,"date":"2024-10-11T00:53:35","date_gmt":"2024-10-10T22:53:35","guid":{"rendered":"https:\/\/pressurezone.shop\/?post_type=product&#038;p=3159"},"modified":"2024-11-04T01:01:58","modified_gmt":"2024-11-04T00:01:58","slug":"raw-thc-sativa-distillate-syringes","status":"publish","type":"product","link":"https:\/\/pressurezone.shop\/pl\/produkt\/surowy-destylat-thc-sativa-strzykawki\/","title":{"rendered":"Strzykawki z destylatem RAW THC Sativa"},"content":{"rendered":"<div class=\"flex-shrink-0 flex flex-col relative items-end\">\n<div>\n<div class=\"pt-0\">\n<div class=\"gizmo-bot-avatar flex h-8 w-8 items-center justify-center overflow-hidden rounded-full\">\n<div class=\"relative p-1 rounded-sm flex items-center justify-center bg-token-main-surface-primary text-token-text-primary h-8 w-8\"><\/div>\n<\/div>\n<\/div>\n<\/div>\n<\/div>\n<div class=\"group\/conversation-turn relative flex w-full min-w-0 flex-col agent-turn\">\n<div class=\"flex-col gap-1 md:gap-3\">\n<div class=\"flex max-w-full flex-col flex-grow\">\n<div class=\"min-h-8 text-message flex w-full flex-col items-end gap-2 whitespace-normal break-words [.text-message+&amp;]:mt-5\" dir=\"auto\" data-message-author-role=\"assistant\" data-message-id=\"b870d3cd-2aba-43fd-bfd2-897311b4d153\" data-message-model-slug=\"gpt-4o\">\n<div class=\"flex w-full flex-col gap-1 empty:hidden first:pt-[3px]\">\n<div class=\"markdown prose w-full break-words dark:prose-invert light\">\n<h3><strong>Kup strzykawki destylatu RAW THC Sativa online pod adresem <a href=\"https:\/\/pressurezone.shop\/pl\/\" target=\"_new\" rel=\"noopener\">Sklep ze strefami ci\u015bnieniowymi<\/a><\/strong><\/h3>\n<p>Odkryj <strong>Strzykawki z destylatem RAW THC Sativa<\/strong>Te strzykawki to praktyczny i wszechstronny spos\u00f3b na cieszenie si\u0119 czyst\u0105 moc\u0105 THC w postaci destylatu. Zaprojektowane dla entuzjast\u00f3w sativy poszukuj\u0105cych energetyzuj\u0105cego, stymuluj\u0105cego haju, strzykawki te s\u0105 wype\u0142nione czystym, nierozcie\u0144czonym destylatem THC, oferuj\u0105c optymaln\u0105 elastyczno\u015b\u0107 u\u017cytkowania.<a href=\"https:\/\/fuelpackz.com\/\" target=\"_blank\" rel=\"noopener\">.<\/a><\/p>\n<h3>Dlaczego warto wybra\u0107 strzykawki z destylatem RAW THC Sativa?<\/h3>\n<p>The <strong>Strzykawki z destylatem RAW THC Sativa<\/strong> sprawiaj\u0105, \u017ce konsumpcja THC jest \u0142atwa, precyzyjna i spersonalizowana. Dzi\u0119ki czystemu destylatowi strzykawki te s\u0105 idealne dla tych, kt\u00f3rzy chc\u0105 szybko uzyska\u0107 efekty, ale nadal chc\u0105 mie\u0107 swobod\u0119 dodawania koncentratu do r\u00f3\u017cnych produkt\u00f3w lub przek\u0105sek. Niezale\u017cnie od tego, czy szukasz bezpo\u015bredniej dawki, czy te\u017c chcesz zaparzy\u0107 w\u0142asne produkty, te strzykawki s\u0105 najlepszym wyborem.<\/p>\n<ul>\n<li><strong>Typ<\/strong> Czysty destylat Sativa zapewniaj\u0105cy energetyzuj\u0105ce doznania<\/li>\n<li><strong>U\u017cycie<\/strong> Wszechstronno\u015b\u0107 i \u0142atwo\u015b\u0107 dozowania<\/li>\n<\/ul>\n<h3>Pomys\u0142y na wykorzystanie strzykawek z destylatem RAW THC Sativa<\/h3>\n<p>The <strong>Strzykawki z destylatem RAW THC Sativa<\/strong> s\u0105 niezwykle elastyczne, umo\u017cliwiaj\u0105c r\u00f3\u017cne metody konsumpcji. Oto tylko niekt\u00f3re z popularnych sposob\u00f3w na cieszenie si\u0119 nimi:<\/p>\n<ol>\n<li><strong>Dodaj do przek\u0105sek<\/strong> Umie\u015b\u0107 dawk\u0119 na krakersie, kawa\u0142ku suszonego owocu lub innym produkcie spo\u017cywczym.<\/li>\n<li><strong>Zamra\u017canie dawek<\/strong> Umie\u015bci\u0107 porcje na papierze do pieczenia i zamrozi\u0107 do wykorzystania w przysz\u0142o\u015bci.<\/li>\n<li><strong>Nape\u0142nij kapsu\u0142k\u0119<\/strong> Umie\u015bci\u0107 jedn\u0105 dawk\u0119 w pustej kapsu\u0142ce w celu dyskretnego spo\u017cycia.<\/li>\n<li><strong>Dodaj go do swoich przepis\u00f3w<\/strong> Idealny do tworzenia w\u0142asnych produkt\u00f3w spo\u017cywczych w domu.<\/li>\n<li><strong>Uzupe\u0142nianie wk\u0142ad\u00f3w<\/strong> S\u0142u\u017cy do nape\u0142niania kartrid\u017ca wielokrotnego nape\u0142niania lub d\u0142ugopisu do waporyzacji.<\/li>\n<li><strong>U\u017cywaj go w dab rigu lub bongu<\/strong> Aby uzyska\u0107 bardziej intensywne doznania, dodaj go do zestawu lub bonga.<\/li>\n<li><strong>Dodaj do jointa lub blanta<\/strong> Owi\u0144 go wok\u00f3\u0142 swoich pre-rolli, aby uzyska\u0107 dodatkow\u0105 moc.<\/li>\n<\/ol>\n<h3>Efekty i korzy\u015bci p\u0142yn\u0105ce ze stosowania strzykawek z destylatem RAW THC Sativa<\/h3>\n<p>Dzi\u0119ki zawarto\u015bci czystego THC <strong>Strzykawki z destylatem RAW THC Sativa<\/strong> oferuj\u0105 szybki, intensywny haj. Idealne do zwi\u0119kszenia energii i kreatywno\u015bci, utrzymuj\u0105 koncentracj\u0119 i daj\u0105 uczucie euforii.<\/p>\n<ul>\n<li><strong>Efekty<\/strong> Pobudzenie, euforia, jasno\u015b\u0107 umys\u0142u, skupienie<\/li>\n<li><strong>Idealny dla<\/strong> Kreatywne chwile, Koncentracja, Energia w ci\u0105gu dnia<\/li>\n<\/ul>\n<h3>Bezpieczne korzystanie ze strzykawek z destylatem RAW THC Sativa<\/h3>\n<p>The <strong>Strzykawki z destylatem RAW THC Sativa<\/strong> zawieraj\u0105 bardzo silny destylat, wi\u0119c zacznij od ma\u0142ej dawki, aby oceni\u0107 swoj\u0105 tolerancj\u0119, zw\u0142aszcza je\u015bli jeste\u015b nowicjuszem. S\u0105 praktyczne w u\u017cyciu i umo\u017cliwiaj\u0105 precyzyjne dozowanie, ale zawsze nale\u017cy pami\u0119ta\u0107 o sile dzia\u0142ania produktu.<\/p>\n<h3>Zam\u00f3w strzykawki destylatu RAW THC Sativa online w sklepie Pressure Zone Shop<\/h3>\n<p>Gotowy do odkrycia mocy i elastyczno\u015bci <strong>Strzykawki z destylatem RAW THC Sativa<\/strong> ? Zam\u00f3w teraz na <a href=\"https:\/\/pressurezone.shop\/pl\/\" target=\"_new\" rel=\"noopener\">Sklep ze strefami ci\u015bnieniowymi<\/a> dla czystego, konfigurowalnego do\u015bwiadczenia THC. Niezale\u017cnie od tego, czy u\u017cywasz ich do przek\u0105sek, waporyzacji czy produkt\u00f3w spo\u017cywczych, strzykawki te s\u0105 idealnym wyborem dla entuzjast\u00f3w THC poszukuj\u0105cych intensywnych i wszechstronnych dozna\u0144.<\/p>\n<\/div>\n<\/div>\n<\/div>\n<\/div>\n<\/div>\n<\/div>","protected":false},"excerpt":{"rendered":"<p>Achetez des RAW THC Sativa Distillate Syringes en Ligne sur Pressure Zone Shop D\u00e9couvrez les RAW THC Sativa Distillate Syringes, une m\u00e9thode pratique et polyvalente pour profiter de la puissance pure du THC sous forme de distillat. Con\u00e7ues pour les amateurs de sativa \u00e0 la recherche d&rsquo;un high \u00e9nergisant et stimulant, ces seringues sont remplies [&hellip;]<\/p>","protected":false},"featured_media":3249,"comment_status":"closed","ping_status":"closed","template":"","meta":{"_uag_custom_page_level_css":"","site-sidebar-layout":"default","site-content-layout":"","ast-site-content-layout":"default","site-content-style":"default","site-sidebar-style":"default","ast-global-header-display":"","ast-banner-title-visibility":"","ast-main-header-display":"","ast-hfb-above-header-display":"","ast-hfb-below-header-display":"","ast-hfb-mobile-header-display":"","site-post-title":"","ast-breadcrumbs-content":"","ast-featured-img":"","footer-sml-layout":"","theme-transparent-header-meta":"default","adv-header-id-meta":"","stick-header-meta":"","header-above-stick-meta":"","header-main-stick-meta":"","header-below-stick-meta":"","astra-migrate-meta-layouts":"set","ast-page-background-enabled":"default","ast-page-background-meta":{"desktop":{"background-color":"","background-image":"","background-repeat":"repeat","background-position":"center center","background-size":"auto","background-attachment":"scroll","background-type":"","background-media":"","overlay-type":"","overlay-color":"","overlay-opacity":"","overlay-gradient":""},"tablet":{"background-color":"","background-image":"","background-repeat":"repeat","background-position":"center center","background-size":"auto","background-attachment":"scroll","background-type":"","background-media":"","overlay-type":"","overlay-color":"","overlay-opacity":"","overlay-gradient":""},"mobile":{"background-color":"","background-image":"","background-repeat":"repeat","background-position":"center center","background-size":"auto","background-attachment":"scroll","background-type":"","background-media":"","overlay-type":"","overlay-color":"","overlay-opacity":"","overlay-gradient":""}},"ast-content-background-meta":{"desktop":{"background-color":"var(--ast-global-color-5)","background-image":"","background-repeat":"repeat","background-position":"center center","background-size":"auto","background-attachment":"scroll","background-type":"","background-media":"","overlay-type":"","overlay-color":"","overlay-opacity":"","overlay-gradient":""},"tablet":{"background-color":"var(--ast-global-color-5)","background-image":"","background-repeat":"repeat","background-position":"center center","background-size":"auto","background-attachment":"scroll","background-type":"","background-media":"","overlay-type":"","overlay-color":"","overlay-opacity":"","overlay-gradient":""},"mobile":{"background-color":"var(--ast-global-color-5)","background-image":"","background-repeat":"repeat","background-position":"center center","background-size":"auto","background-attachment":"scroll","background-type":"","background-media":"","overlay-type":"","overlay-color":"","overlay-opacity":"","overlay-gradient":""}}},"product_brand":[],"product_cat":[334,367],"product_tag":[368],"class_list":{"0":"post-3159","1":"product","2":"type-product","3":"status-publish","4":"has-post-thumbnail","6":"product_cat-concentres-de-marijuana","7":"product_cat-thc-distillates","8":"product_tag-buy-raw-thc-sativa-distillate-syringes-europe","9":"desktop-align-left","10":"tablet-align-left","11":"mobile-align-left","13":"first","14":"instock","15":"shipping-taxable","16":"purchasable","17":"product-type-variable"},"uagb_featured_image_src":{"full":["https:\/\/pressurezone.shop\/wp-content\/uploads\/2024\/10\/Buy-RAW-THC-Sativa-Distillate-Syringes.jpg",1000,1000,false],"thumbnail":["https:\/\/pressurezone.shop\/wp-content\/uploads\/2024\/10\/Buy-RAW-THC-Sativa-Distillate-Syringes-150x150.jpg",150,150,true],"medium":["https:\/\/pressurezone.shop\/wp-content\/uploads\/2024\/10\/Buy-RAW-THC-Sativa-Distillate-Syringes-300x300.jpg",300,300,true],"medium_large":["https:\/\/pressurezone.shop\/wp-content\/uploads\/2024\/10\/Buy-RAW-THC-Sativa-Distillate-Syringes-768x768.jpg",768,768,true],"large":["https:\/\/pressurezone.shop\/wp-content\/uploads\/2024\/10\/Buy-RAW-THC-Sativa-Distillate-Syringes.jpg",1000,1000,false],"1536x1536":["https:\/\/pressurezone.shop\/wp-content\/uploads\/2024\/10\/Buy-RAW-THC-Sativa-Distillate-Syringes.jpg",1000,1000,false],"2048x2048":["https:\/\/pressurezone.shop\/wp-content\/uploads\/2024\/10\/Buy-RAW-THC-Sativa-Distillate-Syringes.jpg",1000,1000,false],"trp-custom-language-flag":["https:\/\/pressurezone.shop\/wp-content\/uploads\/2024\/10\/Buy-RAW-THC-Sativa-Distillate-Syringes-12x12.jpg",12,12,true],"woocommerce_thumbnail":["https:\/\/pressurezone.shop\/wp-content\/uploads\/2024\/10\/Buy-RAW-THC-Sativa-Distillate-Syringes-300x300.jpg",300,300,true],"woocommerce_single":["https:\/\/pressurezone.shop\/wp-content\/uploads\/2024\/10\/Buy-RAW-THC-Sativa-Distillate-Syringes-600x600.jpg",600,600,true],"woocommerce_gallery_thumbnail":["https:\/\/pressurezone.shop\/wp-content\/uploads\/2024\/10\/Buy-RAW-THC-Sativa-Distillate-Syringes-100x100.jpg",100,100,true]},"uagb_author_info":{"display_name":"pressurezone.shop","author_link":"https:\/\/pressurezone.shop\/pl\/author\/"},"uagb_comment_info":0,"uagb_excerpt":"Achetez des RAW THC Sativa Distillate Syringes en Ligne sur Pressure Zone Shop D\u00e9couvrez les RAW THC Sativa Distillate Syringes, une m\u00e9thode pratique et polyvalente pour profiter de la puissance pure du THC sous forme de distillat. Con\u00e7ues pour les amateurs de sativa \u00e0 la recherche d&rsquo;un high \u00e9nergisant et stimulant, ces seringues sont remplies&hellip;","_links":{"self":[{"href":"https:\/\/pressurezone.shop\/pl\/wp-json\/wp\/v2\/product\/3159"}],"collection":[{"href":"https:\/\/pressurezone.shop\/pl\/wp-json\/wp\/v2\/product"}],"about":[{"href":"https:\/\/pressurezone.shop\/pl\/wp-json\/wp\/v2\/types\/product"}],"replies":[{"embeddable":true,"href":"https:\/\/pressurezone.shop\/pl\/wp-json\/wp\/v2\/comments?post=3159"}],"version-history":[{"count":3,"href":"https:\/\/pressurezone.shop\/pl\/wp-json\/wp\/v2\/product\/3159\/revisions"}],"predecessor-version":[{"id":4086,"href":"https:\/\/pressurezone.shop\/pl\/wp-json\/wp\/v2\/product\/3159\/revisions\/4086"}],"wp:featuredmedia":[{"embeddable":true,"href":"https:\/\/pressurezone.shop\/pl\/wp-json\/wp\/v2\/media\/3249"}],"wp:attachment":[{"href":"https:\/\/pressurezone.shop\/pl\/wp-json\/wp\/v2\/media?parent=3159"}],"wp:term":[{"taxonomy":"product_brand","embeddable":true,"href":"https:\/\/pressurezone.shop\/pl\/wp-json\/wp\/v2\/product_brand?post=3159"},{"taxonomy":"product_cat","embeddable":true,"href":"https:\/\/pressurezone.shop\/pl\/wp-json\/wp\/v2\/product_cat?post=3159"},{"taxonomy":"product_tag","embeddable":true,"href":"https:\/\/pressurezone.shop\/pl\/wp-json\/wp\/v2\/product_tag?post=3159"}],"curies":[{"name":"wp","href":"https:\/\/api.w.org\/{rel}","templated":true}]}}