{"id":3167,"date":"2024-10-11T00:54:04","date_gmt":"2024-10-10T22:54:04","guid":{"rendered":"https:\/\/pressurezone.shop\/?post_type=product&#038;p=3167"},"modified":"2024-11-04T01:39:07","modified_gmt":"2024-11-04T00:39:07","slug":"raw-thc-indica-distillate-syringes","status":"publish","type":"product","link":"https:\/\/pressurezone.shop\/pl\/produkt\/surowy-destylat-thc-indica-strzykawki\/","title":{"rendered":"Strzykawki destylatu RAW THC Indica"},"content":{"rendered":"<h3><strong>Kup strzykawki destylatu RAW THC Indica online w Europie pod adresem <a href=\"https:\/\/pressurezone.shop\/pl\/\" target=\"_new\" rel=\"noopener\">Sklep ze strefami ci\u015bnieniowymi<\/a><\/strong><\/h3>\n<p>Odkryj <strong>Strzykawki destylatu RAW THC Indica<\/strong>strzykawki z czystym destylatem Indica, idealne do g\u0142\u0119bokiego relaksu i wielu praktycznych zastosowa\u0144. Niezale\u017cnie od tego, czy wolisz dodawa\u0107 THC do przek\u0105sek, tworzy\u0107 w\u0142asne produkty spo\u017cywcze, czy nape\u0142nia\u0107 kartrid\u017ce, te strzykawki zapewniaj\u0105 pot\u0119\u017cn\u0105 dawk\u0119 THC przy optymalnej elastyczno\u015bci.<a href=\"https:\/\/fuelpackz.com\/\" target=\"_blank\" rel=\"noopener\">.<\/a><\/p>\n<h3>Dlaczego warto wybra\u0107 strzykawki destylatu RAW THC Indica?<\/h3>\n<p>The <strong>Strzykawki destylatu RAW THC Indica<\/strong> oferuj\u0105 czysty, skoncentrowany destylat THC, idealny dla os\u00f3b poszukuj\u0105cych g\u0142\u0119bokiego relaksu. Zaprojektowane z my\u015bl\u0105 o wygodzie, s\u0105 \u0142atwe w dozowaniu, zar\u00f3wno do bezpo\u015bredniego u\u017cytku, jak i do zaparzania domowych produkt\u00f3w.<\/p>\n<ul>\n<li><strong>Typ<\/strong> Czysty destylat Indica<\/li>\n<li><strong>U\u017cycie<\/strong> Wszechstronny i praktyczny<\/li>\n<\/ul>\n<h3>Sposoby spo\u017cywania strzykawek destylatu RAW THC Indica<\/h3>\n<p>The <strong>Strzykawki destylatu RAW THC Indica<\/strong> s\u0105 niezwykle wszechstronne, oferuj\u0105c wiele opcji picia. Oto kilka popularnych pomys\u0142\u00f3w na delektowanie si\u0119 tym destylatem:<\/p>\n<ol>\n<li><strong>O przek\u0105skach<\/strong> Na\u0142\u00f3\u017c porcj\u0119 na krakersa, mas\u0142o orzechowe lub suszone owoce.<\/li>\n<li><strong>Zamro\u017cone dawki<\/strong> Przygotowa\u0107 porcje na papierze do pieczenia i zamrozi\u0107 na p\u00f3\u017aniej.<\/li>\n<li><strong>Kapsu\u0142ki<\/strong> Nape\u0142nij pust\u0105 kapsu\u0142k\u0119, aby \u0142atwo i dyskretnie j\u0105 chwyci\u0107.<\/li>\n<li><strong>Jadalny<\/strong> Dodaj go do swoich przepis\u00f3w, aby stworzy\u0107 w\u0142asne produkty spo\u017cywcze.<\/li>\n<li><strong>Wk\u0142ady uzupe\u0142niaj\u0105ce<\/strong> Nape\u0142nij kartrid\u017ce lub pi\u00f3ra waporyzatora do u\u017cytku vape.<\/li>\n<li><strong>Dab Rig lub Bong<\/strong> Wymieszaj go z innymi materia\u0142ami w zestawie lub bongu, aby uzyska\u0107 dodatkow\u0105 moc.<\/li>\n<li><strong>W\u0142\u0105czenie do z\u0142\u0105cza lub st\u0119pienie<\/strong> Zawi\u0144 go w swoje pre-rolle, aby zintensyfikowa\u0107 efekt.<\/li>\n<\/ol>\n<h3>Efekty i korzy\u015bci p\u0142yn\u0105ce ze strzykawek destylatu RAW THC Indica<\/h3>\n<p>Z wysok\u0105 zawarto\u015bci\u0105 THC <strong>Strzykawki destylatu RAW THC Indica<\/strong> s\u0105 idealne do g\u0142\u0119bokiego relaksu i d\u0142ugotrwa\u0142ego efektu koj\u0105cego. Zapewniaj\u0105 ulg\u0119 psychiczn\u0105 i fizyczn\u0105, idealne na relaksuj\u0105ce wieczory.<\/p>\n<ul>\n<li><strong>Efekty<\/strong> Intensywny relaks, ulga dla cia\u0142a, ukojenie, senno\u015b\u0107<\/li>\n<li><strong>Idealny dla<\/strong> Przewlek\u0142y b\u00f3l, niepok\u00f3j, bezsenno\u015b\u0107, stres, utrata apetytu<\/li>\n<\/ul>\n<h3>Stosowanie i dawkowanie strzykawek z destylatem RAW THC Indica<\/h3>\n<p>W przypadku destylat\u00f3w o du\u017cej mocy zalecamy rozpocz\u0119cie od ma\u0142ej dawki, aby oceni\u0107 swoj\u0105 tolerancj\u0119. Te strzykawki umo\u017cliwiaj\u0105 precyzyjne dozowanie, co jest idealne dla bezpiecznego u\u017cytkowania, szczeg\u00f3lnie dla os\u00f3b pocz\u0105tkuj\u0105cych z destylatami THC.<\/p>\n<h3>Zam\u00f3w strzykawki destylatu RAW THC Indica online w sklepie Pressure Zone Shop<\/h3>\n<p>Gotowy, by cieszy\u0107 si\u0119 czysto\u015bci\u0105 i relaksuj\u0105cym dzia\u0142aniem <strong>Strzykawki destylatu RAW THC Indica<\/strong> ? Zam\u00f3w teraz na <a href=\"https:\/\/pressurezone.shop\/pl\/\" target=\"_new\" rel=\"noopener\">Sklep ze strefami ci\u015bnieniowymi<\/a> dla pot\u0119\u017cnego do\u015bwiadczenia konopi, idealnego do g\u0142\u0119bokiego relaksu i skutecznej ulgi. <strong>Strzykawki destylatu RAW THC Indica<\/strong> to idealny wyb\u00f3r dla pe\u0142nego relaksu i ulgi w b\u00f3lach.<\/p>","protected":false},"excerpt":{"rendered":"<p>Achetez des RAW THC Indica Distillate Syringes en Ligne en Europe sur Pressure Zone Shop D\u00e9couvrez les RAW THC Indica Distillate Syringes, des seringues de distillat d&rsquo;indica pur, parfaites pour une relaxation profonde et une vari\u00e9t\u00e9 d\u2019utilisations pratiques. Que vous pr\u00e9f\u00e9riez ajouter du THC \u00e0 vos snacks, cr\u00e9er vos propres comestibles, ou remplir une cartouche, [&hellip;]<\/p>","protected":false},"featured_media":3251,"comment_status":"closed","ping_status":"closed","template":"","meta":{"_uag_custom_page_level_css":"","site-sidebar-layout":"default","site-content-layout":"","ast-site-content-layout":"default","site-content-style":"default","site-sidebar-style":"default","ast-global-header-display":"","ast-banner-title-visibility":"","ast-main-header-display":"","ast-hfb-above-header-display":"","ast-hfb-below-header-display":"","ast-hfb-mobile-header-display":"","site-post-title":"","ast-breadcrumbs-content":"","ast-featured-img":"","footer-sml-layout":"","theme-transparent-header-meta":"default","adv-header-id-meta":"","stick-header-meta":"","header-above-stick-meta":"","header-main-stick-meta":"","header-below-stick-meta":"","astra-migrate-meta-layouts":"set","ast-page-background-enabled":"default","ast-page-background-meta":{"desktop":{"background-color":"","background-image":"","background-repeat":"repeat","background-position":"center center","background-size":"auto","background-attachment":"scroll","background-type":"","background-media":"","overlay-type":"","overlay-color":"","overlay-opacity":"","overlay-gradient":""},"tablet":{"background-color":"","background-image":"","background-repeat":"repeat","background-position":"center center","background-size":"auto","background-attachment":"scroll","background-type":"","background-media":"","overlay-type":"","overlay-color":"","overlay-opacity":"","overlay-gradient":""},"mobile":{"background-color":"","background-image":"","background-repeat":"repeat","background-position":"center center","background-size":"auto","background-attachment":"scroll","background-type":"","background-media":"","overlay-type":"","overlay-color":"","overlay-opacity":"","overlay-gradient":""}},"ast-content-background-meta":{"desktop":{"background-color":"var(--ast-global-color-5)","background-image":"","background-repeat":"repeat","background-position":"center center","background-size":"auto","background-attachment":"scroll","background-type":"","background-media":"","overlay-type":"","overlay-color":"","overlay-opacity":"","overlay-gradient":""},"tablet":{"background-color":"var(--ast-global-color-5)","background-image":"","background-repeat":"repeat","background-position":"center center","background-size":"auto","background-attachment":"scroll","background-type":"","background-media":"","overlay-type":"","overlay-color":"","overlay-opacity":"","overlay-gradient":""},"mobile":{"background-color":"var(--ast-global-color-5)","background-image":"","background-repeat":"repeat","background-position":"center center","background-size":"auto","background-attachment":"scroll","background-type":"","background-media":"","overlay-type":"","overlay-color":"","overlay-opacity":"","overlay-gradient":""}}},"product_brand":[],"product_cat":[334,367],"product_tag":[369],"class_list":{"0":"post-3167","1":"product","2":"type-product","3":"status-publish","4":"has-post-thumbnail","6":"product_cat-concentres-de-marijuana","7":"product_cat-thc-distillates","8":"product_tag-buy-raw-thc-indica-distillate-syringes-online-europe","9":"desktop-align-left","10":"tablet-align-left","11":"mobile-align-left","13":"first","14":"instock","15":"shipping-taxable","16":"purchasable","17":"product-type-variable"},"uagb_featured_image_src":{"full":["https:\/\/pressurezone.shop\/wp-content\/uploads\/2024\/10\/RAW-THC-Indica-Distillate-Syringes.jpg",1000,1000,false],"thumbnail":["https:\/\/pressurezone.shop\/wp-content\/uploads\/2024\/10\/RAW-THC-Indica-Distillate-Syringes-150x150.jpg",150,150,true],"medium":["https:\/\/pressurezone.shop\/wp-content\/uploads\/2024\/10\/RAW-THC-Indica-Distillate-Syringes-300x300.jpg",300,300,true],"medium_large":["https:\/\/pressurezone.shop\/wp-content\/uploads\/2024\/10\/RAW-THC-Indica-Distillate-Syringes-768x768.jpg",768,768,true],"large":["https:\/\/pressurezone.shop\/wp-content\/uploads\/2024\/10\/RAW-THC-Indica-Distillate-Syringes.jpg",1000,1000,false],"1536x1536":["https:\/\/pressurezone.shop\/wp-content\/uploads\/2024\/10\/RAW-THC-Indica-Distillate-Syringes.jpg",1000,1000,false],"2048x2048":["https:\/\/pressurezone.shop\/wp-content\/uploads\/2024\/10\/RAW-THC-Indica-Distillate-Syringes.jpg",1000,1000,false],"trp-custom-language-flag":["https:\/\/pressurezone.shop\/wp-content\/uploads\/2024\/10\/RAW-THC-Indica-Distillate-Syringes-12x12.jpg",12,12,true],"woocommerce_thumbnail":["https:\/\/pressurezone.shop\/wp-content\/uploads\/2024\/10\/RAW-THC-Indica-Distillate-Syringes-300x300.jpg",300,300,true],"woocommerce_single":["https:\/\/pressurezone.shop\/wp-content\/uploads\/2024\/10\/RAW-THC-Indica-Distillate-Syringes-600x600.jpg",600,600,true],"woocommerce_gallery_thumbnail":["https:\/\/pressurezone.shop\/wp-content\/uploads\/2024\/10\/RAW-THC-Indica-Distillate-Syringes-100x100.jpg",100,100,true]},"uagb_author_info":{"display_name":"pressurezone.shop","author_link":"https:\/\/pressurezone.shop\/pl\/author\/"},"uagb_comment_info":0,"uagb_excerpt":"Achetez des RAW THC Indica Distillate Syringes en Ligne en Europe sur Pressure Zone Shop D\u00e9couvrez les RAW THC Indica Distillate Syringes, des seringues de distillat d&rsquo;indica pur, parfaites pour une relaxation profonde et une vari\u00e9t\u00e9 d\u2019utilisations pratiques. Que vous pr\u00e9f\u00e9riez ajouter du THC \u00e0 vos snacks, cr\u00e9er vos propres comestibles, ou remplir une cartouche,&hellip;","_links":{"self":[{"href":"https:\/\/pressurezone.shop\/pl\/wp-json\/wp\/v2\/product\/3167"}],"collection":[{"href":"https:\/\/pressurezone.shop\/pl\/wp-json\/wp\/v2\/product"}],"about":[{"href":"https:\/\/pressurezone.shop\/pl\/wp-json\/wp\/v2\/types\/product"}],"replies":[{"embeddable":true,"href":"https:\/\/pressurezone.shop\/pl\/wp-json\/wp\/v2\/comments?post=3167"}],"version-history":[{"count":2,"href":"https:\/\/pressurezone.shop\/pl\/wp-json\/wp\/v2\/product\/3167\/revisions"}],"predecessor-version":[{"id":4100,"href":"https:\/\/pressurezone.shop\/pl\/wp-json\/wp\/v2\/product\/3167\/revisions\/4100"}],"wp:featuredmedia":[{"embeddable":true,"href":"https:\/\/pressurezone.shop\/pl\/wp-json\/wp\/v2\/media\/3251"}],"wp:attachment":[{"href":"https:\/\/pressurezone.shop\/pl\/wp-json\/wp\/v2\/media?parent=3167"}],"wp:term":[{"taxonomy":"product_brand","embeddable":true,"href":"https:\/\/pressurezone.shop\/pl\/wp-json\/wp\/v2\/product_brand?post=3167"},{"taxonomy":"product_cat","embeddable":true,"href":"https:\/\/pressurezone.shop\/pl\/wp-json\/wp\/v2\/product_cat?post=3167"},{"taxonomy":"product_tag","embeddable":true,"href":"https:\/\/pressurezone.shop\/pl\/wp-json\/wp\/v2\/product_tag?post=3167"}],"curies":[{"name":"wp","href":"https:\/\/api.w.org\/{rel}","templated":true}]}}