{"id":3173,"date":"2024-10-11T00:54:27","date_gmt":"2024-10-10T22:54:27","guid":{"rendered":"https:\/\/pressurezone.shop\/?post_type=product&#038;p=3173"},"modified":"2024-11-04T01:35:34","modified_gmt":"2024-11-04T00:35:34","slug":"raw-thc-hybrid-distillate-syringes","status":"publish","type":"product","link":"https:\/\/pressurezone.shop\/pl\/produkt\/strzykawki-z-surowym-destylatem-hybrydowym-thc\/","title":{"rendered":"Strzykawki z destylatem hybrydowym RAW THC"},"content":{"rendered":"<h3><strong>Kup hybrydowe strzykawki destylatu RAW THC online w Europie pod adresem <a href=\"https:\/\/pressurezone.shop\/pl\/\" target=\"_new\" rel=\"noopener\">Sklep ze strefami ci\u015bnieniowymi<\/a><\/strong><\/h3>\n<p>Odkryj <strong>Strzykawki z destylatem hybrydowym RAW THC<\/strong>Te strzykawki z czystym, wszechstronnym destylatem hybrydowym s\u0105 idealne do r\u00f3\u017cnych metod konsumpcji. Niezale\u017cnie od tego, czy chcesz doda\u0107 troch\u0119 mocy do swoich przek\u0105sek, stworzy\u0107 w\u0142asne produkty spo\u017cywcze, czy po prostu nape\u0142ni\u0107 sw\u00f3j kartrid\u017c, te strzykawki oferuj\u0105 pot\u0119\u017cn\u0105 i wygodn\u0105 dawk\u0119 THC.<\/p>\n<h3>Dlaczego warto wybra\u0107 strzykawki z destylatem hybrydowym RAW THC?<\/h3>\n<p>The <strong>Strzykawki z destylatem hybrydowym RAW THC<\/strong> zosta\u0142y zaprojektowane z my\u015bl\u0105 o elastycznej, spersonalizowanej konsumpcji. Dzi\u0119ki czystemu destylatowi hybrydowemu strzykawki te oferuj\u0105 zr\u00f3wnowa\u017cony haj, idealny dla tych, kt\u00f3rzy chc\u0105 cieszy\u0107 si\u0119 relaksuj\u0105cymi i stymuluj\u0105cymi korzy\u015bciami THC bez kompromis\u00f3w. Dzi\u0119ki wysokiemu st\u0119\u017ceniu mog\u0105 by\u0107 u\u017cywane do precyzyjnego dozowania.<a href=\"https:\/\/fuelpackz.com\/\" target=\"_blank\" rel=\"noopener\">.<\/a><\/p>\n<ul>\n<li><strong>Typ<\/strong> Czysty destylat hybrydowy<\/li>\n<li><strong>U\u017cycie<\/strong> Wszechstronno\u015b\u0107 i \u0142atwo\u015b\u0107 adaptacji<\/li>\n<\/ul>\n<h3>Sposoby korzystania ze strzykawek z destylatem hybrydowym RAW THC<\/h3>\n<p>The <strong>Strzykawki z destylatem hybrydowym RAW THC<\/strong> oferuj\u0105 wiele sposob\u00f3w ich wykorzystania. Oto kilka pomys\u0142\u00f3w na maksymalne wykorzystanie tych strzykawek:<\/p>\n<ol>\n<li><strong>O przek\u0105skach<\/strong> Umie\u015b\u0107 jedn\u0105 dawk\u0119 na krakersie lub suszonym owocu.<\/li>\n<li><strong>Zamra\u017canie<\/strong> Umie\u015b\u0107 porcje na pergaminie do pieczenia i zamro\u017a na p\u00f3\u017aniej.<\/li>\n<li><strong>Kapsu\u0142ki<\/strong> Nape\u0142nij pust\u0105 kapsu\u0142k\u0119 w celu dyskretnego i \u0142atwego dozowania.<\/li>\n<li><strong>Jadalny<\/strong> Zmieszaj destylat z ulubionymi przepisami.<\/li>\n<li><strong>Wk\u0142ady uzupe\u0142niaj\u0105ce<\/strong> U\u017cyj destylatu do nape\u0142nienia kartrid\u017ca lub d\u0142ugopisu wielokrotnego nape\u0142niania.<\/li>\n<li><strong>Dab Rig lub Bong<\/strong> Dodaj go do swojego sprz\u0119tu, aby uzyska\u0107 bardziej intensywne wra\u017cenia.<\/li>\n<li><strong>W\u0142\u0105czenie do staw\u00f3w lub st\u0119pienie<\/strong> Owi\u0144 go wok\u00f3\u0142 swoich pre-rolli, aby uzyska\u0107 dodatkow\u0105 moc.<\/li>\n<\/ol>\n<h3>Efekty i korzy\u015bci p\u0142yn\u0105ce ze strzykawek z destylatem hybrydowym RAW THC<\/h3>\n<p>Le <strong>Destylat hybrydowy RAW THC<\/strong> zapewnia zr\u00f3wnowa\u017cone doznania, oferuj\u0105c zar\u00f3wno stymuluj\u0105cy haj psychiczny, jak i koj\u0105cy relaks fizyczny. Idealny na chwile relaksu lub kreatywnego pobudzenia.<\/p>\n<ul>\n<li><strong>Efekty<\/strong> Relaks, stymulacja umys\u0142owa, euforia, koncentracja<\/li>\n<li><strong>Idealny dla<\/strong> Stres, przewlek\u0142y b\u00f3l, niepok\u00f3j, zm\u0119czenie, utrata apetytu<\/li>\n<\/ul>\n<h3>Bezpieczne korzystanie ze strzykawek z destylatem hybrydowym RAW THC<\/h3>\n<p>Przy wysokim st\u0119\u017ceniu THC zaleca si\u0119 ostro\u017cne dawkowanie, aby zapewni\u0107 przyjemne doznania. Zacznij od niskiej dawki, zw\u0142aszcza je\u015bli jeste\u015b nowicjuszem, a nast\u0119pnie dostosuj j\u0105 do swoich preferencji i tolerancji.<\/p>\n<h3>Zam\u00f3w hybrydowe strzykawki destylacyjne RAW THC online w sklepie Pressure Zone Shop<\/h3>\n<p>Gotowy, by odkry\u0107 wszechstronno\u015b\u0107 i moc <strong>Strzykawki z destylatem hybrydowym RAW THC<\/strong> ? Zam\u00f3w teraz na <a href=\"https:\/\/pressurezone.shop\/pl\/\" target=\"_new\" rel=\"noopener\">Sklep ze strefami ci\u015bnieniowymi<\/a> aby cieszy\u0107 si\u0119 najwy\u017csz\u0105 elastyczno\u015bci\u0105 destylowanego THC, idealn\u0105 dla Twoich potrzeb i pragnie\u0144. Niezale\u017cnie od tego, czy chodzi o produkty spo\u017cywcze, czy chwil\u0119 relaksu, <strong>Strzykawki z destylatem hybrydowym RAW THC<\/strong> s\u0105 idealnym wyborem, je\u015bli chodzi o doznania zwi\u0105zane z konopiami indyjskimi.<\/p>","protected":false},"excerpt":{"rendered":"<p>Achetez des RAW THC Hybrid Distillate Syringes en Ligne en Europe sur Pressure Zone Shop D\u00e9couvrez les RAW THC Hybrid Distillate Syringes, des seringues de distillat hybride pur et polyvalent, parfaites pour divers modes de consommation. Que vous souhaitiez ajouter un peu de punch \u00e0 vos snacks, cr\u00e9er vos propres comestibles, ou simplement remplir votre [&hellip;]<\/p>","protected":false},"featured_media":3253,"comment_status":"closed","ping_status":"closed","template":"","meta":{"_uag_custom_page_level_css":"","site-sidebar-layout":"default","site-content-layout":"","ast-site-content-layout":"default","site-content-style":"default","site-sidebar-style":"default","ast-global-header-display":"","ast-banner-title-visibility":"","ast-main-header-display":"","ast-hfb-above-header-display":"","ast-hfb-below-header-display":"","ast-hfb-mobile-header-display":"","site-post-title":"","ast-breadcrumbs-content":"","ast-featured-img":"","footer-sml-layout":"","theme-transparent-header-meta":"default","adv-header-id-meta":"","stick-header-meta":"","header-above-stick-meta":"","header-main-stick-meta":"","header-below-stick-meta":"","astra-migrate-meta-layouts":"set","ast-page-background-enabled":"default","ast-page-background-meta":{"desktop":{"background-color":"","background-image":"","background-repeat":"repeat","background-position":"center center","background-size":"auto","background-attachment":"scroll","background-type":"","background-media":"","overlay-type":"","overlay-color":"","overlay-opacity":"","overlay-gradient":""},"tablet":{"background-color":"","background-image":"","background-repeat":"repeat","background-position":"center center","background-size":"auto","background-attachment":"scroll","background-type":"","background-media":"","overlay-type":"","overlay-color":"","overlay-opacity":"","overlay-gradient":""},"mobile":{"background-color":"","background-image":"","background-repeat":"repeat","background-position":"center center","background-size":"auto","background-attachment":"scroll","background-type":"","background-media":"","overlay-type":"","overlay-color":"","overlay-opacity":"","overlay-gradient":""}},"ast-content-background-meta":{"desktop":{"background-color":"var(--ast-global-color-5)","background-image":"","background-repeat":"repeat","background-position":"center center","background-size":"auto","background-attachment":"scroll","background-type":"","background-media":"","overlay-type":"","overlay-color":"","overlay-opacity":"","overlay-gradient":""},"tablet":{"background-color":"var(--ast-global-color-5)","background-image":"","background-repeat":"repeat","background-position":"center center","background-size":"auto","background-attachment":"scroll","background-type":"","background-media":"","overlay-type":"","overlay-color":"","overlay-opacity":"","overlay-gradient":""},"mobile":{"background-color":"var(--ast-global-color-5)","background-image":"","background-repeat":"repeat","background-position":"center center","background-size":"auto","background-attachment":"scroll","background-type":"","background-media":"","overlay-type":"","overlay-color":"","overlay-opacity":"","overlay-gradient":""}}},"product_brand":[],"product_cat":[334,367],"product_tag":[370],"class_list":{"0":"post-3173","1":"product","2":"type-product","3":"status-publish","4":"has-post-thumbnail","6":"product_cat-concentres-de-marijuana","7":"product_cat-thc-distillates","8":"product_tag-order-raw-thc-hybrid-distillate-syringes-europe","9":"desktop-align-left","10":"tablet-align-left","11":"mobile-align-left","13":"first","14":"instock","15":"shipping-taxable","16":"purchasable","17":"product-type-variable"},"uagb_featured_image_src":{"full":["https:\/\/pressurezone.shop\/wp-content\/uploads\/2024\/10\/RAW-THC-Hybrid-Distillate-Syringes.jpg",1000,1000,false],"thumbnail":["https:\/\/pressurezone.shop\/wp-content\/uploads\/2024\/10\/RAW-THC-Hybrid-Distillate-Syringes-150x150.jpg",150,150,true],"medium":["https:\/\/pressurezone.shop\/wp-content\/uploads\/2024\/10\/RAW-THC-Hybrid-Distillate-Syringes-300x300.jpg",300,300,true],"medium_large":["https:\/\/pressurezone.shop\/wp-content\/uploads\/2024\/10\/RAW-THC-Hybrid-Distillate-Syringes-768x768.jpg",768,768,true],"large":["https:\/\/pressurezone.shop\/wp-content\/uploads\/2024\/10\/RAW-THC-Hybrid-Distillate-Syringes.jpg",1000,1000,false],"1536x1536":["https:\/\/pressurezone.shop\/wp-content\/uploads\/2024\/10\/RAW-THC-Hybrid-Distillate-Syringes.jpg",1000,1000,false],"2048x2048":["https:\/\/pressurezone.shop\/wp-content\/uploads\/2024\/10\/RAW-THC-Hybrid-Distillate-Syringes.jpg",1000,1000,false],"trp-custom-language-flag":["https:\/\/pressurezone.shop\/wp-content\/uploads\/2024\/10\/RAW-THC-Hybrid-Distillate-Syringes-12x12.jpg",12,12,true],"woocommerce_thumbnail":["https:\/\/pressurezone.shop\/wp-content\/uploads\/2024\/10\/RAW-THC-Hybrid-Distillate-Syringes-300x300.jpg",300,300,true],"woocommerce_single":["https:\/\/pressurezone.shop\/wp-content\/uploads\/2024\/10\/RAW-THC-Hybrid-Distillate-Syringes-600x600.jpg",600,600,true],"woocommerce_gallery_thumbnail":["https:\/\/pressurezone.shop\/wp-content\/uploads\/2024\/10\/RAW-THC-Hybrid-Distillate-Syringes-100x100.jpg",100,100,true]},"uagb_author_info":{"display_name":"pressurezone.shop","author_link":"https:\/\/pressurezone.shop\/pl\/author\/"},"uagb_comment_info":0,"uagb_excerpt":"Achetez des RAW THC Hybrid Distillate Syringes en Ligne en Europe sur Pressure Zone Shop D\u00e9couvrez les RAW THC Hybrid Distillate Syringes, des seringues de distillat hybride pur et polyvalent, parfaites pour divers modes de consommation. Que vous souhaitiez ajouter un peu de punch \u00e0 vos snacks, cr\u00e9er vos propres comestibles, ou simplement remplir votre&hellip;","_links":{"self":[{"href":"https:\/\/pressurezone.shop\/pl\/wp-json\/wp\/v2\/product\/3173"}],"collection":[{"href":"https:\/\/pressurezone.shop\/pl\/wp-json\/wp\/v2\/product"}],"about":[{"href":"https:\/\/pressurezone.shop\/pl\/wp-json\/wp\/v2\/types\/product"}],"replies":[{"embeddable":true,"href":"https:\/\/pressurezone.shop\/pl\/wp-json\/wp\/v2\/comments?post=3173"}],"version-history":[{"count":2,"href":"https:\/\/pressurezone.shop\/pl\/wp-json\/wp\/v2\/product\/3173\/revisions"}],"predecessor-version":[{"id":4099,"href":"https:\/\/pressurezone.shop\/pl\/wp-json\/wp\/v2\/product\/3173\/revisions\/4099"}],"wp:featuredmedia":[{"embeddable":true,"href":"https:\/\/pressurezone.shop\/pl\/wp-json\/wp\/v2\/media\/3253"}],"wp:attachment":[{"href":"https:\/\/pressurezone.shop\/pl\/wp-json\/wp\/v2\/media?parent=3173"}],"wp:term":[{"taxonomy":"product_brand","embeddable":true,"href":"https:\/\/pressurezone.shop\/pl\/wp-json\/wp\/v2\/product_brand?post=3173"},{"taxonomy":"product_cat","embeddable":true,"href":"https:\/\/pressurezone.shop\/pl\/wp-json\/wp\/v2\/product_cat?post=3173"},{"taxonomy":"product_tag","embeddable":true,"href":"https:\/\/pressurezone.shop\/pl\/wp-json\/wp\/v2\/product_tag?post=3173"}],"curies":[{"name":"wp","href":"https:\/\/api.w.org\/{rel}","templated":true}]}}