{"id":3187,"date":"2024-10-11T00:54:53","date_gmt":"2024-10-10T22:54:53","guid":{"rendered":"https:\/\/pressurezone.shop\/?post_type=product&#038;p=3187"},"modified":"2024-11-04T01:24:26","modified_gmt":"2024-11-04T00:24:26","slug":"commandez-du-thc-distillate","status":"publish","type":"product","link":"https:\/\/pressurezone.shop\/pl\/produkt\/zamow-destylat-thc\/","title":{"rendered":"Zam\u00f3w destylat THC"},"content":{"rendered":"<div class=\"flex-shrink-0 flex flex-col relative items-end\">\n<div>\n<div class=\"pt-0\">\n<div class=\"gizmo-bot-avatar flex h-8 w-8 items-center justify-center overflow-hidden rounded-full\">\n<div><\/div>\n<h4 class=\"relative p-1 rounded-sm flex items-center justify-center bg-token-main-surface-primary text-token-text-primary h-8 w-8\"><strong style=\"font-size: 1.5em;\">Zam\u00f3w destylat THC online w Europie pod adresem <a href=\"https:\/\/pressurezone.shop\/pl\/\" target=\"_new\" rel=\"noopener\">Sklep ze strefami ci\u015bnieniowymi<\/a><\/strong><\/h4>\n<\/div>\n<\/div>\n<\/div>\n<\/div>\n<div class=\"group\/conversation-turn relative flex w-full min-w-0 flex-col agent-turn\">\n<div class=\"flex-col gap-1 md:gap-3\">\n<div class=\"flex max-w-full flex-col flex-grow\">\n<div class=\"min-h-8 text-message flex w-full flex-col items-end gap-2 whitespace-normal break-words [.text-message+&amp;]:mt-5\" dir=\"auto\" data-message-author-role=\"assistant\" data-message-id=\"8db23d52-615c-485f-bec6-b78f69bfc040\" data-message-model-slug=\"gpt-4o\">\n<div class=\"flex w-full flex-col gap-1 empty:hidden first:pt-[3px]\">\n<div class=\"markdown prose w-full break-words dark:prose-invert light\">\n<p>Poznaj czysto\u015b\u0107 <strong>Destylat THC<\/strong>to rafinowany, bezrozpuszczalnikowy ekstrakt z konopi indyjskich o st\u0119\u017ceniu THC 95%. Ten klarowny, z\u0142ocisty koncentrat jest jedn\u0105 z najsilniejszych form THC, idealn\u0105 do wszechstronnego zastosowania. Niezale\u017cnie od tego, czy chcesz go spo\u017cywa\u0107 jako<strong>jedzenie<\/strong>, <strong>aktualny<\/strong> lub dla <strong>palenie\/rozpylanie<\/strong>Nasz destylat THC zosta\u0142 zaprojektowany z my\u015bl\u0105 o potrzebach medycznych i rekreacyjnych.<\/p>\n<h3>Dlaczego warto zam\u00f3wi\u0107 destylat THC?<\/h3>\n<p><strong>Zamawianie destylatu THC w Europie<\/strong> to idealne rozwi\u0105zanie dla os\u00f3b poszukuj\u0105cych czystej, silnej marihuany. Nasz destylat, zamkni\u0119ty w por\u0119cznej szklanej strzykawce, jest gotowy do u\u017cycia. Aby u\u0142atwi\u0107 aplikacj\u0119, nale\u017cy lekko podgrza\u0107 strzykawk\u0119 przed u\u017cyciem w celu p\u0142ynniejszego rozprowadzenia tego g\u0119stego koncentratu.<a href=\"https:\/\/fuelpackz.com\/\" target=\"_blank\" rel=\"noopener\">.<\/a><\/p>\n<ul>\n<li><strong>Typ<\/strong> Oczyszczony ekstrakt THC<\/li>\n<li><strong>THC<\/strong> 95%, zapewniaj\u0105cy intensywne, d\u0142ugotrwa\u0142e doznania<\/li>\n<\/ul>\n<h3>Jak stosowa\u0107 destylat THC<\/h3>\n<p>Le <strong>Destylat THC<\/strong> jest jednym z najbardziej wszechstronnych koncentrat\u00f3w, pozwalaj\u0105cym na wiele r\u00f3\u017cnych metod konsumpcji. Oto kilka popularnych sposob\u00f3w na cieszenie si\u0119 jego czysto\u015bci\u0105:<\/p>\n<ol>\n<li><strong>Dym lub spray<\/strong> Idealny do natychmiastowego wzrostu.<\/li>\n<li><strong>Dabbing<\/strong> Zapewnia intensywne wra\u017cenia, idealne dla zaawansowanych u\u017cytkownik\u00f3w.<\/li>\n<li><strong>W\u0142\u0105czenie do Comestibles<\/strong> Dodaj go do swoich przepis\u00f3w, aby uzyska\u0107 trwa\u0142e efekty.<\/li>\n<li><strong>Aktualny<\/strong> Zastosuj lokalnie, aby uzyska\u0107 ukierunkowan\u0105 pomoc.<\/li>\n<\/ol>\n<h3>Korzy\u015bci i efekty destylatu THC<\/h3>\n<p>Le <strong>Destylat THC<\/strong> jest ceniona za swoj\u0105 moc i szybkie dzia\u0142anie, idealne dla os\u00f3b poszukuj\u0105cych natychmiastowego haju lub d\u0142ugotrwa\u0142ej ulgi. Zapewnia intensywny relaks i d\u0142ugotrwa\u0142\u0105 eufori\u0119, idealn\u0105 zar\u00f3wno dla u\u017cytkownik\u00f3w medycznych, jak i rekreacyjnych.<\/p>\n<ul>\n<li><strong>Efekty<\/strong> Euforia, relaks, wysoki poziom wch\u0142aniania<\/li>\n<li><strong>Idealny dla<\/strong> U\u015bmierzanie b\u00f3lu, niepok\u00f3j, bezsenno\u015b\u0107, stres<\/li>\n<\/ul>\n<h3>Dlaczego warto wybra\u0107 destylat THC?<\/h3>\n<p>Dzi\u0119ki z\u0142o\u017conemu procesowi izolacji <strong>Destylat THC<\/strong> jest destylowany w celu uzyskania najczystszego ekstraktu, zachowuj\u0105cego tylko po\u017c\u0105dane kannabinoidy. Ten zaawansowany proces ekstrakcji zapewnia wysokie st\u0119\u017cenie THC bez zanieczyszcze\u0144, przy jednoczesnym zachowaniu naturalnych terpen\u00f3w i flawonoid\u00f3w konopi.<\/p>\n<h3>Zam\u00f3w destylat THC w Europie za po\u015brednictwem Pressure Zone Shop<\/h3>\n<p>Gotowy, by odkry\u0107 czysto\u015b\u0107 <strong>Destylat THC<\/strong> ? Zam\u00f3w teraz na <a href=\"https:\/\/pressurezone.shop\/pl\/\" target=\"_new\" rel=\"noopener\">Sklep ze strefami ci\u015bnieniowymi<\/a> aby uzyska\u0107 dost\u0119p do ultraczystego ekstraktu z konopi indyjskich, idealnego do zaspokojenia wszystkich potrzeb zwi\u0105zanych z THC. Niezale\u017cnie od tego, czy jeste\u015b u\u017cytkownikiem rekreacyjnym, czy medycznym, produkt <strong>Destylat THC<\/strong> to idealny wyb\u00f3r dla mocnych i elastycznych dozna\u0144 zwi\u0105zanych z konopiami indyjskimi.<\/p>\n<\/div>\n<\/div>\n<\/div>\n<\/div>\n<\/div>\n<\/div>","protected":false},"excerpt":{"rendered":"<h3>Zam\u00f3w destylat THC w Europie za po\u015brednictwem Pressure Zone Shop<\/h3>\n<p>Gotowy, by odkry\u0107 czysto\u015b\u0107 <strong>Destylat THC<\/strong> ? Zam\u00f3w teraz na <a href=\"https:\/\/pressurezone.shop\/pl\/\" target=\"_new\" rel=\"noopener\">Sklep ze strefami ci\u015bnieniowymi<\/a> to ultraczysty ekstrakt z konopi indyjskich, idealny do zaspokojenia wszystkich potrzeb zwi\u0105zanych z THC.<\/p>","protected":false},"featured_media":3255,"comment_status":"closed","ping_status":"closed","template":"","meta":{"_uag_custom_page_level_css":"","site-sidebar-layout":"default","site-content-layout":"","ast-site-content-layout":"default","site-content-style":"default","site-sidebar-style":"default","ast-global-header-display":"","ast-banner-title-visibility":"","ast-main-header-display":"","ast-hfb-above-header-display":"","ast-hfb-below-header-display":"","ast-hfb-mobile-header-display":"","site-post-title":"","ast-breadcrumbs-content":"","ast-featured-img":"","footer-sml-layout":"","theme-transparent-header-meta":"default","adv-header-id-meta":"","stick-header-meta":"","header-above-stick-meta":"","header-main-stick-meta":"","header-below-stick-meta":"","astra-migrate-meta-layouts":"set","ast-page-background-enabled":"default","ast-page-background-meta":{"desktop":{"background-color":"","background-image":"","background-repeat":"repeat","background-position":"center center","background-size":"auto","background-attachment":"scroll","background-type":"","background-media":"","overlay-type":"","overlay-color":"","overlay-opacity":"","overlay-gradient":""},"tablet":{"background-color":"","background-image":"","background-repeat":"repeat","background-position":"center center","background-size":"auto","background-attachment":"scroll","background-type":"","background-media":"","overlay-type":"","overlay-color":"","overlay-opacity":"","overlay-gradient":""},"mobile":{"background-color":"","background-image":"","background-repeat":"repeat","background-position":"center center","background-size":"auto","background-attachment":"scroll","background-type":"","background-media":"","overlay-type":"","overlay-color":"","overlay-opacity":"","overlay-gradient":""}},"ast-content-background-meta":{"desktop":{"background-color":"var(--ast-global-color-5)","background-image":"","background-repeat":"repeat","background-position":"center center","background-size":"auto","background-attachment":"scroll","background-type":"","background-media":"","overlay-type":"","overlay-color":"","overlay-opacity":"","overlay-gradient":""},"tablet":{"background-color":"var(--ast-global-color-5)","background-image":"","background-repeat":"repeat","background-position":"center center","background-size":"auto","background-attachment":"scroll","background-type":"","background-media":"","overlay-type":"","overlay-color":"","overlay-opacity":"","overlay-gradient":""},"mobile":{"background-color":"var(--ast-global-color-5)","background-image":"","background-repeat":"repeat","background-position":"center center","background-size":"auto","background-attachment":"scroll","background-type":"","background-media":"","overlay-type":"","overlay-color":"","overlay-opacity":"","overlay-gradient":""}}},"product_brand":[],"product_cat":[334,367],"product_tag":[371,372,373],"class_list":{"0":"post-3187","1":"product","2":"type-product","3":"status-publish","4":"has-post-thumbnail","6":"product_cat-concentres-de-marijuana","7":"product_cat-thc-distillates","8":"product_tag-1g-thc-distillates-for-sale-in-bulk","9":"product_tag-1ml-cannabis-oil-distillates-for-sale-europe","10":"product_tag-order-thc-distillate-europe","11":"desktop-align-left","12":"tablet-align-left","13":"mobile-align-left","15":"first","16":"instock","17":"shipping-taxable","18":"purchasable","19":"product-type-simple"},"uagb_featured_image_src":{"full":["https:\/\/pressurezone.shop\/wp-content\/uploads\/2024\/10\/Order-THC-Distillate-Europe.webp",570,464,false],"thumbnail":["https:\/\/pressurezone.shop\/wp-content\/uploads\/2024\/10\/Order-THC-Distillate-Europe-150x150.webp",150,150,true],"medium":["https:\/\/pressurezone.shop\/wp-content\/uploads\/2024\/10\/Order-THC-Distillate-Europe-300x244.webp",300,244,true],"medium_large":["https:\/\/pressurezone.shop\/wp-content\/uploads\/2024\/10\/Order-THC-Distillate-Europe.webp",570,464,false],"large":["https:\/\/pressurezone.shop\/wp-content\/uploads\/2024\/10\/Order-THC-Distillate-Europe.webp",570,464,false],"1536x1536":["https:\/\/pressurezone.shop\/wp-content\/uploads\/2024\/10\/Order-THC-Distillate-Europe.webp",570,464,false],"2048x2048":["https:\/\/pressurezone.shop\/wp-content\/uploads\/2024\/10\/Order-THC-Distillate-Europe.webp",570,464,false],"trp-custom-language-flag":["https:\/\/pressurezone.shop\/wp-content\/uploads\/2024\/10\/Order-THC-Distillate-Europe-15x12.webp",15,12,true],"woocommerce_thumbnail":["https:\/\/pressurezone.shop\/wp-content\/uploads\/2024\/10\/Order-THC-Distillate-Europe-300x300.webp",300,300,true],"woocommerce_single":["https:\/\/pressurezone.shop\/wp-content\/uploads\/2024\/10\/Order-THC-Distillate-Europe.webp",570,464,false],"woocommerce_gallery_thumbnail":["https:\/\/pressurezone.shop\/wp-content\/uploads\/2024\/10\/Order-THC-Distillate-Europe-100x100.webp",100,100,true]},"uagb_author_info":{"display_name":"pressurezone.shop","author_link":"https:\/\/pressurezone.shop\/pl\/author\/"},"uagb_comment_info":0,"uagb_excerpt":"Commandez du THC Distillate en Europe via Pressure Zone Shop Pr\u00eat \u00e0 d\u00e9couvrir la puret\u00e9 du THC Distillate ? Commandez d\u00e8s maintenant sur Pressure Zone Shop pour acc\u00e9der \u00e0 un extrait de cannabis ultra-pur, parfait pour r\u00e9pondre \u00e0 tous vos besoins en THC.","_links":{"self":[{"href":"https:\/\/pressurezone.shop\/pl\/wp-json\/wp\/v2\/product\/3187"}],"collection":[{"href":"https:\/\/pressurezone.shop\/pl\/wp-json\/wp\/v2\/product"}],"about":[{"href":"https:\/\/pressurezone.shop\/pl\/wp-json\/wp\/v2\/types\/product"}],"replies":[{"embeddable":true,"href":"https:\/\/pressurezone.shop\/pl\/wp-json\/wp\/v2\/comments?post=3187"}],"version-history":[{"count":3,"href":"https:\/\/pressurezone.shop\/pl\/wp-json\/wp\/v2\/product\/3187\/revisions"}],"predecessor-version":[{"id":4094,"href":"https:\/\/pressurezone.shop\/pl\/wp-json\/wp\/v2\/product\/3187\/revisions\/4094"}],"wp:featuredmedia":[{"embeddable":true,"href":"https:\/\/pressurezone.shop\/pl\/wp-json\/wp\/v2\/media\/3255"}],"wp:attachment":[{"href":"https:\/\/pressurezone.shop\/pl\/wp-json\/wp\/v2\/media?parent=3187"}],"wp:term":[{"taxonomy":"product_brand","embeddable":true,"href":"https:\/\/pressurezone.shop\/pl\/wp-json\/wp\/v2\/product_brand?post=3187"},{"taxonomy":"product_cat","embeddable":true,"href":"https:\/\/pressurezone.shop\/pl\/wp-json\/wp\/v2\/product_cat?post=3187"},{"taxonomy":"product_tag","embeddable":true,"href":"https:\/\/pressurezone.shop\/pl\/wp-json\/wp\/v2\/product_tag?post=3187"}],"curies":[{"name":"wp","href":"https:\/\/api.w.org\/{rel}","templated":true}]}}