{"id":3189,"date":"2024-10-11T00:54:54","date_gmt":"2024-10-10T22:54:54","guid":{"rendered":"https:\/\/pressurezone.shop\/?post_type=product&#038;p=3189"},"modified":"2024-11-04T01:09:45","modified_gmt":"2024-11-04T00:09:45","slug":"cherry-zkittlez-weed-thc-distillate","status":"publish","type":"product","link":"https:\/\/pressurezone.shop\/pl\/produkt\/cherry-zkittlez-weed-thc-destylat\/","title":{"rendered":"Destylat THC Cherry Zkittlez Weed"},"content":{"rendered":"<h3><strong>Kup Cherry Zkittlez Weed THC Distillate online w Europie pod adresem <a href=\"https:\/\/pressurezone.shop\/pl\/\" target=\"_new\" rel=\"noopener\">Sklep ze strefami ci\u015bnieniowymi<\/a><\/strong><\/h3>\n<p>Odkryj <strong>Destylat THC Cherry Zkittlez Weed<\/strong>Wyj\u0105tkowo dobrze zbalansowany i aromatyczny destylat, wyprodukowany przez skrzy\u017cowanie s\u0142ynnych szczep\u00f3w <strong>Zkittlez<\/strong> i <strong>Ciasto wi\u015bniowe<\/strong>. Idealny dla mi\u0142o\u015bnik\u00f3w konopi poszukuj\u0105cych wysokiej jako\u015bci destylatu, Cherry Zkittlez \u0142\u0105czy owocowy, s\u0142odki smak z silnymi, zr\u00f3wnowa\u017conymi efektami.<\/p>\n<h3>Dlaczego warto wybra\u0107 destylat THC Cherry Zkittlez Weed?<\/h3>\n<p>Le <strong>Destylat THC Cherry Zkittlez<\/strong> wyr\u00f3\u017cnia si\u0119 wyj\u0105tkowym profilem smakowym i moc\u0105. Ten destylat THC oferuje mieszank\u0119 s\u0142odkich nut wi\u015bni i owoc\u00f3w tropikalnych, kt\u00f3rym towarzyszy s\u0142odki, cukierkowy aromat. Niezale\u017cnie od tego, czy waporyzujesz, dodajesz do produkt\u00f3w spo\u017cywczych, czy u\u017cywasz w zestawie do dabingu, Cherry Zkittlez to idealny wyb\u00f3r na smaczne i intensywne doznania z konopi.<a href=\"https:\/\/fuelpackz.com\/\" target=\"_blank\" rel=\"noopener\">.<\/a><\/p>\n<ul>\n<li><strong>Typ<\/strong> Zr\u00f3wnowa\u017cona hybryda<\/li>\n<li><strong>Pochodzenie<\/strong> Krzy\u017c\u00f3wka Zkittlez i Cherry Pie<\/li>\n<\/ul>\n<h3>Efekty i korzy\u015bci p\u0142yn\u0105ce ze stosowania destylatu THC Cherry Zkittlez Weed<\/h3>\n<p>Le <strong>Destylat THC Cherry Zkittlez<\/strong> oferuje szybki, euforyczny haj, stymuluj\u0105cy kreatywno\u015b\u0107 i nastr\u00f3j. Idealny do spotka\u0144 towarzyskich lub zwi\u0119kszania motywacji, destylat ten pozostawia Ci\u0119 zrelaksowanym, ale skupionym i zainspirowanym.<\/p>\n<ul>\n<li><strong>Efekty<\/strong> Kreatywno\u015b\u0107, euforia, skupienie, towarzysko\u015b\u0107, poprawa nastroju<\/li>\n<li><strong>Idealny dla<\/strong> Skurcze mi\u0119\u015bni, Stres, Fibromialgia, Bezsenno\u015b\u0107, L\u0119k, Przewlek\u0142y b\u00f3l, Skurcze<\/li>\n<\/ul>\n<h3>Choroby \u0142agodzone przez destylat z konopi Cherry Zkittlez<\/h3>\n<p>Dzi\u0119ki zr\u00f3wnowa\u017conym efektom i wysokiej zawarto\u015bci THC, <strong>Cherry Zkittlez Distillate<\/strong> jest cz\u0119sto zalecany w leczeniu r\u00f3\u017cnych zaburze\u0144 fizycznych i psychicznych:<\/p>\n<ul>\n<li><strong>Przewlek\u0142y b\u00f3l i skurcze mi\u0119\u015bni<\/strong> \u0141agodzi uporczywy b\u00f3l i zmniejsza napi\u0119cie w ciele.<\/li>\n<li><strong>Stres i niepok\u00f3j<\/strong> Wspomaga dobre samopoczucie i uspokaja umys\u0142.<\/li>\n<li><strong>Bezsenno\u015b\u0107 i fibromialgia<\/strong> Pomaga poprawi\u0107 jako\u015b\u0107 snu i z\u0142agodzi\u0107 b\u00f3l zwi\u0105zany z fibromialgi\u0105.<\/li>\n<\/ul>\n<h3>Smaki i aromaty destylatu THC Cherry Zkittlez<\/h3>\n<p>Le <strong>Destylat THC Cherry Zkittlez<\/strong> zachwyca zmys\u0142y smakami z <strong>jagody<\/strong>z <strong>wi\u015bnia<\/strong> oraz <strong>owoce tropikalne<\/strong>S\u0142odki i owocowy smak. Aromat jest r\u00f3wnie przyjemny, \u0142\u0105cz\u0105c nuty s\u0142odkiej wi\u015bni z zio\u0142owymi, ziemistymi i pikantnymi niuansami.<\/p>\n<ul>\n<li><strong>Smaki<\/strong> : jagody, s\u0142odycze, wi\u015bnia, owocowy, s\u0142odki, tropikalny<\/li>\n<li><strong>Zapachy<\/strong> Wi\u015bniowy, ziemisty, zio\u0142owy, pikantny, s\u0142odki, tropikalny<\/li>\n<\/ul>\n<h3>Stosowanie i dawkowanie destylatu THC Cherry Zkittlez<\/h3>\n<p>Le <strong>Destylat THC Cherry Zkittlez<\/strong> jest mocna i idealna dla do\u015bwiadczonych u\u017cytkownik\u00f3w. Niezale\u017cnie od tego, czy u\u017cywasz go w waporyzatorze, dab rigu czy produktach spo\u017cywczych, zacznij od ma\u0142ej dawki i dostosuj j\u0105 do swojej tolerancji. Wykorzystaj jej wszechstronno\u015b\u0107 do dyskretnej, spersonalizowanej konsumpcji.<\/p>\n<h3>Zam\u00f3w destylat Cherry Zkittlez Weed THC online w sklepie Pressure Zone Shop<\/h3>\n<p>Gotowy do odkrycia owocowego, euforycznego do\u015bwiadczenia <strong>Destylat THC Cherry Zkittlez Weed<\/strong> ? Zam\u00f3w teraz na <a href=\"https:\/\/pressurezone.shop\/pl\/\" target=\"_new\" rel=\"noopener\">Sklep ze strefami ci\u015bnieniowymi<\/a> zapewnia niezapomniane doznania zwi\u0105zane z konopiami indyjskimi, idealne do \u0142agodzenia b\u00f3l\u00f3w i dolegliwo\u015bci, jednocze\u015bnie ciesz\u0105c si\u0119 s\u0142odkim, tropikalnym profilem smakowym. <strong>Destylat THC Cherry Zkittlez<\/strong> to idealny wyb\u00f3r na towarzyski i kreatywny relaks.<\/p>","protected":false},"excerpt":{"rendered":"<p>Achetez le Cherry Zkittlez Weed THC Distillate en Ligne en Europe sur Pressure Zone Shop D\u00e9couvrez le Cherry Zkittlez Weed THC Distillate, un distillat exceptionnel \u00e9quilibr\u00e9 et savoureux, issu du croisement entre les c\u00e9l\u00e8bres souches Zkittlez et Cherry Pie. Parfait pour les amateurs de cannabis cherchant un distillat de haute qualit\u00e9, Cherry Zkittlez allie une [&hellip;]<\/p>","protected":false},"featured_media":3259,"comment_status":"closed","ping_status":"closed","template":"","meta":{"_uag_custom_page_level_css":"","site-sidebar-layout":"default","site-content-layout":"","ast-site-content-layout":"default","site-content-style":"default","site-sidebar-style":"default","ast-global-header-display":"","ast-banner-title-visibility":"","ast-main-header-display":"","ast-hfb-above-header-display":"","ast-hfb-below-header-display":"","ast-hfb-mobile-header-display":"","site-post-title":"","ast-breadcrumbs-content":"","ast-featured-img":"","footer-sml-layout":"","theme-transparent-header-meta":"default","adv-header-id-meta":"","stick-header-meta":"","header-above-stick-meta":"","header-main-stick-meta":"","header-below-stick-meta":"","astra-migrate-meta-layouts":"set","ast-page-background-enabled":"default","ast-page-background-meta":{"desktop":{"background-color":"","background-image":"","background-repeat":"repeat","background-position":"center center","background-size":"auto","background-attachment":"scroll","background-type":"","background-media":"","overlay-type":"","overlay-color":"","overlay-opacity":"","overlay-gradient":""},"tablet":{"background-color":"","background-image":"","background-repeat":"repeat","background-position":"center center","background-size":"auto","background-attachment":"scroll","background-type":"","background-media":"","overlay-type":"","overlay-color":"","overlay-opacity":"","overlay-gradient":""},"mobile":{"background-color":"","background-image":"","background-repeat":"repeat","background-position":"center center","background-size":"auto","background-attachment":"scroll","background-type":"","background-media":"","overlay-type":"","overlay-color":"","overlay-opacity":"","overlay-gradient":""}},"ast-content-background-meta":{"desktop":{"background-color":"var(--ast-global-color-5)","background-image":"","background-repeat":"repeat","background-position":"center center","background-size":"auto","background-attachment":"scroll","background-type":"","background-media":"","overlay-type":"","overlay-color":"","overlay-opacity":"","overlay-gradient":""},"tablet":{"background-color":"var(--ast-global-color-5)","background-image":"","background-repeat":"repeat","background-position":"center center","background-size":"auto","background-attachment":"scroll","background-type":"","background-media":"","overlay-type":"","overlay-color":"","overlay-opacity":"","overlay-gradient":""},"mobile":{"background-color":"var(--ast-global-color-5)","background-image":"","background-repeat":"repeat","background-position":"center center","background-size":"auto","background-attachment":"scroll","background-type":"","background-media":"","overlay-type":"","overlay-color":"","overlay-opacity":"","overlay-gradient":""}}},"product_brand":[],"product_cat":[334,367],"product_tag":[377,378,379,380],"class_list":{"0":"post-3189","1":"product","2":"type-product","3":"status-publish","4":"has-post-thumbnail","6":"product_cat-concentres-de-marijuana","7":"product_cat-thc-distillates","8":"product_tag-buy-cherry-zkittlez-weed-thc-distillate-eu","9":"product_tag-cannabis-distillates-for-sale-uk","10":"product_tag-order-thc-distillates-europe","11":"product_tag-shop-1g-distillates-online","12":"desktop-align-left","13":"tablet-align-left","14":"mobile-align-left","16":"first","17":"instock","18":"shipping-taxable","19":"purchasable","20":"product-type-simple"},"uagb_featured_image_src":{"full":["https:\/\/pressurezone.shop\/wp-content\/uploads\/2024\/10\/Cherry-Zkittlez-Weed-THC-Distillate-EU.webp",2560,1707,false],"thumbnail":["https:\/\/pressurezone.shop\/wp-content\/uploads\/2024\/10\/Cherry-Zkittlez-Weed-THC-Distillate-EU-150x150.webp",150,150,true],"medium":["https:\/\/pressurezone.shop\/wp-content\/uploads\/2024\/10\/Cherry-Zkittlez-Weed-THC-Distillate-EU-300x200.webp",300,200,true],"medium_large":["https:\/\/pressurezone.shop\/wp-content\/uploads\/2024\/10\/Cherry-Zkittlez-Weed-THC-Distillate-EU-768x512.webp",768,512,true],"large":["https:\/\/pressurezone.shop\/wp-content\/uploads\/2024\/10\/Cherry-Zkittlez-Weed-THC-Distillate-EU-1024x683.webp",1024,683,true],"1536x1536":["https:\/\/pressurezone.shop\/wp-content\/uploads\/2024\/10\/Cherry-Zkittlez-Weed-THC-Distillate-EU-1536x1024.webp",1536,1024,true],"2048x2048":["https:\/\/pressurezone.shop\/wp-content\/uploads\/2024\/10\/Cherry-Zkittlez-Weed-THC-Distillate-EU-2048x1366.webp",2048,1366,true],"trp-custom-language-flag":["https:\/\/pressurezone.shop\/wp-content\/uploads\/2024\/10\/Cherry-Zkittlez-Weed-THC-Distillate-EU-18x12.webp",18,12,true],"woocommerce_thumbnail":["https:\/\/pressurezone.shop\/wp-content\/uploads\/2024\/10\/Cherry-Zkittlez-Weed-THC-Distillate-EU-300x300.webp",300,300,true],"woocommerce_single":["https:\/\/pressurezone.shop\/wp-content\/uploads\/2024\/10\/Cherry-Zkittlez-Weed-THC-Distillate-EU-600x400.webp",600,400,true],"woocommerce_gallery_thumbnail":["https:\/\/pressurezone.shop\/wp-content\/uploads\/2024\/10\/Cherry-Zkittlez-Weed-THC-Distillate-EU-100x100.webp",100,100,true]},"uagb_author_info":{"display_name":"pressurezone.shop","author_link":"https:\/\/pressurezone.shop\/pl\/author\/"},"uagb_comment_info":0,"uagb_excerpt":"Achetez le Cherry Zkittlez Weed THC Distillate en Ligne en Europe sur Pressure Zone Shop D\u00e9couvrez le Cherry Zkittlez Weed THC Distillate, un distillat exceptionnel \u00e9quilibr\u00e9 et savoureux, issu du croisement entre les c\u00e9l\u00e8bres souches Zkittlez et Cherry Pie. Parfait pour les amateurs de cannabis cherchant un distillat de haute qualit\u00e9, Cherry Zkittlez allie une&hellip;","_links":{"self":[{"href":"https:\/\/pressurezone.shop\/pl\/wp-json\/wp\/v2\/product\/3189"}],"collection":[{"href":"https:\/\/pressurezone.shop\/pl\/wp-json\/wp\/v2\/product"}],"about":[{"href":"https:\/\/pressurezone.shop\/pl\/wp-json\/wp\/v2\/types\/product"}],"replies":[{"embeddable":true,"href":"https:\/\/pressurezone.shop\/pl\/wp-json\/wp\/v2\/comments?post=3189"}],"version-history":[{"count":3,"href":"https:\/\/pressurezone.shop\/pl\/wp-json\/wp\/v2\/product\/3189\/revisions"}],"predecessor-version":[{"id":4090,"href":"https:\/\/pressurezone.shop\/pl\/wp-json\/wp\/v2\/product\/3189\/revisions\/4090"}],"wp:featuredmedia":[{"embeddable":true,"href":"https:\/\/pressurezone.shop\/pl\/wp-json\/wp\/v2\/media\/3259"}],"wp:attachment":[{"href":"https:\/\/pressurezone.shop\/pl\/wp-json\/wp\/v2\/media?parent=3189"}],"wp:term":[{"taxonomy":"product_brand","embeddable":true,"href":"https:\/\/pressurezone.shop\/pl\/wp-json\/wp\/v2\/product_brand?post=3189"},{"taxonomy":"product_cat","embeddable":true,"href":"https:\/\/pressurezone.shop\/pl\/wp-json\/wp\/v2\/product_cat?post=3189"},{"taxonomy":"product_tag","embeddable":true,"href":"https:\/\/pressurezone.shop\/pl\/wp-json\/wp\/v2\/product_tag?post=3189"}],"curies":[{"name":"wp","href":"https:\/\/api.w.org\/{rel}","templated":true}]}}