{"id":3190,"date":"2024-10-11T00:54:54","date_gmt":"2024-10-10T22:54:54","guid":{"rendered":"https:\/\/pressurezone.shop\/?post_type=product&#038;p=3190"},"modified":"2024-11-04T00:50:53","modified_gmt":"2024-11-03T23:50:53","slug":"blueberry-haze-marijuana-thc-distillate","status":"publish","type":"product","link":"https:\/\/pressurezone.shop\/pl\/produkt\/destylat-thc-z-marihuany-blueberry-haze\/","title":{"rendered":"Destylat THC z marihuany Blueberry Haze"},"content":{"rendered":"<h3><strong>Kup destylat THC z marihuany Blueberry Haze online w Europie pod adresem <a href=\"https:\/\/pressurezone.shop\/pl\/\" target=\"_new\" rel=\"noopener\">Sklep ze strefami ci\u015bnieniowymi<\/a><\/strong><\/h3>\n<p>Odkryj <strong>Destylat THC z marihuany Blueberry Haze<\/strong>hybrydowy destylat THC pochodz\u0105cy z krzy\u017c\u00f3wki pomi\u0119dzy <strong>Jagoda<\/strong> i <strong>Secret Haze<\/strong>. Dzi\u0119ki owocowemu, s\u0142odkiemu smakowi destylat ten jest idealny dla tych, kt\u00f3rzy ceni\u0105 smakoszy. <strong>Blueberry Haze<\/strong> to odmiana z dominacj\u0105 sativy (60% sativa \/ 40% indica), oferuj\u0105ca idealn\u0105 r\u00f3wnowag\u0119 mi\u0119dzy stymulacj\u0105 umys\u0142ow\u0105 a fizycznym relaksem.<\/p>\n<h3>Dlaczego warto wybra\u0107 destylat THC z marihuany Blueberry Haze?<\/h3>\n<p><strong>Destylat THC Blueberry Haze<\/strong> jest przeznaczony dla os\u00f3b poszukuj\u0105cych \u0142agodnych, ale intensywnych dozna\u0144, z czyst\u0105 zawarto\u015bci\u0105 THC i bogatymi owocowymi smakami. Destylat ten jest idealny dla fan\u00f3w vape lub produkt\u00f3w infuzowanych, poniewa\u017c zapewnia przyp\u0142yw euforii i kreatywno\u015bci, jednocze\u015bnie promuj\u0105c dobre samopoczucie psychiczne i fizyczne.<\/p>\n<ul>\n<li><strong>Typ<\/strong> Hybryda z dominacj\u0105 Sativy (60% Sativa \/ 40% Indica)<\/li>\n<li><strong>THC<\/strong> Wysoka czysto\u015b\u0107 zapewnia pot\u0119\u017cne, zr\u00f3wnowa\u017cone efekty<\/li>\n<\/ul>\n<h3>Efekty i zalety destylatu THC z marihuany Blueberry Haze<\/h3>\n<p>La <strong>Destylat THC Blueberry Haze<\/strong> zapewnia energetyzuj\u0105cy i kreatywny haj, idealny dla tych, kt\u00f3rzy chc\u0105 pozosta\u0107 aktywni i skoncentrowani. Destylat ten wywo\u0142uje uczucie szcz\u0119\u015bcia i lekko\u015bci, a tak\u017ce jest skuteczn\u0105 opcj\u0105 w leczeniu r\u00f3\u017cnych objaw\u00f3w zwi\u0105zanych z zaburzeniami nastroju i przewlek\u0142ym b\u00f3lem.<a href=\"https:\/\/fuelpackz.com\/\" target=\"_blank\" rel=\"noopener\">.<\/a><\/p>\n<ul>\n<li><strong>Efekty<\/strong> Kreatywno\u015b\u0107, euforia, \u015bmiech, szcz\u0119\u015bcie<\/li>\n<li><strong>Idealny dla<\/strong> ADD\/ADHD, l\u0119k, przewlek\u0142y b\u00f3l, depresja, zm\u0119czenie, bezsenno\u015b\u0107, migreny, nudno\u015bci, PTSD, dr\u017cenie, stres<\/li>\n<\/ul>\n<h3>Stany \u0142agodzone przez destylat z konopi Blueberry Haze<\/h3>\n<p>Dzi\u0119ki wysokiej zawarto\u015bci THC i zr\u00f3wnowa\u017conym efektom, <strong>Destylat THC Blueberry Haze<\/strong> jest cz\u0119sto wybierany w celu z\u0142agodzenia wielu zaburze\u0144:<\/p>\n<ul>\n<li><strong>Przewlek\u0142y b\u00f3l i migreny<\/strong> Zapewnia ulg\u0119 w b\u00f3lu fizycznym i migrenach.<\/li>\n<li><strong>Depresja i stres<\/strong> Pomaga poprawi\u0107 nastr\u00f3j i z\u0142agodzi\u0107 napi\u0119cie.<\/li>\n<li><strong>Zm\u0119czenie i bezsenno\u015b\u0107<\/strong> Pobudza energi\u0119 w ci\u0105gu dnia i sprzyja relaksowi wieczorem.<\/li>\n<\/ul>\n<h3>Smaki i aromaty destylatu THC Blueberry Haze<\/h3>\n<p>Le <strong>Destylat THC Blueberry Haze<\/strong> uwodzi zmys\u0142y bogatymi smakami <strong>jagody<\/strong> oraz <strong>bor\u00f3wki<\/strong>z odrobin\u0105 drewna. Jego aromat to ziemista, skunksowa, pikantna mieszanka, kt\u00f3ra pozostawia d\u0142ugotrwa\u0142e, przyjemne wra\u017cenie.<\/p>\n<ul>\n<li><strong>Smaki<\/strong> Jagodowy, bor\u00f3wkowy, s\u0142odki, drzewny<\/li>\n<li><strong>Zapachy<\/strong> Jagodowy, ziemisty, skunksowy, pikantny<\/li>\n<\/ul>\n<h3>U\u017cycie i zastosowanie destylatu THC Blueberry Haze<\/h3>\n<p>Le <strong>Destylat THC Blueberry Haze<\/strong> jest niezwykle wszechstronny i mo\u017ce by\u0107 u\u017cywany w wielu zastosowaniach:<\/p>\n<ul>\n<li><strong>Vape<\/strong> Do szybkiej, intensywnej wspinaczki.<\/li>\n<li><strong>Jadalny<\/strong> Idealny do dodawania do przepis\u00f3w.<\/li>\n<li><strong>\u015arodki miejscowe<\/strong> Dodawa\u0107 do olejk\u00f3w w celu uzyskania miejscowych efekt\u00f3w.<\/li>\n<\/ul>\n<h3>Zam\u00f3w destylat THC z marihuany Blueberry Haze online w sklepie Pressure Zone Shop<\/h3>\n<p>Gotowy na s\u0142odkie i energetyzuj\u0105ce do\u015bwiadczenie <strong>Destylat THC z marihuany Blueberry Haze<\/strong> ? Zam\u00f3w teraz na <a href=\"https:\/\/pressurezone.shop\/pl\/\" target=\"_new\" rel=\"noopener\">Sklep ze strefami ci\u015bnieniowymi<\/a> dla czystego, zr\u00f3wnowa\u017conego do\u015bwiadczenia konopi, idealnego dla mi\u0142o\u015bnik\u00f3w owocowych smak\u00f3w i konsument\u00f3w poszukuj\u0105cych dobrego samopoczucia. <strong>Blueberry Haze<\/strong> to idealny wyb\u00f3r dla bezkompromisowego relaksu psychicznego i fizycznego.<\/p>","protected":false},"excerpt":{"rendered":"<p>Achetez le Blueberry Haze Marijuana THC Distillate en Ligne en Europe sur Pressure Zone Shop D\u00e9couvrez le Blueberry Haze Marijuana THC Distillate, un distillat de THC hybride issu du croisement entre Blueberry et Secret Haze. Avec son go\u00fbt fruit\u00e9 et sucr\u00e9, ce distillat est id\u00e9al pour ceux qui appr\u00e9cient les saveurs gourmandes. Blueberry Haze est [&hellip;]<\/p>","protected":false},"featured_media":3271,"comment_status":"closed","ping_status":"closed","template":"","meta":{"_uag_custom_page_level_css":"","site-sidebar-layout":"default","site-content-layout":"","ast-site-content-layout":"default","site-content-style":"default","site-sidebar-style":"default","ast-global-header-display":"","ast-banner-title-visibility":"","ast-main-header-display":"","ast-hfb-above-header-display":"","ast-hfb-below-header-display":"","ast-hfb-mobile-header-display":"","site-post-title":"","ast-breadcrumbs-content":"","ast-featured-img":"","footer-sml-layout":"","theme-transparent-header-meta":"default","adv-header-id-meta":"","stick-header-meta":"","header-above-stick-meta":"","header-main-stick-meta":"","header-below-stick-meta":"","astra-migrate-meta-layouts":"set","ast-page-background-enabled":"default","ast-page-background-meta":{"desktop":{"background-color":"","background-image":"","background-repeat":"repeat","background-position":"center center","background-size":"auto","background-attachment":"scroll","background-type":"","background-media":"","overlay-type":"","overlay-color":"","overlay-opacity":"","overlay-gradient":""},"tablet":{"background-color":"","background-image":"","background-repeat":"repeat","background-position":"center center","background-size":"auto","background-attachment":"scroll","background-type":"","background-media":"","overlay-type":"","overlay-color":"","overlay-opacity":"","overlay-gradient":""},"mobile":{"background-color":"","background-image":"","background-repeat":"repeat","background-position":"center center","background-size":"auto","background-attachment":"scroll","background-type":"","background-media":"","overlay-type":"","overlay-color":"","overlay-opacity":"","overlay-gradient":""}},"ast-content-background-meta":{"desktop":{"background-color":"var(--ast-global-color-5)","background-image":"","background-repeat":"repeat","background-position":"center center","background-size":"auto","background-attachment":"scroll","background-type":"","background-media":"","overlay-type":"","overlay-color":"","overlay-opacity":"","overlay-gradient":""},"tablet":{"background-color":"var(--ast-global-color-5)","background-image":"","background-repeat":"repeat","background-position":"center center","background-size":"auto","background-attachment":"scroll","background-type":"","background-media":"","overlay-type":"","overlay-color":"","overlay-opacity":"","overlay-gradient":""},"mobile":{"background-color":"var(--ast-global-color-5)","background-image":"","background-repeat":"repeat","background-position":"center center","background-size":"auto","background-attachment":"scroll","background-type":"","background-media":"","overlay-type":"","overlay-color":"","overlay-opacity":"","overlay-gradient":""}}},"product_brand":[],"product_cat":[334,367],"product_tag":[371,372,381],"class_list":{"0":"post-3190","1":"product","2":"type-product","3":"status-publish","4":"has-post-thumbnail","6":"product_cat-concentres-de-marijuana","7":"product_cat-thc-distillates","8":"product_tag-1g-thc-distillates-for-sale-in-bulk","9":"product_tag-1ml-cannabis-oil-distillates-for-sale-europe","10":"product_tag-order-blueberry-haze-marijuana-thc-distillate-europe","11":"desktop-align-left","12":"tablet-align-left","13":"mobile-align-left","15":"first","16":"instock","17":"shipping-taxable","18":"purchasable","19":"product-type-simple"},"uagb_featured_image_src":{"full":["https:\/\/pressurezone.shop\/wp-content\/uploads\/2024\/10\/Blueberry-Haze-Marijuana-THC-Distillate.webp",2560,1707,false],"thumbnail":["https:\/\/pressurezone.shop\/wp-content\/uploads\/2024\/10\/Blueberry-Haze-Marijuana-THC-Distillate-150x150.webp",150,150,true],"medium":["https:\/\/pressurezone.shop\/wp-content\/uploads\/2024\/10\/Blueberry-Haze-Marijuana-THC-Distillate-300x200.webp",300,200,true],"medium_large":["https:\/\/pressurezone.shop\/wp-content\/uploads\/2024\/10\/Blueberry-Haze-Marijuana-THC-Distillate-768x512.webp",768,512,true],"large":["https:\/\/pressurezone.shop\/wp-content\/uploads\/2024\/10\/Blueberry-Haze-Marijuana-THC-Distillate-1024x683.webp",1024,683,true],"1536x1536":["https:\/\/pressurezone.shop\/wp-content\/uploads\/2024\/10\/Blueberry-Haze-Marijuana-THC-Distillate-1536x1024.webp",1536,1024,true],"2048x2048":["https:\/\/pressurezone.shop\/wp-content\/uploads\/2024\/10\/Blueberry-Haze-Marijuana-THC-Distillate-2048x1366.webp",2048,1366,true],"trp-custom-language-flag":["https:\/\/pressurezone.shop\/wp-content\/uploads\/2024\/10\/Blueberry-Haze-Marijuana-THC-Distillate-18x12.webp",18,12,true],"woocommerce_thumbnail":["https:\/\/pressurezone.shop\/wp-content\/uploads\/2024\/10\/Blueberry-Haze-Marijuana-THC-Distillate-300x300.webp",300,300,true],"woocommerce_single":["https:\/\/pressurezone.shop\/wp-content\/uploads\/2024\/10\/Blueberry-Haze-Marijuana-THC-Distillate-600x400.webp",600,400,true],"woocommerce_gallery_thumbnail":["https:\/\/pressurezone.shop\/wp-content\/uploads\/2024\/10\/Blueberry-Haze-Marijuana-THC-Distillate-100x100.webp",100,100,true]},"uagb_author_info":{"display_name":"pressurezone.shop","author_link":"https:\/\/pressurezone.shop\/pl\/author\/"},"uagb_comment_info":0,"uagb_excerpt":"Achetez le Blueberry Haze Marijuana THC Distillate en Ligne en Europe sur Pressure Zone Shop D\u00e9couvrez le Blueberry Haze Marijuana THC Distillate, un distillat de THC hybride issu du croisement entre Blueberry et Secret Haze. Avec son go\u00fbt fruit\u00e9 et sucr\u00e9, ce distillat est id\u00e9al pour ceux qui appr\u00e9cient les saveurs gourmandes. Blueberry Haze est&hellip;","_links":{"self":[{"href":"https:\/\/pressurezone.shop\/pl\/wp-json\/wp\/v2\/product\/3190"}],"collection":[{"href":"https:\/\/pressurezone.shop\/pl\/wp-json\/wp\/v2\/product"}],"about":[{"href":"https:\/\/pressurezone.shop\/pl\/wp-json\/wp\/v2\/types\/product"}],"replies":[{"embeddable":true,"href":"https:\/\/pressurezone.shop\/pl\/wp-json\/wp\/v2\/comments?post=3190"}],"version-history":[{"count":3,"href":"https:\/\/pressurezone.shop\/pl\/wp-json\/wp\/v2\/product\/3190\/revisions"}],"predecessor-version":[{"id":4079,"href":"https:\/\/pressurezone.shop\/pl\/wp-json\/wp\/v2\/product\/3190\/revisions\/4079"}],"wp:featuredmedia":[{"embeddable":true,"href":"https:\/\/pressurezone.shop\/pl\/wp-json\/wp\/v2\/media\/3271"}],"wp:attachment":[{"href":"https:\/\/pressurezone.shop\/pl\/wp-json\/wp\/v2\/media?parent=3190"}],"wp:term":[{"taxonomy":"product_brand","embeddable":true,"href":"https:\/\/pressurezone.shop\/pl\/wp-json\/wp\/v2\/product_brand?post=3190"},{"taxonomy":"product_cat","embeddable":true,"href":"https:\/\/pressurezone.shop\/pl\/wp-json\/wp\/v2\/product_cat?post=3190"},{"taxonomy":"product_tag","embeddable":true,"href":"https:\/\/pressurezone.shop\/pl\/wp-json\/wp\/v2\/product_tag?post=3190"}],"curies":[{"name":"wp","href":"https:\/\/api.w.org\/{rel}","templated":true}]}}