{"id":3191,"date":"2024-10-11T00:54:54","date_gmt":"2024-10-10T22:54:54","guid":{"rendered":"https:\/\/pressurezone.shop\/?post_type=product&#038;p=3191"},"modified":"2024-11-04T01:42:22","modified_gmt":"2024-11-04T00:42:22","slug":"purple-kush-cannabis-thc-distillate","status":"publish","type":"product","link":"https:\/\/pressurezone.shop\/pl\/produkt\/destylat-thc-z-konopi-purple-kush\/","title":{"rendered":"Destylat THC z konopi Purple Kush"},"content":{"rendered":"<div class=\"flex-shrink-0 flex flex-col relative items-end\">\n<div>\n<div class=\"pt-0\">\n<div class=\"gizmo-bot-avatar flex h-8 w-8 items-center justify-center overflow-hidden rounded-full\">\n<div class=\"relative p-1 rounded-sm flex items-center justify-center bg-token-main-surface-primary text-token-text-primary h-8 w-8\"><\/div>\n<\/div>\n<\/div>\n<\/div>\n<\/div>\n<div class=\"group\/conversation-turn relative flex w-full min-w-0 flex-col agent-turn\">\n<div class=\"flex-col gap-1 md:gap-3\">\n<div class=\"flex max-w-full flex-col flex-grow\">\n<div class=\"min-h-8 text-message flex w-full flex-col items-end gap-2 whitespace-normal break-words [.text-message+&amp;]:mt-5\" dir=\"auto\" data-message-author-role=\"assistant\" data-message-id=\"dc55798f-4b19-4cb3-9e1d-a0ba9bf2e14c\" data-message-model-slug=\"gpt-4o\">\n<div class=\"flex w-full flex-col gap-1 empty:hidden first:pt-[3px]\">\n<div class=\"markdown prose w-full break-words dark:prose-invert light\">\n<h3><strong>Kup destylat THC z konopi Purple Kush online w Europie pod adresem <a href=\"https:\/\/pressurezone.shop\/pl\/\" target=\"_new\" rel=\"noopener\">Sklep ze strefami ci\u015bnieniowymi<\/a><\/strong><\/h3>\n<p>Odkryj <strong>Destylat THC z konopi Purple Kush<\/strong>destylat THC 100% indica, stworzony z pot\u0119\u017cnej krzy\u017c\u00f3wki popularnych szczep\u00f3w <strong>Hindukusz<\/strong> i <strong>Fioletowy Afga\u0144czyk<\/strong>. Poszukiwany ze wzgl\u0119du na g\u0142\u0119bokie dzia\u0142anie relaksuj\u0105ce, destylat ten jest idealny dla os\u00f3b poszukuj\u0105cych pe\u0142nego i trwa\u0142ego odpr\u0119\u017cenia, idealnego na koniec dnia.<\/p>\n<h3>Dlaczego warto wybra\u0107 destylat THC Purple Kush?<\/h3>\n<p>Le <strong>Destylat THC Purple Kush<\/strong> to czysty koncentrat konopi indyjskich, kt\u00f3ry oferuje ciep\u0142y, koj\u0105cy haj, zaczynaj\u0105cy si\u0119 od dobrego samopoczucia w g\u0142owie, a nast\u0119pnie rozprzestrzeniaj\u0105cy si\u0119 po ca\u0142ym ciele. Destylat ten jest idealny do intensywnego relaksu, oferuj\u0105c dzia\u0142anie uspokajaj\u0105ce, kt\u00f3re mo\u017ce pom\u00f3c z\u0142agodzi\u0107 r\u00f3\u017cne b\u00f3le i dyskomfort.<a href=\"https:\/\/fuelpackz.com\/\" target=\"_blank\" rel=\"noopener\">.<\/a><\/p>\n<ul>\n<li><strong>Typ<\/strong> Pure Indica<\/li>\n<li><strong>Pochodzenie<\/strong> Krzy\u017c\u00f3wka Hindu Kush i Purple Afghani<\/li>\n<\/ul>\n<h3>Efekty i korzy\u015bci p\u0142yn\u0105ce z destylatu THC Purple Kush<\/h3>\n<p>Le <strong>Destylat THC Purple Kush<\/strong> zapewnia euforyczny, relaksuj\u0105cy haj, kt\u00f3remu towarzyszy g\u0142\u0119bokie poczucie dobrego samopoczucia fizycznego. Ten intensywny relaks jest idealny dla u\u017cytkownik\u00f3w, kt\u00f3rzy chc\u0105 z\u0142agodzi\u0107 napi\u0119cie mi\u0119\u015bniowe i promowa\u0107 sen.<\/p>\n<ul>\n<li><strong>Efekty<\/strong> Euforia, szcz\u0119\u015bcie, relaks, senno\u015b\u0107, pobudzony apetyt<\/li>\n<li><strong>Idealny dla<\/strong> bezsenno\u015b\u0107, depresja, utrata apetytu, przewlek\u0142y b\u00f3l, l\u0119k, PTSD, stres<\/li>\n<\/ul>\n<h3>Stany \u0142agodzone przez destylat z konopi Purple Kush<\/h3>\n<p>Dzi\u0119ki wysokiej zawarto\u015bci THC <strong>Destylat THC Purple Kush<\/strong> jest doskona\u0142ym wyborem w leczeniu r\u00f3\u017cnych zaburze\u0144 fizycznych i psychicznych:<\/p>\n<ul>\n<li><strong>Bezsenno\u015b\u0107 i przewlek\u0142y b\u00f3l<\/strong> \u0141agodzi uporczywy b\u00f3l i wspomaga spokojny sen.<\/li>\n<li><strong>L\u0119k i stres<\/strong> Przynosi poczucie spokoju i zmniejsza napi\u0119cie psychiczne.<\/li>\n<li><strong>Utrata apetytu<\/strong> Pobudza apetyt, idealny dla os\u00f3b cierpi\u0105cych na utrat\u0119 apetytu.<\/li>\n<\/ul>\n<h3>Smaki i aromaty destylatu THC Purple Kush<\/h3>\n<p>Le <strong>Destylat THC Purple Kush<\/strong> oferuje wyj\u0105tkowe doznania smakowe, ze s\u0142odkimi smakami od <strong>jagody<\/strong> oraz <strong>winogrona<\/strong> przypominaj\u0105cy ziemiste czerwone wino. Aromat jest r\u00f3wnie czaruj\u0105cy, \u0142\u0105cz\u0105c ziemiste nuty winogron z pikantnymi i s\u0142odkimi niuansami, tworz\u0105c niezapomniany profil zapachowy.<\/p>\n<ul>\n<li><strong>Smaki<\/strong> Jagodowy, winogronowy, s\u0142odki<\/li>\n<li><strong>Zapachy<\/strong> Ziemisty, Winogronowy, Pikantny, Ostry, S\u0142odki<\/li>\n<\/ul>\n<h3>Stosowanie i dawkowanie destylatu THC Purple Kush<\/h3>\n<p>Ze wzgl\u0119du na jego moc zaleca si\u0119 rozpocz\u0119cie od niskiej dawki <strong>Destylat THC Purple Kush<\/strong> i dostosowa\u0107 do swojej tolerancji. Destylat ten jest idealny do spo\u017cycia wieczorem lub przed snem, zapewniaj\u0105c maksymalny relaks i g\u0142\u0119boki sen.<\/p>\n<h3>Zam\u00f3w destylat THC z konopi Purple Kush online w sklepie Pressure Zone Shop<\/h3>\n<p>Gotowy, aby cieszy\u0107 si\u0119 koj\u0105cymi korzy\u015bciami <strong>Destylat THC Purple Kush<\/strong> ? Zam\u00f3w teraz na <a href=\"https:\/\/pressurezone.shop\/pl\/\" target=\"_new\" rel=\"noopener\">Sklep ze strefami ci\u015bnieniowymi<\/a> zapewnia niezr\u00f3wnane doznania zwi\u0105zane z konopiami indyjskimi, idealne do rozlu\u017anienia mi\u0119\u015bni i z\u0142agodzenia niepokoju. <strong>Destylat THC Purple Kush<\/strong> to idealny wyb\u00f3r dla intensywnego relaksu i poprawy og\u00f3lnego samopoczucia.<\/p>\n<\/div>\n<\/div>\n<\/div>\n<\/div>\n<\/div>\n<\/div>","protected":false},"excerpt":{"rendered":"<p>Achetez le Purple Kush Cannabis THC Distillate en Ligne en Europe sur Pressure Zone Shop D\u00e9couvrez le Purple Kush Cannabis THC Distillate, un distillat de THC 100% indica, con\u00e7u \u00e0 partir du puissant croisement entre les souches populaires Hindu Kush et Purple Afghani. Recherch\u00e9 pour ses effets relaxants profonds, ce distillat est id\u00e9al pour ceux [&hellip;]<\/p>","protected":false},"featured_media":3273,"comment_status":"closed","ping_status":"closed","template":"","meta":{"_uag_custom_page_level_css":"","site-sidebar-layout":"default","site-content-layout":"","ast-site-content-layout":"default","site-content-style":"default","site-sidebar-style":"default","ast-global-header-display":"","ast-banner-title-visibility":"","ast-main-header-display":"","ast-hfb-above-header-display":"","ast-hfb-below-header-display":"","ast-hfb-mobile-header-display":"","site-post-title":"","ast-breadcrumbs-content":"","ast-featured-img":"","footer-sml-layout":"","theme-transparent-header-meta":"default","adv-header-id-meta":"","stick-header-meta":"","header-above-stick-meta":"","header-main-stick-meta":"","header-below-stick-meta":"","astra-migrate-meta-layouts":"set","ast-page-background-enabled":"default","ast-page-background-meta":{"desktop":{"background-color":"","background-image":"","background-repeat":"repeat","background-position":"center center","background-size":"auto","background-attachment":"scroll","background-type":"","background-media":"","overlay-type":"","overlay-color":"","overlay-opacity":"","overlay-gradient":""},"tablet":{"background-color":"","background-image":"","background-repeat":"repeat","background-position":"center center","background-size":"auto","background-attachment":"scroll","background-type":"","background-media":"","overlay-type":"","overlay-color":"","overlay-opacity":"","overlay-gradient":""},"mobile":{"background-color":"","background-image":"","background-repeat":"repeat","background-position":"center center","background-size":"auto","background-attachment":"scroll","background-type":"","background-media":"","overlay-type":"","overlay-color":"","overlay-opacity":"","overlay-gradient":""}},"ast-content-background-meta":{"desktop":{"background-color":"var(--ast-global-color-5)","background-image":"","background-repeat":"repeat","background-position":"center center","background-size":"auto","background-attachment":"scroll","background-type":"","background-media":"","overlay-type":"","overlay-color":"","overlay-opacity":"","overlay-gradient":""},"tablet":{"background-color":"var(--ast-global-color-5)","background-image":"","background-repeat":"repeat","background-position":"center center","background-size":"auto","background-attachment":"scroll","background-type":"","background-media":"","overlay-type":"","overlay-color":"","overlay-opacity":"","overlay-gradient":""},"mobile":{"background-color":"var(--ast-global-color-5)","background-image":"","background-repeat":"repeat","background-position":"center center","background-size":"auto","background-attachment":"scroll","background-type":"","background-media":"","overlay-type":"","overlay-color":"","overlay-opacity":"","overlay-gradient":""}}},"product_brand":[],"product_cat":[334,367],"product_tag":[372,382,378,379,380],"class_list":{"0":"post-3191","1":"product","2":"type-product","3":"status-publish","4":"has-post-thumbnail","6":"product_cat-concentres-de-marijuana","7":"product_cat-thc-distillates","8":"product_tag-1ml-cannabis-oil-distillates-for-sale-europe","9":"product_tag-buy-purple-kush-cannabis-thc-distillate-online-europe","10":"product_tag-cannabis-distillates-for-sale-uk","11":"product_tag-order-thc-distillates-europe","12":"product_tag-shop-1g-distillates-online","13":"desktop-align-left","14":"tablet-align-left","15":"mobile-align-left","17":"first","18":"instock","19":"shipping-taxable","20":"purchasable","21":"product-type-simple"},"uagb_featured_image_src":{"full":["https:\/\/pressurezone.shop\/wp-content\/uploads\/2024\/10\/Purple-Kush-Cannabis-THC-Distillate.webp",2560,1707,false],"thumbnail":["https:\/\/pressurezone.shop\/wp-content\/uploads\/2024\/10\/Purple-Kush-Cannabis-THC-Distillate-150x150.webp",150,150,true],"medium":["https:\/\/pressurezone.shop\/wp-content\/uploads\/2024\/10\/Purple-Kush-Cannabis-THC-Distillate-300x200.webp",300,200,true],"medium_large":["https:\/\/pressurezone.shop\/wp-content\/uploads\/2024\/10\/Purple-Kush-Cannabis-THC-Distillate-768x512.webp",768,512,true],"large":["https:\/\/pressurezone.shop\/wp-content\/uploads\/2024\/10\/Purple-Kush-Cannabis-THC-Distillate-1024x683.webp",1024,683,true],"1536x1536":["https:\/\/pressurezone.shop\/wp-content\/uploads\/2024\/10\/Purple-Kush-Cannabis-THC-Distillate-1536x1024.webp",1536,1024,true],"2048x2048":["https:\/\/pressurezone.shop\/wp-content\/uploads\/2024\/10\/Purple-Kush-Cannabis-THC-Distillate-2048x1366.webp",2048,1366,true],"trp-custom-language-flag":["https:\/\/pressurezone.shop\/wp-content\/uploads\/2024\/10\/Purple-Kush-Cannabis-THC-Distillate-18x12.webp",18,12,true],"woocommerce_thumbnail":["https:\/\/pressurezone.shop\/wp-content\/uploads\/2024\/10\/Purple-Kush-Cannabis-THC-Distillate-300x300.webp",300,300,true],"woocommerce_single":["https:\/\/pressurezone.shop\/wp-content\/uploads\/2024\/10\/Purple-Kush-Cannabis-THC-Distillate-600x400.webp",600,400,true],"woocommerce_gallery_thumbnail":["https:\/\/pressurezone.shop\/wp-content\/uploads\/2024\/10\/Purple-Kush-Cannabis-THC-Distillate-100x100.webp",100,100,true]},"uagb_author_info":{"display_name":"pressurezone.shop","author_link":"https:\/\/pressurezone.shop\/pl\/author\/"},"uagb_comment_info":0,"uagb_excerpt":"Achetez le Purple Kush Cannabis THC Distillate en Ligne en Europe sur Pressure Zone Shop D\u00e9couvrez le Purple Kush Cannabis THC Distillate, un distillat de THC 100% indica, con\u00e7u \u00e0 partir du puissant croisement entre les souches populaires Hindu Kush et Purple Afghani. Recherch\u00e9 pour ses effets relaxants profonds, ce distillat est id\u00e9al pour ceux&hellip;","_links":{"self":[{"href":"https:\/\/pressurezone.shop\/pl\/wp-json\/wp\/v2\/product\/3191"}],"collection":[{"href":"https:\/\/pressurezone.shop\/pl\/wp-json\/wp\/v2\/product"}],"about":[{"href":"https:\/\/pressurezone.shop\/pl\/wp-json\/wp\/v2\/types\/product"}],"replies":[{"embeddable":true,"href":"https:\/\/pressurezone.shop\/pl\/wp-json\/wp\/v2\/comments?post=3191"}],"version-history":[{"count":3,"href":"https:\/\/pressurezone.shop\/pl\/wp-json\/wp\/v2\/product\/3191\/revisions"}],"predecessor-version":[{"id":4102,"href":"https:\/\/pressurezone.shop\/pl\/wp-json\/wp\/v2\/product\/3191\/revisions\/4102"}],"wp:featuredmedia":[{"embeddable":true,"href":"https:\/\/pressurezone.shop\/pl\/wp-json\/wp\/v2\/media\/3273"}],"wp:attachment":[{"href":"https:\/\/pressurezone.shop\/pl\/wp-json\/wp\/v2\/media?parent=3191"}],"wp:term":[{"taxonomy":"product_brand","embeddable":true,"href":"https:\/\/pressurezone.shop\/pl\/wp-json\/wp\/v2\/product_brand?post=3191"},{"taxonomy":"product_cat","embeddable":true,"href":"https:\/\/pressurezone.shop\/pl\/wp-json\/wp\/v2\/product_cat?post=3191"},{"taxonomy":"product_tag","embeddable":true,"href":"https:\/\/pressurezone.shop\/pl\/wp-json\/wp\/v2\/product_tag?post=3191"}],"curies":[{"name":"wp","href":"https:\/\/api.w.org\/{rel}","templated":true}]}}