{"id":3192,"date":"2024-10-11T00:54:54","date_gmt":"2024-10-10T22:54:54","guid":{"rendered":"https:\/\/pressurezone.shop\/?post_type=product&#038;p=3192"},"modified":"2024-11-04T01:06:07","modified_gmt":"2024-11-04T00:06:07","slug":"fire-og-strain-thc-distillate","status":"publish","type":"product","link":"https:\/\/pressurezone.shop\/pl\/produkt\/fire-og-strain-thc-distillate\/","title":{"rendered":"Destylat THC z odmiany Fire OG"},"content":{"rendered":"<div class=\"flex-shrink-0 flex flex-col relative items-end\">\n<div>\n<div class=\"pt-0\">\n<div class=\"gizmo-bot-avatar flex h-8 w-8 items-center justify-center overflow-hidden rounded-full\">\n<div class=\"relative p-1 rounded-sm flex items-center justify-center bg-token-main-surface-primary text-token-text-primary h-8 w-8\"><\/div>\n<\/div>\n<\/div>\n<\/div>\n<\/div>\n<div class=\"group\/conversation-turn relative flex w-full min-w-0 flex-col agent-turn\">\n<div class=\"flex-col gap-1 md:gap-3\">\n<div class=\"flex max-w-full flex-col flex-grow\">\n<div class=\"min-h-8 text-message flex w-full flex-col items-end gap-2 whitespace-normal break-words [.text-message+&amp;]:mt-5\" dir=\"auto\" data-message-author-role=\"assistant\" data-message-id=\"402b8b02-80b6-4c34-982d-bf6d0f271433\" data-message-model-slug=\"gpt-4o\">\n<div class=\"flex w-full flex-col gap-1 empty:hidden first:pt-[3px]\">\n<div class=\"markdown prose w-full break-words dark:prose-invert light\">\n<h3><strong>Kup destylat THC Fire OG Strain online w Europie pod adresem <a href=\"https:\/\/pressurezone.shop\/pl\/\" target=\"_new\" rel=\"noopener\">Sklep ze strefami ci\u015bnieniowymi<\/a><\/strong><\/h3>\n<p>Odkryj <strong>Destylat THC z odmiany Fire OG<\/strong>pot\u0119\u017cny destylat b\u0119d\u0105cy wynikiem skrzy\u017cowania odmian emblematycznych <strong>OG Kush<\/strong> i <strong>San Fernando Valley OG Kush<\/strong>. Ten hybrydowy destylat z dominacj\u0105 indiki (70% indica \/ 30% sativa) oferuje intensywne doznania, idealne dla os\u00f3b poszukuj\u0105cych euforycznego haju, po kt\u00f3rym nast\u0119puje g\u0142\u0119boki, koj\u0105cy relaks.<\/p>\n<h3>Dlaczego warto wybra\u0107 destylat THC Fire OG Strain?<\/h3>\n<p><strong>Destylat THC Fire OG<\/strong> zosta\u0142 zaprojektowany, aby zapewni\u0107 pot\u0119\u017cne, d\u0142ugotrwa\u0142e doznania zwi\u0105zane z konopiami indyjskimi. Dzi\u0119ki pocz\u0105tkowym euforycznym efektom, kt\u00f3re przechodz\u0105 w ca\u0142kowity relaks i intensywny efekt \"couch lock\", Fire OG jest idealny dla do\u015bwiadczonych u\u017cytkownik\u00f3w poszukuj\u0105cych uczucia g\u0142\u0119bokiego spokoju i koj\u0105cej b\u0142ogo\u015bci.<a href=\"https:\/\/fuelpackz.com\/\" target=\"_blank\" rel=\"noopener\">.<\/a><\/p>\n<ul>\n<li><strong>Typ<\/strong> Hybryda z dominacj\u0105 Indica (70% Indica \/ 30% Sativa)<\/li>\n<li><strong>Pochodzenie<\/strong> Skrzy\u017cowanie OG Kush i San Fernando Valley OG Kush<\/li>\n<\/ul>\n<h3>Efekty i korzy\u015bci p\u0142yn\u0105ce ze stosowania destylatu Fire OG THC<\/h3>\n<p>Le <strong>Destylat THC Fire OG<\/strong> oferuje pot\u0119\u017cny, relaksuj\u0105cy haj, z euforycznym szczytem, kt\u00f3ry stymuluje umys\u0142 przed przekszta\u0142ceniem si\u0119 w intensywne rozlu\u017anienie cia\u0142a. Idealny na spokojne wieczory, destylat ten jest r\u00f3wnie\u017c skuteczny w \u0142agodzeniu szeregu objaw\u00f3w fizycznych i emocjonalnych.<\/p>\n<ul>\n<li><strong>Efekty<\/strong> Euforia, szcz\u0119\u015bcie, senno\u015b\u0107, intensywny relaks<\/li>\n<li><strong>Idealny dla<\/strong> Zapalenie staw\u00f3w, przewlek\u0142y b\u00f3l, depresja, bezsenno\u015b\u0107, utrata apetytu, migrena, PTSD, stres<\/li>\n<\/ul>\n<h3>Warunki \u0142agodzone przez destylat z konopi Fire OG<\/h3>\n<p>Dzi\u0119ki wysokiej zawarto\u015bci THC, <strong>Destylat Fire OG<\/strong> jest szczeg\u00f3lnie zalecany do leczenia szerokiego zakresu objaw\u00f3w:<\/p>\n<ul>\n<li><strong>Przewlek\u0142y b\u00f3l i zapalenie staw\u00f3w<\/strong> \u0141agodzi uporczywe b\u00f3le i napi\u0119cie cia\u0142a.<\/li>\n<li><strong>Bezsenno\u015b\u0107 i utrata apetytu<\/strong> Wspomaga g\u0142\u0119boki sen i pobudza apetyt.<\/li>\n<li><strong>Depresja i stres<\/strong> Przynosi uczucie spokoju i szcz\u0119\u015bcia, kt\u00f3re poprawia nastr\u00f3j.<\/li>\n<\/ul>\n<h3>Smaki i aromaty destylatu Fire OG THC<\/h3>\n<p>Le <strong>Destylat THC Fire OG<\/strong> uwodzi cytrusowymi, cytrynowymi i sosnowymi aromatami, uzupe\u0142nionymi nutami zi\u00f3\u0142 i pikantnej s\u0142odyczy. Jego ziemisty, drzewny aromat, podkre\u015blony odrobin\u0105 przypraw, tworzy silne i niezapomniane doznania w\u0119chowe.<\/p>\n<ul>\n<li><strong>Smaki<\/strong> Cytrusy, Zio\u0142a, Cytryna, Sosna, Pikantny, S\u0142odki<\/li>\n<li><strong>Zapachy<\/strong> Ziemisty, ostry, drzewny<\/li>\n<\/ul>\n<h3>Stosowanie i dawkowanie destylatu Fire OG THC<\/h3>\n<p>Le <strong>Destylat THC Fire OG<\/strong> jest bardzo silny, oferuj\u0105c szybkie i d\u0142ugotrwa\u0142e efekty. Aby uzyska\u0107 najlepsze wra\u017cenia, zacznij od niskiej dawki, zw\u0142aszcza je\u015bli jeste\u015b nowicjuszem, i stopniowo zwi\u0119kszaj j\u0105 w miar\u0119 tolerancji. Destylat ten jest idealny dla u\u017cytkownik\u00f3w poszukuj\u0105cych intensywnego, d\u0142ugotrwa\u0142ego relaksu.<\/p>\n<h3>Zam\u00f3w destylat Fire OG THC online w sklepie Pressure Zone Shop<\/h3>\n<p>Gotowy, aby odkry\u0107 moc i koj\u0105ce dzia\u0142anie <strong>Destylat THC Fire OG<\/strong> ? Zam\u00f3w teraz na <a href=\"https:\/\/pressurezone.shop\/pl\/\" target=\"_new\" rel=\"noopener\">Sklep ze strefami ci\u015bnieniowymi<\/a> dla czystego, intensywnego doznania konopi, idealnego do skutecznej ulgi i g\u0142\u0119bokiego relaksu. <strong>Destylat THC Fire OG<\/strong> to idealny wyb\u00f3r na relaksuj\u0105ce wieczory i radzenie sobie z chronicznym dyskomfortem.<\/p>\n<\/div>\n<\/div>\n<\/div>\n<\/div>\n<\/div>\n<\/div>","protected":false},"excerpt":{"rendered":"<p>Achetez le Fire OG Strain THC Distillate en Ligne en Europe sur Pressure Zone Shop D\u00e9couvrez le Fire OG Strain THC Distillate, un distillat puissant issu du croisement entre les vari\u00e9t\u00e9s embl\u00e9matiques OG Kush et San Fernando Valley OG Kush. Ce distillat hybride \u00e0 dominance indica (70% indica \/ 30% sativa) offre une exp\u00e9rience intense, [&hellip;]<\/p>","protected":false},"featured_media":3277,"comment_status":"closed","ping_status":"closed","template":"","meta":{"_uag_custom_page_level_css":"","site-sidebar-layout":"default","site-content-layout":"","ast-site-content-layout":"default","site-content-style":"default","site-sidebar-style":"default","ast-global-header-display":"","ast-banner-title-visibility":"","ast-main-header-display":"","ast-hfb-above-header-display":"","ast-hfb-below-header-display":"","ast-hfb-mobile-header-display":"","site-post-title":"","ast-breadcrumbs-content":"","ast-featured-img":"","footer-sml-layout":"","theme-transparent-header-meta":"default","adv-header-id-meta":"","stick-header-meta":"","header-above-stick-meta":"","header-main-stick-meta":"","header-below-stick-meta":"","astra-migrate-meta-layouts":"set","ast-page-background-enabled":"default","ast-page-background-meta":{"desktop":{"background-color":"","background-image":"","background-repeat":"repeat","background-position":"center center","background-size":"auto","background-attachment":"scroll","background-type":"","background-media":"","overlay-type":"","overlay-color":"","overlay-opacity":"","overlay-gradient":""},"tablet":{"background-color":"","background-image":"","background-repeat":"repeat","background-position":"center center","background-size":"auto","background-attachment":"scroll","background-type":"","background-media":"","overlay-type":"","overlay-color":"","overlay-opacity":"","overlay-gradient":""},"mobile":{"background-color":"","background-image":"","background-repeat":"repeat","background-position":"center center","background-size":"auto","background-attachment":"scroll","background-type":"","background-media":"","overlay-type":"","overlay-color":"","overlay-opacity":"","overlay-gradient":""}},"ast-content-background-meta":{"desktop":{"background-color":"var(--ast-global-color-5)","background-image":"","background-repeat":"repeat","background-position":"center center","background-size":"auto","background-attachment":"scroll","background-type":"","background-media":"","overlay-type":"","overlay-color":"","overlay-opacity":"","overlay-gradient":""},"tablet":{"background-color":"var(--ast-global-color-5)","background-image":"","background-repeat":"repeat","background-position":"center center","background-size":"auto","background-attachment":"scroll","background-type":"","background-media":"","overlay-type":"","overlay-color":"","overlay-opacity":"","overlay-gradient":""},"mobile":{"background-color":"var(--ast-global-color-5)","background-image":"","background-repeat":"repeat","background-position":"center center","background-size":"auto","background-attachment":"scroll","background-type":"","background-media":"","overlay-type":"","overlay-color":"","overlay-opacity":"","overlay-gradient":""}}},"product_brand":[],"product_cat":[334,367],"product_tag":[372,383,500,380],"class_list":{"0":"post-3192","1":"product","2":"type-product","3":"status-publish","4":"has-post-thumbnail","6":"product_cat-concentres-de-marijuana","7":"product_cat-thc-distillates","8":"product_tag-1ml-cannabis-oil-distillates-for-sale-europe","9":"product_tag-buy-fire-og-strain-thc-distillate-online-europe","10":"product_tag-fire-og-strain-thc-distillate","11":"product_tag-shop-1g-distillates-online","12":"desktop-align-left","13":"tablet-align-left","14":"mobile-align-left","16":"first","17":"instock","18":"shipping-taxable","19":"purchasable","20":"product-type-simple"},"uagb_featured_image_src":{"full":["https:\/\/pressurezone.shop\/wp-content\/uploads\/2024\/10\/Fire-OG-Strain-THC-Distillate.webp",2560,1707,false],"thumbnail":["https:\/\/pressurezone.shop\/wp-content\/uploads\/2024\/10\/Fire-OG-Strain-THC-Distillate-150x150.webp",150,150,true],"medium":["https:\/\/pressurezone.shop\/wp-content\/uploads\/2024\/10\/Fire-OG-Strain-THC-Distillate-300x200.webp",300,200,true],"medium_large":["https:\/\/pressurezone.shop\/wp-content\/uploads\/2024\/10\/Fire-OG-Strain-THC-Distillate-768x512.webp",768,512,true],"large":["https:\/\/pressurezone.shop\/wp-content\/uploads\/2024\/10\/Fire-OG-Strain-THC-Distillate-1024x683.webp",1024,683,true],"1536x1536":["https:\/\/pressurezone.shop\/wp-content\/uploads\/2024\/10\/Fire-OG-Strain-THC-Distillate-1536x1024.webp",1536,1024,true],"2048x2048":["https:\/\/pressurezone.shop\/wp-content\/uploads\/2024\/10\/Fire-OG-Strain-THC-Distillate-2048x1366.webp",2048,1366,true],"trp-custom-language-flag":["https:\/\/pressurezone.shop\/wp-content\/uploads\/2024\/10\/Fire-OG-Strain-THC-Distillate-18x12.webp",18,12,true],"woocommerce_thumbnail":["https:\/\/pressurezone.shop\/wp-content\/uploads\/2024\/10\/Fire-OG-Strain-THC-Distillate-300x300.webp",300,300,true],"woocommerce_single":["https:\/\/pressurezone.shop\/wp-content\/uploads\/2024\/10\/Fire-OG-Strain-THC-Distillate-600x400.webp",600,400,true],"woocommerce_gallery_thumbnail":["https:\/\/pressurezone.shop\/wp-content\/uploads\/2024\/10\/Fire-OG-Strain-THC-Distillate-100x100.webp",100,100,true]},"uagb_author_info":{"display_name":"pressurezone.shop","author_link":"https:\/\/pressurezone.shop\/pl\/author\/"},"uagb_comment_info":0,"uagb_excerpt":"Achetez le Fire OG Strain THC Distillate en Ligne en Europe sur Pressure Zone Shop D\u00e9couvrez le Fire OG Strain THC Distillate, un distillat puissant issu du croisement entre les vari\u00e9t\u00e9s embl\u00e9matiques OG Kush et San Fernando Valley OG Kush. Ce distillat hybride \u00e0 dominance indica (70% indica \/ 30% sativa) offre une exp\u00e9rience intense,&hellip;","_links":{"self":[{"href":"https:\/\/pressurezone.shop\/pl\/wp-json\/wp\/v2\/product\/3192"}],"collection":[{"href":"https:\/\/pressurezone.shop\/pl\/wp-json\/wp\/v2\/product"}],"about":[{"href":"https:\/\/pressurezone.shop\/pl\/wp-json\/wp\/v2\/types\/product"}],"replies":[{"embeddable":true,"href":"https:\/\/pressurezone.shop\/pl\/wp-json\/wp\/v2\/comments?post=3192"}],"version-history":[{"count":3,"href":"https:\/\/pressurezone.shop\/pl\/wp-json\/wp\/v2\/product\/3192\/revisions"}],"predecessor-version":[{"id":4088,"href":"https:\/\/pressurezone.shop\/pl\/wp-json\/wp\/v2\/product\/3192\/revisions\/4088"}],"wp:featuredmedia":[{"embeddable":true,"href":"https:\/\/pressurezone.shop\/pl\/wp-json\/wp\/v2\/media\/3277"}],"wp:attachment":[{"href":"https:\/\/pressurezone.shop\/pl\/wp-json\/wp\/v2\/media?parent=3192"}],"wp:term":[{"taxonomy":"product_brand","embeddable":true,"href":"https:\/\/pressurezone.shop\/pl\/wp-json\/wp\/v2\/product_brand?post=3192"},{"taxonomy":"product_cat","embeddable":true,"href":"https:\/\/pressurezone.shop\/pl\/wp-json\/wp\/v2\/product_cat?post=3192"},{"taxonomy":"product_tag","embeddable":true,"href":"https:\/\/pressurezone.shop\/pl\/wp-json\/wp\/v2\/product_tag?post=3192"}],"curies":[{"name":"wp","href":"https:\/\/api.w.org\/{rel}","templated":true}]}}