{"id":3197,"date":"2024-10-11T00:55:16","date_gmt":"2024-10-10T22:55:16","guid":{"rendered":"https:\/\/pressurezone.shop\/?post_type=product&#038;p=3197"},"modified":"2024-11-04T00:58:31","modified_gmt":"2024-11-03T23:58:31","slug":"og-kush-strain-thc-distillate","status":"publish","type":"product","link":"https:\/\/pressurezone.shop\/pl\/produkt\/og-kush-szczep-thc-destylat\/","title":{"rendered":"Destylat THC szczepu OG Kush"},"content":{"rendered":"<h3><strong>Kup destylat THC OG Kush Strain online w Europie pod adresem <a href=\"https:\/\/pressurezone.shop\/pl\/\" target=\"_new\" rel=\"noopener\">Sklep ze strefami ci\u015bnieniowymi<\/a><\/strong><\/h3>\n<p>Odkryj <strong>Destylat THC szczepu OG Kush<\/strong>skoncentrowana wersja s\u0142ynnego <strong>OG Kush<\/strong>lekko dominuj\u0105ca hybryda sativy. Wynik skrzy\u017cowania emblematycznej odmiany <strong>Chemdawg<\/strong> i <strong>Hindukusz<\/strong>Ten destylat THC oferuje zr\u00f3wnowa\u017cony i silny efekt, idealny dla os\u00f3b poszukuj\u0105cych psychicznego i fizycznego relaksu z odrobin\u0105 jasno\u015bci umys\u0142u.<\/p>\n<h3>Dlaczego warto wybra\u0107 destylat THC OG Kush Strain?<\/h3>\n<p>Le <strong>Destylat THC OG Kush<\/strong> zosta\u0142 zaprojektowany, aby zapewni\u0107 intensywne, d\u0142ugotrwa\u0142e doznania zwi\u0105zane z konopiami indyjskimi, idealne dla u\u017cytkownik\u00f3w poszukuj\u0105cych szybkiego, mocnego haju. Dzi\u0119ki profilowi smakowemu bogatemu w nuty cytrusowe i sosnowe, destylat ten jest ho\u0142dem dla oryginalnych smak\u00f3w OG Kush. Niezale\u017cnie od tego, czy szukasz euforycznego haju, czy ulgi w napi\u0119ciu, OG Kush jest idealnym sprzymierze\u0144cem.<a href=\"https:\/\/fuelpackz.com\/\" target=\"_blank\" rel=\"noopener\">.<\/a><\/p>\n<ul>\n<li><strong>Typ<\/strong> Hybryda lekko dominuj\u0105ca w Sativie<\/li>\n<li><strong>Pochodzenie<\/strong> Krzy\u017c\u00f3wka Chemdawg X Hindu Kush<\/li>\n<\/ul>\n<h3>Efekty i korzy\u015bci p\u0142yn\u0105ce z destylatu THC OG Kush<\/h3>\n<p>Le <strong>Destylat THC OG Kush<\/strong> oferuje relaksuj\u0105ce i b\u0142ogie doznania, \u0142\u0105cz\u0105c stymuluj\u0105ce efekty m\u00f3zgowe z g\u0142\u0119bokim relaksem fizycznym. Idealny do spotka\u0144 towarzyskich lub po prostu odpr\u0119\u017cenia si\u0119 pod koniec dnia, destylat ten jest r\u00f3wnie\u017c skuteczny w \u0142agodzeniu r\u00f3\u017cnych objaw\u00f3w.<\/p>\n<ul>\n<li><strong>Efekty<\/strong> Euforia, \u015bmiech, apetyt, relaks, towarzysko\u015b\u0107<\/li>\n<li><strong>Idealny dla<\/strong> depresja, b\u00f3le g\u0142owy, utrata apetytu, b\u00f3le g\u0142owy, migreny, wahania nastroju, nudno\u015bci, stres, niepok\u00f3j<\/li>\n<\/ul>\n<h3>Stany \u0142agodzone przez destylat z konopi OG Kush<\/h3>\n<p>Dzi\u0119ki wysokiej zawarto\u015bci THC i zr\u00f3wnowa\u017conym efektom, <strong>Destylat OG Kush<\/strong> jest cz\u0119sto zalecany w celu z\u0142agodzenia r\u00f3\u017cnych objaw\u00f3w:<\/p>\n<ul>\n<li><strong>L\u0119k i depresja<\/strong> Pomaga ustabilizowa\u0107 nastr\u00f3j i promowa\u0107 dobre samopoczucie.<\/li>\n<li><strong>Migreny i b\u00f3le g\u0142owy<\/strong> Skuteczne u\u015bmierzanie b\u00f3lu z efektem koj\u0105cym.<\/li>\n<li><strong>Utrata apetytu i nudno\u015bci<\/strong> Pobudza apetyt i \u0142agodzi problemy trawienne.<\/li>\n<\/ul>\n<h3>Smaki i aromaty destylatu THC OG Kush<\/h3>\n<p>Le <strong>Destylat THC OG Kush<\/strong> oferuje doznania smakowe naznaczone nutami <strong>cytrus<\/strong>z <strong>sosna<\/strong> oraz <strong>zalesiony<\/strong> z nut\u0105 skunky. Jej aromat jest r\u00f3wnie zlozysty, z ziemistymi, kwasowymi niuansami, kt\u00f3re przypominaja autentycznosc odmiany OG Kush.<\/p>\n<ul>\n<li><strong>Smaki<\/strong> : cytrusowy, zio\u0142owy, sosnowy, skunksowy, kwa\u015bny, drzewny<\/li>\n<li><strong>Zapachy<\/strong> Cytrusowy, ziemisty, korzenny, skunksowy, drzewny<\/li>\n<\/ul>\n<h3>Stosowanie i dawkowanie destylatu THC OG Kush<\/h3>\n<p>Le <strong>Destylat THC OG Kush<\/strong> jest niezwykle silny, a jego efekty mog\u0105 szybko si\u0119 nasili\u0107 i utrzymywa\u0107 przez d\u0142ugi czas. Aby uzyska\u0107 najlepsze wra\u017cenia, nale\u017cy zacz\u0105\u0107 od niskiej dawki i stopniowo zwi\u0119ksza\u0107 j\u0105 w miar\u0119 tolerancji. Niezale\u017cnie od tego, czy u\u017cywasz go w vape penach, czy dodajesz go do swoich przepis\u00f3w, destylat ten jest opcj\u0105 pierwszego wyboru dla do\u015bwiadczonych u\u017cytkownik\u00f3w.<\/p>\n<h3>Zam\u00f3w destylat OG Kush THC online w sklepie Pressure Zone Shop<\/h3>\n<p>Gotowy do odkrycia pot\u0119\u017cnego efektu i autentycznych smak\u00f3w <strong>Destylat THC OG Kush<\/strong> ? Zam\u00f3w teraz na <a href=\"https:\/\/pressurezone.shop\/pl\/\" target=\"_new\" rel=\"noopener\">Sklep ze strefami ci\u015bnieniowymi<\/a> dla czystego i satysfakcjonuj\u0105cego do\u015bwiadczenia z konopiami indyjskimi. Ciesz si\u0119 zr\u00f3wnowa\u017conym, stymuluj\u0105cym hajem, kt\u00f3ry ukoi b\u00f3l i podniesie na duchu. <strong>Destylat THC OG Kush<\/strong> to idealny wyb\u00f3r dla relaksu na najwy\u017cszym poziomie.<\/p>","protected":false},"excerpt":{"rendered":"<p>Achetez le OG Kush Strain THC Distillate en Ligne en Europe sur Pressure Zone Shop D\u00e9couvrez le OG Kush Strain THC Distillate, une version concentr\u00e9e de la c\u00e9l\u00e8bre vari\u00e9t\u00e9 OG Kush, un hybride l\u00e9g\u00e8rement dominant en sativa. Issu du croisement entre les souches embl\u00e9matiques Chemdawg et Hindu Kush, ce distillat de THC offre un effet [&hellip;]<\/p>","protected":false},"featured_media":3279,"comment_status":"closed","ping_status":"closed","template":"","meta":{"_uag_custom_page_level_css":"","site-sidebar-layout":"default","site-content-layout":"","ast-site-content-layout":"default","site-content-style":"default","site-sidebar-style":"default","ast-global-header-display":"","ast-banner-title-visibility":"","ast-main-header-display":"","ast-hfb-above-header-display":"","ast-hfb-below-header-display":"","ast-hfb-mobile-header-display":"","site-post-title":"","ast-breadcrumbs-content":"","ast-featured-img":"","footer-sml-layout":"","theme-transparent-header-meta":"default","adv-header-id-meta":"","stick-header-meta":"","header-above-stick-meta":"","header-main-stick-meta":"","header-below-stick-meta":"","astra-migrate-meta-layouts":"set","ast-page-background-enabled":"default","ast-page-background-meta":{"desktop":{"background-color":"","background-image":"","background-repeat":"repeat","background-position":"center center","background-size":"auto","background-attachment":"scroll","background-type":"","background-media":"","overlay-type":"","overlay-color":"","overlay-opacity":"","overlay-gradient":""},"tablet":{"background-color":"","background-image":"","background-repeat":"repeat","background-position":"center center","background-size":"auto","background-attachment":"scroll","background-type":"","background-media":"","overlay-type":"","overlay-color":"","overlay-opacity":"","overlay-gradient":""},"mobile":{"background-color":"","background-image":"","background-repeat":"repeat","background-position":"center center","background-size":"auto","background-attachment":"scroll","background-type":"","background-media":"","overlay-type":"","overlay-color":"","overlay-opacity":"","overlay-gradient":""}},"ast-content-background-meta":{"desktop":{"background-color":"var(--ast-global-color-5)","background-image":"","background-repeat":"repeat","background-position":"center center","background-size":"auto","background-attachment":"scroll","background-type":"","background-media":"","overlay-type":"","overlay-color":"","overlay-opacity":"","overlay-gradient":""},"tablet":{"background-color":"var(--ast-global-color-5)","background-image":"","background-repeat":"repeat","background-position":"center center","background-size":"auto","background-attachment":"scroll","background-type":"","background-media":"","overlay-type":"","overlay-color":"","overlay-opacity":"","overlay-gradient":""},"mobile":{"background-color":"var(--ast-global-color-5)","background-image":"","background-repeat":"repeat","background-position":"center center","background-size":"auto","background-attachment":"scroll","background-type":"","background-media":"","overlay-type":"","overlay-color":"","overlay-opacity":"","overlay-gradient":""}}},"product_brand":[],"product_cat":[334,367],"product_tag":[384,378,379],"class_list":{"0":"post-3197","1":"product","2":"type-product","3":"status-publish","4":"has-post-thumbnail","6":"product_cat-concentres-de-marijuana","7":"product_cat-thc-distillates","8":"product_tag-buy-og-kush-strain-thc-distillate-europe","9":"product_tag-cannabis-distillates-for-sale-uk","10":"product_tag-order-thc-distillates-europe","11":"desktop-align-left","12":"tablet-align-left","13":"mobile-align-left","15":"first","16":"instock","17":"shipping-taxable","18":"purchasable","19":"product-type-simple"},"uagb_featured_image_src":{"full":["https:\/\/pressurezone.shop\/wp-content\/uploads\/2024\/10\/Buy-OG-Kush-Strain-THC-Distillate.webp",2560,1707,false],"thumbnail":["https:\/\/pressurezone.shop\/wp-content\/uploads\/2024\/10\/Buy-OG-Kush-Strain-THC-Distillate-150x150.webp",150,150,true],"medium":["https:\/\/pressurezone.shop\/wp-content\/uploads\/2024\/10\/Buy-OG-Kush-Strain-THC-Distillate-300x200.webp",300,200,true],"medium_large":["https:\/\/pressurezone.shop\/wp-content\/uploads\/2024\/10\/Buy-OG-Kush-Strain-THC-Distillate-768x512.webp",768,512,true],"large":["https:\/\/pressurezone.shop\/wp-content\/uploads\/2024\/10\/Buy-OG-Kush-Strain-THC-Distillate-1024x683.webp",1024,683,true],"1536x1536":["https:\/\/pressurezone.shop\/wp-content\/uploads\/2024\/10\/Buy-OG-Kush-Strain-THC-Distillate-1536x1024.webp",1536,1024,true],"2048x2048":["https:\/\/pressurezone.shop\/wp-content\/uploads\/2024\/10\/Buy-OG-Kush-Strain-THC-Distillate-2048x1366.webp",2048,1366,true],"trp-custom-language-flag":["https:\/\/pressurezone.shop\/wp-content\/uploads\/2024\/10\/Buy-OG-Kush-Strain-THC-Distillate-18x12.webp",18,12,true],"woocommerce_thumbnail":["https:\/\/pressurezone.shop\/wp-content\/uploads\/2024\/10\/Buy-OG-Kush-Strain-THC-Distillate-300x300.webp",300,300,true],"woocommerce_single":["https:\/\/pressurezone.shop\/wp-content\/uploads\/2024\/10\/Buy-OG-Kush-Strain-THC-Distillate-600x400.webp",600,400,true],"woocommerce_gallery_thumbnail":["https:\/\/pressurezone.shop\/wp-content\/uploads\/2024\/10\/Buy-OG-Kush-Strain-THC-Distillate-100x100.webp",100,100,true]},"uagb_author_info":{"display_name":"pressurezone.shop","author_link":"https:\/\/pressurezone.shop\/pl\/author\/"},"uagb_comment_info":0,"uagb_excerpt":"Achetez le OG Kush Strain THC Distillate en Ligne en Europe sur Pressure Zone Shop D\u00e9couvrez le OG Kush Strain THC Distillate, une version concentr\u00e9e de la c\u00e9l\u00e8bre vari\u00e9t\u00e9 OG Kush, un hybride l\u00e9g\u00e8rement dominant en sativa. Issu du croisement entre les souches embl\u00e9matiques Chemdawg et Hindu Kush, ce distillat de THC offre un effet&hellip;","_links":{"self":[{"href":"https:\/\/pressurezone.shop\/pl\/wp-json\/wp\/v2\/product\/3197"}],"collection":[{"href":"https:\/\/pressurezone.shop\/pl\/wp-json\/wp\/v2\/product"}],"about":[{"href":"https:\/\/pressurezone.shop\/pl\/wp-json\/wp\/v2\/types\/product"}],"replies":[{"embeddable":true,"href":"https:\/\/pressurezone.shop\/pl\/wp-json\/wp\/v2\/comments?post=3197"}],"version-history":[{"count":3,"href":"https:\/\/pressurezone.shop\/pl\/wp-json\/wp\/v2\/product\/3197\/revisions"}],"predecessor-version":[{"id":4084,"href":"https:\/\/pressurezone.shop\/pl\/wp-json\/wp\/v2\/product\/3197\/revisions\/4084"}],"wp:featuredmedia":[{"embeddable":true,"href":"https:\/\/pressurezone.shop\/pl\/wp-json\/wp\/v2\/media\/3279"}],"wp:attachment":[{"href":"https:\/\/pressurezone.shop\/pl\/wp-json\/wp\/v2\/media?parent=3197"}],"wp:term":[{"taxonomy":"product_brand","embeddable":true,"href":"https:\/\/pressurezone.shop\/pl\/wp-json\/wp\/v2\/product_brand?post=3197"},{"taxonomy":"product_cat","embeddable":true,"href":"https:\/\/pressurezone.shop\/pl\/wp-json\/wp\/v2\/product_cat?post=3197"},{"taxonomy":"product_tag","embeddable":true,"href":"https:\/\/pressurezone.shop\/pl\/wp-json\/wp\/v2\/product_tag?post=3197"}],"curies":[{"name":"wp","href":"https:\/\/api.w.org\/{rel}","templated":true}]}}