{"id":3198,"date":"2024-10-11T00:55:16","date_gmt":"2024-10-10T22:55:16","guid":{"rendered":"https:\/\/pressurezone.shop\/?post_type=product&#038;p=3198"},"modified":"2024-11-04T01:18:48","modified_gmt":"2024-11-04T00:18:48","slug":"lime-strain-cannabis-thc-distillate","status":"publish","type":"product","link":"https:\/\/pressurezone.shop\/pl\/produkt\/destylat-thc-z-konopi-indyjskich-szczepu-lime\/","title":{"rendered":"Destylat THC z konopi indyjskich Lime Strain"},"content":{"rendered":"<h3><strong>Kup destylat THC z konopi indyjskich Lime Strain online w Europie pod adresem <a href=\"https:\/\/pressurezone.shop\/pl\/\" target=\"_new\" rel=\"noopener\">Sklep ze strefami ci\u015bnieniowymi<\/a><\/strong><\/h3>\n<p>Odkryj <strong>Destylat THC z konopi indyjskich Lime Strain<\/strong>wyj\u0105tkowy destylat THC oparty na odmianie <strong>Lime OG<\/strong> lub <strong>Lime Kush<\/strong>. Ten destylat, b\u0119d\u0105cy krzy\u017c\u00f3wk\u0105 s\u0142ynnego <strong>OG Kush<\/strong> i nieznana hybrydowa odmiana indica, jest idealna dla mi\u0142o\u015bnik\u00f3w konopi poszukuj\u0105cych dozna\u0144 bogatych w cytrusowe smaki i koj\u0105cy relaks.<a href=\"https:\/\/fuelpackz.com\/\" target=\"_blank\" rel=\"noopener\">.<\/a><\/p>\n<h3>Dlaczego warto wybra\u0107 destylat THC z konopi Lime Strain?<\/h3>\n<p>Le <strong>Destylat Lime THC<\/strong> wyr\u00f3\u017cnia si\u0119 \u017cywym smakiem i wyj\u0105tkowym efektem relaksuj\u0105cym. Destylat ten oferuje orze\u017awiaj\u0105ce doznania smakowe z wyra\u017anym smakiem <strong>plik<\/strong>z <strong>kush<\/strong>i odrobin\u0105 zi\u00f3\u0142. Idealny do relaksu pod koniec dnia, Lime THC Distillate promuje stan spokoju i g\u0142\u0119bokiego dobrego samopoczucia.<\/p>\n<ul>\n<li><strong>Typ<\/strong> Hybryda z dominacj\u0105 Indica<\/li>\n<li><strong>Pochodzenie<\/strong> Krzy\u017c\u00f3wka OG Kush i hybrydowej odmiany Indica<\/li>\n<\/ul>\n<h3>Efekty i korzy\u015bci p\u0142yn\u0105ce z destylatu THC Lime Strain<\/h3>\n<p>Le <strong>Destylat Lime THC<\/strong> zapewnia zr\u00f3wnowa\u017cony haj, pocz\u0105tkowo euforyczny, a nast\u0119pnie ewoluuj\u0105cy w g\u0142\u0119bokie ukojenie cia\u0142a. Destylat ten jest cz\u0119sto wybierany ze wzgl\u0119du na swoje uspokajaj\u0105ce, relaksuj\u0105ce dzia\u0142anie, kt\u00f3re sprzyja g\u0142\u0119bokiemu, spokojnemu snu.<\/p>\n<ul>\n<li><strong>Efekty<\/strong> Body High, euforia, koncentracja, relaks, poprawa nastroju<\/li>\n<li><strong>Idealny dla<\/strong> L\u0119k, depresja, zm\u0119czenie, bezsenno\u015b\u0107, stres<\/li>\n<\/ul>\n<h3>Stany \u0142agodzone przez destylat z konopi indyjskich z limonk\u0105<\/h3>\n<p>Dzi\u0119ki wysokiej zawarto\u015bci THC (18-20%) i dzia\u0142aniu uspokajaj\u0105cemu, <strong>Destylat Lime THC<\/strong> jest cz\u0119sto zalecany w leczeniu r\u00f3\u017cnych zaburze\u0144 fizycznych i psychicznych:<\/p>\n<ul>\n<li><strong>Bezsenno\u015b\u0107 i zm\u0119czenie<\/strong> Idealny do spokojnego snu.<\/li>\n<li><strong>Stres i niepok\u00f3j<\/strong> Uspokaja umys\u0142 i pomaga zmniejszy\u0107 napi\u0119cie.<\/li>\n<li><strong>Przewlek\u0142y b\u00f3l i skurcze mi\u0119\u015bni<\/strong> \u0141agodzi b\u00f3le cia\u0142a i poprawia komfort fizyczny.<\/li>\n<\/ul>\n<h3>Smaki i aromaty destylatu THC Lime Strain<\/h3>\n<p>Le <strong>Destylat THC Lime Strain<\/strong> oczarowuje zmys\u0142y intensywnymi aromatami cytrus\u00f3w i limonki, uzupe\u0142nionymi nutami drzewnymi i korzennymi. Jego aromat jest r\u00f3wnie niezwyk\u0142y, z ziemistym, sosnowym zapachem, kt\u00f3ry \u0142\u0105czy si\u0119 ze \u015bwie\u017co\u015bci\u0105 limonki, tworz\u0105c przyjemne i orze\u017awiaj\u0105ce doznania aromatyczne.<\/p>\n<ul>\n<li><strong>Smaki<\/strong> : cytrusowy, cytrynowy, limonkowy, sosnowy, kwa\u015bny, s\u0142odki, drzewny<\/li>\n<li><strong>Zapachy<\/strong> Cytrusowy, ziemisty, limonkowy, sosnowy, kwa\u015bny, drzewny<\/li>\n<\/ul>\n<h3>Stosowanie i dawkowanie destylatu THC Lime Strain<\/h3>\n<p>Le <strong>Destylat Lime THC<\/strong> jest przeznaczony dla entuzjast\u00f3w destylat\u00f3w poszukuj\u0105cych szybkiego, d\u0142ugotrwa\u0142ego haju. Niezale\u017cnie od tego, czy u\u017cywasz go do waporyzacji, w produktach spo\u017cywczych, czy w zestawie dab, zawsze zaczynaj od ma\u0142ej dawki, aby dostosowa\u0107 j\u0105 do swojej tolerancji. Destylat ten jest doskona\u0142ym wyborem na chwile g\u0142\u0119bokiego relaksu i odpr\u0119\u017caj\u0105ce wieczory.<\/p>\n<h3>Zam\u00f3w destylat THC z konopi indyjskich Lime Strain online w sklepie Pressure Zone Shop<\/h3>\n<p>Gotowy do odkrycia koj\u0105cego haju i orze\u017awiaj\u0105cych smak\u00f3w <strong>Destylat THC Lime Strain<\/strong> ? Zam\u00f3w teraz na <a href=\"https:\/\/pressurezone.shop\/pl\/\" target=\"_new\" rel=\"noopener\">Sklep ze strefami ci\u015bnieniowymi<\/a> zapewnia wyj\u0105tkowe doznania zwi\u0105zane z konopiami indyjskimi, idealne do roz\u0142adowania napi\u0119cia przy jednoczesnym delektowaniu si\u0119 orze\u017awiaj\u0105co czystym smakiem limonki. <strong>Destylat Lime THC<\/strong> to idealny wyb\u00f3r dla optymalnego ukojenia i relaksu<\/p>","protected":false},"excerpt":{"rendered":"<p>Hybryda z dominacj\u0105 Sativy - (60% Sativa\/40% Indica)<\/p>","protected":false},"featured_media":3283,"comment_status":"closed","ping_status":"closed","template":"","meta":{"_uag_custom_page_level_css":"","site-sidebar-layout":"default","site-content-layout":"","ast-site-content-layout":"default","site-content-style":"default","site-sidebar-style":"default","ast-global-header-display":"","ast-banner-title-visibility":"","ast-main-header-display":"","ast-hfb-above-header-display":"","ast-hfb-below-header-display":"","ast-hfb-mobile-header-display":"","site-post-title":"","ast-breadcrumbs-content":"","ast-featured-img":"","footer-sml-layout":"","theme-transparent-header-meta":"default","adv-header-id-meta":"","stick-header-meta":"","header-above-stick-meta":"","header-main-stick-meta":"","header-below-stick-meta":"","astra-migrate-meta-layouts":"set","ast-page-background-enabled":"default","ast-page-background-meta":{"desktop":{"background-color":"","background-image":"","background-repeat":"repeat","background-position":"center center","background-size":"auto","background-attachment":"scroll","background-type":"","background-media":"","overlay-type":"","overlay-color":"","overlay-opacity":"","overlay-gradient":""},"tablet":{"background-color":"","background-image":"","background-repeat":"repeat","background-position":"center center","background-size":"auto","background-attachment":"scroll","background-type":"","background-media":"","overlay-type":"","overlay-color":"","overlay-opacity":"","overlay-gradient":""},"mobile":{"background-color":"","background-image":"","background-repeat":"repeat","background-position":"center center","background-size":"auto","background-attachment":"scroll","background-type":"","background-media":"","overlay-type":"","overlay-color":"","overlay-opacity":"","overlay-gradient":""}},"ast-content-background-meta":{"desktop":{"background-color":"var(--ast-global-color-5)","background-image":"","background-repeat":"repeat","background-position":"center center","background-size":"auto","background-attachment":"scroll","background-type":"","background-media":"","overlay-type":"","overlay-color":"","overlay-opacity":"","overlay-gradient":""},"tablet":{"background-color":"var(--ast-global-color-5)","background-image":"","background-repeat":"repeat","background-position":"center center","background-size":"auto","background-attachment":"scroll","background-type":"","background-media":"","overlay-type":"","overlay-color":"","overlay-opacity":"","overlay-gradient":""},"mobile":{"background-color":"var(--ast-global-color-5)","background-image":"","background-repeat":"repeat","background-position":"center center","background-size":"auto","background-attachment":"scroll","background-type":"","background-media":"","overlay-type":"","overlay-color":"","overlay-opacity":"","overlay-gradient":""}}},"product_brand":[],"product_cat":[334,367],"product_tag":[385],"class_list":{"0":"post-3198","1":"product","2":"type-product","3":"status-publish","4":"has-post-thumbnail","6":"product_cat-concentres-de-marijuana","7":"product_cat-thc-distillates","8":"product_tag-order-lime-strain-cannabis-thc-distillate-europe","9":"desktop-align-left","10":"tablet-align-left","11":"mobile-align-left","13":"first","14":"instock","15":"shipping-taxable","16":"purchasable","17":"product-type-simple"},"uagb_featured_image_src":{"full":["https:\/\/pressurezone.shop\/wp-content\/uploads\/2024\/10\/Lime-Strain-Cannabis-THC-Distillate.webp",2560,1707,false],"thumbnail":["https:\/\/pressurezone.shop\/wp-content\/uploads\/2024\/10\/Lime-Strain-Cannabis-THC-Distillate-150x150.webp",150,150,true],"medium":["https:\/\/pressurezone.shop\/wp-content\/uploads\/2024\/10\/Lime-Strain-Cannabis-THC-Distillate-300x200.webp",300,200,true],"medium_large":["https:\/\/pressurezone.shop\/wp-content\/uploads\/2024\/10\/Lime-Strain-Cannabis-THC-Distillate-768x512.webp",768,512,true],"large":["https:\/\/pressurezone.shop\/wp-content\/uploads\/2024\/10\/Lime-Strain-Cannabis-THC-Distillate-1024x683.webp",1024,683,true],"1536x1536":["https:\/\/pressurezone.shop\/wp-content\/uploads\/2024\/10\/Lime-Strain-Cannabis-THC-Distillate-1536x1024.webp",1536,1024,true],"2048x2048":["https:\/\/pressurezone.shop\/wp-content\/uploads\/2024\/10\/Lime-Strain-Cannabis-THC-Distillate-2048x1366.webp",2048,1366,true],"trp-custom-language-flag":["https:\/\/pressurezone.shop\/wp-content\/uploads\/2024\/10\/Lime-Strain-Cannabis-THC-Distillate-18x12.webp",18,12,true],"woocommerce_thumbnail":["https:\/\/pressurezone.shop\/wp-content\/uploads\/2024\/10\/Lime-Strain-Cannabis-THC-Distillate-300x300.webp",300,300,true],"woocommerce_single":["https:\/\/pressurezone.shop\/wp-content\/uploads\/2024\/10\/Lime-Strain-Cannabis-THC-Distillate-600x400.webp",600,400,true],"woocommerce_gallery_thumbnail":["https:\/\/pressurezone.shop\/wp-content\/uploads\/2024\/10\/Lime-Strain-Cannabis-THC-Distillate-100x100.webp",100,100,true]},"uagb_author_info":{"display_name":"pressurezone.shop","author_link":"https:\/\/pressurezone.shop\/pl\/author\/"},"uagb_comment_info":0,"uagb_excerpt":"Sativa Dominant Hybrid \u2013 (60% Sativa\/40% Indica)","_links":{"self":[{"href":"https:\/\/pressurezone.shop\/pl\/wp-json\/wp\/v2\/product\/3198"}],"collection":[{"href":"https:\/\/pressurezone.shop\/pl\/wp-json\/wp\/v2\/product"}],"about":[{"href":"https:\/\/pressurezone.shop\/pl\/wp-json\/wp\/v2\/types\/product"}],"replies":[{"embeddable":true,"href":"https:\/\/pressurezone.shop\/pl\/wp-json\/wp\/v2\/comments?post=3198"}],"version-history":[{"count":3,"href":"https:\/\/pressurezone.shop\/pl\/wp-json\/wp\/v2\/product\/3198\/revisions"}],"predecessor-version":[{"id":4092,"href":"https:\/\/pressurezone.shop\/pl\/wp-json\/wp\/v2\/product\/3198\/revisions\/4092"}],"wp:featuredmedia":[{"embeddable":true,"href":"https:\/\/pressurezone.shop\/pl\/wp-json\/wp\/v2\/media\/3283"}],"wp:attachment":[{"href":"https:\/\/pressurezone.shop\/pl\/wp-json\/wp\/v2\/media?parent=3198"}],"wp:term":[{"taxonomy":"product_brand","embeddable":true,"href":"https:\/\/pressurezone.shop\/pl\/wp-json\/wp\/v2\/product_brand?post=3198"},{"taxonomy":"product_cat","embeddable":true,"href":"https:\/\/pressurezone.shop\/pl\/wp-json\/wp\/v2\/product_cat?post=3198"},{"taxonomy":"product_tag","embeddable":true,"href":"https:\/\/pressurezone.shop\/pl\/wp-json\/wp\/v2\/product_tag?post=3198"}],"curies":[{"name":"wp","href":"https:\/\/api.w.org\/{rel}","templated":true}]}}