{"id":3216,"date":"2024-10-11T00:55:39","date_gmt":"2024-10-10T22:55:39","guid":{"rendered":"https:\/\/pressurezone.shop\/?post_type=product&#038;p=3216"},"modified":"2024-11-04T01:32:31","modified_gmt":"2024-11-04T00:32:31","slug":"pineapple-express-thc-distillate-oil","status":"publish","type":"product","link":"https:\/\/pressurezone.shop\/pl\/produkt\/ananas-express-thc-olejek-destylowany\/","title":{"rendered":"Olej destylowany THC Pineapple Express"},"content":{"rendered":"<h3><strong>Kup olej destylowany THC Pineapple Express online w Europie pod adresem <a href=\"https:\/\/pressurezone.shop\/pl\/\" target=\"_new\" rel=\"noopener\">Sklep ze strefami ci\u015bnieniowymi<\/a><\/strong><\/h3>\n<p>Odkryj <strong>Olej destylowany THC ze szczepu Pineapple Express<\/strong>Pot\u0119\u017cny destylat inspirowany s\u0142ynn\u0105 odmian\u0105 z dominuj\u0105c\u0105 sativ\u0105 <strong>Pineapple Express<\/strong>. Dzi\u0119ki stosunkowi sativa\/indica wynosz\u0105cemu 60:40, ten destylat THC oferuje euforyczne i orze\u017awiaj\u0105ce doznania, idealne dla tych, kt\u00f3rzy chc\u0105 z\u0142agodzi\u0107 b\u00f3l, jednocze\u015bnie ciesz\u0105c si\u0119 poczuciem jasno\u015bci umys\u0142u.<\/p>\n<h3>Dlaczego warto wybra\u0107 Pineapple Express THC Distillate Oil?<\/h3>\n<p>Le <strong>Olej destylowany THC Pineapple Express<\/strong> zawiera wysokiej jako\u015bci terpeny, kt\u00f3re s\u0105 ponownie wprowadzane podczas procesu oczyszczania, aby zachowa\u0107 autentyczne aromaty i smaki. <strong>Pineapple Express<\/strong>. Destylat ten oferuje st\u0119\u017cenie THC na poziomie 93%, co czyni go idealnym wyborem dla u\u017cytkownik\u00f3w poszukuj\u0105cych szybkich i mocnych efekt\u00f3w.<a href=\"https:\/\/fuelpackz.com\/\" target=\"_blank\" rel=\"noopener\">.<\/a><\/p>\n<ul>\n<li><strong>Typ<\/strong> Hybryda z dominacj\u0105 Sativy (60% Sativa \/ 40% Indica)<\/li>\n<li><strong>St\u0119\u017cenie THC<\/strong> 93%, zapewniaj\u0105cy intensywne, d\u0142ugotrwa\u0142e doznania<\/li>\n<\/ul>\n<h3>Efekty i korzy\u015bci p\u0142yn\u0105ce ze stosowania olejku destylowanego THC Pineapple Express<\/h3>\n<p>Le <strong>Olej destylowany THC Pineapple Express<\/strong> oferuje stymuluj\u0105cy i euforyczny haj, jednocze\u015bnie poprawiaj\u0105c koncentracj\u0119. Dzi\u0119ki \u0142agodnemu, energetyzuj\u0105cemu dzia\u0142aniu idealnie nadaje si\u0119 do stosowania w ci\u0105gu dnia, zapewniaj\u0105c jednocze\u015bnie skuteczn\u0105 ulg\u0119 w b\u00f3lu i stresie.<\/p>\n<ul>\n<li><strong>Efekty<\/strong> Euforia, skupienie, jasno\u015b\u0107 umys\u0142u<\/li>\n<li><strong>Idealny dla<\/strong> Przewlek\u0142y b\u00f3l, depresja, zm\u0119czenie, utrata apetytu, migreny, nudno\u015bci<\/li>\n<\/ul>\n<h3>Stany \u0142agodzone przez Pineapple Express Distillate<\/h3>\n<p>Dzi\u0119ki wysokiej zawarto\u015bci THC, <strong>Olej destylowany THC Pineapple Express<\/strong> jest idealny do \u0142agodzenia r\u00f3\u017cnych dolegliwo\u015bci fizycznych i psychicznych:<\/p>\n<ul>\n<li><strong>Przewlek\u0142y b\u00f3l i migreny<\/strong> Skuteczna ulga w uporczywym b\u00f3lu.<\/li>\n<li><strong>Utrata apetytu i nudno\u015bci<\/strong> Pobudza apetyt i pomaga zmniejszy\u0107 nudno\u015bci.<\/li>\n<li><strong>Depresja i zm\u0119czenie<\/strong> Poprawia nastr\u00f3j i dodaje energii.<\/li>\n<\/ul>\n<h3>Smaki i aromaty olejku destylowanego THC Pineapple Express<\/h3>\n<p>Le <strong>Olej destylowany THC Pineapple Express<\/strong> zachwyca zmys\u0142y tropikalnymi smakami z <strong>cytryna<\/strong>, <strong>ananas<\/strong> i <strong>sosna<\/strong>\u015awie\u017cy, g\u0142adki smak. Aromat <strong>ziemia<\/strong>z <strong>sosna<\/strong> oraz <strong>owoce tropikalne<\/strong> dodaje doznania, przywo\u0142uj\u0105c ciep\u0142o wysp.<\/p>\n<ul>\n<li><strong>Smaki<\/strong> cytrusowy, sosnowy, ananasowy, s\u0142odki, tropikalny<\/li>\n<li><strong>Zapachy<\/strong> ziemisty, sosna, ananas, s\u0142odki<\/li>\n<\/ul>\n<h3>Stosowanie i dawkowanie olejku destylowanego THC Pineapple Express<\/h3>\n<p>Le <strong>Olej destylowany THC Pineapple Express<\/strong> jest niezwykle silny, z wysokim st\u0119\u017ceniem THC. Zacznij od niskiej dawki i stopniowo zwi\u0119kszaj j\u0105 w zale\u017cno\u015bci od tolerancji, aby uzyska\u0107 przyjemne, kontrolowane doznania. Destylat ten jest idealny dla do\u015bwiadczonych u\u017cytkownik\u00f3w poszukuj\u0105cych d\u0142ugotrwa\u0142ego euforycznego haju.<\/p>\n<h3>Zam\u00f3w olej destylowany THC Pineapple Express Strain online w sklepie Pressure Zone Shop<\/h3>\n<p>Gotowy na egzotyczne i stymuluj\u0105ce do\u015bwiadczenie <strong>Olej destylowany THC Pineapple Express<\/strong> ? Zam\u00f3w teraz na <a href=\"https:\/\/pressurezone.shop\/pl\/\" target=\"_new\" rel=\"noopener\">Sklep ze strefami ci\u015bnieniowymi<\/a> aby uzyska\u0107 dost\u0119p do najwy\u017cszej jako\u015bci destylatu, idealnego do \u0142agodzenia b\u00f3lu i przywracania energii. <strong>Pineapple Express<\/strong> to idealny wyb\u00f3r dla tropikalnego relaksu i skutecznej ulgi.<\/p>","protected":false},"excerpt":{"rendered":"<ul>\n<li>93% THC na ml<\/li>\n<\/ul>","protected":false},"featured_media":3285,"comment_status":"closed","ping_status":"closed","template":"","meta":{"_uag_custom_page_level_css":"","site-sidebar-layout":"default","site-content-layout":"","ast-site-content-layout":"default","site-content-style":"default","site-sidebar-style":"default","ast-global-header-display":"","ast-banner-title-visibility":"","ast-main-header-display":"","ast-hfb-above-header-display":"","ast-hfb-below-header-display":"","ast-hfb-mobile-header-display":"","site-post-title":"","ast-breadcrumbs-content":"","ast-featured-img":"","footer-sml-layout":"","theme-transparent-header-meta":"default","adv-header-id-meta":"","stick-header-meta":"","header-above-stick-meta":"","header-main-stick-meta":"","header-below-stick-meta":"","astra-migrate-meta-layouts":"set","ast-page-background-enabled":"default","ast-page-background-meta":{"desktop":{"background-color":"","background-image":"","background-repeat":"repeat","background-position":"center center","background-size":"auto","background-attachment":"scroll","background-type":"","background-media":"","overlay-type":"","overlay-color":"","overlay-opacity":"","overlay-gradient":""},"tablet":{"background-color":"","background-image":"","background-repeat":"repeat","background-position":"center center","background-size":"auto","background-attachment":"scroll","background-type":"","background-media":"","overlay-type":"","overlay-color":"","overlay-opacity":"","overlay-gradient":""},"mobile":{"background-color":"","background-image":"","background-repeat":"repeat","background-position":"center center","background-size":"auto","background-attachment":"scroll","background-type":"","background-media":"","overlay-type":"","overlay-color":"","overlay-opacity":"","overlay-gradient":""}},"ast-content-background-meta":{"desktop":{"background-color":"var(--ast-global-color-5)","background-image":"","background-repeat":"repeat","background-position":"center center","background-size":"auto","background-attachment":"scroll","background-type":"","background-media":"","overlay-type":"","overlay-color":"","overlay-opacity":"","overlay-gradient":""},"tablet":{"background-color":"var(--ast-global-color-5)","background-image":"","background-repeat":"repeat","background-position":"center center","background-size":"auto","background-attachment":"scroll","background-type":"","background-media":"","overlay-type":"","overlay-color":"","overlay-opacity":"","overlay-gradient":""},"mobile":{"background-color":"var(--ast-global-color-5)","background-image":"","background-repeat":"repeat","background-position":"center center","background-size":"auto","background-attachment":"scroll","background-type":"","background-media":"","overlay-type":"","overlay-color":"","overlay-opacity":"","overlay-gradient":""}}},"product_brand":[],"product_cat":[334,367],"product_tag":[372,386,378,379,380],"class_list":{"0":"post-3216","1":"product","2":"type-product","3":"status-publish","4":"has-post-thumbnail","6":"product_cat-concentres-de-marijuana","7":"product_cat-thc-distillates","8":"product_tag-1ml-cannabis-oil-distillates-for-sale-europe","9":"product_tag-buy-pineapple-express-strain-thc-distillate-oil-online-europe","10":"product_tag-cannabis-distillates-for-sale-uk","11":"product_tag-order-thc-distillates-europe","12":"product_tag-shop-1g-distillates-online","13":"desktop-align-left","14":"tablet-align-left","15":"mobile-align-left","17":"first","18":"instock","19":"shipping-taxable","20":"purchasable","21":"product-type-simple"},"uagb_featured_image_src":{"full":["https:\/\/pressurezone.shop\/wp-content\/uploads\/2024\/10\/Pineapple-Express-Strain-THC-Distillate-Oil.webp",2560,1707,false],"thumbnail":["https:\/\/pressurezone.shop\/wp-content\/uploads\/2024\/10\/Pineapple-Express-Strain-THC-Distillate-Oil-150x150.webp",150,150,true],"medium":["https:\/\/pressurezone.shop\/wp-content\/uploads\/2024\/10\/Pineapple-Express-Strain-THC-Distillate-Oil-300x200.webp",300,200,true],"medium_large":["https:\/\/pressurezone.shop\/wp-content\/uploads\/2024\/10\/Pineapple-Express-Strain-THC-Distillate-Oil-768x512.webp",768,512,true],"large":["https:\/\/pressurezone.shop\/wp-content\/uploads\/2024\/10\/Pineapple-Express-Strain-THC-Distillate-Oil-1024x683.webp",1024,683,true],"1536x1536":["https:\/\/pressurezone.shop\/wp-content\/uploads\/2024\/10\/Pineapple-Express-Strain-THC-Distillate-Oil-1536x1024.webp",1536,1024,true],"2048x2048":["https:\/\/pressurezone.shop\/wp-content\/uploads\/2024\/10\/Pineapple-Express-Strain-THC-Distillate-Oil-2048x1366.webp",2048,1366,true],"trp-custom-language-flag":["https:\/\/pressurezone.shop\/wp-content\/uploads\/2024\/10\/Pineapple-Express-Strain-THC-Distillate-Oil-18x12.webp",18,12,true],"woocommerce_thumbnail":["https:\/\/pressurezone.shop\/wp-content\/uploads\/2024\/10\/Pineapple-Express-Strain-THC-Distillate-Oil-300x300.webp",300,300,true],"woocommerce_single":["https:\/\/pressurezone.shop\/wp-content\/uploads\/2024\/10\/Pineapple-Express-Strain-THC-Distillate-Oil-600x400.webp",600,400,true],"woocommerce_gallery_thumbnail":["https:\/\/pressurezone.shop\/wp-content\/uploads\/2024\/10\/Pineapple-Express-Strain-THC-Distillate-Oil-100x100.webp",100,100,true]},"uagb_author_info":{"display_name":"pressurezone.shop","author_link":"https:\/\/pressurezone.shop\/pl\/author\/"},"uagb_comment_info":0,"uagb_excerpt":"93% THC per ml","_links":{"self":[{"href":"https:\/\/pressurezone.shop\/pl\/wp-json\/wp\/v2\/product\/3216"}],"collection":[{"href":"https:\/\/pressurezone.shop\/pl\/wp-json\/wp\/v2\/product"}],"about":[{"href":"https:\/\/pressurezone.shop\/pl\/wp-json\/wp\/v2\/types\/product"}],"replies":[{"embeddable":true,"href":"https:\/\/pressurezone.shop\/pl\/wp-json\/wp\/v2\/comments?post=3216"}],"version-history":[{"count":3,"href":"https:\/\/pressurezone.shop\/pl\/wp-json\/wp\/v2\/product\/3216\/revisions"}],"predecessor-version":[{"id":4098,"href":"https:\/\/pressurezone.shop\/pl\/wp-json\/wp\/v2\/product\/3216\/revisions\/4098"}],"wp:featuredmedia":[{"embeddable":true,"href":"https:\/\/pressurezone.shop\/pl\/wp-json\/wp\/v2\/media\/3285"}],"wp:attachment":[{"href":"https:\/\/pressurezone.shop\/pl\/wp-json\/wp\/v2\/media?parent=3216"}],"wp:term":[{"taxonomy":"product_brand","embeddable":true,"href":"https:\/\/pressurezone.shop\/pl\/wp-json\/wp\/v2\/product_brand?post=3216"},{"taxonomy":"product_cat","embeddable":true,"href":"https:\/\/pressurezone.shop\/pl\/wp-json\/wp\/v2\/product_cat?post=3216"},{"taxonomy":"product_tag","embeddable":true,"href":"https:\/\/pressurezone.shop\/pl\/wp-json\/wp\/v2\/product_tag?post=3216"}],"curies":[{"name":"wp","href":"https:\/\/api.w.org\/{rel}","templated":true}]}}