{"id":3217,"date":"2024-10-11T00:55:39","date_gmt":"2024-10-10T22:55:39","guid":{"rendered":"https:\/\/pressurezone.shop\/?post_type=product&#038;p=3217"},"modified":"2024-11-04T01:28:58","modified_gmt":"2024-11-04T00:28:58","slug":"original-glue-gg4-strain-thc-distillate","status":"publish","type":"product","link":"https:\/\/pressurezone.shop\/pl\/produkt\/oryginalny-klej-gg4-szczep-thc-destylat\/","title":{"rendered":"Odmiana Original Glue (GG#4) - destylat THC"},"content":{"rendered":"<div class=\"flex-shrink-0 flex flex-col relative items-end\">\n<div>\n<div class=\"pt-0\">\n<div class=\"gizmo-bot-avatar flex h-8 w-8 items-center justify-center overflow-hidden rounded-full\">\n<div class=\"relative p-1 rounded-sm flex items-center justify-center bg-token-main-surface-primary text-token-text-primary h-8 w-8\"><\/div>\n<\/div>\n<\/div>\n<\/div>\n<\/div>\n<div class=\"group\/conversation-turn relative flex w-full min-w-0 flex-col agent-turn\">\n<div class=\"flex-col gap-1 md:gap-3\">\n<div class=\"flex max-w-full flex-col flex-grow\">\n<div class=\"min-h-8 text-message flex w-full flex-col items-end gap-2 whitespace-normal break-words [.text-message+&amp;]:mt-5\" dir=\"auto\" data-message-author-role=\"assistant\" data-message-id=\"1a353428-6139-4f78-b362-28a30cd23000\" data-message-model-slug=\"gpt-4o\">\n<div class=\"flex w-full flex-col gap-1 empty:hidden first:pt-[3px]\">\n<div class=\"markdown prose w-full break-words dark:prose-invert light\">\n<h3><strong>Kup szczep Original Glue (GG#4) - destylat THC online w Europie pod adresem <a href=\"https:\/\/pressurezone.shop\/pl\/\" target=\"_new\" rel=\"noopener\">Sklep ze strefami ci\u015bnieniowymi<\/a><\/strong><\/h3>\n<p>Odkryj <strong>Odmiana Original Glue (GG#4) - destylat THC<\/strong>znany r\u00f3wnie\u017c jako <strong>Klej Gorilla Glue #4<\/strong>destylat THC o dominuj\u0105cym smaku indica, wytwarzany przez krzy\u017cowanie szczep\u00f3w <strong>Siostra Chema<\/strong>, <strong>Sour Dubb<\/strong> i <strong>Czekoladowy Diesel<\/strong>. Ten pot\u0119\u017cny destylat jest ceniony za swoje relaksuj\u0105ce i uspokajaj\u0105ce dzia\u0142anie, oferuj\u0105c stopniowy wzrost dobrego samopoczucia, idealny do relaksu po d\u0142ugim dniu.<\/p>\n<h3>Dlaczego warto wybra\u0107 destylat THC Original Glue (GG#4)?<\/h3>\n<p>Le <strong>Original Glue (GG#4) Destylat THC<\/strong> wyr\u00f3\u017cnia si\u0119 zdolno\u015bci\u0105 do wywo\u0142ywania g\u0142\u0119bokiego fizycznego relaksu i euforycznego haju. Destylat ten jest idealny dla u\u017cytkownik\u00f3w poszukuj\u0105cych intensywnego relaksu z lepkim efektem, kt\u00f3ry dos\u0142ownie przykuwa do fotela, oferuj\u0105c koj\u0105cy, d\u0142ugotrwa\u0142y komfort.<a href=\"https:\/\/fuelpackz.com\/\" target=\"_blank\" rel=\"noopener\">.<\/a><\/p>\n<ul>\n<li><strong>Typ<\/strong> Hybryda z dominacj\u0105 Indica<\/li>\n<li><strong>Pochodzenie<\/strong> Krzy\u017c\u00f3wka Chem's Sister, Sour Dubb i Chocolate Diesel<\/li>\n<\/ul>\n<h3>Efekty i korzy\u015bci p\u0142yn\u0105ce ze stosowania destylatu THC Original Glue (GG#4)<\/h3>\n<p>Le <strong>Original Glue (GG#4) Destylat THC<\/strong> oferuje stopniowe narastanie dobrego samopoczucia psychicznego i odpr\u0119\u017cenia cia\u0142a. Efekt zaczyna si\u0119 od \u0142agodnej euforii, uspokajaj\u0105cej umys\u0142, a nast\u0119pnie przekszta\u0142ca si\u0119 w intensywny haj fizyczny, kt\u00f3ry \u0142agodzi napi\u0119cie mi\u0119\u015bni i zach\u0119ca do relaksu.<\/p>\n<ul>\n<li><strong>Efekty<\/strong> Haj cia\u0142a, euforia, g\u0142\u0119boki relaks, senno\u015b\u0107<\/li>\n<li><strong>Idealny dla<\/strong> Przewlek\u0142y b\u00f3l, depresja, bezsenno\u015b\u0107, skurcze mi\u0119\u015bni<\/li>\n<\/ul>\n<h3>Stany \u0142agodzone przez Original Glue (GG#4) destylat z konopi indyjskich<\/h3>\n<p>Dzi\u0119ki wysokiej zawarto\u015bci THC <strong>Original Glue (GG#4) Destylat THC<\/strong> jest cz\u0119sto zalecany w celu z\u0142agodzenia r\u00f3\u017cnych dolegliwo\u015bci:<\/p>\n<ul>\n<li><strong>Przewlek\u0142y b\u00f3l i skurcze mi\u0119\u015bni<\/strong> Zapewnia trwa\u0142\u0105 ulg\u0119 w b\u00f3lu fizycznym i napi\u0119ciu.<\/li>\n<li><strong>Bezsenno\u015b\u0107<\/strong> Wspomaga g\u0142\u0119boki relaks i spokojny sen.<\/li>\n<li><strong>Depresja i stany l\u0119kowe<\/strong> Zapewnia poczucie spokoju i dobrego samopoczucia.<\/li>\n<\/ul>\n<h3>Smaki i aromaty destylatu THC Original Glue (GG#4)<\/h3>\n<p>Le <strong>Original Glue (GG#4) Destylat THC<\/strong> uwodzi wyj\u0105tkowymi smakami <strong>czekolada<\/strong>, <strong>olej nap\u0119dowy<\/strong>i odrobin\u0105 sosny. Jego aromat jest ziemisty, z nutami <strong>chemiczny<\/strong>, <strong>zalesiony<\/strong> i <strong>kwa\u015bny<\/strong>tworz\u0105c pot\u0119\u017cne i niezapomniane doznania zapachowe.<\/p>\n<ul>\n<li><strong>Smaki<\/strong> Chemiczny, Czekolada, Diesel, Sosna<\/li>\n<li><strong>Zapachy<\/strong> Chemiczny, Diesel, ziemisty, kwa\u015bny, drzewny<\/li>\n<\/ul>\n<h3>Stosowanie i dawkowanie destylatu THC Original Glue (GG#4)<\/h3>\n<p>Zaprojektowany dla do\u015bwiadczonych u\u017cytkownik\u00f3w <strong>Original Glue (GG#4) Destylat THC<\/strong> jest niezwykle silna i nadaje si\u0119 do spo\u017cywania metodami takimi jak waporyzacja, dabbing lub dodawanie do produkt\u00f3w spo\u017cywczych. Przy pierwszym u\u017cyciu nale\u017cy zacz\u0105\u0107 od niskiej dawki i stopniowo j\u0105 zwi\u0119ksza\u0107, aby oceni\u0107 swoj\u0105 tolerancj\u0119.<\/p>\n<h3>Zam\u00f3w Original Glue (GG#4) Szczep - Destylat THC online od Pressure Zone Shop<\/h3>\n<p>Gotowy do odkrycia intensywnego relaksu <strong>Original Glue (GG#4) Destylat THC<\/strong> ? Zam\u00f3w teraz na <a href=\"https:\/\/pressurezone.shop\/pl\/\" target=\"_new\" rel=\"noopener\">Sklep ze strefami ci\u015bnieniowymi<\/a> zapewnia wyj\u0105tkowe doznania zwi\u0105zane z konopiami indyjskimi, idealne do rozlu\u017anienia mi\u0119\u015bni i z\u0142agodzenia stresu. <strong>Oryginalny klej (GG#4)<\/strong> to idealny wyb\u00f3r do g\u0142\u0119bokiego, koj\u0105cego relaksu.<\/p>\n<\/div>\n<\/div>\n<\/div>\n<\/div>\n<\/div>\n<\/div>","protected":false},"excerpt":{"rendered":"<p>Achetez le Original Glue (GG#4) Strain \u2013 THC Distillate en Ligne en Europe sur Pressure Zone Shop D\u00e9couvrez le Original Glue (GG#4) Strain \u2013 THC Distillate, \u00e9galement connu sous le nom de Gorilla Glue #4, un distillat de THC \u00e0 dominance indica, issu du croisement des souches Chem\u2019s Sister, Sour Dubb et Chocolate Diesel. Ce [&hellip;]<\/p>","protected":false},"featured_media":3287,"comment_status":"closed","ping_status":"closed","template":"","meta":{"_uag_custom_page_level_css":"","site-sidebar-layout":"default","site-content-layout":"","ast-site-content-layout":"default","site-content-style":"default","site-sidebar-style":"default","ast-global-header-display":"","ast-banner-title-visibility":"","ast-main-header-display":"","ast-hfb-above-header-display":"","ast-hfb-below-header-display":"","ast-hfb-mobile-header-display":"","site-post-title":"","ast-breadcrumbs-content":"","ast-featured-img":"","footer-sml-layout":"","theme-transparent-header-meta":"default","adv-header-id-meta":"","stick-header-meta":"","header-above-stick-meta":"","header-main-stick-meta":"","header-below-stick-meta":"","astra-migrate-meta-layouts":"set","ast-page-background-enabled":"default","ast-page-background-meta":{"desktop":{"background-color":"","background-image":"","background-repeat":"repeat","background-position":"center center","background-size":"auto","background-attachment":"scroll","background-type":"","background-media":"","overlay-type":"","overlay-color":"","overlay-opacity":"","overlay-gradient":""},"tablet":{"background-color":"","background-image":"","background-repeat":"repeat","background-position":"center center","background-size":"auto","background-attachment":"scroll","background-type":"","background-media":"","overlay-type":"","overlay-color":"","overlay-opacity":"","overlay-gradient":""},"mobile":{"background-color":"","background-image":"","background-repeat":"repeat","background-position":"center center","background-size":"auto","background-attachment":"scroll","background-type":"","background-media":"","overlay-type":"","overlay-color":"","overlay-opacity":"","overlay-gradient":""}},"ast-content-background-meta":{"desktop":{"background-color":"var(--ast-global-color-5)","background-image":"","background-repeat":"repeat","background-position":"center center","background-size":"auto","background-attachment":"scroll","background-type":"","background-media":"","overlay-type":"","overlay-color":"","overlay-opacity":"","overlay-gradient":""},"tablet":{"background-color":"var(--ast-global-color-5)","background-image":"","background-repeat":"repeat","background-position":"center center","background-size":"auto","background-attachment":"scroll","background-type":"","background-media":"","overlay-type":"","overlay-color":"","overlay-opacity":"","overlay-gradient":""},"mobile":{"background-color":"var(--ast-global-color-5)","background-image":"","background-repeat":"repeat","background-position":"center center","background-size":"auto","background-attachment":"scroll","background-type":"","background-media":"","overlay-type":"","overlay-color":"","overlay-opacity":"","overlay-gradient":""}}},"product_brand":[],"product_cat":[334,367],"product_tag":[372,387,378,379,380],"class_list":{"0":"post-3217","1":"product","2":"type-product","3":"status-publish","4":"has-post-thumbnail","6":"product_cat-concentres-de-marijuana","7":"product_cat-thc-distillates","8":"product_tag-1ml-cannabis-oil-distillates-for-sale-europe","9":"product_tag-buy-original-glue-gg4-strain-thc-distillate-online-germany","10":"product_tag-cannabis-distillates-for-sale-uk","11":"product_tag-order-thc-distillates-europe","12":"product_tag-shop-1g-distillates-online","13":"desktop-align-left","14":"tablet-align-left","15":"mobile-align-left","17":"first","18":"instock","19":"shipping-taxable","20":"purchasable","21":"product-type-simple"},"uagb_featured_image_src":{"full":["https:\/\/pressurezone.shop\/wp-content\/uploads\/2024\/10\/Original-Glue-GG4-Strain-\u2013-THC-Distillate.webp",2560,1707,false],"thumbnail":["https:\/\/pressurezone.shop\/wp-content\/uploads\/2024\/10\/Original-Glue-GG4-Strain-\u2013-THC-Distillate-150x150.webp",150,150,true],"medium":["https:\/\/pressurezone.shop\/wp-content\/uploads\/2024\/10\/Original-Glue-GG4-Strain-\u2013-THC-Distillate-300x200.webp",300,200,true],"medium_large":["https:\/\/pressurezone.shop\/wp-content\/uploads\/2024\/10\/Original-Glue-GG4-Strain-\u2013-THC-Distillate-768x512.webp",768,512,true],"large":["https:\/\/pressurezone.shop\/wp-content\/uploads\/2024\/10\/Original-Glue-GG4-Strain-\u2013-THC-Distillate-1024x683.webp",1024,683,true],"1536x1536":["https:\/\/pressurezone.shop\/wp-content\/uploads\/2024\/10\/Original-Glue-GG4-Strain-\u2013-THC-Distillate-1536x1024.webp",1536,1024,true],"2048x2048":["https:\/\/pressurezone.shop\/wp-content\/uploads\/2024\/10\/Original-Glue-GG4-Strain-\u2013-THC-Distillate-2048x1366.webp",2048,1366,true],"trp-custom-language-flag":["https:\/\/pressurezone.shop\/wp-content\/uploads\/2024\/10\/Original-Glue-GG4-Strain-\u2013-THC-Distillate-18x12.webp",18,12,true],"woocommerce_thumbnail":["https:\/\/pressurezone.shop\/wp-content\/uploads\/2024\/10\/Original-Glue-GG4-Strain-\u2013-THC-Distillate-300x300.webp",300,300,true],"woocommerce_single":["https:\/\/pressurezone.shop\/wp-content\/uploads\/2024\/10\/Original-Glue-GG4-Strain-\u2013-THC-Distillate-600x400.webp",600,400,true],"woocommerce_gallery_thumbnail":["https:\/\/pressurezone.shop\/wp-content\/uploads\/2024\/10\/Original-Glue-GG4-Strain-\u2013-THC-Distillate-100x100.webp",100,100,true]},"uagb_author_info":{"display_name":"pressurezone.shop","author_link":"https:\/\/pressurezone.shop\/pl\/author\/"},"uagb_comment_info":0,"uagb_excerpt":"Achetez le Original Glue (GG#4) Strain \u2013 THC Distillate en Ligne en Europe sur Pressure Zone Shop D\u00e9couvrez le Original Glue (GG#4) Strain \u2013 THC Distillate, \u00e9galement connu sous le nom de Gorilla Glue #4, un distillat de THC \u00e0 dominance indica, issu du croisement des souches Chem\u2019s Sister, Sour Dubb et Chocolate Diesel. Ce&hellip;","_links":{"self":[{"href":"https:\/\/pressurezone.shop\/pl\/wp-json\/wp\/v2\/product\/3217"}],"collection":[{"href":"https:\/\/pressurezone.shop\/pl\/wp-json\/wp\/v2\/product"}],"about":[{"href":"https:\/\/pressurezone.shop\/pl\/wp-json\/wp\/v2\/types\/product"}],"replies":[{"embeddable":true,"href":"https:\/\/pressurezone.shop\/pl\/wp-json\/wp\/v2\/comments?post=3217"}],"version-history":[{"count":3,"href":"https:\/\/pressurezone.shop\/pl\/wp-json\/wp\/v2\/product\/3217\/revisions"}],"predecessor-version":[{"id":4096,"href":"https:\/\/pressurezone.shop\/pl\/wp-json\/wp\/v2\/product\/3217\/revisions\/4096"}],"wp:featuredmedia":[{"embeddable":true,"href":"https:\/\/pressurezone.shop\/pl\/wp-json\/wp\/v2\/media\/3287"}],"wp:attachment":[{"href":"https:\/\/pressurezone.shop\/pl\/wp-json\/wp\/v2\/media?parent=3217"}],"wp:term":[{"taxonomy":"product_brand","embeddable":true,"href":"https:\/\/pressurezone.shop\/pl\/wp-json\/wp\/v2\/product_brand?post=3217"},{"taxonomy":"product_cat","embeddable":true,"href":"https:\/\/pressurezone.shop\/pl\/wp-json\/wp\/v2\/product_cat?post=3217"},{"taxonomy":"product_tag","embeddable":true,"href":"https:\/\/pressurezone.shop\/pl\/wp-json\/wp\/v2\/product_tag?post=3217"}],"curies":[{"name":"wp","href":"https:\/\/api.w.org\/{rel}","templated":true}]}}