{"id":3218,"date":"2024-10-11T00:55:39","date_gmt":"2024-10-10T22:55:39","guid":{"rendered":"https:\/\/pressurezone.shop\/?post_type=product&#038;p=3218"},"modified":"2024-11-17T00:33:01","modified_gmt":"2024-11-16T23:33:01","slug":"hindu-kush-strain-budder","status":"publish","type":"product","link":"https:\/\/pressurezone.shop\/pl\/produkt\/hindu-kush-szczep-budder\/","title":{"rendered":"Hindu Kush Strain Budder"},"content":{"rendered":"<h3><strong>Kup Hindu Kush Strain Weed Budder Indica online w Europie<\/strong><\/h3>\n<p>Zanurz si\u0119 w koj\u0105cych i relaksuj\u0105cych efektach <strong>Hindu Kush Strain Weed Budder<\/strong>Czysta odmiana Indica 100 % pochodz\u0105ca z surowych g\u00f3r Pakistanu i Afganistanu. Znana na ca\u0142ym \u015bwiecie ze swoich <strong>Klasyczne efekty Indica<\/strong>Ta odmiana jest idealna do relaksu w spokojny dzie\u0144 lub cieszenia si\u0119 spokojnym snem.<\/p>\n<hr \/>\n<h3><strong>Dlaczego warto wybra\u0107 Hindu Kush Strain Budder?<\/strong><\/h3>\n<h4><strong>Efekty<\/strong><\/h4>\n<ul>\n<li><strong>Euforyczny spok\u00f3j<\/strong> Rozprasza stresuj\u0105ce i negatywne my\u015bli.<\/li>\n<li><strong>Relaks i sen<\/strong> Zapewnia g\u0142\u0119boki relaks i promuje spokojny sen.<\/li>\n<li><strong>Serenity Couch-Lock<\/strong> Wprowadza u\u017cytkownika w stan ca\u0142kowitego uspokojenia na wiele godzin.<\/li>\n<\/ul>\n<h4><strong>\u015awiadczenia medyczne<\/strong><\/h4>\n<p>Dzi\u0119ki pot\u0119\u017cnym efektom i <strong>wysoki poziom THC (22-32 %)<\/strong>Hindu Kush Budder jest idealny do leczenia wielu zaburze\u0144, w tym :<\/p>\n<ul>\n<li><strong>Przewlek\u0142y b\u00f3l i skurcze mi\u0119\u015bni<\/strong> \u0141agodzi napi\u0119cie i b\u00f3l.<\/li>\n<li><strong>Bezsenno\u015b\u0107 i pobudzenie<\/strong> Zach\u0119ca do spokojnego, nieprzerwanego snu.<\/li>\n<li><strong>Nudno\u015bci i utrata apetytu<\/strong> Pobudza apetyt i \u0142agodzi nudno\u015bci.<\/li>\n<li><strong>IBS i stres<\/strong> \u0141agodzi dolegliwo\u015bci \u017co\u0142\u0105dkowo-jelitowe i uspokaja umys\u0142<a href=\"https:\/\/fuelpackz.com\/\" target=\"_blank\" rel=\"noopener\">.<\/a><\/li>\n<\/ul>\n<hr \/>\n<h3><strong>Profil smaku i aromatu<\/strong><\/h3>\n<h4><strong>Smaki<\/strong><\/h4>\n<ul>\n<li><strong>Zio\u0142owe i zalesione<\/strong> Ziemista, skunksowa baza ze s\u0142odkim, kwiatowym akcentem.<\/li>\n<li><strong>Pikantna cytryna i sosna<\/strong> Pyszne nuty cytryny i pikantnej sosny z ka\u017cdym zaci\u0105gni\u0119ciem.<\/li>\n<\/ul>\n<h4><strong>Zapachy<\/strong><\/h4>\n<ul>\n<li><strong>Ziemisty i pachn\u0105cy<\/strong> Mocny aromat z kwiatowymi akcentami.<\/li>\n<li><strong>\u015awie\u017ce zio\u0142a i pikantna sosna<\/strong> Mieszanka \u015bwie\u017cych zi\u00f3\u0142 z subteln\u0105 nut\u0105 drzewn\u0105.<\/li>\n<\/ul>\n<hr \/>\n<h3><strong>Jak dzia\u0142a Hindu Kush Budder?<\/strong><\/h3>\n<p>Le <strong>Hindukusz wysoki<\/strong> rozpoczyna si\u0119 \u0142agodnie, stopniowo przenikaj\u0105c umys\u0142 i cia\u0142o. Pojawia si\u0119 euforia, \u0142agodz\u0105c stres psychiczny i ust\u0119puj\u0105c miejsca b\u0142ogiej mgle. Nast\u0119pnie nast\u0119puje g\u0142\u0119bokie rozlu\u017anienie cia\u0142a, unieruchomienie i pogr\u0105\u017cenie si\u0119 w spokojnym \u015bnie.<\/p>\n<hr \/>\n<h3><strong>Dlaczego warto kupowa\u0107 w PressureZone.Shop?<\/strong><\/h3>\n<p>Przy <strong><a href=\"https:\/\/pressurezone.shop\/pl\/\" target=\"_new\" rel=\"noopener\">PressureZone.Shop<\/a><\/strong>Z dum\u0105 oferujemy najwy\u017cszej jako\u015bci koncentraty konopi indyjskich, w tym <strong>Hindu Kush Strain Budder<\/strong>. Dzi\u0119ki szybkiej, dyskretnej dostawie na terenie ca\u0142ej Europy mo\u017cesz cieszy\u0107 si\u0119 najwy\u017cszej klasy produktami z konopi indyjskich z pe\u0142nym zaufaniem.<\/p>\n<hr \/>\n<h3><strong>Jak cieszy\u0107 si\u0119 Hindu Kush Strain Budder?<\/strong><\/h3>\n<ol>\n<li><strong>Dab<\/strong> U\u017cyj zestawu dab, aby uzyska\u0107 mocne i smaczne doznania.<\/li>\n<li><strong>Spray<\/strong> Dodaj go do kompatybilnej butelki z rozpylaczem, aby uzyska\u0107 delikatn\u0105, czyst\u0105 inhalacj\u0119.<\/li>\n<li><strong>Wzmocnij sw\u00f3j staw<\/strong> Posyp nim kwiaty konopi, aby wzmocni\u0107 efekt.<\/li>\n<\/ol>","protected":false},"excerpt":{"rendered":"<p>Achetez Hindu Kush Strain Weed Budder Indica en Ligne en Europe Plongez dans les effets apaisants et relaxants du Hindu Kush Strain Weed Budder, une vari\u00e9t\u00e9 100 % indica pure originaire des montagnes accident\u00e9es du Pakistan et de l\u2019Afghanistan. Connue mondialement pour ses effets indica classiques, cette vari\u00e9t\u00e9 est parfaite pour se d\u00e9tendre lors de [&hellip;]<\/p>","protected":false},"featured_media":3292,"comment_status":"closed","ping_status":"closed","template":"","meta":{"_uag_custom_page_level_css":"","site-sidebar-layout":"default","site-content-layout":"","ast-site-content-layout":"default","site-content-style":"default","site-sidebar-style":"default","ast-global-header-display":"","ast-banner-title-visibility":"","ast-main-header-display":"","ast-hfb-above-header-display":"","ast-hfb-below-header-display":"","ast-hfb-mobile-header-display":"","site-post-title":"","ast-breadcrumbs-content":"","ast-featured-img":"","footer-sml-layout":"","theme-transparent-header-meta":"default","adv-header-id-meta":"","stick-header-meta":"","header-above-stick-meta":"","header-main-stick-meta":"","header-below-stick-meta":"","astra-migrate-meta-layouts":"set","ast-page-background-enabled":"default","ast-page-background-meta":{"desktop":{"background-color":"","background-image":"","background-repeat":"repeat","background-position":"center center","background-size":"auto","background-attachment":"scroll","background-type":"","background-media":"","overlay-type":"","overlay-color":"","overlay-opacity":"","overlay-gradient":""},"tablet":{"background-color":"","background-image":"","background-repeat":"repeat","background-position":"center center","background-size":"auto","background-attachment":"scroll","background-type":"","background-media":"","overlay-type":"","overlay-color":"","overlay-opacity":"","overlay-gradient":""},"mobile":{"background-color":"","background-image":"","background-repeat":"repeat","background-position":"center center","background-size":"auto","background-attachment":"scroll","background-type":"","background-media":"","overlay-type":"","overlay-color":"","overlay-opacity":"","overlay-gradient":""}},"ast-content-background-meta":{"desktop":{"background-color":"var(--ast-global-color-5)","background-image":"","background-repeat":"repeat","background-position":"center center","background-size":"auto","background-attachment":"scroll","background-type":"","background-media":"","overlay-type":"","overlay-color":"","overlay-opacity":"","overlay-gradient":""},"tablet":{"background-color":"var(--ast-global-color-5)","background-image":"","background-repeat":"repeat","background-position":"center center","background-size":"auto","background-attachment":"scroll","background-type":"","background-media":"","overlay-type":"","overlay-color":"","overlay-opacity":"","overlay-gradient":""},"mobile":{"background-color":"var(--ast-global-color-5)","background-image":"","background-repeat":"repeat","background-position":"center center","background-size":"auto","background-attachment":"scroll","background-type":"","background-media":"","overlay-type":"","overlay-color":"","overlay-opacity":"","overlay-gradient":""}}},"product_brand":[],"product_cat":[388,334],"product_tag":[389,390,391,392],"class_list":{"0":"post-3218","1":"product","2":"type-product","3":"status-publish","4":"has-post-thumbnail","6":"product_cat-cannabis-budder","7":"product_cat-concentres-de-marijuana","8":"product_tag-buy-budder-online-cheap","9":"product_tag-buy-marijuana-budder-eu","10":"product_tag-order-hindu-kush-strain-weed-budder-indica-europe","11":"product_tag-order-thc-budder-europe","12":"desktop-align-left","13":"tablet-align-left","14":"mobile-align-left","16":"first","17":"instock","18":"shipping-taxable","19":"purchasable","20":"product-type-variable"},"uagb_featured_image_src":{"full":["https:\/\/pressurezone.shop\/wp-content\/uploads\/2024\/10\/Hindu-Kush-Strain-Weed-Budder-Indica.webp",2048,1365,false],"thumbnail":["https:\/\/pressurezone.shop\/wp-content\/uploads\/2024\/10\/Hindu-Kush-Strain-Weed-Budder-Indica-150x150.webp",150,150,true],"medium":["https:\/\/pressurezone.shop\/wp-content\/uploads\/2024\/10\/Hindu-Kush-Strain-Weed-Budder-Indica-300x200.webp",300,200,true],"medium_large":["https:\/\/pressurezone.shop\/wp-content\/uploads\/2024\/10\/Hindu-Kush-Strain-Weed-Budder-Indica-768x512.webp",768,512,true],"large":["https:\/\/pressurezone.shop\/wp-content\/uploads\/2024\/10\/Hindu-Kush-Strain-Weed-Budder-Indica-1024x683.webp",1024,683,true],"1536x1536":["https:\/\/pressurezone.shop\/wp-content\/uploads\/2024\/10\/Hindu-Kush-Strain-Weed-Budder-Indica-1536x1024.webp",1536,1024,true],"2048x2048":["https:\/\/pressurezone.shop\/wp-content\/uploads\/2024\/10\/Hindu-Kush-Strain-Weed-Budder-Indica.webp",2048,1365,false],"trp-custom-language-flag":["https:\/\/pressurezone.shop\/wp-content\/uploads\/2024\/10\/Hindu-Kush-Strain-Weed-Budder-Indica-18x12.webp",18,12,true],"woocommerce_thumbnail":["https:\/\/pressurezone.shop\/wp-content\/uploads\/2024\/10\/Hindu-Kush-Strain-Weed-Budder-Indica-300x300.webp",300,300,true],"woocommerce_single":["https:\/\/pressurezone.shop\/wp-content\/uploads\/2024\/10\/Hindu-Kush-Strain-Weed-Budder-Indica-600x400.webp",600,400,true],"woocommerce_gallery_thumbnail":["https:\/\/pressurezone.shop\/wp-content\/uploads\/2024\/10\/Hindu-Kush-Strain-Weed-Budder-Indica-100x100.webp",100,100,true]},"uagb_author_info":{"display_name":"pressurezone.shop","author_link":"https:\/\/pressurezone.shop\/pl\/author\/"},"uagb_comment_info":0,"uagb_excerpt":"Achetez Hindu Kush Strain Weed Budder Indica en Ligne en Europe Plongez dans les effets apaisants et relaxants du Hindu Kush Strain Weed Budder, une vari\u00e9t\u00e9 100 % indica pure originaire des montagnes accident\u00e9es du Pakistan et de l\u2019Afghanistan. Connue mondialement pour ses effets indica classiques, cette vari\u00e9t\u00e9 est parfaite pour se d\u00e9tendre lors de&hellip;","_links":{"self":[{"href":"https:\/\/pressurezone.shop\/pl\/wp-json\/wp\/v2\/product\/3218"}],"collection":[{"href":"https:\/\/pressurezone.shop\/pl\/wp-json\/wp\/v2\/product"}],"about":[{"href":"https:\/\/pressurezone.shop\/pl\/wp-json\/wp\/v2\/types\/product"}],"replies":[{"embeddable":true,"href":"https:\/\/pressurezone.shop\/pl\/wp-json\/wp\/v2\/comments?post=3218"}],"version-history":[{"count":3,"href":"https:\/\/pressurezone.shop\/pl\/wp-json\/wp\/v2\/product\/3218\/revisions"}],"predecessor-version":[{"id":4618,"href":"https:\/\/pressurezone.shop\/pl\/wp-json\/wp\/v2\/product\/3218\/revisions\/4618"}],"wp:featuredmedia":[{"embeddable":true,"href":"https:\/\/pressurezone.shop\/pl\/wp-json\/wp\/v2\/media\/3292"}],"wp:attachment":[{"href":"https:\/\/pressurezone.shop\/pl\/wp-json\/wp\/v2\/media?parent=3218"}],"wp:term":[{"taxonomy":"product_brand","embeddable":true,"href":"https:\/\/pressurezone.shop\/pl\/wp-json\/wp\/v2\/product_brand?post=3218"},{"taxonomy":"product_cat","embeddable":true,"href":"https:\/\/pressurezone.shop\/pl\/wp-json\/wp\/v2\/product_cat?post=3218"},{"taxonomy":"product_tag","embeddable":true,"href":"https:\/\/pressurezone.shop\/pl\/wp-json\/wp\/v2\/product_tag?post=3218"}],"curies":[{"name":"wp","href":"https:\/\/api.w.org\/{rel}","templated":true}]}}