{"id":3219,"date":"2024-10-11T00:55:39","date_gmt":"2024-10-10T22:55:39","guid":{"rendered":"https:\/\/pressurezone.shop\/?post_type=product&#038;p=3219"},"modified":"2024-11-17T00:27:51","modified_gmt":"2024-11-16T23:27:51","slug":"pina-colada-strain-budder-hybrid","status":"publish","type":"product","link":"https:\/\/pressurezone.shop\/pl\/produkt\/pina-colada-szczep-budder-hybryda\/","title":{"rendered":"Pina Colada Strain Budder Hybrid"},"content":{"rendered":"<div class=\"flex-shrink-0 flex flex-col relative items-end\">\n<div>\n<div class=\"pt-0\">\n<div class=\"gizmo-bot-avatar flex h-8 w-8 items-center justify-center overflow-hidden rounded-full\">\n<div class=\"relative p-1 rounded-sm flex items-center justify-center bg-token-main-surface-primary text-token-text-primary h-8 w-8\"><\/div>\n<\/div>\n<\/div>\n<\/div>\n<\/div>\n<div class=\"group\/conversation-turn relative flex w-full min-w-0 flex-col agent-turn\">\n<div class=\"flex-col gap-1 md:gap-3\">\n<div class=\"flex max-w-full flex-col flex-grow\">\n<div class=\"min-h-8 text-message flex w-full flex-col items-end gap-2 whitespace-normal break-words [.text-message+&amp;]:mt-5\" dir=\"auto\" data-message-author-role=\"assistant\" data-message-id=\"7a87f0b2-bbd0-4e25-962a-a6fe45b81177\" data-message-model-slug=\"gpt-4o\">\n<div class=\"flex w-full flex-col gap-1 empty:hidden first:pt-[3px]\">\n<div class=\"markdown prose w-full break-words dark:prose-invert light\">\n<h3><strong>Kup hybryd\u0119 Pina Colada Strain Budder online w Europie<\/strong><\/h3>\n<p>Odkryj wyj\u0105tkowe doznania zwi\u0105zane z konopiami indyjskimi dzi\u0119ki <strong>Pina Colada Strain Budder Hybrid<\/strong>Doskonale zbalansowana hybryda (50% indica\/50% sativa) s\u0142yn\u0105ca z tropikalnych smak\u00f3w i stymuluj\u0105cych efekt\u00f3w. Krzy\u017c\u00f3wka klasycznych odmian <strong>Banana Kush X Starburst Bubba<\/strong>Ten p\u0105czek oferuje harmonijne po\u0142\u0105czenie mentalnej euforii i fizycznego relaksu.<\/p>\n<hr \/>\n<h3><strong>Dlaczego warto wybra\u0107 Pina Colada Strain Budder?<\/strong><\/h3>\n<h4><strong>Efekty<\/strong><\/h4>\n<ul>\n<li><strong>Euforia i szcz\u0119\u015bcie<\/strong> Natychmiast poprawia nastr\u00f3j i nape\u0142nia energi\u0105.<\/li>\n<li><strong>O\u017cywcze doznania<\/strong> Zwalcza stres i motywuje do podejmowania wyzwa\u0144.<\/li>\n<\/ul>\n<h4><strong>\u015awiadczenia medyczne<\/strong><\/h4>\n<p>To <strong>Koncentrat Pina Colada Budder<\/strong> to wszechstronne rozwi\u0105zanie do r\u00f3\u017cnych warunk\u00f3w, takich jak :<\/p>\n<ul>\n<li><strong>Chroniczne zm\u0119czenie<\/strong> Ponownie pobudza cia\u0142o i oczyszcza umys\u0142.<\/li>\n<li><strong>Depresja i stany l\u0119kowe<\/strong> Promuje pozytywny nastr\u00f3j i zmniejsza stres.<\/li>\n<li><strong>B\u00f3le g\u0142owy i migreny<\/strong> Skuteczna ulga w uporczywym b\u00f3lu<a href=\"https:\/\/fuelpackz.com\/\" target=\"_blank\" rel=\"noopener\">.<\/a><\/li>\n<li><strong>Zapalenie i skurcze mi\u0119\u015bni<\/strong> \u0141agodzi napi\u0119cie mi\u0119\u015bni i zmniejsza stan zapalny.<\/li>\n<\/ul>\n<hr \/>\n<h3><strong>Profil smaku i aromatu<\/strong><\/h3>\n<h4><strong>Smaki<\/strong><\/h4>\n<ul>\n<li><strong>Cytrusy i ananas<\/strong> S\u0142odka i pikantna tropikalna eksplozja.<\/li>\n<li><strong>Pikantny i gorzki<\/strong> Zr\u00f3wnowa\u017cona z\u0142o\u017cono\u015b\u0107 z odrobin\u0105 pikanterii.<\/li>\n<li><strong>Tropikalny i delikatny<\/strong> Pyszny ko\u0144cowy smak przypominaj\u0105cy egzotyczny koktajl.<\/li>\n<\/ul>\n<h4><strong>Zapachy<\/strong><\/h4>\n<ul>\n<li><strong>Ananas i cytrusy<\/strong> Orze\u017awiaj\u0105ce tropikalne zapachy.<\/li>\n<li><strong>Ziemisty i trawiasty<\/strong> Dodaje g\u0142\u0119bi aromatycznym doznaniom.<\/li>\n<\/ul>\n<hr \/>\n<h3><strong>Moc i sk\u0142ad<\/strong><\/h3>\n<p>Le <strong>Pina Colada Strain Budder Hybrid<\/strong> oferuje stawk\u0119 <strong>15 do 23% THC<\/strong> i umiarkowany <strong>1 do 2% CBD<\/strong>Idealny dla zr\u00f3wnowa\u017conego do\u015bwiadczenia, odpowiedni zar\u00f3wno dla u\u017cytkownik\u00f3w rekreacyjnych, jak i medycznych. Natychmiastowe efekty m\u00f3zgowe sprawiaj\u0105, \u017ce jest to idealny wyb\u00f3r do stosowania w ci\u0105gu dnia.<\/p>\n<hr \/>\n<h3><strong>Jak stosowa\u0107 Pina Colada Strain Budder<\/strong><\/h3>\n<ol>\n<li><strong>Dabbing<\/strong> Ciesz si\u0119 pe\u0142n\u0105 gam\u0105 smak\u00f3w i efekt\u00f3w dzi\u0119ki zestawowi dab.<\/li>\n<li><strong>Odparowanie<\/strong> Ciesz si\u0119 s\u0142odk\u0105, pikantn\u0105 inhalacj\u0105 dzi\u0119ki kompatybilnemu waporyzatorowi.<\/li>\n<li><strong>Ulepsz sw\u00f3j staw<\/strong> Posyp niewielk\u0105 ilo\u015bci\u0105 zio\u0142a, aby zwi\u0119kszy\u0107 doznania.<\/li>\n<\/ol>\n<hr \/>\n<h3><strong>Dlaczego warto kupowa\u0107 w PressureZone.Shop?<\/strong><\/h3>\n<p>Na <strong><a href=\"https:\/\/pressurezone.shop\/pl\/\" target=\"_new\" rel=\"noopener\">PressureZone.Shop<\/a><\/strong>jeste\u015bmy zobowi\u0105zani do oferowania <strong>Koncentraty marihuany premium<\/strong>gwarantuj\u0105c jako\u015b\u0107, czysto\u015b\u0107 i satysfakcj\u0119. Ciesz si\u0119 wygod\u0105 zakup\u00f3w online z szybk\u0105, dyskretn\u0105 dostaw\u0105 na terenie ca\u0142ej Europy.<\/p>\n<\/div>\n<\/div>\n<\/div>\n<\/div>\n<\/div>\n<\/div>","protected":false},"excerpt":{"rendered":"<p>Achetez Pina Colada Strain Budder Hybrid en ligne en Europe D\u00e9couvrez une exp\u00e9rience cannabis unique avec le Pina Colada Strain Budder Hybrid, un hybride parfaitement \u00e9quilibr\u00e9 (50% indica\/50% sativa) c\u00e9l\u00e8bre pour ses saveurs tropicales et ses effets stimulants. Issu du croisement des vari\u00e9t\u00e9s classiques Banana Kush X Starburst Bubba, ce budder offre un m\u00e9lange harmonieux [&hellip;]<\/p>","protected":false},"featured_media":3294,"comment_status":"closed","ping_status":"closed","template":"","meta":{"_uag_custom_page_level_css":"","site-sidebar-layout":"default","site-content-layout":"","ast-site-content-layout":"default","site-content-style":"default","site-sidebar-style":"default","ast-global-header-display":"","ast-banner-title-visibility":"","ast-main-header-display":"","ast-hfb-above-header-display":"","ast-hfb-below-header-display":"","ast-hfb-mobile-header-display":"","site-post-title":"","ast-breadcrumbs-content":"","ast-featured-img":"","footer-sml-layout":"","theme-transparent-header-meta":"default","adv-header-id-meta":"","stick-header-meta":"","header-above-stick-meta":"","header-main-stick-meta":"","header-below-stick-meta":"","astra-migrate-meta-layouts":"set","ast-page-background-enabled":"default","ast-page-background-meta":{"desktop":{"background-color":"","background-image":"","background-repeat":"repeat","background-position":"center center","background-size":"auto","background-attachment":"scroll","background-type":"","background-media":"","overlay-type":"","overlay-color":"","overlay-opacity":"","overlay-gradient":""},"tablet":{"background-color":"","background-image":"","background-repeat":"repeat","background-position":"center center","background-size":"auto","background-attachment":"scroll","background-type":"","background-media":"","overlay-type":"","overlay-color":"","overlay-opacity":"","overlay-gradient":""},"mobile":{"background-color":"","background-image":"","background-repeat":"repeat","background-position":"center center","background-size":"auto","background-attachment":"scroll","background-type":"","background-media":"","overlay-type":"","overlay-color":"","overlay-opacity":"","overlay-gradient":""}},"ast-content-background-meta":{"desktop":{"background-color":"var(--ast-global-color-5)","background-image":"","background-repeat":"repeat","background-position":"center center","background-size":"auto","background-attachment":"scroll","background-type":"","background-media":"","overlay-type":"","overlay-color":"","overlay-opacity":"","overlay-gradient":""},"tablet":{"background-color":"var(--ast-global-color-5)","background-image":"","background-repeat":"repeat","background-position":"center center","background-size":"auto","background-attachment":"scroll","background-type":"","background-media":"","overlay-type":"","overlay-color":"","overlay-opacity":"","overlay-gradient":""},"mobile":{"background-color":"var(--ast-global-color-5)","background-image":"","background-repeat":"repeat","background-position":"center center","background-size":"auto","background-attachment":"scroll","background-type":"","background-media":"","overlay-type":"","overlay-color":"","overlay-opacity":"","overlay-gradient":""}}},"product_brand":[],"product_cat":[388,334],"product_tag":[393,394,395,396,397],"class_list":{"0":"post-3219","1":"product","2":"type-product","3":"status-publish","4":"has-post-thumbnail","6":"product_cat-cannabis-budder","7":"product_cat-concentres-de-marijuana","8":"product_tag-buy-dabs-online-europe","9":"product_tag-buy-weed-budder-europe","10":"product_tag-order-pina-colada-strain-budder-hybrid-europe","11":"product_tag-order-weed-extracts-france","12":"product_tag-thc-budder-concentrates-online-near-me","13":"desktop-align-left","14":"tablet-align-left","15":"mobile-align-left","17":"first","18":"instock","19":"shipping-taxable","20":"purchasable","21":"product-type-variable"},"uagb_featured_image_src":{"full":["https:\/\/pressurezone.shop\/wp-content\/uploads\/2024\/10\/Pina-Colada-Strain-Budder-Hybrid.webp",2048,1365,false],"thumbnail":["https:\/\/pressurezone.shop\/wp-content\/uploads\/2024\/10\/Pina-Colada-Strain-Budder-Hybrid-150x150.webp",150,150,true],"medium":["https:\/\/pressurezone.shop\/wp-content\/uploads\/2024\/10\/Pina-Colada-Strain-Budder-Hybrid-300x200.webp",300,200,true],"medium_large":["https:\/\/pressurezone.shop\/wp-content\/uploads\/2024\/10\/Pina-Colada-Strain-Budder-Hybrid-768x512.webp",768,512,true],"large":["https:\/\/pressurezone.shop\/wp-content\/uploads\/2024\/10\/Pina-Colada-Strain-Budder-Hybrid-1024x683.webp",1024,683,true],"1536x1536":["https:\/\/pressurezone.shop\/wp-content\/uploads\/2024\/10\/Pina-Colada-Strain-Budder-Hybrid-1536x1024.webp",1536,1024,true],"2048x2048":["https:\/\/pressurezone.shop\/wp-content\/uploads\/2024\/10\/Pina-Colada-Strain-Budder-Hybrid.webp",2048,1365,false],"trp-custom-language-flag":["https:\/\/pressurezone.shop\/wp-content\/uploads\/2024\/10\/Pina-Colada-Strain-Budder-Hybrid-18x12.webp",18,12,true],"woocommerce_thumbnail":["https:\/\/pressurezone.shop\/wp-content\/uploads\/2024\/10\/Pina-Colada-Strain-Budder-Hybrid-300x300.webp",300,300,true],"woocommerce_single":["https:\/\/pressurezone.shop\/wp-content\/uploads\/2024\/10\/Pina-Colada-Strain-Budder-Hybrid-600x400.webp",600,400,true],"woocommerce_gallery_thumbnail":["https:\/\/pressurezone.shop\/wp-content\/uploads\/2024\/10\/Pina-Colada-Strain-Budder-Hybrid-100x100.webp",100,100,true]},"uagb_author_info":{"display_name":"pressurezone.shop","author_link":"https:\/\/pressurezone.shop\/pl\/author\/"},"uagb_comment_info":0,"uagb_excerpt":"Achetez Pina Colada Strain Budder Hybrid en ligne en Europe D\u00e9couvrez une exp\u00e9rience cannabis unique avec le Pina Colada Strain Budder Hybrid, un hybride parfaitement \u00e9quilibr\u00e9 (50% indica\/50% sativa) c\u00e9l\u00e8bre pour ses saveurs tropicales et ses effets stimulants. Issu du croisement des vari\u00e9t\u00e9s classiques Banana Kush X Starburst Bubba, ce budder offre un m\u00e9lange harmonieux&hellip;","_links":{"self":[{"href":"https:\/\/pressurezone.shop\/pl\/wp-json\/wp\/v2\/product\/3219"}],"collection":[{"href":"https:\/\/pressurezone.shop\/pl\/wp-json\/wp\/v2\/product"}],"about":[{"href":"https:\/\/pressurezone.shop\/pl\/wp-json\/wp\/v2\/types\/product"}],"replies":[{"embeddable":true,"href":"https:\/\/pressurezone.shop\/pl\/wp-json\/wp\/v2\/comments?post=3219"}],"version-history":[{"count":3,"href":"https:\/\/pressurezone.shop\/pl\/wp-json\/wp\/v2\/product\/3219\/revisions"}],"predecessor-version":[{"id":4610,"href":"https:\/\/pressurezone.shop\/pl\/wp-json\/wp\/v2\/product\/3219\/revisions\/4610"}],"wp:featuredmedia":[{"embeddable":true,"href":"https:\/\/pressurezone.shop\/pl\/wp-json\/wp\/v2\/media\/3294"}],"wp:attachment":[{"href":"https:\/\/pressurezone.shop\/pl\/wp-json\/wp\/v2\/media?parent=3219"}],"wp:term":[{"taxonomy":"product_brand","embeddable":true,"href":"https:\/\/pressurezone.shop\/pl\/wp-json\/wp\/v2\/product_brand?post=3219"},{"taxonomy":"product_cat","embeddable":true,"href":"https:\/\/pressurezone.shop\/pl\/wp-json\/wp\/v2\/product_cat?post=3219"},{"taxonomy":"product_tag","embeddable":true,"href":"https:\/\/pressurezone.shop\/pl\/wp-json\/wp\/v2\/product_tag?post=3219"}],"curies":[{"name":"wp","href":"https:\/\/api.w.org\/{rel}","templated":true}]}}