{"id":3220,"date":"2024-10-11T00:55:39","date_gmt":"2024-10-10T22:55:39","guid":{"rendered":"https:\/\/pressurezone.shop\/?post_type=product&#038;p=3220"},"modified":"2024-11-17T00:50:11","modified_gmt":"2024-11-16T23:50:11","slug":"wedding-crasher-strain-budder","status":"publish","type":"product","link":"https:\/\/pressurezone.shop\/pl\/produkt\/wedding-crasher-szczep-budder\/","title":{"rendered":"Wedding Crasher Strain Budder"},"content":{"rendered":"<div class=\"flex-shrink-0 flex flex-col relative items-end\">\n<div>\n<div class=\"pt-0\">\n<div class=\"gizmo-bot-avatar flex h-8 w-8 items-center justify-center overflow-hidden rounded-full\">\n<div class=\"relative p-1 rounded-sm flex items-center justify-center bg-token-main-surface-primary text-token-text-primary h-8 w-8\"><\/div>\n<\/div>\n<\/div>\n<\/div>\n<\/div>\n<div class=\"group\/conversation-turn relative flex w-full min-w-0 flex-col agent-turn\">\n<div class=\"flex-col gap-1 md:gap-3\">\n<div class=\"flex max-w-full flex-col flex-grow\">\n<div class=\"min-h-8 text-message flex w-full flex-col items-end gap-2 whitespace-normal break-words [.text-message+&amp;]:mt-5\" dir=\"auto\" data-message-author-role=\"assistant\" data-message-id=\"0b89ff3d-22c3-4e8a-87ab-518e224d9821\" data-message-model-slug=\"gpt-4o\">\n<div class=\"flex w-full flex-col gap-1 empty:hidden first:pt-[3px]\">\n<div class=\"markdown prose w-full break-words dark:prose-invert light\">\n<h3><strong>Kup Wedding Crasher Strain Budder online w Europie<\/strong><\/h3>\n<p>Odkryj <strong>Wedding Crasher Strain Budder<\/strong>Koncentrat hybrydowy z dominacj\u0105 Indica, kt\u00f3ry oferuje wyj\u0105tkowe doznania. Wynik skrzy\u017cowania s\u0142ynnego <strong>Tort weselny<\/strong> i <strong>Purple Punch<\/strong>Ten p\u0105czek jest r\u00f3wnie atrakcyjny ze wzgl\u0119du na sw\u00f3j aromat, jak i efekty. Niezale\u017cnie od tego, czy szukasz ulgi, czy kreatywnego do\u0142adowania, Wedding Crasher jest stworzony dla Ciebie.<\/p>\n<hr \/>\n<h3><strong>Dlaczego warto wybra\u0107 Wedding Crasher Strain Budder?<\/strong><\/h3>\n<h4><strong>Efekty<\/strong><\/h4>\n<ul>\n<li><strong>Koncentracja i przejrzysto\u015b\u0107<\/strong> Poprawia koncentracj\u0119 umys\u0142ow\u0105 i pobudza kreatywno\u015b\u0107, idealny na produktywne dni.<\/li>\n<li><strong>Relaks i szcz\u0119\u015bcie<\/strong> Poczuj koj\u0105c\u0105 fal\u0119, kt\u00f3ra odpr\u0119\u017ca i poprawia nastr\u00f3j.<\/li>\n<li><strong>Towarzysko\u015b\u0107<\/strong> Idealny do anga\u017cuj\u0105cych rozm\u00f3w i mi\u0142ych chwil<a href=\"https:\/\/fuelpackz.com\/\" target=\"_blank\" rel=\"noopener\">.<\/a><\/li>\n<\/ul>\n<h4><strong>\u015awiadczenia medyczne<\/strong><\/h4>\n<p>Odmiana Wedding Crasher Budder jest ceniona za swoje w\u0142a\u015bciwo\u015bci lecznicze, w tym :<\/p>\n<ul>\n<li><strong>Depresja<\/strong> Oczyszcza umys\u0142 i rozprasza negatywne my\u015bli.<\/li>\n<li><strong>Zm\u0119czenie<\/strong> Rewitalizuje cia\u0142o i umys\u0142.<\/li>\n<li><strong>Zapalenie<\/strong> \u0141agodzi przewlek\u0142y b\u00f3l i obrz\u0119ki.<\/li>\n<li><strong>Nudno\u015bci i utrata apetytu<\/strong> Pobudza apetyt i zwalcza z\u0142e samopoczucie.<\/li>\n<li><strong>Stres<\/strong> Zmniejsza napi\u0119cie i wspomaga g\u0142\u0119boki relaks.<\/li>\n<\/ul>\n<hr \/>\n<h3><strong>Profil smaku i aromatu<\/strong><\/h3>\n<h4><strong>Smaki<\/strong><\/h4>\n<ul>\n<li><strong>S\u0142odki i owocowy<\/strong> Eksplozja winogron i jag\u00f3d z odrobin\u0105 wanilii.<\/li>\n<li><strong>Pikantny i Diesel<\/strong> Unikalne po\u0142\u0105czenie ziemistych nut i odrobiny przypraw.<\/li>\n<\/ul>\n<h4><strong>Zapachy<\/strong><\/h4>\n<ul>\n<li><strong>Ostry i ziemisty<\/strong> Bogaty, mocny aromat z nutami winogron i pikantnego paliwa.<\/li>\n<li><strong>S\u0142odka wanilia<\/strong> Koj\u0105cy zapach, kt\u00f3ry przyjemnie si\u0119 utrzymuje.<\/li>\n<\/ul>\n<hr \/>\n<h3><strong>The Wedding Crasher Experience<\/strong><\/h3>\n<p>Z <strong>\u015arednia zawarto\u015b\u0107 THC w 21%<\/strong>w <strong>Wedding Crasher Strain Budder<\/strong> oferuje wyj\u0105tkowe po\u0142\u0105czenie koncentracji umys\u0142owej i relaksu fizycznego. Idealny do stosowania zar\u00f3wno w ci\u0105gu dnia, jak i wieczorem, z \u0142atwo\u015bci\u0105 prze\u0142\u0105cza si\u0119 mi\u0119dzy efektami energetyzuj\u0105cymi i koj\u0105cymi. Doskonale nadaje si\u0119 do stymulowania interakcji spo\u0142ecznych i kreatywnej energii.<\/p>\n<hr \/>\n<h3><strong>Jak korzysta\u0107 z Wedding Crasher Budder<\/strong><\/h3>\n<ol>\n<li><strong>Dabbing<\/strong> U\u017cyj zestawu dab, aby uzyska\u0107 mocne i smaczne doznania.<\/li>\n<li><strong>Odparowanie<\/strong> Na\u0142aduj go do butelki z rozpylaczem, aby uzyska\u0107 delikatn\u0105, kontrolowan\u0105 inhalacj\u0119.<\/li>\n<li><strong>Ulepsz swoje uszczelnienia<\/strong> Dodaj niewielk\u0105 ilo\u015b\u0107 do jointa, aby wzmocni\u0107 efekt.<\/li>\n<\/ol>\n<hr \/>\n<h3><strong>Dlaczego warto kupowa\u0107 na <a href=\"https:\/\/pressurezone.shop\/pl\/\" target=\"_new\" rel=\"noopener\">PressureZone.Shop<\/a>?<\/strong><\/h3>\n<p>Przy <strong>PressureZone.Shop<\/strong>Z dum\u0105 oferujemy najlepsze koncentraty konopi indyjskich naszym klientom w ca\u0142ej Europie. Oto dlaczego jeste\u015bmy najlepszym wyborem:<\/p>\n<ul>\n<li><strong>Wysokiej jako\u015bci<\/strong> Nasze produkty s\u0105 testowane laboratoryjnie, aby zagwarantowa\u0107 ich moc i czysto\u015b\u0107.<\/li>\n<li><strong>Szybka i dyskretna dostawa<\/strong> Bezproblemowa wysy\u0142ka bezpo\u015brednio do domu.<\/li>\n<li><strong>Obs\u0142uga klienta<\/strong> Jeste\u015bmy tutaj, aby odpowiedzie\u0107 na wszystkie pytania i zapewni\u0107 satysfakcj\u0119.<\/li>\n<\/ul>\n<hr \/>\n<h3><strong>Zam\u00f3w Wedding Crasher Strain Budder online ju\u017c dzi\u015b!<\/strong><\/h3>\n<p>Nie przegap tego doskona\u0142ego po\u0142\u0105czenia smaku, mocy i korzy\u015bci terapeutycznych. Podnie\u015b swoje doznania zwi\u0105zane z konopiami indyjskimi dzi\u0119ki <strong>Wedding Crasher Strain Budder<\/strong>.<\/p>\n<p><strong><a href=\"https:\/\/pressurezone.shop\/pl\/\" target=\"_new\" rel=\"noopener\">Kup teraz na PressureZone.Shop<\/a><\/strong> i ciesz si\u0119 koncentratami premium dostarczanymi prosto pod Twoje drzwi!<\/p>\n<\/div>\n<\/div>\n<\/div>\n<\/div>\n<\/div>\n<\/div>","protected":false},"excerpt":{"rendered":"<p>Acheter Wedding Crasher Strain Budder en Ligne en Europe D\u00e9couvrez le Wedding Crasher Strain Budder, un concentr\u00e9 hybride \u00e0 dominance indica qui offre une exp\u00e9rience exceptionnelle. Issu du croisement des c\u00e9l\u00e8bres souches Wedding Cake et Purple Punch, ce budder s\u00e9duit autant par ses ar\u00f4mes que par ses effets. Que vous recherchiez du soulagement ou un [&hellip;]<\/p>","protected":false},"featured_media":3296,"comment_status":"closed","ping_status":"closed","template":"","meta":{"_uag_custom_page_level_css":"","site-sidebar-layout":"default","site-content-layout":"","ast-site-content-layout":"default","site-content-style":"default","site-sidebar-style":"default","ast-global-header-display":"","ast-banner-title-visibility":"","ast-main-header-display":"","ast-hfb-above-header-display":"","ast-hfb-below-header-display":"","ast-hfb-mobile-header-display":"","site-post-title":"","ast-breadcrumbs-content":"","ast-featured-img":"","footer-sml-layout":"","theme-transparent-header-meta":"default","adv-header-id-meta":"","stick-header-meta":"","header-above-stick-meta":"","header-main-stick-meta":"","header-below-stick-meta":"","astra-migrate-meta-layouts":"set","ast-page-background-enabled":"default","ast-page-background-meta":{"desktop":{"background-color":"","background-image":"","background-repeat":"repeat","background-position":"center center","background-size":"auto","background-attachment":"scroll","background-type":"","background-media":"","overlay-type":"","overlay-color":"","overlay-opacity":"","overlay-gradient":""},"tablet":{"background-color":"","background-image":"","background-repeat":"repeat","background-position":"center center","background-size":"auto","background-attachment":"scroll","background-type":"","background-media":"","overlay-type":"","overlay-color":"","overlay-opacity":"","overlay-gradient":""},"mobile":{"background-color":"","background-image":"","background-repeat":"repeat","background-position":"center center","background-size":"auto","background-attachment":"scroll","background-type":"","background-media":"","overlay-type":"","overlay-color":"","overlay-opacity":"","overlay-gradient":""}},"ast-content-background-meta":{"desktop":{"background-color":"var(--ast-global-color-5)","background-image":"","background-repeat":"repeat","background-position":"center center","background-size":"auto","background-attachment":"scroll","background-type":"","background-media":"","overlay-type":"","overlay-color":"","overlay-opacity":"","overlay-gradient":""},"tablet":{"background-color":"var(--ast-global-color-5)","background-image":"","background-repeat":"repeat","background-position":"center center","background-size":"auto","background-attachment":"scroll","background-type":"","background-media":"","overlay-type":"","overlay-color":"","overlay-opacity":"","overlay-gradient":""},"mobile":{"background-color":"var(--ast-global-color-5)","background-image":"","background-repeat":"repeat","background-position":"center center","background-size":"auto","background-attachment":"scroll","background-type":"","background-media":"","overlay-type":"","overlay-color":"","overlay-opacity":"","overlay-gradient":""}}},"product_brand":[],"product_cat":[388,334],"product_tag":[398],"class_list":{"0":"post-3220","1":"product","2":"type-product","3":"status-publish","4":"has-post-thumbnail","6":"product_cat-cannabis-budder","7":"product_cat-concentres-de-marijuana","8":"product_tag-order-wedding-crasher-strain-budder-europe","9":"desktop-align-left","10":"tablet-align-left","11":"mobile-align-left","13":"first","14":"instock","15":"shipping-taxable","16":"purchasable","17":"product-type-variable"},"uagb_featured_image_src":{"full":["https:\/\/pressurezone.shop\/wp-content\/uploads\/2024\/10\/Wedding-Crasher-Strain-Budder.webp",2048,1365,false],"thumbnail":["https:\/\/pressurezone.shop\/wp-content\/uploads\/2024\/10\/Wedding-Crasher-Strain-Budder-150x150.webp",150,150,true],"medium":["https:\/\/pressurezone.shop\/wp-content\/uploads\/2024\/10\/Wedding-Crasher-Strain-Budder-300x200.webp",300,200,true],"medium_large":["https:\/\/pressurezone.shop\/wp-content\/uploads\/2024\/10\/Wedding-Crasher-Strain-Budder-768x512.webp",768,512,true],"large":["https:\/\/pressurezone.shop\/wp-content\/uploads\/2024\/10\/Wedding-Crasher-Strain-Budder-1024x683.webp",1024,683,true],"1536x1536":["https:\/\/pressurezone.shop\/wp-content\/uploads\/2024\/10\/Wedding-Crasher-Strain-Budder-1536x1024.webp",1536,1024,true],"2048x2048":["https:\/\/pressurezone.shop\/wp-content\/uploads\/2024\/10\/Wedding-Crasher-Strain-Budder.webp",2048,1365,false],"trp-custom-language-flag":["https:\/\/pressurezone.shop\/wp-content\/uploads\/2024\/10\/Wedding-Crasher-Strain-Budder-18x12.webp",18,12,true],"woocommerce_thumbnail":["https:\/\/pressurezone.shop\/wp-content\/uploads\/2024\/10\/Wedding-Crasher-Strain-Budder-300x300.webp",300,300,true],"woocommerce_single":["https:\/\/pressurezone.shop\/wp-content\/uploads\/2024\/10\/Wedding-Crasher-Strain-Budder-600x400.webp",600,400,true],"woocommerce_gallery_thumbnail":["https:\/\/pressurezone.shop\/wp-content\/uploads\/2024\/10\/Wedding-Crasher-Strain-Budder-100x100.webp",100,100,true]},"uagb_author_info":{"display_name":"pressurezone.shop","author_link":"https:\/\/pressurezone.shop\/pl\/author\/"},"uagb_comment_info":0,"uagb_excerpt":"Acheter Wedding Crasher Strain Budder en Ligne en Europe D\u00e9couvrez le Wedding Crasher Strain Budder, un concentr\u00e9 hybride \u00e0 dominance indica qui offre une exp\u00e9rience exceptionnelle. Issu du croisement des c\u00e9l\u00e8bres souches Wedding Cake et Purple Punch, ce budder s\u00e9duit autant par ses ar\u00f4mes que par ses effets. Que vous recherchiez du soulagement ou un&hellip;","_links":{"self":[{"href":"https:\/\/pressurezone.shop\/pl\/wp-json\/wp\/v2\/product\/3220"}],"collection":[{"href":"https:\/\/pressurezone.shop\/pl\/wp-json\/wp\/v2\/product"}],"about":[{"href":"https:\/\/pressurezone.shop\/pl\/wp-json\/wp\/v2\/types\/product"}],"replies":[{"embeddable":true,"href":"https:\/\/pressurezone.shop\/pl\/wp-json\/wp\/v2\/comments?post=3220"}],"version-history":[{"count":3,"href":"https:\/\/pressurezone.shop\/pl\/wp-json\/wp\/v2\/product\/3220\/revisions"}],"predecessor-version":[{"id":4642,"href":"https:\/\/pressurezone.shop\/pl\/wp-json\/wp\/v2\/product\/3220\/revisions\/4642"}],"wp:featuredmedia":[{"embeddable":true,"href":"https:\/\/pressurezone.shop\/pl\/wp-json\/wp\/v2\/media\/3296"}],"wp:attachment":[{"href":"https:\/\/pressurezone.shop\/pl\/wp-json\/wp\/v2\/media?parent=3220"}],"wp:term":[{"taxonomy":"product_brand","embeddable":true,"href":"https:\/\/pressurezone.shop\/pl\/wp-json\/wp\/v2\/product_brand?post=3220"},{"taxonomy":"product_cat","embeddable":true,"href":"https:\/\/pressurezone.shop\/pl\/wp-json\/wp\/v2\/product_cat?post=3220"},{"taxonomy":"product_tag","embeddable":true,"href":"https:\/\/pressurezone.shop\/pl\/wp-json\/wp\/v2\/product_tag?post=3220"}],"curies":[{"name":"wp","href":"https:\/\/api.w.org\/{rel}","templated":true}]}}