{"id":3221,"date":"2024-10-11T00:55:39","date_gmt":"2024-10-10T22:55:39","guid":{"rendered":"https:\/\/pressurezone.shop\/?post_type=product&#038;p=3221"},"modified":"2024-11-15T22:53:31","modified_gmt":"2024-11-15T21:53:31","slug":"budder-hybride-dominant-sativa-ak-47","status":"publish","type":"product","link":"https:\/\/pressurezone.shop\/pl\/produkt\/budder-hybryda-dominujaca-sativa-ak-47\/","title":{"rendered":"AK-47 Sativa Dominant Hybrid Budder"},"content":{"rendered":"<h3><strong>Kup Budder Hybrid Dominant Sativa AK-47 online w Europie<\/strong><\/h3>\n<p>Le <strong>Budder Hybrid Dominant Sativa AK-47<\/strong> to najwy\u017cszej jako\u015bci koncentrat konopi z legendarnej odmiany AK-47. To <strong>Hybryda z lekk\u0105 dominacj\u0105 sativy<\/strong> (65% sativa\/35% indica) jest wynikiem krzy\u017c\u00f3wki pomi\u0119dzy odmianami <strong>Kolumbijczyk<\/strong>, <strong>Meksyka\u0144ski<\/strong>, <strong>Tajski<\/strong> i <strong>Afga\u0144ska kobieta<\/strong>. Znany ze zr\u00f3wnowa\u017conych efekt\u00f3w i aromatycznego profilu, Budder AK-47 to pozycja obowi\u0105zkowa dla mi\u0142o\u015bnik\u00f3w konopi poszukuj\u0105cych wszechstronnych i stymuluj\u0105cych dozna\u0144.<\/p>\n<hr \/>\n<h3><strong>Czym jest Budder Hybrid Dominant Sativa AK-47?<\/strong><\/h3>\n<p>Budder AK-47 to koncentrat konopi znany z bogatego profilu terpenowego i silnego dzia\u0142ania. Wykonany z wysokiej jako\u015bci kwiat\u00f3w, ten budder jest ekstrahowany przy u\u017cyciu nowoczesnych metod, aby zachowa\u0107 jego kannabinoidy i smak.<\/p>\n<ul>\n<li><strong>Zawarto\u015b\u0107 THC<\/strong> : 13-20%<\/li>\n<li><strong>Zawarto\u015b\u0107 CBD<\/strong> : 0-1%<\/li>\n<li><strong>Tekstura<\/strong> Mi\u0119kki, kremowy i \u0142atwy do prze\u0142kni\u0119cia.<\/li>\n<\/ul>\n<hr \/>\n<h3><strong>Efekty dzia\u0142ania Budder AK-47<\/strong><\/h3>\n<p>Ciesz si\u0119 tym, co najlepsze z obu \u015bwiat\u00f3w dzi\u0119ki zr\u00f3wnowa\u017conym efektom AK-47. Koncentrat ten oferuje po\u0142\u0105czenie <strong>stymulacja m\u00f3zgu<\/strong> oraz <strong>relaksacja fizyczna<\/strong>Idealny do u\u017cytku dziennego lub wieczornego.<\/p>\n<ul>\n<li><strong>Kreatywny<\/strong> Pobudza wyobra\u017ani\u0119 i poprawia koncentracj\u0119.<\/li>\n<li><strong>Euforia<\/strong> Poczuj szcz\u0119\u015bcie i lekko\u015b\u0107 z ka\u017cdym zaci\u0105gni\u0119ciem.<\/li>\n<li><strong>Relaks<\/strong> Ciesz si\u0119 koj\u0105cym zabiegiem na cia\u0142o, kt\u00f3ry eliminuje stres.<\/li>\n<li><strong>Towarzyski<\/strong> Idealny do dzielenia si\u0119 z przyjaci\u00f3\u0142mi przy biesiadnych okazjach.<\/li>\n<\/ul>\n<hr \/>\n<h3><strong>\u015awiadczenia medyczne<\/strong><\/h3>\n<p>Dzi\u0119ki zr\u00f3wnowa\u017conym efektom i umiarkowanej zawarto\u015bci THC, Budder AK-47 jest doskona\u0142ym wyborem dla u\u017cytkownik\u00f3w medycznych szukaj\u0105cych ulgi w r\u00f3\u017cnych dolegliwo\u015bciach:<\/p>\n<ul>\n<li><strong>Niepok\u00f3j<\/strong> Uspok\u00f3j sw\u00f3j umys\u0142 i zredukuj napi\u0119cie.<\/li>\n<li><strong>Przewlek\u0142y b\u00f3l<\/strong> U\u015bmierzanie uporczywego b\u00f3lu.<\/li>\n<li><strong>Depresja<\/strong> Popraw sw\u00f3j nastr\u00f3j i pozb\u0105d\u017a si\u0119 smutku.<\/li>\n<li><strong>B\u00f3le g\u0142owy i migreny<\/strong> Skutecznie zmniejszaj\u0105 dyskomfort.<\/li>\n<li><strong>Stres<\/strong> Odpr\u0119\u017c si\u0119 i pozw\u00f3l swoim zmartwieniom odp\u0142yn\u0105\u0107.<\/li>\n<\/ul>\n<hr \/>\n<h3><strong>Smaki i aromaty<\/strong><\/h3>\n<p>Budder AK-47 zachwyca zmys\u0142y dzi\u0119ki <strong>z\u0142o\u017cony profil smaku i aromatu<\/strong> :<\/p>\n<ul>\n<li><strong>Smaki<\/strong> Zio\u0142owy, kwa\u015bny, pikantny, s\u0142odki.<\/li>\n<li><strong>Zapachy<\/strong> Ziemisty, kwiatowy, zio\u0142owy, z pikantnymi nutami.<\/li>\n<\/ul>\n<p>Ka\u017cdy puff oferuje inny smak <strong>s\u0142odki i kwiatowy, lekko kwa\u015bny<\/strong>Aromat jest podobny, pozostawiaj\u0105c w powietrzu bogaty zio\u0142owy zapach. Aromat jest podobny, pozostawiaj\u0105c w powietrzu bogaty zio\u0142owy zapach.<\/p>\n<hr \/>\n<h3><strong>Jak stosowa\u0107 Budder Hybrid Dominant Sativa AK-47?<\/strong><\/h3>\n<ol>\n<li><strong>Dabbing<\/strong> U\u017cyj dab rig lub e-nail do natychmiastowej, mocnej inhalacji.<\/li>\n<li><strong>Odparowanie<\/strong> Za\u0142aduj go do kompatybilnego waporyzatora, aby uzyska\u0107 g\u0142adkie, smaczne zaci\u0105gni\u0119cia.<\/li>\n<li><strong>Wzmocnienie z\u0142\u0105cza<\/strong> Dodaj niewielk\u0105 ilo\u015b\u0107 do stawu, aby uzyska\u0107 dodatkowy efekt.<\/li>\n<\/ol>\n<hr \/>\n<h3><strong>Dlaczego warto wybra\u0107 Budder Hybrid Dominant Sativa AK-47?<\/strong><\/h3>\n<p>To <strong>Budder AK-47<\/strong> wyr\u00f3\u017cnia si\u0119 :<\/p>\n<ul>\n<li><strong>Jego moc<\/strong> Idealny dla u\u017cytkownik\u00f3w poszukuj\u0105cych umiarkowanych, kontrolowanych efekt\u00f3w.<\/li>\n<li><strong>Jego wszechstronno\u015b\u0107<\/strong> Nadaje si\u0119 zar\u00f3wno do u\u017cytku rekreacyjnego, jak i medycznego.<\/li>\n<li><strong>Smaczne do\u015bwiadczenie<\/strong> Bogaty profil terpenowy, kt\u00f3ry zadowala podniebienie.<\/li>\n<\/ul>\n<hr \/>\n<h3><strong>Gdzie kupi\u0107 Budder Hybrid Dominant Sativa AK-47 w Europie?<\/strong><\/h3>\n<p>W poszukiwaniu <strong>Budder AK-47 premium<\/strong> ? Kup teraz na <strong><a href=\"https:\/\/pressurezone.shop\/pl\/\" target=\"_new\" rel=\"noopener\">Sklep ze strefami ci\u015bnieniowymi<\/a><\/strong> dla :<\/p>\n<ul>\n<li>Wysokiej jako\u015bci produkty testowane laboratoryjnie.<\/li>\n<li>Dyskretna, bezpieczna dostawa na terenie ca\u0142ej Europy.<\/li>\n<li>Konkurencyjne ceny najwy\u017cszej klasy koncentrat\u00f3w konopi indyjskich.<\/li>\n<\/ul>\n<hr \/>\n<h3><strong>Zam\u00f3w Budder AK-47 ju\u017c dzi\u015b!<\/strong><\/h3>\n<p>Nie przegap tego wyj\u0105tkowego koncentratu. Niezale\u017cnie od tego, czy chcesz pobudzi\u0107 swoj\u0105 kreatywno\u015b\u0107, zrelaksowa\u0107 si\u0119 po d\u0142ugim dniu, czy poradzi\u0107 sobie z przewlek\u0142ym b\u00f3lem, koncentrat <strong>Budder Hybrid Dominant Sativa AK-47<\/strong> jest tam, aby zaspokoi\u0107 Twoje potrzeby<a href=\"https:\/\/fuelpackz.com\/\" target=\"_blank\" rel=\"noopener\">.<\/a><\/p>","protected":false},"excerpt":{"rendered":"<p>Achetez du Budder Hybride Dominant Sativa AK-47 en Ligne en Europe Le Budder Hybride Dominant Sativa AK-47 est un concentr\u00e9 de cannabis premium issu de la l\u00e9gendaire vari\u00e9t\u00e9 AK-47. Ce hybride l\u00e9g\u00e8rement dominant sativa (65% sativa\/35% indica) r\u00e9sulte d\u2019un croisement magistral entre les vari\u00e9t\u00e9s Colombienne, Mexicaine, Tha\u00eflandaise et Afghane. Reconnu pour ses effets \u00e9quilibr\u00e9s et [&hellip;]<\/p>","protected":false},"featured_media":3298,"comment_status":"closed","ping_status":"closed","template":"","meta":{"_uag_custom_page_level_css":"","site-sidebar-layout":"default","site-content-layout":"","ast-site-content-layout":"default","site-content-style":"default","site-sidebar-style":"default","ast-global-header-display":"","ast-banner-title-visibility":"","ast-main-header-display":"","ast-hfb-above-header-display":"","ast-hfb-below-header-display":"","ast-hfb-mobile-header-display":"","site-post-title":"","ast-breadcrumbs-content":"","ast-featured-img":"","footer-sml-layout":"","theme-transparent-header-meta":"default","adv-header-id-meta":"","stick-header-meta":"","header-above-stick-meta":"","header-main-stick-meta":"","header-below-stick-meta":"","astra-migrate-meta-layouts":"set","ast-page-background-enabled":"default","ast-page-background-meta":{"desktop":{"background-color":"","background-image":"","background-repeat":"repeat","background-position":"center center","background-size":"auto","background-attachment":"scroll","background-type":"","background-media":"","overlay-type":"","overlay-color":"","overlay-opacity":"","overlay-gradient":""},"tablet":{"background-color":"","background-image":"","background-repeat":"repeat","background-position":"center center","background-size":"auto","background-attachment":"scroll","background-type":"","background-media":"","overlay-type":"","overlay-color":"","overlay-opacity":"","overlay-gradient":""},"mobile":{"background-color":"","background-image":"","background-repeat":"repeat","background-position":"center center","background-size":"auto","background-attachment":"scroll","background-type":"","background-media":"","overlay-type":"","overlay-color":"","overlay-opacity":"","overlay-gradient":""}},"ast-content-background-meta":{"desktop":{"background-color":"var(--ast-global-color-5)","background-image":"","background-repeat":"repeat","background-position":"center center","background-size":"auto","background-attachment":"scroll","background-type":"","background-media":"","overlay-type":"","overlay-color":"","overlay-opacity":"","overlay-gradient":""},"tablet":{"background-color":"var(--ast-global-color-5)","background-image":"","background-repeat":"repeat","background-position":"center center","background-size":"auto","background-attachment":"scroll","background-type":"","background-media":"","overlay-type":"","overlay-color":"","overlay-opacity":"","overlay-gradient":""},"mobile":{"background-color":"var(--ast-global-color-5)","background-image":"","background-repeat":"repeat","background-position":"center center","background-size":"auto","background-attachment":"scroll","background-type":"","background-media":"","overlay-type":"","overlay-color":"","overlay-opacity":"","overlay-gradient":""}}},"product_brand":[],"product_cat":[388,334],"product_tag":[399],"class_list":{"0":"post-3221","1":"product","2":"type-product","3":"status-publish","4":"has-post-thumbnail","6":"product_cat-cannabis-budder","7":"product_cat-concentres-de-marijuana","8":"product_tag-order-ak-47-sativa-dominant-hybrid-budder-europe","9":"desktop-align-left","10":"tablet-align-left","11":"mobile-align-left","13":"first","14":"instock","15":"shipping-taxable","16":"purchasable","17":"product-type-variable"},"uagb_featured_image_src":{"full":["https:\/\/pressurezone.shop\/wp-content\/uploads\/2024\/10\/AK-47-Sativa-Dominant-Hybrid-Budder.webp",2048,1365,false],"thumbnail":["https:\/\/pressurezone.shop\/wp-content\/uploads\/2024\/10\/AK-47-Sativa-Dominant-Hybrid-Budder-150x150.webp",150,150,true],"medium":["https:\/\/pressurezone.shop\/wp-content\/uploads\/2024\/10\/AK-47-Sativa-Dominant-Hybrid-Budder-300x200.webp",300,200,true],"medium_large":["https:\/\/pressurezone.shop\/wp-content\/uploads\/2024\/10\/AK-47-Sativa-Dominant-Hybrid-Budder-768x512.webp",768,512,true],"large":["https:\/\/pressurezone.shop\/wp-content\/uploads\/2024\/10\/AK-47-Sativa-Dominant-Hybrid-Budder-1024x683.webp",1024,683,true],"1536x1536":["https:\/\/pressurezone.shop\/wp-content\/uploads\/2024\/10\/AK-47-Sativa-Dominant-Hybrid-Budder-1536x1024.webp",1536,1024,true],"2048x2048":["https:\/\/pressurezone.shop\/wp-content\/uploads\/2024\/10\/AK-47-Sativa-Dominant-Hybrid-Budder.webp",2048,1365,false],"trp-custom-language-flag":["https:\/\/pressurezone.shop\/wp-content\/uploads\/2024\/10\/AK-47-Sativa-Dominant-Hybrid-Budder-18x12.webp",18,12,true],"woocommerce_thumbnail":["https:\/\/pressurezone.shop\/wp-content\/uploads\/2024\/10\/AK-47-Sativa-Dominant-Hybrid-Budder-300x300.webp",300,300,true],"woocommerce_single":["https:\/\/pressurezone.shop\/wp-content\/uploads\/2024\/10\/AK-47-Sativa-Dominant-Hybrid-Budder-600x400.webp",600,400,true],"woocommerce_gallery_thumbnail":["https:\/\/pressurezone.shop\/wp-content\/uploads\/2024\/10\/AK-47-Sativa-Dominant-Hybrid-Budder-100x100.webp",100,100,true]},"uagb_author_info":{"display_name":"pressurezone.shop","author_link":"https:\/\/pressurezone.shop\/pl\/author\/"},"uagb_comment_info":0,"uagb_excerpt":"Achetez du Budder Hybride Dominant Sativa AK-47 en Ligne en Europe Le Budder Hybride Dominant Sativa AK-47 est un concentr\u00e9 de cannabis premium issu de la l\u00e9gendaire vari\u00e9t\u00e9 AK-47. Ce hybride l\u00e9g\u00e8rement dominant sativa (65% sativa\/35% indica) r\u00e9sulte d\u2019un croisement magistral entre les vari\u00e9t\u00e9s Colombienne, Mexicaine, Tha\u00eflandaise et Afghane. Reconnu pour ses effets \u00e9quilibr\u00e9s et&hellip;","_links":{"self":[{"href":"https:\/\/pressurezone.shop\/pl\/wp-json\/wp\/v2\/product\/3221"}],"collection":[{"href":"https:\/\/pressurezone.shop\/pl\/wp-json\/wp\/v2\/product"}],"about":[{"href":"https:\/\/pressurezone.shop\/pl\/wp-json\/wp\/v2\/types\/product"}],"replies":[{"embeddable":true,"href":"https:\/\/pressurezone.shop\/pl\/wp-json\/wp\/v2\/comments?post=3221"}],"version-history":[{"count":3,"href":"https:\/\/pressurezone.shop\/pl\/wp-json\/wp\/v2\/product\/3221\/revisions"}],"predecessor-version":[{"id":4529,"href":"https:\/\/pressurezone.shop\/pl\/wp-json\/wp\/v2\/product\/3221\/revisions\/4529"}],"wp:featuredmedia":[{"embeddable":true,"href":"https:\/\/pressurezone.shop\/pl\/wp-json\/wp\/v2\/media\/3298"}],"wp:attachment":[{"href":"https:\/\/pressurezone.shop\/pl\/wp-json\/wp\/v2\/media?parent=3221"}],"wp:term":[{"taxonomy":"product_brand","embeddable":true,"href":"https:\/\/pressurezone.shop\/pl\/wp-json\/wp\/v2\/product_brand?post=3221"},{"taxonomy":"product_cat","embeddable":true,"href":"https:\/\/pressurezone.shop\/pl\/wp-json\/wp\/v2\/product_cat?post=3221"},{"taxonomy":"product_tag","embeddable":true,"href":"https:\/\/pressurezone.shop\/pl\/wp-json\/wp\/v2\/product_tag?post=3221"}],"curies":[{"name":"wp","href":"https:\/\/api.w.org\/{rel}","templated":true}]}}