{"id":3222,"date":"2024-10-11T00:55:40","date_gmt":"2024-10-10T22:55:40","guid":{"rendered":"https:\/\/pressurezone.shop\/?post_type=product&#038;p=3222"},"modified":"2024-11-17T00:05:19","modified_gmt":"2024-11-16T23:05:19","slug":"budder-mochi-gelato","status":"publish","type":"product","link":"https:\/\/pressurezone.shop\/pl\/produkt\/budder-mochi-gelato\/","title":{"rendered":"Mochi Gelato Cannabis Budder"},"content":{"rendered":"<h3><strong>Kup Cannabis Budder Mochi Gelato online w Europie<\/strong><\/h3>\n<p>Odkryj idealn\u0105 r\u00f3wnowag\u0119 mi\u0119dzy relaksem a eufori\u0105 dzi\u0119ki <strong>Budder de Cannabis Mochi Gelato<\/strong>koncentrat premium ze szczep\u00f3w Sunset Sherbet i Girl Scout Cookies. Ten koncentrat z lekk\u0105 przewag\u0105 Indica (60 % Indica\/40 % Sativa) oferuje doznania \u0142\u0105cz\u0105ce koj\u0105cy wp\u0142yw na cia\u0142o i stymuluj\u0105c\u0105 jasno\u015b\u0107 umys\u0142u, idealne dla entuzjast\u00f3w marihuany rekreacyjnej i medycznej.<a href=\"https:\/\/fuelpackz.com\/\" target=\"_blank\" rel=\"noopener\">.<\/a><\/p>\n<hr \/>\n<h3><strong>Dlaczego warto wybra\u0107 Budder Mochi Gelato?<\/strong><\/h3>\n<h4><strong>Efekty<\/strong><\/h4>\n<ul>\n<li><strong>Relaks cia\u0142a<\/strong> \u0141agodzi ka\u017cdy mi\u0119sie\u0144, zapewniaj\u0105c g\u0142\u0119boki relaks.<\/li>\n<li><strong>Kreatywno\u015b\u0107 i stymulacja<\/strong> Uwolnij sw\u00f3j umys\u0142 i zwi\u0119ksz swoje pozytywne nastawienie.<\/li>\n<li><strong>Euforia<\/strong> Ciesz si\u0119 dobrym samopoczuciem, kt\u00f3re jest idealne do relaksu.<\/li>\n<\/ul>\n<h4><strong>\u015awiadczenia medyczne<\/strong><\/h4>\n<p>Budder Mochi Gelato jest znany ze swoich w\u0142a\u015bciwo\u015bci terapeutycznych i jest cz\u0119sto u\u017cywany do \u0142agodzenia :<\/p>\n<ul>\n<li><strong>Przewlek\u0142y b\u00f3l<\/strong> D\u0142ugotrwa\u0142a ulga w przypadku uporczywego dyskomfortu.<\/li>\n<li><strong>Depresja<\/strong> Poprawia nastr\u00f3j i zwalcza uczucie rozpaczy.<\/li>\n<li><strong>Zm\u0119czenie<\/strong> Rewitalizuje po wyczerpuj\u0105cym dniu.<\/li>\n<li><strong>Bezsenno\u015b\u0107<\/strong> Wspomaga spokojny, nieprzerwany sen.<\/li>\n<li><strong>Stres<\/strong> Rozprasza napi\u0119cie psychiczne, zapewniaj\u0105c uczucie spokoju.<\/li>\n<\/ul>\n<hr \/>\n<h3><strong>Profil smaku i aromatu<\/strong><\/h3>\n<h4><strong>Smaki<\/strong><\/h4>\n<ul>\n<li><strong>Berry &amp; Creamy<\/strong> Bogata owocowa baza z mi\u0119kkimi, kremowymi niuansami.<\/li>\n<li><strong>S\u0142odkie i pikantne<\/strong> Dobrze zbalansowana s\u0142odycz z nut\u0105 egzotycznych przypraw.<\/li>\n<\/ul>\n<h4><strong>Zapachy<\/strong><\/h4>\n<ul>\n<li><strong>Owocowy i zio\u0142owy<\/strong> Orze\u017awiaj\u0105ce nuty owocowe po\u0142\u0105czone z subtelnymi niuansami zio\u0142owymi.<\/li>\n<li><strong>Hot &amp; Spicy<\/strong> Odwa\u017cny aromat, kt\u00f3ry pozostawia d\u0142ugotrwa\u0142e wra\u017cenie.<\/li>\n<\/ul>\n<hr \/>\n<h3><strong>Moc i efekty THC<\/strong><\/h3>\n<p>Z zawarto\u015bci\u0105 THC pomi\u0119dzy <strong>17 i 23 %<\/strong>Budder Mochi Gelato oferuje pot\u0119\u017cne do\u015bwiadczenie, kt\u00f3re :<\/p>\n<ol>\n<li><strong>Podnie\u015b na duchu<\/strong> Zapewnia delikatny przyp\u0142yw energii, kt\u00f3ry stymuluje kreatywno\u015b\u0107 i poczucie szcz\u0119\u015bcia.<\/li>\n<li><strong>Relaksuje cia\u0142o<\/strong> Wywo\u0142uje g\u0142\u0119boki fizyczny spok\u00f3j, idealny na wiecz\u00f3r lub chwile relaksu.<\/li>\n<li><strong>Harmonizuje Sativa i Indica<\/strong> Doskona\u0142e po\u0142\u0105czenie stymulacji umys\u0142owej i fizycznej ulgi.<\/li>\n<\/ol>\n<hr \/>\n<h3><strong>Jak stosowa\u0107 Budder Mochi Gelato<\/strong><\/h3>\n<p>Ciesz si\u0119 Budder Mochi Gelato na nast\u0119puj\u0105ce sposoby:<\/p>\n<ul>\n<li><strong>Dabbing<\/strong> Ciesz si\u0119 jego bogatym smakiem i moc\u0105 dzi\u0119ki platformie dab.<\/li>\n<li><strong>Odparowanie<\/strong> U\u017cyj kompatybilnej butelki z rozpylaczem do delikatnej, czystej inhalacji.<\/li>\n<li><strong>Mix<\/strong> Dodaj niewielk\u0105 ilo\u015b\u0107 do joint\u00f3w lub misek, aby wzmocni\u0107 efekt.<\/li>\n<\/ul>\n<hr \/>\n<h3><strong>Kto powinien spr\u00f3bowa\u0107 Budder Mochi Gelato?<\/strong><\/h3>\n<p>Budder Mochi Gelato jest idealny dla :<\/p>\n<ul>\n<li><strong>Wieczorny relaks<\/strong> Idealny do relaksu po stresuj\u0105cym dniu.<\/li>\n<li><strong>Dzia\u0142ania tw\u00f3rcze<\/strong> Stymuluje inspiracj\u0119 do artystycznych i kreatywnych projekt\u00f3w.<\/li>\n<li><strong>Pomoc medyczna<\/strong> Zapewnia skuteczn\u0105 ulg\u0119 w b\u00f3lu, bezsenno\u015bci i zaburzeniach zwi\u0105zanych ze stresem.<\/li>\n<\/ul>\n<hr \/>\n<h3><strong>Kup Budder Mochi Gelato online w Europie<\/strong><\/h3>\n<p>Przy <strong>PressureZone.Shop<\/strong>Oferujemy najlepsze koncentraty konopi z szybk\u0105 i dyskretn\u0105 dostaw\u0105 na terenie ca\u0142ej Europy. Zam\u00f3w <strong>Budder Mochi Gelato<\/strong> i odkryj idealne po\u0142\u0105czenie relaksu, kreatywno\u015bci i korzy\u015bci terapeutycznych.<\/p>","protected":false},"excerpt":{"rendered":"<p>Achetez du Budder de Cannabis Mochi Gelato en Ligne en Europe D\u00e9couvrez l\u2019\u00e9quilibre parfait entre relaxation et euphorie avec le Budder de Cannabis Mochi Gelato, un concentr\u00e9 premium issu des vari\u00e9t\u00e9s Sunset Sherbet et Girl Scout Cookies. Ce concentr\u00e9 l\u00e9g\u00e8rement domin\u00e9 par l&rsquo;indica (60 % indica\/40 % sativa) offre une exp\u00e9rience m\u00ealant des effets corporels [&hellip;]<\/p>","protected":false},"featured_media":3304,"comment_status":"closed","ping_status":"closed","template":"","meta":{"_uag_custom_page_level_css":"","site-sidebar-layout":"default","site-content-layout":"","ast-site-content-layout":"default","site-content-style":"default","site-sidebar-style":"default","ast-global-header-display":"","ast-banner-title-visibility":"","ast-main-header-display":"","ast-hfb-above-header-display":"","ast-hfb-below-header-display":"","ast-hfb-mobile-header-display":"","site-post-title":"","ast-breadcrumbs-content":"","ast-featured-img":"","footer-sml-layout":"","theme-transparent-header-meta":"default","adv-header-id-meta":"","stick-header-meta":"","header-above-stick-meta":"","header-main-stick-meta":"","header-below-stick-meta":"","astra-migrate-meta-layouts":"set","ast-page-background-enabled":"default","ast-page-background-meta":{"desktop":{"background-color":"","background-image":"","background-repeat":"repeat","background-position":"center center","background-size":"auto","background-attachment":"scroll","background-type":"","background-media":"","overlay-type":"","overlay-color":"","overlay-opacity":"","overlay-gradient":""},"tablet":{"background-color":"","background-image":"","background-repeat":"repeat","background-position":"center center","background-size":"auto","background-attachment":"scroll","background-type":"","background-media":"","overlay-type":"","overlay-color":"","overlay-opacity":"","overlay-gradient":""},"mobile":{"background-color":"","background-image":"","background-repeat":"repeat","background-position":"center center","background-size":"auto","background-attachment":"scroll","background-type":"","background-media":"","overlay-type":"","overlay-color":"","overlay-opacity":"","overlay-gradient":""}},"ast-content-background-meta":{"desktop":{"background-color":"var(--ast-global-color-5)","background-image":"","background-repeat":"repeat","background-position":"center center","background-size":"auto","background-attachment":"scroll","background-type":"","background-media":"","overlay-type":"","overlay-color":"","overlay-opacity":"","overlay-gradient":""},"tablet":{"background-color":"var(--ast-global-color-5)","background-image":"","background-repeat":"repeat","background-position":"center center","background-size":"auto","background-attachment":"scroll","background-type":"","background-media":"","overlay-type":"","overlay-color":"","overlay-opacity":"","overlay-gradient":""},"mobile":{"background-color":"var(--ast-global-color-5)","background-image":"","background-repeat":"repeat","background-position":"center center","background-size":"auto","background-attachment":"scroll","background-type":"","background-media":"","overlay-type":"","overlay-color":"","overlay-opacity":"","overlay-gradient":""}}},"product_brand":[],"product_cat":[388,334],"product_tag":[393,400,396,397],"class_list":{"0":"post-3222","1":"product","2":"type-product","3":"status-publish","4":"has-post-thumbnail","6":"product_cat-cannabis-budder","7":"product_cat-concentres-de-marijuana","8":"product_tag-buy-dabs-online-europe","9":"product_tag-order-mochi-gelato-cannabis-budder-europe","10":"product_tag-order-weed-extracts-france","11":"product_tag-thc-budder-concentrates-online-near-me","12":"desktop-align-left","13":"tablet-align-left","14":"mobile-align-left","16":"first","17":"instock","18":"shipping-taxable","19":"purchasable","20":"product-type-variable"},"uagb_featured_image_src":{"full":["https:\/\/pressurezone.shop\/wp-content\/uploads\/2024\/10\/Mochi-Gelato-Cannabis-Budder.webp",2048,1365,false],"thumbnail":["https:\/\/pressurezone.shop\/wp-content\/uploads\/2024\/10\/Mochi-Gelato-Cannabis-Budder-150x150.webp",150,150,true],"medium":["https:\/\/pressurezone.shop\/wp-content\/uploads\/2024\/10\/Mochi-Gelato-Cannabis-Budder-300x200.webp",300,200,true],"medium_large":["https:\/\/pressurezone.shop\/wp-content\/uploads\/2024\/10\/Mochi-Gelato-Cannabis-Budder-768x512.webp",768,512,true],"large":["https:\/\/pressurezone.shop\/wp-content\/uploads\/2024\/10\/Mochi-Gelato-Cannabis-Budder-1024x683.webp",1024,683,true],"1536x1536":["https:\/\/pressurezone.shop\/wp-content\/uploads\/2024\/10\/Mochi-Gelato-Cannabis-Budder-1536x1024.webp",1536,1024,true],"2048x2048":["https:\/\/pressurezone.shop\/wp-content\/uploads\/2024\/10\/Mochi-Gelato-Cannabis-Budder.webp",2048,1365,false],"trp-custom-language-flag":["https:\/\/pressurezone.shop\/wp-content\/uploads\/2024\/10\/Mochi-Gelato-Cannabis-Budder-18x12.webp",18,12,true],"woocommerce_thumbnail":["https:\/\/pressurezone.shop\/wp-content\/uploads\/2024\/10\/Mochi-Gelato-Cannabis-Budder-300x300.webp",300,300,true],"woocommerce_single":["https:\/\/pressurezone.shop\/wp-content\/uploads\/2024\/10\/Mochi-Gelato-Cannabis-Budder-600x400.webp",600,400,true],"woocommerce_gallery_thumbnail":["https:\/\/pressurezone.shop\/wp-content\/uploads\/2024\/10\/Mochi-Gelato-Cannabis-Budder-100x100.webp",100,100,true]},"uagb_author_info":{"display_name":"pressurezone.shop","author_link":"https:\/\/pressurezone.shop\/pl\/author\/"},"uagb_comment_info":0,"uagb_excerpt":"Achetez du Budder de Cannabis Mochi Gelato en Ligne en Europe D\u00e9couvrez l\u2019\u00e9quilibre parfait entre relaxation et euphorie avec le Budder de Cannabis Mochi Gelato, un concentr\u00e9 premium issu des vari\u00e9t\u00e9s Sunset Sherbet et Girl Scout Cookies. Ce concentr\u00e9 l\u00e9g\u00e8rement domin\u00e9 par l&rsquo;indica (60 % indica\/40 % sativa) offre une exp\u00e9rience m\u00ealant des effets corporels&hellip;","_links":{"self":[{"href":"https:\/\/pressurezone.shop\/pl\/wp-json\/wp\/v2\/product\/3222"}],"collection":[{"href":"https:\/\/pressurezone.shop\/pl\/wp-json\/wp\/v2\/product"}],"about":[{"href":"https:\/\/pressurezone.shop\/pl\/wp-json\/wp\/v2\/types\/product"}],"replies":[{"embeddable":true,"href":"https:\/\/pressurezone.shop\/pl\/wp-json\/wp\/v2\/comments?post=3222"}],"version-history":[{"count":3,"href":"https:\/\/pressurezone.shop\/pl\/wp-json\/wp\/v2\/product\/3222\/revisions"}],"predecessor-version":[{"id":4594,"href":"https:\/\/pressurezone.shop\/pl\/wp-json\/wp\/v2\/product\/3222\/revisions\/4594"}],"wp:featuredmedia":[{"embeddable":true,"href":"https:\/\/pressurezone.shop\/pl\/wp-json\/wp\/v2\/media\/3304"}],"wp:attachment":[{"href":"https:\/\/pressurezone.shop\/pl\/wp-json\/wp\/v2\/media?parent=3222"}],"wp:term":[{"taxonomy":"product_brand","embeddable":true,"href":"https:\/\/pressurezone.shop\/pl\/wp-json\/wp\/v2\/product_brand?post=3222"},{"taxonomy":"product_cat","embeddable":true,"href":"https:\/\/pressurezone.shop\/pl\/wp-json\/wp\/v2\/product_cat?post=3222"},{"taxonomy":"product_tag","embeddable":true,"href":"https:\/\/pressurezone.shop\/pl\/wp-json\/wp\/v2\/product_tag?post=3222"}],"curies":[{"name":"wp","href":"https:\/\/api.w.org\/{rel}","templated":true}]}}