{"id":3232,"date":"2024-10-11T00:56:06","date_gmt":"2024-10-10T22:56:06","guid":{"rendered":"https:\/\/pressurezone.shop\/?post_type=product&#038;p=3232"},"modified":"2024-11-17T00:15:34","modified_gmt":"2024-11-16T23:15:34","slug":"grape-ox-strain-budder-concentrate","status":"publish","type":"product","link":"https:\/\/pressurezone.shop\/pl\/produkt\/koncentrat-paczkow-szczepu-grape-ox\/","title":{"rendered":"Koncentrat p\u0105czk\u00f3w szczepu Grape Ox"},"content":{"rendered":"<h3><strong>Kup Grape Ox Strain Budder Concentrate online w Europie<\/strong><\/h3>\n<p>Odkryj najwy\u017cszy poziom relaksu dzi\u0119ki <strong>Koncentrat p\u0105czk\u00f3w szczepu Grape Ox<\/strong>wysokiej jako\u015bci koncentrat konopi indyjskich dla os\u00f3b poszukuj\u0105cych zar\u00f3wno przyjemno\u015bci rekreacyjnej, jak i korzy\u015bci leczniczych. To <strong>hybryda z dominacj\u0105 Indica<\/strong> (90 % indica\/10 % sativa) jest idealnym towarzyszem na wieczory lub chwile, kiedy chcesz si\u0119 g\u0142\u0119boko zrelaksowa\u0107. Stworzona przez skrzy\u017cowanie pot\u0119\u017cnych <strong>Grape Ape X OX<\/strong>Grape Ox oferuje pot\u0119\u017cne po\u0142\u0105czenie efekt\u00f3w i smak\u00f3w, kt\u00f3re sprawiaj\u0105, \u017ce jest to pozycja obowi\u0105zkowa w \u015bwiecie konopi.<a href=\"https:\/\/fuelpackz.com\/\" target=\"_blank\" rel=\"noopener\">.<\/a><\/p>\n<hr \/>\n<h3><strong>Dlaczego warto wybra\u0107 Grape Ox Strain Budder Concentrate?<\/strong><\/h3>\n<h4><strong>Efekty<\/strong><\/h4>\n<ul>\n<li><strong>Stymuluj\u0105cy i euforyczny<\/strong> Pobudza nastr\u00f3j i poprawia doznania.<\/li>\n<li><strong>Ca\u0142kowity relaks<\/strong> Rozlu\u017ania ka\u017cdy mi\u0119sie\u0144 cia\u0142a.<\/li>\n<li><strong>Koj\u0105cy sen<\/strong> Idealny do relaksu przed snem.<\/li>\n<\/ul>\n<h4><strong>\u015awiadczenia medyczne<\/strong><\/h4>\n<p>Le <strong>Grape Ox Strain Budder<\/strong> jest powszechnie ceniony za swoje w\u0142a\u015bciwo\u015bci terapeutyczne, idealne do leczenia :<\/p>\n<ul>\n<li><strong>Przewlek\u0142y b\u00f3l<\/strong> D\u0142ugotrwa\u0142a ulga od uporczywego dyskomfortu.<\/li>\n<li><strong>Bezsenno\u015b\u0107<\/strong> Pomaga zasn\u0105\u0107 spokojnie i bez zak\u0142\u00f3ce\u0144.<\/li>\n<li><strong>Stany zapalne<\/strong> Zmniejsza obrz\u0119k i \u0142agodzi napi\u0119cie w ciele.<\/li>\n<li><strong>Depresja i stres<\/strong> Oczyszcza umys\u0142 i zwalcza niepok\u00f3j.<\/li>\n<\/ul>\n<hr \/>\n<h3><strong>Profil smaku i aromatu<\/strong><\/h3>\n<h4><strong>Smaki<\/strong><\/h4>\n<ul>\n<li><strong>Jagody i winogrona<\/strong> Owocowa eksplozja przy ka\u017cdym wdechu.<\/li>\n<li><strong>Orzech laskowy i przyprawy<\/strong> Ziemiste niuanse, kt\u00f3re wzbogacaj\u0105 smak.<\/li>\n<li><strong>S\u0142odki i drzewny<\/strong> G\u0142adkie, satysfakcjonuj\u0105ce wyko\u0144czenie.<\/li>\n<\/ul>\n<h4><strong>Zapachy<\/strong><\/h4>\n<ul>\n<li><strong>Jagoda i winogrono<\/strong> Owocowy zapach, kt\u00f3ry wype\u0142nia pomieszczenie.<\/li>\n<li><strong>S\u0142odkie przyprawy<\/strong> Ciep\u0142y, pocieszaj\u0105cy i zach\u0119caj\u0105cy.<\/li>\n<\/ul>\n<hr \/>\n<h3><strong>Zawarto\u015b\u0107 THC i CBD<\/strong><\/h3>\n<p>Grape Ox oferuje <strong>\u015bredni poziom THC 20-24 %<\/strong> i imponuj\u0105cy <strong>Poziomy CBD 4-6 %<\/strong>Sprawia to, \u017ce jest to wszechstronna opcja zar\u00f3wno dla u\u017cytkownik\u00f3w rekreacyjnych, jak i os\u00f3b poszukuj\u0105cych ulgi medycznej. Efekt zaczyna si\u0119 jako subtelne, stopniowe uczucie, a nast\u0119pnie ewoluuje w euforyczny, radosny stan psychiczny, kt\u00f3ry doskonale harmonizuje z relaksuj\u0105cym dzia\u0142aniem na cia\u0142o.<\/p>\n<hr \/>\n<h3><strong>Idealny do u\u017cytku wieczornego<\/strong><\/h3>\n<p>Koncentrat Grape Ox Strain Budder jest idealny do stosowania wieczorem lub w te spokojne dni, kiedy chcesz skorzysta\u0107 z jego koj\u0105cych w\u0142a\u015bciwo\u015bci. Niezale\u017cnie od tego, czy chcesz poradzi\u0107 sobie z fizycznym dyskomfortem, z\u0142agodzi\u0107 stres psychiczny, czy po prostu si\u0119 zrelaksowa\u0107, Grape Ox jest idealnym rozwi\u0105zaniem.<\/p>\n<hr \/>\n<h3><strong>Jak stosowa\u0107 Grape Ox Strain Budder Concentrate?<\/strong><\/h3>\n<ol>\n<li><strong>Dabbing<\/strong> Wykorzystaj w pe\u0142ni jego moc i smak dzi\u0119ki platformie dab.<\/li>\n<li><strong>Odparowanie<\/strong> U\u017cywaj kompatybilnego waporyzatora do delikatnych, smacznych inhalacji.<\/li>\n<li><strong>Ulepsz sw\u00f3j staw<\/strong> Wsyp troch\u0119 do stawu, aby uzyska\u0107 dodatkowy efekt.<\/li>\n<\/ol>\n<hr \/>\n<h3><strong>Dlaczego warto kupowa\u0107 w PressureZone.Shop?<\/strong><\/h3>\n<p>Przy <a href=\"https:\/\/pressurezone.shop\/pl\/\"><strong>PressureZone.Shop<\/strong><\/a>Naszym celem jest oferowanie najlepszych produkt\u00f3w z konopi indyjskich, z naciskiem na <strong>Czysto\u015b\u0107, moc i zadowolenie klienta<\/strong>. Zam\u00f3w z pewno\u015bci\u0105 i otrzymaj <strong>Koncentrat p\u0105czk\u00f3w szczepu Grape Ox<\/strong> dyskretnie i skutecznie w ca\u0142ej Europie.<\/p>","protected":false},"excerpt":{"rendered":"<p>Achetez le Grape Ox Strain Budder Concentrate en ligne en Europe D\u00e9couvrez la relaxation ultime avec le Grape Ox Strain Budder Concentrate, un concentr\u00e9 de cannabis de premier choix pour ceux qui recherchent \u00e0 la fois un plaisir r\u00e9cr\u00e9atif et des bienfaits m\u00e9dicinaux. Cet hybride \u00e0 dominance indica (90 % indica\/10 % sativa) est le [&hellip;]<\/p>","protected":false},"featured_media":3308,"comment_status":"closed","ping_status":"closed","template":"","meta":{"_uag_custom_page_level_css":"","site-sidebar-layout":"default","site-content-layout":"","ast-site-content-layout":"default","site-content-style":"default","site-sidebar-style":"default","ast-global-header-display":"","ast-banner-title-visibility":"","ast-main-header-display":"","ast-hfb-above-header-display":"","ast-hfb-below-header-display":"","ast-hfb-mobile-header-display":"","site-post-title":"","ast-breadcrumbs-content":"","ast-featured-img":"","footer-sml-layout":"","theme-transparent-header-meta":"default","adv-header-id-meta":"","stick-header-meta":"","header-above-stick-meta":"","header-main-stick-meta":"","header-below-stick-meta":"","astra-migrate-meta-layouts":"set","ast-page-background-enabled":"default","ast-page-background-meta":{"desktop":{"background-color":"","background-image":"","background-repeat":"repeat","background-position":"center center","background-size":"auto","background-attachment":"scroll","background-type":"","background-media":"","overlay-type":"","overlay-color":"","overlay-opacity":"","overlay-gradient":""},"tablet":{"background-color":"","background-image":"","background-repeat":"repeat","background-position":"center center","background-size":"auto","background-attachment":"scroll","background-type":"","background-media":"","overlay-type":"","overlay-color":"","overlay-opacity":"","overlay-gradient":""},"mobile":{"background-color":"","background-image":"","background-repeat":"repeat","background-position":"center center","background-size":"auto","background-attachment":"scroll","background-type":"","background-media":"","overlay-type":"","overlay-color":"","overlay-opacity":"","overlay-gradient":""}},"ast-content-background-meta":{"desktop":{"background-color":"var(--ast-global-color-5)","background-image":"","background-repeat":"repeat","background-position":"center center","background-size":"auto","background-attachment":"scroll","background-type":"","background-media":"","overlay-type":"","overlay-color":"","overlay-opacity":"","overlay-gradient":""},"tablet":{"background-color":"var(--ast-global-color-5)","background-image":"","background-repeat":"repeat","background-position":"center center","background-size":"auto","background-attachment":"scroll","background-type":"","background-media":"","overlay-type":"","overlay-color":"","overlay-opacity":"","overlay-gradient":""},"mobile":{"background-color":"var(--ast-global-color-5)","background-image":"","background-repeat":"repeat","background-position":"center center","background-size":"auto","background-attachment":"scroll","background-type":"","background-media":"","overlay-type":"","overlay-color":"","overlay-opacity":"","overlay-gradient":""}}},"product_brand":[],"product_cat":[388,334],"product_tag":[393,402,396,397],"class_list":{"0":"post-3232","1":"product","2":"type-product","3":"status-publish","4":"has-post-thumbnail","6":"product_cat-cannabis-budder","7":"product_cat-concentres-de-marijuana","8":"product_tag-buy-dabs-online-europe","9":"product_tag-order-grape-ox-strain-budder-concentrate-europe","10":"product_tag-order-weed-extracts-france","11":"product_tag-thc-budder-concentrates-online-near-me","12":"desktop-align-left","13":"tablet-align-left","14":"mobile-align-left","16":"first","17":"instock","18":"shipping-taxable","19":"purchasable","20":"product-type-variable"},"uagb_featured_image_src":{"full":["https:\/\/pressurezone.shop\/wp-content\/uploads\/2024\/10\/Grape-Ox-Strain-Budder-Concentrate.webp",2048,1365,false],"thumbnail":["https:\/\/pressurezone.shop\/wp-content\/uploads\/2024\/10\/Grape-Ox-Strain-Budder-Concentrate-150x150.webp",150,150,true],"medium":["https:\/\/pressurezone.shop\/wp-content\/uploads\/2024\/10\/Grape-Ox-Strain-Budder-Concentrate-300x200.webp",300,200,true],"medium_large":["https:\/\/pressurezone.shop\/wp-content\/uploads\/2024\/10\/Grape-Ox-Strain-Budder-Concentrate-768x512.webp",768,512,true],"large":["https:\/\/pressurezone.shop\/wp-content\/uploads\/2024\/10\/Grape-Ox-Strain-Budder-Concentrate-1024x683.webp",1024,683,true],"1536x1536":["https:\/\/pressurezone.shop\/wp-content\/uploads\/2024\/10\/Grape-Ox-Strain-Budder-Concentrate-1536x1024.webp",1536,1024,true],"2048x2048":["https:\/\/pressurezone.shop\/wp-content\/uploads\/2024\/10\/Grape-Ox-Strain-Budder-Concentrate.webp",2048,1365,false],"trp-custom-language-flag":["https:\/\/pressurezone.shop\/wp-content\/uploads\/2024\/10\/Grape-Ox-Strain-Budder-Concentrate-18x12.webp",18,12,true],"woocommerce_thumbnail":["https:\/\/pressurezone.shop\/wp-content\/uploads\/2024\/10\/Grape-Ox-Strain-Budder-Concentrate-300x300.webp",300,300,true],"woocommerce_single":["https:\/\/pressurezone.shop\/wp-content\/uploads\/2024\/10\/Grape-Ox-Strain-Budder-Concentrate-600x400.webp",600,400,true],"woocommerce_gallery_thumbnail":["https:\/\/pressurezone.shop\/wp-content\/uploads\/2024\/10\/Grape-Ox-Strain-Budder-Concentrate-100x100.webp",100,100,true]},"uagb_author_info":{"display_name":"pressurezone.shop","author_link":"https:\/\/pressurezone.shop\/pl\/author\/"},"uagb_comment_info":0,"uagb_excerpt":"Achetez le Grape Ox Strain Budder Concentrate en ligne en Europe D\u00e9couvrez la relaxation ultime avec le Grape Ox Strain Budder Concentrate, un concentr\u00e9 de cannabis de premier choix pour ceux qui recherchent \u00e0 la fois un plaisir r\u00e9cr\u00e9atif et des bienfaits m\u00e9dicinaux. Cet hybride \u00e0 dominance indica (90 % indica\/10 % sativa) est le&hellip;","_links":{"self":[{"href":"https:\/\/pressurezone.shop\/pl\/wp-json\/wp\/v2\/product\/3232"}],"collection":[{"href":"https:\/\/pressurezone.shop\/pl\/wp-json\/wp\/v2\/product"}],"about":[{"href":"https:\/\/pressurezone.shop\/pl\/wp-json\/wp\/v2\/types\/product"}],"replies":[{"embeddable":true,"href":"https:\/\/pressurezone.shop\/pl\/wp-json\/wp\/v2\/comments?post=3232"}],"version-history":[{"count":3,"href":"https:\/\/pressurezone.shop\/pl\/wp-json\/wp\/v2\/product\/3232\/revisions"}],"predecessor-version":[{"id":4602,"href":"https:\/\/pressurezone.shop\/pl\/wp-json\/wp\/v2\/product\/3232\/revisions\/4602"}],"wp:featuredmedia":[{"embeddable":true,"href":"https:\/\/pressurezone.shop\/pl\/wp-json\/wp\/v2\/media\/3308"}],"wp:attachment":[{"href":"https:\/\/pressurezone.shop\/pl\/wp-json\/wp\/v2\/media?parent=3232"}],"wp:term":[{"taxonomy":"product_brand","embeddable":true,"href":"https:\/\/pressurezone.shop\/pl\/wp-json\/wp\/v2\/product_brand?post=3232"},{"taxonomy":"product_cat","embeddable":true,"href":"https:\/\/pressurezone.shop\/pl\/wp-json\/wp\/v2\/product_cat?post=3232"},{"taxonomy":"product_tag","embeddable":true,"href":"https:\/\/pressurezone.shop\/pl\/wp-json\/wp\/v2\/product_tag?post=3232"}],"curies":[{"name":"wp","href":"https:\/\/api.w.org\/{rel}","templated":true}]}}