{"id":3233,"date":"2024-10-11T00:56:06","date_gmt":"2024-10-10T22:56:06","guid":{"rendered":"https:\/\/pressurezone.shop\/?post_type=product&#038;p=3233"},"modified":"2024-11-16T23:09:48","modified_gmt":"2024-11-16T22:09:48","slug":"cookies-strain-budder","status":"publish","type":"product","link":"https:\/\/pressurezone.shop\/pl\/produkt\/ciasteczka-z-paczkow-szczepu\/","title":{"rendered":"Cookies Strain Budder Indica dominuj\u0105ca hybryda"},"content":{"rendered":"<h3><strong>Kup Cookies Strain Budder - Hybrid Dominant Indica online w Europie<\/strong><\/h3>\n<p>Odkryj dobre samopoczucie zapewniane przez <strong>Odcedzi\u0107 ciasteczka Budder<\/strong>najwy\u017cszej jako\u015bci koncentrat konopi indyjskich, kt\u00f3ry \u0142\u0105czy w sobie moc <strong>OG Kush<\/strong>, <strong>Durban Poison<\/strong> i <strong>Cherry Kush<\/strong> w doskona\u0142o\u015bci <strong>hybryda z dominacj\u0105 indica (60 % indica \/ 40 % sativa)<\/strong>. Dzi\u0119ki d\u0142ugotrwa\u0142ym efektom i bogatemu profilowi aromatycznemu koncentrat ten jest idealny do relaksu i jasno\u015bci umys\u0142u.<\/p>\n<hr \/>\n<h3><strong>Dlaczego warto wybra\u0107 Cookies Strain Budder?<\/strong><\/h3>\n<h4><strong>Efekty premium<\/strong><\/h4>\n<ul>\n<li><strong>Efekty<\/strong> Euforia, dobry nastr\u00f3j, relaks, uniesienie<\/li>\n<li><strong>Mo\u017ce z\u0142agodzi\u0107<\/strong> L\u0119k, depresja, stres, utrata apetytu, przewlek\u0142y b\u00f3l<\/li>\n<\/ul>\n<p>Poczuj, jak stres znika dzi\u0119ki koj\u0105cym i pobudzaj\u0105cym w\u0142a\u015bciwo\u015bciom Cookies Budder. Jego euforyczny efekt jest idealny do dekompresji po d\u0142ugim dniu lub do zwalczania napi\u0119cia.<\/p>\n<hr \/>\n<h3><strong>Smaki i aromaty<\/strong><\/h3>\n<p>Cookies Strain Budder uwodzi zmys\u0142y wyj\u0105tkow\u0105 mieszank\u0105 smak\u00f3w i aromat\u00f3w:<\/p>\n<ul>\n<li><strong>Smaki<\/strong> wi\u015bnia, cytryna, sosna<\/li>\n<li><strong>Zapachy<\/strong> Mi\u0119ta, Orzech laskowy, Pikantny, S\u0142odki, Wanilia<\/li>\n<\/ul>\n<p>Ka\u017cda inhalacja ujawnia s\u0142odk\u0105 esencj\u0119 wi\u015bni i wanilii, podczas gdy nuty mi\u0119ty i sosny utrzymuj\u0105 si\u0119, czyni\u0105c ka\u017cd\u0105 sesj\u0119 niezapomnian\u0105.<\/p>\n<hr \/>\n<h3><strong>Korzy\u015bci z Cookies Strain Budder<\/strong><\/h3>\n<p>To <strong>koncentrat p\u0105k\u00f3w konopi<\/strong> s\u0142ynie z pot\u0119\u017cnych w\u0142a\u015bciwo\u015bci terapeutycznych:<\/p>\n<ul>\n<li><strong>Stres i niepok\u00f3j<\/strong> Relaksuj\u0105ce efekty pomagaj\u0105 si\u0119 odpr\u0119\u017cy\u0107 i zredukowa\u0107 natr\u0119tne my\u015bli.<\/li>\n<li><strong>Utrata apetytu i nudno\u015bci<\/strong> Pobudza apetyt, jednocze\u015bnie zmniejszaj\u0105c objawy nudno\u015bci.<\/li>\n<li><strong>Ulga od depresji<\/strong> Poprawia nastr\u00f3j i daje poczucie szcz\u0119\u015bcia.<\/li>\n<li><strong>Zarz\u0105dzanie b\u00f3lem<\/strong> \u0141agodzi przewlek\u0142y b\u00f3l i dyskomfort dzi\u0119ki koj\u0105cemu dzia\u0142aniu na cia\u0142o.<\/li>\n<\/ul>\n<hr \/>\n<h3><strong>Jak u\u017cywa\u0107 Cookies Strain Budder<\/strong><\/h3>\n<p>Wykorzystaj w pe\u0142ni swoje ciasteczka Budder, pr\u00f3buj\u0105c r\u00f3\u017cnych sposob\u00f3w jedzenia:<\/p>\n<ol>\n<li><strong>Dabbing<\/strong> U\u017cyj zestawu dab, aby uzyska\u0107 mocne i smaczne doznania.<\/li>\n<li><strong>Odparowanie<\/strong> Kompatybilny z koncentratami w sprayu do dyskretnego stosowania.<\/li>\n<li><strong>Dym<\/strong> Dodaj niewielk\u0105 ilo\u015b\u0107 do staw\u00f3w lub rur, aby uzyska\u0107 dodatkow\u0105 intensywno\u015b\u0107.<\/li>\n<\/ol>\n<hr \/>\n<h3><strong>Co sprawia, \u017ce ciasteczka Strain Budder s\u0105 wyj\u0105tkowe?<\/strong><\/h3>\n<h4><strong>Moc i czysto\u015b\u0107<\/strong><\/h4>\n<p>Z <strong>\u015bredni poziom THC wynosz\u0105cy 24 %<\/strong>Ten p\u0105czek oferuje solidne, d\u0142ugotrwa\u0142e doznania. Jest starannie ekstrahowany w celu zachowania naturalnych kannabinoid\u00f3w i terpen\u00f3w, gwarantujac czysty i mocny produkt.<a href=\"https:\/\/fuelpackz.com\/\" target=\"_blank\" rel=\"noopener\">.<\/a><\/p>\n<h4><strong>Bogaty profil kannabinoidowy<\/strong><\/h4>\n<p>Zr\u00f3wnowa\u017cony wsp\u00f3\u0142czynnik <strong>indica-sativa<\/strong> Cookies Budder oferuje mieszank\u0119 m\u00f3zgowej euforii i fizycznego relaksu, dzi\u0119ki czemu jest wszechstronny zar\u00f3wno dla u\u017cytkownik\u00f3w rekreacyjnych, jak i medycznych.<\/p>\n<hr \/>\n<h3><strong>Kup Cookies Strain Budder online w Europie<\/strong><\/h3>\n<p>Zwi\u0119ksz swoje do\u015bwiadczenie z konopiami indyjskimi dzi\u0119ki <strong>Odcedzi\u0107 ciasteczka Budder<\/strong>koncentrat przeznaczony dla os\u00f3b poszukuj\u0105cych najwy\u017cszej jako\u015bci i niepor\u00f3wnywalnych efekt\u00f3w. Niezale\u017cnie od tego, czy chcesz si\u0119 zrelaksowa\u0107, poradzi\u0107 sobie z objawami, czy po prostu cieszy\u0107 si\u0119 smaczn\u0105 sesj\u0105, ten budder jest stworzony dla Ciebie.<\/p>\n<p><strong>Zam\u00f3w teraz na <a href=\"https:\/\/pressurezone.shop\/pl\/\" target=\"_new\" rel=\"noopener\">PressureZone.Shop<\/a><\/strong> i ciesz si\u0119 szybk\u0105, dyskretn\u0105 dostaw\u0105 w dowolne miejsce w Europie.<\/p>","protected":false},"excerpt":{"rendered":"<p>Achetez Cookies Strain Budder \u2013 Hybride Dominant Indica en Ligne Europe D\u00e9couvrez le bien-\u00eatre apport\u00e9 par le Cookies Strain Budder, un concentr\u00e9 de cannabis premium qui combine la puissance de OG Kush, Durban Poison et Cherry Kush dans un parfait hybride dominant indica (60 % indica \/ 40 % sativa). Avec ses effets durables et [&hellip;]<\/p>","protected":false},"featured_media":3310,"comment_status":"closed","ping_status":"closed","template":"","meta":{"_uag_custom_page_level_css":"","site-sidebar-layout":"default","site-content-layout":"","ast-site-content-layout":"default","site-content-style":"default","site-sidebar-style":"default","ast-global-header-display":"","ast-banner-title-visibility":"","ast-main-header-display":"","ast-hfb-above-header-display":"","ast-hfb-below-header-display":"","ast-hfb-mobile-header-display":"","site-post-title":"","ast-breadcrumbs-content":"","ast-featured-img":"","footer-sml-layout":"","theme-transparent-header-meta":"default","adv-header-id-meta":"","stick-header-meta":"","header-above-stick-meta":"","header-main-stick-meta":"","header-below-stick-meta":"","astra-migrate-meta-layouts":"set","ast-page-background-enabled":"default","ast-page-background-meta":{"desktop":{"background-color":"","background-image":"","background-repeat":"repeat","background-position":"center center","background-size":"auto","background-attachment":"scroll","background-type":"","background-media":"","overlay-type":"","overlay-color":"","overlay-opacity":"","overlay-gradient":""},"tablet":{"background-color":"","background-image":"","background-repeat":"repeat","background-position":"center center","background-size":"auto","background-attachment":"scroll","background-type":"","background-media":"","overlay-type":"","overlay-color":"","overlay-opacity":"","overlay-gradient":""},"mobile":{"background-color":"","background-image":"","background-repeat":"repeat","background-position":"center center","background-size":"auto","background-attachment":"scroll","background-type":"","background-media":"","overlay-type":"","overlay-color":"","overlay-opacity":"","overlay-gradient":""}},"ast-content-background-meta":{"desktop":{"background-color":"var(--ast-global-color-5)","background-image":"","background-repeat":"repeat","background-position":"center center","background-size":"auto","background-attachment":"scroll","background-type":"","background-media":"","overlay-type":"","overlay-color":"","overlay-opacity":"","overlay-gradient":""},"tablet":{"background-color":"var(--ast-global-color-5)","background-image":"","background-repeat":"repeat","background-position":"center center","background-size":"auto","background-attachment":"scroll","background-type":"","background-media":"","overlay-type":"","overlay-color":"","overlay-opacity":"","overlay-gradient":""},"mobile":{"background-color":"var(--ast-global-color-5)","background-image":"","background-repeat":"repeat","background-position":"center center","background-size":"auto","background-attachment":"scroll","background-type":"","background-media":"","overlay-type":"","overlay-color":"","overlay-opacity":"","overlay-gradient":""}}},"product_brand":[],"product_cat":[388,334],"product_tag":[403],"class_list":{"0":"post-3233","1":"product","2":"type-product","3":"status-publish","4":"has-post-thumbnail","6":"product_cat-cannabis-budder","7":"product_cat-concentres-de-marijuana","8":"product_tag-order-cookies-strain-budder-indica-dominant-hybrid-europe","9":"desktop-align-left","10":"tablet-align-left","11":"mobile-align-left","13":"first","14":"instock","15":"shipping-taxable","16":"purchasable","17":"product-type-variable"},"uagb_featured_image_src":{"full":["https:\/\/pressurezone.shop\/wp-content\/uploads\/2024\/10\/Cookies-Strain-Budder-Indica-Dominant-Hybrid.webp",2048,1365,false],"thumbnail":["https:\/\/pressurezone.shop\/wp-content\/uploads\/2024\/10\/Cookies-Strain-Budder-Indica-Dominant-Hybrid-150x150.webp",150,150,true],"medium":["https:\/\/pressurezone.shop\/wp-content\/uploads\/2024\/10\/Cookies-Strain-Budder-Indica-Dominant-Hybrid-300x200.webp",300,200,true],"medium_large":["https:\/\/pressurezone.shop\/wp-content\/uploads\/2024\/10\/Cookies-Strain-Budder-Indica-Dominant-Hybrid-768x512.webp",768,512,true],"large":["https:\/\/pressurezone.shop\/wp-content\/uploads\/2024\/10\/Cookies-Strain-Budder-Indica-Dominant-Hybrid-1024x683.webp",1024,683,true],"1536x1536":["https:\/\/pressurezone.shop\/wp-content\/uploads\/2024\/10\/Cookies-Strain-Budder-Indica-Dominant-Hybrid-1536x1024.webp",1536,1024,true],"2048x2048":["https:\/\/pressurezone.shop\/wp-content\/uploads\/2024\/10\/Cookies-Strain-Budder-Indica-Dominant-Hybrid.webp",2048,1365,false],"trp-custom-language-flag":["https:\/\/pressurezone.shop\/wp-content\/uploads\/2024\/10\/Cookies-Strain-Budder-Indica-Dominant-Hybrid-18x12.webp",18,12,true],"woocommerce_thumbnail":["https:\/\/pressurezone.shop\/wp-content\/uploads\/2024\/10\/Cookies-Strain-Budder-Indica-Dominant-Hybrid-300x300.webp",300,300,true],"woocommerce_single":["https:\/\/pressurezone.shop\/wp-content\/uploads\/2024\/10\/Cookies-Strain-Budder-Indica-Dominant-Hybrid-600x400.webp",600,400,true],"woocommerce_gallery_thumbnail":["https:\/\/pressurezone.shop\/wp-content\/uploads\/2024\/10\/Cookies-Strain-Budder-Indica-Dominant-Hybrid-100x100.webp",100,100,true]},"uagb_author_info":{"display_name":"pressurezone.shop","author_link":"https:\/\/pressurezone.shop\/pl\/author\/"},"uagb_comment_info":0,"uagb_excerpt":"Achetez Cookies Strain Budder \u2013 Hybride Dominant Indica en Ligne Europe D\u00e9couvrez le bien-\u00eatre apport\u00e9 par le Cookies Strain Budder, un concentr\u00e9 de cannabis premium qui combine la puissance de OG Kush, Durban Poison et Cherry Kush dans un parfait hybride dominant indica (60 % indica \/ 40 % sativa). Avec ses effets durables et&hellip;","_links":{"self":[{"href":"https:\/\/pressurezone.shop\/pl\/wp-json\/wp\/v2\/product\/3233"}],"collection":[{"href":"https:\/\/pressurezone.shop\/pl\/wp-json\/wp\/v2\/product"}],"about":[{"href":"https:\/\/pressurezone.shop\/pl\/wp-json\/wp\/v2\/types\/product"}],"replies":[{"embeddable":true,"href":"https:\/\/pressurezone.shop\/pl\/wp-json\/wp\/v2\/comments?post=3233"}],"version-history":[{"count":3,"href":"https:\/\/pressurezone.shop\/pl\/wp-json\/wp\/v2\/product\/3233\/revisions"}],"predecessor-version":[{"id":4570,"href":"https:\/\/pressurezone.shop\/pl\/wp-json\/wp\/v2\/product\/3233\/revisions\/4570"}],"wp:featuredmedia":[{"embeddable":true,"href":"https:\/\/pressurezone.shop\/pl\/wp-json\/wp\/v2\/media\/3310"}],"wp:attachment":[{"href":"https:\/\/pressurezone.shop\/pl\/wp-json\/wp\/v2\/media?parent=3233"}],"wp:term":[{"taxonomy":"product_brand","embeddable":true,"href":"https:\/\/pressurezone.shop\/pl\/wp-json\/wp\/v2\/product_brand?post=3233"},{"taxonomy":"product_cat","embeddable":true,"href":"https:\/\/pressurezone.shop\/pl\/wp-json\/wp\/v2\/product_cat?post=3233"},{"taxonomy":"product_tag","embeddable":true,"href":"https:\/\/pressurezone.shop\/pl\/wp-json\/wp\/v2\/product_tag?post=3233"}],"curies":[{"name":"wp","href":"https:\/\/api.w.org\/{rel}","templated":true}]}}