{"id":3234,"date":"2024-10-11T00:56:06","date_gmt":"2024-10-10T22:56:06","guid":{"rendered":"https:\/\/pressurezone.shop\/?post_type=product&#038;p=3234"},"modified":"2024-11-15T23:09:31","modified_gmt":"2024-11-15T22:09:31","slug":"banana-kush-strain-budder","status":"publish","type":"product","link":"https:\/\/pressurezone.shop\/pl\/produkt\/banana-kush-szczep-budder\/","title":{"rendered":"Szczep Banana Kush Budder"},"content":{"rendered":"<h3><strong>Kup Budder Banana Kush online - pierwszorz\u0119dne do\u015bwiadczenie z konopiami indyjskimi<\/strong><\/h3>\n<p><strong>Kup Banana Kush Strain Budder online w Europie.<\/strong> Zanurz si\u0119 w wyj\u0105tkowych doznaniach zwi\u0105zanych z konopiami indyjskimi dzi\u0119ki <strong>Banana Kush Budder<\/strong>koncentrat hybrydowy znany z owocowego smaku i silnego dzia\u0142ania. Koncentrat ten jest wynikiem legendarnej krzy\u017c\u00f3wki pomi\u0119dzy <strong>OG Kush<\/strong> zachodnie wybrze\u017ce i <strong>Skunk Haze<\/strong>co czyni go niezb\u0119dnym \u017ar\u00f3d\u0142em informacji dla entuzjast\u00f3w marihuany.<\/p>\n<hr \/>\n<h3><strong>Dlaczego warto wybra\u0107 Banana Kush Strain Budder?<\/strong><\/h3>\n<p>Le <strong>Banana Kush Budder<\/strong> to koncentrat ceniony za zr\u00f3wnowa\u017cone po\u0142\u0105czenie tropikalnych smak\u00f3w i korzy\u015bci terapeutycznych.<\/p>\n<ul>\n<li><strong>Dominuj\u0105ca Indica<\/strong> Stosunek indica\/sativa wynosz\u0105cy <strong>60:40<\/strong> dla g\u0142\u0119bokiego relaksu.<\/li>\n<li><strong>THC High<\/strong> Zawarto\u015b\u0107 THC w <strong>18-25%<\/strong>Idealny dla mocnych, d\u0142ugotrwa\u0142ych efekt\u00f3w.<\/li>\n<li><strong>Wyj\u0105tkowy smak<\/strong> S\u0142odkie nuty banana i drewna tropikalnego<a href=\"https:\/\/fuelpackz.com\/\" target=\"_blank\" rel=\"noopener\">.<\/a><\/li>\n<\/ul>\n<hr \/>\n<h3><strong>Efekty i korzy\u015bci<\/strong><\/h3>\n<p>Banana Kush Strain Budder oferuje wszechstronne efekty, idealne do u\u017cytku rekreacyjnego lub medycznego.<\/p>\n<ul>\n<li><strong>Pozytywne efekty<\/strong> :\n<ul>\n<li>Intensywny relaks cia\u0142a.<\/li>\n<li>Euforia i zwi\u0119kszona kreatywno\u015b\u0107.<\/li>\n<li>Uczucie szcz\u0119\u015bcia i relaksu.<\/li>\n<\/ul>\n<\/li>\n<li><strong>Zmniejszenie dolegliwo\u015bci medycznych<\/strong> :\n<ul>\n<li>Choroba afektywna dwubiegunowa i przewlek\u0142y stres.<\/li>\n<li>Uporczywy b\u00f3l i migreny.<\/li>\n<li>Bezsenno\u015b\u0107 i zaburzenia snu.<\/li>\n<li>Objawy PMS, PTSD i depresji.<\/li>\n<\/ul>\n<\/li>\n<\/ul>\n<hr \/>\n<h3><strong>Smaki i aromaty<\/strong><\/h3>\n<p>Daj si\u0119 uwie\u015b\u0107 bogatym, tropikalnym smakom Banana Kush Budder:<\/p>\n<ul>\n<li><strong>Smaki<\/strong> Owocowy, tropikalny, s\u0142odki z nut\u0105 drewna.<\/li>\n<li><strong>Zapachy<\/strong> Ziemisty i s\u0142odki, z nut\u0105 \u015bwie\u017cego banana.<\/li>\n<\/ul>\n<hr \/>\n<h3><strong>Zalecenia dotycz\u0105ce u\u017cytkowania<\/strong><\/h3>\n<p>Le <strong>Banana Kush Budder<\/strong> jest idealny na wieczorne wyj\u015bcia lub gdy potrzebujesz relaksu:<\/p>\n<ol>\n<li><strong>Dla lepszego snu w nocy<\/strong> Przyjmowa\u0107 niewielk\u0105 dawk\u0119 na godzin\u0119 przed snem, aby skorzysta\u0107 z jej w\u0142a\u015bciwo\u015bci uspokajaj\u0105cych.<\/li>\n<li><strong>U\u015bmierzanie b\u00f3lu<\/strong> Skuteczny w walce z przewlek\u0142ym b\u00f3lem, napi\u0119ciem mi\u0119\u015bniowym i jaskr\u0105.<\/li>\n<li><strong>Stymulacja apetytu<\/strong> Idealny w przypadku zaburze\u0144 od\u017cywiania lub stresu zwi\u0105zanego z utrat\u0105 apetytu.<\/li>\n<\/ol>\n<hr \/>\n<h3><strong>Dlaczego warto kupowa\u0107 w sklepie Pressure Zone Shop?<\/strong><\/h3>\n<p><strong><a href=\"https:\/\/pressurezone.shop\/pl\/\" target=\"_new\" rel=\"noopener\">Sklep ze strefami ci\u015bnieniowymi<\/a><\/strong> gwarantuje wysokiej jako\u015bci koncentraty marihuany i wyj\u0105tkow\u0105 obs\u0142ug\u0119 klienta.<\/p>\n<ul>\n<li><strong>Wysokiej jako\u015bci<\/strong> Testowane laboratoryjnie pod k\u0105tem optymalnej czysto\u015bci i mocy.<\/li>\n<li><strong>Szeroki zakres produkt\u00f3w<\/strong> Poznaj r\u00f3\u017cnorodne p\u0105czki, dostosowane do Twoich potrzeb.<\/li>\n<li><strong>Dyskretna wysy\u0142ka<\/strong> Szybka, poufna dostawa na terenie ca\u0142ej Europy.<\/li>\n<\/ul>\n<hr \/>\n<h3><strong>Korzy\u015bci medyczne wynikaj\u0105ce ze stosowania Banana Kush Budder<\/strong><\/h3>\n<ul>\n<li>Pomaga uspokoi\u0107 napi\u0119cie mi\u0119\u015bniowe i nerwowe.<\/li>\n<li>\u0141agodzi b\u00f3l zwi\u0105zany z przewlek\u0142ymi zaburzeniami.<\/li>\n<li>Uspokaja umys\u0142 i zmniejsza poziom stresu.<\/li>\n<li>Pobudza apetyt i leczy bezsenno\u015b\u0107.<\/li>\n<\/ul>\n<hr \/>\n<h3><strong>Zam\u00f3w ju\u017c dzi\u015b!<\/strong><\/h3>\n<p>Zafunduj sobie luksusowe doznania zwi\u0105zane z konopiami indyjskimi dzi\u0119ki <strong>Szczep Banana Kush Budder<\/strong>. Idealny dla mi\u0142o\u015bnik\u00f3w koncentrat\u00f3w, produkt ten jest idealnym rozwi\u0105zaniem na relaks po d\u0142ugim dniu lub w celu z\u0142agodzenia dolegliwo\u015bci medycznych.<\/p>\n<p><strong>Kup teraz na <a href=\"https:\/\/pressurezone.shop\/pl\/\" target=\"_new\" rel=\"noopener\">Sklep ze strefami ci\u015bnieniowymi<\/a><\/strong> i dowiedz si\u0119, dlaczego Banana Kush Budder jest zdecydowanym faworytem w\u015br\u00f3d koneser\u00f3w.<\/p>","protected":false},"excerpt":{"rendered":"<p>Achetez du Budder Banana Kush en Ligne \u2013 Une Exp\u00e9rience Cannabis de Premier Ordre Achetez du Banana Kush Strain Budder en Ligne Europe. Plongez dans une exp\u00e9rience cannabis unique avec le Banana Kush Budder, un concentr\u00e9 hybride r\u00e9put\u00e9 pour son go\u00fbt fruit\u00e9 et ses effets puissants. Ce concentr\u00e9 est issu d\u2019un croisement l\u00e9gendaire entre OG [&hellip;]<\/p>","protected":false},"featured_media":3316,"comment_status":"closed","ping_status":"closed","template":"","meta":{"_uag_custom_page_level_css":"","site-sidebar-layout":"default","site-content-layout":"","ast-site-content-layout":"default","site-content-style":"default","site-sidebar-style":"default","ast-global-header-display":"","ast-banner-title-visibility":"","ast-main-header-display":"","ast-hfb-above-header-display":"","ast-hfb-below-header-display":"","ast-hfb-mobile-header-display":"","site-post-title":"","ast-breadcrumbs-content":"","ast-featured-img":"","footer-sml-layout":"","theme-transparent-header-meta":"default","adv-header-id-meta":"","stick-header-meta":"","header-above-stick-meta":"","header-main-stick-meta":"","header-below-stick-meta":"","astra-migrate-meta-layouts":"set","ast-page-background-enabled":"default","ast-page-background-meta":{"desktop":{"background-color":"","background-image":"","background-repeat":"repeat","background-position":"center center","background-size":"auto","background-attachment":"scroll","background-type":"","background-media":"","overlay-type":"","overlay-color":"","overlay-opacity":"","overlay-gradient":""},"tablet":{"background-color":"","background-image":"","background-repeat":"repeat","background-position":"center center","background-size":"auto","background-attachment":"scroll","background-type":"","background-media":"","overlay-type":"","overlay-color":"","overlay-opacity":"","overlay-gradient":""},"mobile":{"background-color":"","background-image":"","background-repeat":"repeat","background-position":"center center","background-size":"auto","background-attachment":"scroll","background-type":"","background-media":"","overlay-type":"","overlay-color":"","overlay-opacity":"","overlay-gradient":""}},"ast-content-background-meta":{"desktop":{"background-color":"var(--ast-global-color-5)","background-image":"","background-repeat":"repeat","background-position":"center center","background-size":"auto","background-attachment":"scroll","background-type":"","background-media":"","overlay-type":"","overlay-color":"","overlay-opacity":"","overlay-gradient":""},"tablet":{"background-color":"var(--ast-global-color-5)","background-image":"","background-repeat":"repeat","background-position":"center center","background-size":"auto","background-attachment":"scroll","background-type":"","background-media":"","overlay-type":"","overlay-color":"","overlay-opacity":"","overlay-gradient":""},"mobile":{"background-color":"var(--ast-global-color-5)","background-image":"","background-repeat":"repeat","background-position":"center center","background-size":"auto","background-attachment":"scroll","background-type":"","background-media":"","overlay-type":"","overlay-color":"","overlay-opacity":"","overlay-gradient":""}}},"product_brand":[],"product_cat":[388,334],"product_tag":[503,404,389,390,392],"class_list":{"0":"post-3234","1":"product","2":"type-product","3":"status-publish","4":"has-post-thumbnail","6":"product_cat-cannabis-budder","7":"product_cat-concentres-de-marijuana","8":"product_tag-banana-kush-strain-budder","9":"product_tag-buy-banana-kush-strain-budder-online-europe","10":"product_tag-buy-budder-online-cheap","11":"product_tag-buy-marijuana-budder-eu","12":"product_tag-order-thc-budder-europe","13":"desktop-align-left","14":"tablet-align-left","15":"mobile-align-left","17":"first","18":"instock","19":"shipping-taxable","20":"purchasable","21":"product-type-variable"},"uagb_featured_image_src":{"full":["https:\/\/pressurezone.shop\/wp-content\/uploads\/2024\/10\/Buy-Banana-Kush-Strain-Budder.webp",2048,1365,false],"thumbnail":["https:\/\/pressurezone.shop\/wp-content\/uploads\/2024\/10\/Buy-Banana-Kush-Strain-Budder-150x150.webp",150,150,true],"medium":["https:\/\/pressurezone.shop\/wp-content\/uploads\/2024\/10\/Buy-Banana-Kush-Strain-Budder-300x200.webp",300,200,true],"medium_large":["https:\/\/pressurezone.shop\/wp-content\/uploads\/2024\/10\/Buy-Banana-Kush-Strain-Budder-768x512.webp",768,512,true],"large":["https:\/\/pressurezone.shop\/wp-content\/uploads\/2024\/10\/Buy-Banana-Kush-Strain-Budder-1024x683.webp",1024,683,true],"1536x1536":["https:\/\/pressurezone.shop\/wp-content\/uploads\/2024\/10\/Buy-Banana-Kush-Strain-Budder-1536x1024.webp",1536,1024,true],"2048x2048":["https:\/\/pressurezone.shop\/wp-content\/uploads\/2024\/10\/Buy-Banana-Kush-Strain-Budder.webp",2048,1365,false],"trp-custom-language-flag":["https:\/\/pressurezone.shop\/wp-content\/uploads\/2024\/10\/Buy-Banana-Kush-Strain-Budder-18x12.webp",18,12,true],"woocommerce_thumbnail":["https:\/\/pressurezone.shop\/wp-content\/uploads\/2024\/10\/Buy-Banana-Kush-Strain-Budder-300x300.webp",300,300,true],"woocommerce_single":["https:\/\/pressurezone.shop\/wp-content\/uploads\/2024\/10\/Buy-Banana-Kush-Strain-Budder-600x400.webp",600,400,true],"woocommerce_gallery_thumbnail":["https:\/\/pressurezone.shop\/wp-content\/uploads\/2024\/10\/Buy-Banana-Kush-Strain-Budder-100x100.webp",100,100,true]},"uagb_author_info":{"display_name":"pressurezone.shop","author_link":"https:\/\/pressurezone.shop\/pl\/author\/"},"uagb_comment_info":0,"uagb_excerpt":"Achetez du Budder Banana Kush en Ligne \u2013 Une Exp\u00e9rience Cannabis de Premier Ordre Achetez du Banana Kush Strain Budder en Ligne Europe. Plongez dans une exp\u00e9rience cannabis unique avec le Banana Kush Budder, un concentr\u00e9 hybride r\u00e9put\u00e9 pour son go\u00fbt fruit\u00e9 et ses effets puissants. Ce concentr\u00e9 est issu d\u2019un croisement l\u00e9gendaire entre OG&hellip;","_links":{"self":[{"href":"https:\/\/pressurezone.shop\/pl\/wp-json\/wp\/v2\/product\/3234"}],"collection":[{"href":"https:\/\/pressurezone.shop\/pl\/wp-json\/wp\/v2\/product"}],"about":[{"href":"https:\/\/pressurezone.shop\/pl\/wp-json\/wp\/v2\/types\/product"}],"replies":[{"embeddable":true,"href":"https:\/\/pressurezone.shop\/pl\/wp-json\/wp\/v2\/comments?post=3234"}],"version-history":[{"count":3,"href":"https:\/\/pressurezone.shop\/pl\/wp-json\/wp\/v2\/product\/3234\/revisions"}],"predecessor-version":[{"id":4537,"href":"https:\/\/pressurezone.shop\/pl\/wp-json\/wp\/v2\/product\/3234\/revisions\/4537"}],"wp:featuredmedia":[{"embeddable":true,"href":"https:\/\/pressurezone.shop\/pl\/wp-json\/wp\/v2\/media\/3316"}],"wp:attachment":[{"href":"https:\/\/pressurezone.shop\/pl\/wp-json\/wp\/v2\/media?parent=3234"}],"wp:term":[{"taxonomy":"product_brand","embeddable":true,"href":"https:\/\/pressurezone.shop\/pl\/wp-json\/wp\/v2\/product_brand?post=3234"},{"taxonomy":"product_cat","embeddable":true,"href":"https:\/\/pressurezone.shop\/pl\/wp-json\/wp\/v2\/product_cat?post=3234"},{"taxonomy":"product_tag","embeddable":true,"href":"https:\/\/pressurezone.shop\/pl\/wp-json\/wp\/v2\/product_tag?post=3234"}],"curies":[{"name":"wp","href":"https:\/\/api.w.org\/{rel}","templated":true}]}}