{"id":3244,"date":"2024-10-11T00:56:32","date_gmt":"2024-10-10T22:56:32","guid":{"rendered":"https:\/\/pressurezone.shop\/?post_type=product&#038;p=3244"},"modified":"2024-11-16T23:05:16","modified_gmt":"2024-11-16T22:05:16","slug":"moonshine-haze-budder","status":"publish","type":"product","link":"https:\/\/pressurezone.shop\/pl\/produkt\/moonshine-haze-budder\/","title":{"rendered":"Moonshine Haze Budder"},"content":{"rendered":"<h3>Kup Moonshine Haze Budder online w Europie<\/h3>\n<p><strong>Moonshine Haze Budder<\/strong> to najwy\u017cszej jako\u015bci koncentrat konopi indyjskich pochodz\u0105cy ze s\u0142ynnego <strong>Odmiana Moonshine Haze<\/strong>. To <strong>hybryda z dominacj\u0105 sativy (85% sativa \/ 15% indica)<\/strong> jest wynikiem starannie wyhodowanej krzy\u017c\u00f3wki pomi\u0119dzy <strong>Wrak Nevila<\/strong> i <strong>Amnesia Haze<\/strong>Rezultatem jest stymuluj\u0105ce i energetyzuj\u0105ce do\u015bwiadczenie, idealne do stosowania w ci\u0105gu dnia. Niezale\u017cnie od tego, czy jeste\u015b entuzjast\u0105 konopi indyjskich, czy u\u017cytkownikiem medycznym, produkt <strong>Moonshine Haze Budder<\/strong> to doskona\u0142y wyb\u00f3r dla pobudzenia kreatywno\u015bci, z\u0142agodzenia stresu i poprawy nastroju.<a href=\"https:\/\/fuelpackz.com\/\" target=\"_blank\" rel=\"noopener\">.<\/a><\/p>\n<hr \/>\n<h3><strong>Dlaczego warto wybra\u0107 Moonshine Haze Budder?<\/strong><\/h3>\n<h4><strong>Efekty premium<\/strong><\/h4>\n<ul>\n<li><strong>Efekty<\/strong> Stymuluj\u0105cy, kreatywny, energetyzuj\u0105cy, szcz\u0119\u015bliwy, podnosz\u0105cy na duchu<\/li>\n<li><strong>\u015awiadczenia medyczne<\/strong> \u0141agodzi skurcze, depresj\u0119, zm\u0119czenie, utrat\u0119 apetytu i stres.<\/li>\n<\/ul>\n<p>Niezale\u017cnie od tego, czy szukasz inspiruj\u0105cego zastrzyku energii dla swoich kreatywnych projekt\u00f3w, czy te\u017c ulgi od zm\u0119czenia i stresu <strong>Moonshine Haze Budder<\/strong> to wszechstronna i pot\u0119\u017cna opcja.<\/p>\n<hr \/>\n<h3><strong>Smaki i aromaty<\/strong><\/h3>\n<p>Ten koncentrat zawieraj\u0105cy g\u0142\u00f3wnie sativ\u0119 zachwyca zmys\u0142y:<\/p>\n<ul>\n<li><strong>Smaki<\/strong> Zio\u0142owy, ostry, pikantny<\/li>\n<li><strong>Zapachy<\/strong> Ziemisty, kwiatowy, zio\u0142owy, pikantny, skunksowy<\/li>\n<\/ul>\n<p>Ka\u017cda inhalacja to pikantna, zio\u0142owa mieszanka, wzmocniona skunksowymi niuansami, kt\u00f3re przypadn\u0105 do gustu koneserom konopi.<\/p>\n<hr \/>\n<h3><strong>Korzy\u015bci terapeutyczne Moonshine Haze Budder<\/strong><\/h3>\n<p>Le <strong>Moonshine Haze Budder<\/strong> jest wype\u0142niona kannabinoidami zapewniaj\u0105cymi d\u0142ugotrwa\u0142\u0105 ulg\u0119. Dzi\u0119ki wysokiej zawarto\u015bci THC jest szczeg\u00f3lnie skuteczny w leczeniu :<\/p>\n<ul>\n<li><strong>Przewlek\u0142y b\u00f3l<\/strong> Koj\u0105ce uczucie, kt\u00f3re \u0142agodzi napi\u0119cie i b\u00f3l.<\/li>\n<li><strong>Zm\u0119czenie<\/strong> Energetyzuj\u0105ce dzia\u0142anie, kt\u00f3re zwalcza zm\u0119czenie i utrzymuje aktywno\u015b\u0107.<\/li>\n<li><strong>Depresja<\/strong> Efekty m\u00f3zgowe, kt\u00f3re rozwiewaj\u0105 negatywne my\u015bli i zach\u0119caj\u0105 do pozytywnego my\u015blenia.<\/li>\n<li><strong>Stres<\/strong> Relaksuje umys\u0142 i oferuje wytchnienie od presji codziennego \u017cycia.<\/li>\n<li><strong>Utrata apetytu<\/strong> Pobudza apetyt, idealny dla os\u00f3b z zaburzeniami od\u017cywiania.<\/li>\n<\/ul>\n<hr \/>\n<h3><strong>Jak stosowa\u0107 Moonshine Haze Budder?<\/strong><\/h3>\n<p>Le <strong>Moonshine Haze Budder<\/strong> oferuje szeroki zakres opcji konsumpcji:<\/p>\n<ol>\n<li><strong>Dabbing<\/strong> U\u017cyj zestawu dab, aby w pe\u0142ni wykorzysta\u0107 smaki i efekty.<\/li>\n<li><strong>Odparowanie<\/strong> Kompatybilny z rozpylaczami do koncentrat\u00f3w, zapewniaj\u0105cymi delikatne doznania.<\/li>\n<li><strong>Infuzja<\/strong> Dodaj go do swoich fajek, joint\u00f3w lub blunt\u00f3w, aby wzbogaci\u0107 swoje sesje.<\/li>\n<\/ol>\n<hr \/>\n<h3><strong>Co sprawia, \u017ce Moonshine Haze Budder jest wyj\u0105tkowy?<\/strong><\/h3>\n<h4><strong>Do\u015bwiadczenie w produkcji<\/strong><\/h4>\n<p>Ten p\u0105czek jest ekstrahowany przy u\u017cyciu zaawansowanych metod, zachowuj\u0105c naturalny profil terpenowy, zapewniaj\u0105c bogate, aromatyczne doznania.<\/p>\n<h4><strong>Niezawodna pomoc<\/strong><\/h4>\n<p>Dzi\u0119ki sta\u0142ej sile dzia\u0142ania i zr\u00f3wnowa\u017conemu profilowi kannabinoidowemu jest idealna do u\u017cytku rekreacyjnego lub medycznego.<\/p>\n<h4><strong>Wszechstronne zastosowanie<\/strong><\/h4>\n<p>Idealny dla przyp\u0142ywu energii w ci\u0105gu dnia, tw\u00f3rczej iskry lub relaksu na koniec dnia.<\/p>\n<hr \/>\n<h3><strong>Kup Moonshine Haze Budder online w Europie<\/strong><\/h3>\n<p>Zwi\u0119ksz swoje do\u015bwiadczenie z konopiami indyjskimi dzi\u0119ki <strong>Moonshine Haze Budder<\/strong> najwy\u017csza jako\u015b\u0107. Niezale\u017cnie od tego, czy chcesz zwi\u0119kszy\u0107 swoj\u0105 kreatywno\u015b\u0107, poprawi\u0107 nastr\u00f3j czy z\u0142agodzi\u0107 chroniczny stres, ten pot\u0119\u017cny koncentrat z dominacj\u0105 sativy spe\u0142ni wszystkie Twoje potrzeby.<\/p>\n<p><strong>Zam\u00f3w teraz na <a href=\"https:\/\/pressurezone.shop\/pl\/\" target=\"_new\" rel=\"noopener\">PressureZone.Shop<\/a><\/strong> dyskretna dostawa i niezawodna obs\u0142uga w ca\u0142ej Europie<\/p>","protected":false},"excerpt":{"rendered":"<p>Acheter du Moonshine Haze Budder en ligne en Europe Moonshine Haze Budder est un concentr\u00e9 de cannabis premium issu de la c\u00e9l\u00e8bre vari\u00e9t\u00e9 Moonshine Haze. Ce hybride \u00e0 dominante sativa (85% sativa \/ 15% indica) est le fruit d\u2019un croisement soigneusement cultiv\u00e9 entre Nevil\u2019s Wreck et Amnesia Haze, offrant une exp\u00e9rience stimulante et \u00e9nergisante, id\u00e9ale [&hellip;]<\/p>","protected":false},"featured_media":3320,"comment_status":"closed","ping_status":"closed","template":"","meta":{"_uag_custom_page_level_css":"","site-sidebar-layout":"default","site-content-layout":"","ast-site-content-layout":"default","site-content-style":"default","site-sidebar-style":"default","ast-global-header-display":"","ast-banner-title-visibility":"","ast-main-header-display":"","ast-hfb-above-header-display":"","ast-hfb-below-header-display":"","ast-hfb-mobile-header-display":"","site-post-title":"","ast-breadcrumbs-content":"","ast-featured-img":"","footer-sml-layout":"","theme-transparent-header-meta":"default","adv-header-id-meta":"","stick-header-meta":"","header-above-stick-meta":"","header-main-stick-meta":"","header-below-stick-meta":"","astra-migrate-meta-layouts":"set","ast-page-background-enabled":"default","ast-page-background-meta":{"desktop":{"background-color":"","background-image":"","background-repeat":"repeat","background-position":"center center","background-size":"auto","background-attachment":"scroll","background-type":"","background-media":"","overlay-type":"","overlay-color":"","overlay-opacity":"","overlay-gradient":""},"tablet":{"background-color":"","background-image":"","background-repeat":"repeat","background-position":"center center","background-size":"auto","background-attachment":"scroll","background-type":"","background-media":"","overlay-type":"","overlay-color":"","overlay-opacity":"","overlay-gradient":""},"mobile":{"background-color":"","background-image":"","background-repeat":"repeat","background-position":"center center","background-size":"auto","background-attachment":"scroll","background-type":"","background-media":"","overlay-type":"","overlay-color":"","overlay-opacity":"","overlay-gradient":""}},"ast-content-background-meta":{"desktop":{"background-color":"var(--ast-global-color-5)","background-image":"","background-repeat":"repeat","background-position":"center center","background-size":"auto","background-attachment":"scroll","background-type":"","background-media":"","overlay-type":"","overlay-color":"","overlay-opacity":"","overlay-gradient":""},"tablet":{"background-color":"var(--ast-global-color-5)","background-image":"","background-repeat":"repeat","background-position":"center center","background-size":"auto","background-attachment":"scroll","background-type":"","background-media":"","overlay-type":"","overlay-color":"","overlay-opacity":"","overlay-gradient":""},"mobile":{"background-color":"var(--ast-global-color-5)","background-image":"","background-repeat":"repeat","background-position":"center center","background-size":"auto","background-attachment":"scroll","background-type":"","background-media":"","overlay-type":"","overlay-color":"","overlay-opacity":"","overlay-gradient":""}}},"product_brand":[],"product_cat":[388,334],"product_tag":[393,406,396,397],"class_list":{"0":"post-3244","1":"product","2":"type-product","3":"status-publish","4":"has-post-thumbnail","6":"product_cat-cannabis-budder","7":"product_cat-concentres-de-marijuana","8":"product_tag-buy-dabs-online-europe","9":"product_tag-buy-moonshine-haze-budder-online-europe","10":"product_tag-order-weed-extracts-france","11":"product_tag-thc-budder-concentrates-online-near-me","12":"desktop-align-left","13":"tablet-align-left","14":"mobile-align-left","16":"first","17":"instock","18":"shipping-taxable","19":"purchasable","20":"product-type-variable"},"uagb_featured_image_src":{"full":["https:\/\/pressurezone.shop\/wp-content\/uploads\/2024\/10\/Buy-Moonshine-Haze-Budder.webp",2048,1365,false],"thumbnail":["https:\/\/pressurezone.shop\/wp-content\/uploads\/2024\/10\/Buy-Moonshine-Haze-Budder-150x150.webp",150,150,true],"medium":["https:\/\/pressurezone.shop\/wp-content\/uploads\/2024\/10\/Buy-Moonshine-Haze-Budder-300x200.webp",300,200,true],"medium_large":["https:\/\/pressurezone.shop\/wp-content\/uploads\/2024\/10\/Buy-Moonshine-Haze-Budder-768x512.webp",768,512,true],"large":["https:\/\/pressurezone.shop\/wp-content\/uploads\/2024\/10\/Buy-Moonshine-Haze-Budder-1024x683.webp",1024,683,true],"1536x1536":["https:\/\/pressurezone.shop\/wp-content\/uploads\/2024\/10\/Buy-Moonshine-Haze-Budder-1536x1024.webp",1536,1024,true],"2048x2048":["https:\/\/pressurezone.shop\/wp-content\/uploads\/2024\/10\/Buy-Moonshine-Haze-Budder.webp",2048,1365,false],"trp-custom-language-flag":["https:\/\/pressurezone.shop\/wp-content\/uploads\/2024\/10\/Buy-Moonshine-Haze-Budder-18x12.webp",18,12,true],"woocommerce_thumbnail":["https:\/\/pressurezone.shop\/wp-content\/uploads\/2024\/10\/Buy-Moonshine-Haze-Budder-300x300.webp",300,300,true],"woocommerce_single":["https:\/\/pressurezone.shop\/wp-content\/uploads\/2024\/10\/Buy-Moonshine-Haze-Budder-600x400.webp",600,400,true],"woocommerce_gallery_thumbnail":["https:\/\/pressurezone.shop\/wp-content\/uploads\/2024\/10\/Buy-Moonshine-Haze-Budder-100x100.webp",100,100,true]},"uagb_author_info":{"display_name":"pressurezone.shop","author_link":"https:\/\/pressurezone.shop\/pl\/author\/"},"uagb_comment_info":0,"uagb_excerpt":"Acheter du Moonshine Haze Budder en ligne en Europe Moonshine Haze Budder est un concentr\u00e9 de cannabis premium issu de la c\u00e9l\u00e8bre vari\u00e9t\u00e9 Moonshine Haze. Ce hybride \u00e0 dominante sativa (85% sativa \/ 15% indica) est le fruit d\u2019un croisement soigneusement cultiv\u00e9 entre Nevil\u2019s Wreck et Amnesia Haze, offrant une exp\u00e9rience stimulante et \u00e9nergisante, id\u00e9ale&hellip;","_links":{"self":[{"href":"https:\/\/pressurezone.shop\/pl\/wp-json\/wp\/v2\/product\/3244"}],"collection":[{"href":"https:\/\/pressurezone.shop\/pl\/wp-json\/wp\/v2\/product"}],"about":[{"href":"https:\/\/pressurezone.shop\/pl\/wp-json\/wp\/v2\/types\/product"}],"replies":[{"embeddable":true,"href":"https:\/\/pressurezone.shop\/pl\/wp-json\/wp\/v2\/comments?post=3244"}],"version-history":[{"count":2,"href":"https:\/\/pressurezone.shop\/pl\/wp-json\/wp\/v2\/product\/3244\/revisions"}],"predecessor-version":[{"id":4562,"href":"https:\/\/pressurezone.shop\/pl\/wp-json\/wp\/v2\/product\/3244\/revisions\/4562"}],"wp:featuredmedia":[{"embeddable":true,"href":"https:\/\/pressurezone.shop\/pl\/wp-json\/wp\/v2\/media\/3320"}],"wp:attachment":[{"href":"https:\/\/pressurezone.shop\/pl\/wp-json\/wp\/v2\/media?parent=3244"}],"wp:term":[{"taxonomy":"product_brand","embeddable":true,"href":"https:\/\/pressurezone.shop\/pl\/wp-json\/wp\/v2\/product_brand?post=3244"},{"taxonomy":"product_cat","embeddable":true,"href":"https:\/\/pressurezone.shop\/pl\/wp-json\/wp\/v2\/product_cat?post=3244"},{"taxonomy":"product_tag","embeddable":true,"href":"https:\/\/pressurezone.shop\/pl\/wp-json\/wp\/v2\/product_tag?post=3244"}],"curies":[{"name":"wp","href":"https:\/\/api.w.org\/{rel}","templated":true}]}}