{"id":3245,"date":"2024-10-11T00:56:32","date_gmt":"2024-10-10T22:56:32","guid":{"rendered":"https:\/\/pressurezone.shop\/?post_type=product&#038;p=3245"},"modified":"2024-11-16T23:01:15","modified_gmt":"2024-11-16T22:01:15","slug":"cream-caramel-strain-budder","status":"publish","type":"product","link":"https:\/\/pressurezone.shop\/pl\/produkt\/kremowy-karmelowy-szczep-budder\/","title":{"rendered":"Odmiana Cream Caramel Budder - Indica"},"content":{"rendered":"<div class=\"flex-shrink-0 flex flex-col relative items-end\">\n<div>\n<div class=\"pt-0\">\n<div class=\"gizmo-bot-avatar flex h-8 w-8 items-center justify-center overflow-hidden rounded-full\">\n<div class=\"relative p-1 rounded-sm flex items-center justify-center bg-token-main-surface-primary text-token-text-primary h-8 w-8\"><\/div>\n<\/div>\n<\/div>\n<\/div>\n<\/div>\n<div class=\"group\/conversation-turn relative flex w-full min-w-0 flex-col agent-turn\">\n<div class=\"flex-col gap-1 md:gap-3\">\n<div class=\"flex max-w-full flex-col flex-grow\">\n<div class=\"min-h-8 text-message flex w-full flex-col items-end gap-2 whitespace-normal break-words [.text-message+&amp;]:mt-5\" dir=\"auto\" data-message-author-role=\"assistant\" data-message-id=\"d985e77f-380f-443d-8b38-c46aa790ecc9\" data-message-model-slug=\"gpt-4o\">\n<div class=\"flex w-full flex-col gap-1 empty:hidden first:pt-[3px]\">\n<div class=\"markdown prose w-full break-words dark:prose-invert light\">\n<h3>Kup Cream Caramel Strain Budder - Indica online w Europie<\/h3>\n<p><strong>Cream Caramel Strain Budder<\/strong> to najwy\u017cszej klasy koncentrat zaprojektowany w celu zwi\u0119kszenia dozna\u0144 zwi\u0105zanych z konopiami indyjskimi. Ta hybryda z dominacj\u0105 Indica, z proporcjami <strong>90:10 indica-sativa<\/strong>jest wynikiem skrzy\u017cowania odmian <strong>Maple Leaf #1<\/strong>, <strong>BlueBack<\/strong> i <strong>Odmiany marihuany Skunk<\/strong>. Znana ze swojej kremowo-karmelowej esencji i pot\u0119\u017cnych efekt\u00f3w, jest obowi\u0105zkowa zar\u00f3wno dla entuzjast\u00f3w konopi, jak i u\u017cytkownik\u00f3w medycznych.<\/p>\n<hr \/>\n<h3><strong>Dlaczego warto wybra\u0107 Cream Caramel Strain Budder?<\/strong><\/h3>\n<h4><strong>Niezr\u00f3wnany profil aromatyczny<\/strong><\/h4>\n<ul>\n<li><strong>Smaki<\/strong> Mas\u0142o, Karmel, Kawa, Mi\u00f3d, Orzech laskowy, S\u0142odki, Wanilia.<\/li>\n<li><strong>Zapachy<\/strong> Karmelowy, ziemisty, s\u0142odki, waniliowy.<\/li>\n<\/ul>\n<p>Ka\u017cdy wdech tego p\u0105czka otula zmys\u0142y smakowitym doznaniem przypominaj\u0105cym wykwintny deser.<\/p>\n<hr \/>\n<h3><strong>Korzy\u015bci terapeutyczne<\/strong><\/h3>\n<p><strong>Cream Caramel Budder<\/strong> jest pe\u0142en silnych kannabinoid\u00f3w, co czyni go idealn\u0105 opcj\u0105 dla os\u00f3b poszukuj\u0105cych ulgi terapeutycznej:<\/p>\n<ul>\n<li><strong>Euforia i relaks<\/strong> Idealny do relaksu po stresuj\u0105cym dniu.<\/li>\n<li><strong>Efekt cia\u0142a<\/strong> \u0141agodzi b\u00f3l i napi\u0119cie, poprawiaj\u0105c samopoczucie.<\/li>\n<li><strong>W\u0142a\u015bciwo\u015bci uspokajaj\u0105ce<\/strong> Wspomaga spokojny sen i zwalcza bezsenno\u015b\u0107.<\/li>\n<\/ul>\n<h4><strong>Zastosowania medyczne<\/strong><\/h4>\n<p>Odmiana ta jest uznawana za skuteczn\u0105 w leczeniu nast\u0119puj\u0105cych schorze\u0144:<\/p>\n<ul>\n<li>ADHD (zesp\u00f3\u0142 nadpobudliwo\u015bci psychoruchowej z deficytem uwagi)<\/li>\n<li>Przewlek\u0142y b\u00f3l<\/li>\n<li>Bezsenno\u015b\u0107<\/li>\n<li>Depresja<\/li>\n<li>PTSD (zesp\u00f3\u0142 stresu pourazowego)<\/li>\n<li>Skurcze mi\u0119\u015bni<\/li>\n<li>Zapalenie<\/li>\n<li>Choroba Le\u015bniowskiego-Crohna<\/li>\n<\/ul>\n<hr \/>\n<h3><strong>Efekty i si\u0142a dzia\u0142ania<\/strong><\/h3>\n<p><strong>Efekty<\/strong> Dzia\u0142anie na cia\u0142o, Euforia, Szcz\u0119\u015bliwy, G\u0142\u00f3d, Relaks, Senno\u015b\u0107.<br \/>\nDzi\u0119ki g\u0142\u0119boko relaksuj\u0105cym i poprawiaj\u0105cym nastr\u00f3j efektom, <strong>Cream Caramel Budder<\/strong> jest idealny do stosowania w nocy. Jego w\u0142a\u015bciwo\u015bci uspokajaj\u0105ce sprawiaj\u0105, \u017ce jest szczeg\u00f3lnie przydatny w leczeniu przewlek\u0142ego b\u00f3lu, niepokoju i koszmar\u00f3w sennych.<a href=\"https:\/\/fuelpackz.com\/\" target=\"_blank\" rel=\"noopener\">.<\/a><\/p>\n<hr \/>\n<h3><strong>Jak u\u017cywa\u0107 Cream Caramel Strain Budder?<\/strong><\/h3>\n<h4><strong>Zalecane metody<\/strong><\/h4>\n<ol>\n<li><strong>Dabbing<\/strong> U\u017cyj zestawu dab, aby w pe\u0142ni wykorzysta\u0107 smaki i efekty.<\/li>\n<li><strong>Odparowanie<\/strong> Za\u0142aduj do butelki z rozpylaczem kompatybilnej z koncentratami, aby uzyska\u0107 delikatne doznania.<\/li>\n<li><strong>Infuzja<\/strong> U\u017cyj go w produktach jadalnych lub dodaj go do misek i staw\u00f3w, aby uzyska\u0107 dodatkow\u0105 moc.<\/li>\n<\/ol>\n<hr \/>\n<h3><strong>Co wyr\u00f3\u017cnia Cream Caramel Budder?<\/strong><\/h3>\n<h4><strong>Najwy\u017csza jako\u015b\u0107 wykonania<\/strong><\/h4>\n<p>Wykonany z najwy\u017cszej jako\u015bci konopi i wyrafinowanych metod ekstrakcji, ten budder oferuje g\u0142adk\u0105, kremow\u0105 konsystencj\u0119 przy jednoczesnym zachowaniu terpen\u00f3w.<\/p>\n<h4><strong>Pot\u0119\u017cna ulga<\/strong><\/h4>\n<p>Dzi\u0119ki zr\u00f3wnowa\u017conemu profilowi kannabinoidowemu i wysokiej zawarto\u015bci THC, zapewnia d\u0142ugotrwa\u0142\u0105 ulg\u0119 w dolegliwo\u015bciach fizycznych i psychicznych.<\/p>\n<hr \/>\n<h3><strong>Kup Cream Caramel Strain Budder online w Europie<\/strong><\/h3>\n<p>Podaruj sobie luksusowe smaki i korzy\u015bci terapeutyczne p\u0142yn\u0105ce z <strong>Odmiana Cream Caramel Budder - Indica<\/strong>. Niezale\u017cnie od tego, czy chcesz z\u0142agodzi\u0107 przewlek\u0142y b\u00f3l, czy po prostu si\u0119 zrelaksowa\u0107, ten koncentrat jest idealnym rozwi\u0105zaniem.<\/p>\n<p><strong>Zam\u00f3w teraz na <a href=\"https:\/\/pressurezone.shop\/pl\/\" target=\"_new\" rel=\"noopener\">PressureZone.Shop<\/a><\/strong> dla szybkiej i dyskretnej dostawy w ca\u0142ej Europie.<\/p>\n<\/div>\n<\/div>\n<\/div>\n<\/div>\n<\/div>\n<\/div>","protected":false},"excerpt":{"rendered":"<p>Acheter Cream Caramel Strain Budder \u2013 Indica en Ligne en Europe Cream Caramel Strain Budder est un concentr\u00e9 haut de gamme con\u00e7u pour sublimer votre exp\u00e9rience cannabis. Cet hybride \u00e0 dominance indica, avec un ratio 90:10 indica-sativa, est issu d\u2019un croisement entre les vari\u00e9t\u00e9s Maple Leaf #1, BlueBack et Skunk Cannabis Strains. R\u00e9put\u00e9 pour son [&hellip;]<\/p>","protected":false},"featured_media":3322,"comment_status":"closed","ping_status":"closed","template":"","meta":{"_uag_custom_page_level_css":"","site-sidebar-layout":"default","site-content-layout":"","ast-site-content-layout":"default","site-content-style":"default","site-sidebar-style":"default","ast-global-header-display":"","ast-banner-title-visibility":"","ast-main-header-display":"","ast-hfb-above-header-display":"","ast-hfb-below-header-display":"","ast-hfb-mobile-header-display":"","site-post-title":"","ast-breadcrumbs-content":"","ast-featured-img":"","footer-sml-layout":"","theme-transparent-header-meta":"default","adv-header-id-meta":"","stick-header-meta":"","header-above-stick-meta":"","header-main-stick-meta":"","header-below-stick-meta":"","astra-migrate-meta-layouts":"set","ast-page-background-enabled":"default","ast-page-background-meta":{"desktop":{"background-color":"","background-image":"","background-repeat":"repeat","background-position":"center center","background-size":"auto","background-attachment":"scroll","background-type":"","background-media":"","overlay-type":"","overlay-color":"","overlay-opacity":"","overlay-gradient":""},"tablet":{"background-color":"","background-image":"","background-repeat":"repeat","background-position":"center center","background-size":"auto","background-attachment":"scroll","background-type":"","background-media":"","overlay-type":"","overlay-color":"","overlay-opacity":"","overlay-gradient":""},"mobile":{"background-color":"","background-image":"","background-repeat":"repeat","background-position":"center center","background-size":"auto","background-attachment":"scroll","background-type":"","background-media":"","overlay-type":"","overlay-color":"","overlay-opacity":"","overlay-gradient":""}},"ast-content-background-meta":{"desktop":{"background-color":"var(--ast-global-color-5)","background-image":"","background-repeat":"repeat","background-position":"center center","background-size":"auto","background-attachment":"scroll","background-type":"","background-media":"","overlay-type":"","overlay-color":"","overlay-opacity":"","overlay-gradient":""},"tablet":{"background-color":"var(--ast-global-color-5)","background-image":"","background-repeat":"repeat","background-position":"center center","background-size":"auto","background-attachment":"scroll","background-type":"","background-media":"","overlay-type":"","overlay-color":"","overlay-opacity":"","overlay-gradient":""},"mobile":{"background-color":"var(--ast-global-color-5)","background-image":"","background-repeat":"repeat","background-position":"center center","background-size":"auto","background-attachment":"scroll","background-type":"","background-media":"","overlay-type":"","overlay-color":"","overlay-opacity":"","overlay-gradient":""}}},"product_brand":[],"product_cat":[388,334],"product_tag":[407],"class_list":{"0":"post-3245","1":"product","2":"type-product","3":"status-publish","4":"has-post-thumbnail","6":"product_cat-cannabis-budder","7":"product_cat-concentres-de-marijuana","8":"product_tag-buy-cream-caramel-strain-budder-indica-europe","9":"desktop-align-left","10":"tablet-align-left","11":"mobile-align-left","13":"first","14":"instock","15":"shipping-taxable","16":"purchasable","17":"product-type-variable"},"uagb_featured_image_src":{"full":["https:\/\/pressurezone.shop\/wp-content\/uploads\/2024\/10\/Buy-Cream-Caramel-Strain-Budder-\u2013-Indica.webp",2048,1365,false],"thumbnail":["https:\/\/pressurezone.shop\/wp-content\/uploads\/2024\/10\/Buy-Cream-Caramel-Strain-Budder-\u2013-Indica-150x150.webp",150,150,true],"medium":["https:\/\/pressurezone.shop\/wp-content\/uploads\/2024\/10\/Buy-Cream-Caramel-Strain-Budder-\u2013-Indica-300x200.webp",300,200,true],"medium_large":["https:\/\/pressurezone.shop\/wp-content\/uploads\/2024\/10\/Buy-Cream-Caramel-Strain-Budder-\u2013-Indica-768x512.webp",768,512,true],"large":["https:\/\/pressurezone.shop\/wp-content\/uploads\/2024\/10\/Buy-Cream-Caramel-Strain-Budder-\u2013-Indica-1024x683.webp",1024,683,true],"1536x1536":["https:\/\/pressurezone.shop\/wp-content\/uploads\/2024\/10\/Buy-Cream-Caramel-Strain-Budder-\u2013-Indica-1536x1024.webp",1536,1024,true],"2048x2048":["https:\/\/pressurezone.shop\/wp-content\/uploads\/2024\/10\/Buy-Cream-Caramel-Strain-Budder-\u2013-Indica.webp",2048,1365,false],"trp-custom-language-flag":["https:\/\/pressurezone.shop\/wp-content\/uploads\/2024\/10\/Buy-Cream-Caramel-Strain-Budder-\u2013-Indica-18x12.webp",18,12,true],"woocommerce_thumbnail":["https:\/\/pressurezone.shop\/wp-content\/uploads\/2024\/10\/Buy-Cream-Caramel-Strain-Budder-\u2013-Indica-300x300.webp",300,300,true],"woocommerce_single":["https:\/\/pressurezone.shop\/wp-content\/uploads\/2024\/10\/Buy-Cream-Caramel-Strain-Budder-\u2013-Indica-600x400.webp",600,400,true],"woocommerce_gallery_thumbnail":["https:\/\/pressurezone.shop\/wp-content\/uploads\/2024\/10\/Buy-Cream-Caramel-Strain-Budder-\u2013-Indica-100x100.webp",100,100,true]},"uagb_author_info":{"display_name":"pressurezone.shop","author_link":"https:\/\/pressurezone.shop\/pl\/author\/"},"uagb_comment_info":0,"uagb_excerpt":"Acheter Cream Caramel Strain Budder \u2013 Indica en Ligne en Europe Cream Caramel Strain Budder est un concentr\u00e9 haut de gamme con\u00e7u pour sublimer votre exp\u00e9rience cannabis. Cet hybride \u00e0 dominance indica, avec un ratio 90:10 indica-sativa, est issu d\u2019un croisement entre les vari\u00e9t\u00e9s Maple Leaf #1, BlueBack et Skunk Cannabis Strains. R\u00e9put\u00e9 pour son&hellip;","_links":{"self":[{"href":"https:\/\/pressurezone.shop\/pl\/wp-json\/wp\/v2\/product\/3245"}],"collection":[{"href":"https:\/\/pressurezone.shop\/pl\/wp-json\/wp\/v2\/product"}],"about":[{"href":"https:\/\/pressurezone.shop\/pl\/wp-json\/wp\/v2\/types\/product"}],"replies":[{"embeddable":true,"href":"https:\/\/pressurezone.shop\/pl\/wp-json\/wp\/v2\/comments?post=3245"}],"version-history":[{"count":3,"href":"https:\/\/pressurezone.shop\/pl\/wp-json\/wp\/v2\/product\/3245\/revisions"}],"predecessor-version":[{"id":4555,"href":"https:\/\/pressurezone.shop\/pl\/wp-json\/wp\/v2\/product\/3245\/revisions\/4555"}],"wp:featuredmedia":[{"embeddable":true,"href":"https:\/\/pressurezone.shop\/pl\/wp-json\/wp\/v2\/media\/3322"}],"wp:attachment":[{"href":"https:\/\/pressurezone.shop\/pl\/wp-json\/wp\/v2\/media?parent=3245"}],"wp:term":[{"taxonomy":"product_brand","embeddable":true,"href":"https:\/\/pressurezone.shop\/pl\/wp-json\/wp\/v2\/product_brand?post=3245"},{"taxonomy":"product_cat","embeddable":true,"href":"https:\/\/pressurezone.shop\/pl\/wp-json\/wp\/v2\/product_cat?post=3245"},{"taxonomy":"product_tag","embeddable":true,"href":"https:\/\/pressurezone.shop\/pl\/wp-json\/wp\/v2\/product_tag?post=3245"}],"curies":[{"name":"wp","href":"https:\/\/api.w.org\/{rel}","templated":true}]}}