{"id":3246,"date":"2024-10-11T00:56:33","date_gmt":"2024-10-10T22:56:33","guid":{"rendered":"https:\/\/pressurezone.shop\/?post_type=product&#038;p=3246"},"modified":"2024-11-17T00:39:20","modified_gmt":"2024-11-16T23:39:20","slug":"trawberry-shortcake-strain-budder","status":"publish","type":"product","link":"https:\/\/pressurezone.shop\/pl\/produkt\/szczep-trawberry-shortcake-budder\/","title":{"rendered":"Szczep Strawberry Shortcake Budder"},"content":{"rendered":"<h3><strong>Kup Strawberry Shortcake Strain Budder online w Europie<\/strong><\/h3>\n<p>Zwi\u0119ksz swoje do\u015bwiadczenie dzi\u0119ki <strong>Szczep Strawberry Shortcake Budder<\/strong>koncentrat premium <strong>hybryda z dominacj\u0105 sativy<\/strong> (75% sativa\/25% indica) z krzy\u017c\u00f3wki s\u0142ynnych szczep\u00f3w Juliet X Strawberry Diesel. Ten s\u0142odki, owocowy p\u0105czek \u0142\u0105czy w sobie pot\u0119\u017cne efekty z nieodpartym aromatem, co czyni go obowi\u0105zkowym dla mi\u0142o\u015bnik\u00f3w konopi.<a href=\"https:\/\/fuelpackz.com\/\" target=\"_blank\" rel=\"noopener\">.<\/a><\/p>\n<hr \/>\n<h3><strong>Dlaczego warto wybra\u0107 Strawberry Shortcake Budder?<\/strong><\/h3>\n<h4><strong>Efekty<\/strong><\/h4>\n<ul>\n<li><strong>Podniesienie m\u00f3zgu<\/strong> Poczuj kreatywn\u0105 energi\u0119 i zwi\u0119kszon\u0105 koncentracj\u0119.<\/li>\n<li><strong>Spo\u0142eczna euforia<\/strong> Idealny do dyskusji i spotka\u0144 towarzyskich.<\/li>\n<li><strong>Poprawa nastroju<\/strong> Eliminuje negatywne my\u015bli i zwi\u0119ksza motywacj\u0119.<\/li>\n<\/ul>\n<h4><strong>\u015awiadczenia medyczne<\/strong><\/h4>\n<p>P\u0105czek ten jest cz\u0119sto u\u017cywany do \u0142agodzenia :<\/p>\n<ul>\n<li><strong>Przewlek\u0142y stres i zm\u0119czenie<\/strong> Orze\u017awiaj\u0105ca energia i koj\u0105cy spok\u00f3j.<\/li>\n<li><strong>ADD\/ADHD i depresja<\/strong> Poprawia koncentracj\u0119 i podnosi nastr\u00f3j.<\/li>\n<li><strong>Wahania nastroju<\/strong> Zapewnia r\u00f3wnowag\u0119 psychiczn\u0105 i dobre samopoczucie.<\/li>\n<\/ul>\n<hr \/>\n<h3><strong>Profil smaku i aromatu<\/strong><\/h3>\n<h4><strong>Smaki<\/strong><\/h4>\n<ul>\n<li><strong>S\u0142odkie jagody i nuty owocowe<\/strong> Zapach \u015bwie\u017cych truskawek przy ka\u017cdym wdechu.<\/li>\n<li><strong>Podszycie zielne<\/strong> Ziemisty akcent r\u00f3wnowa\u017cy s\u0142odycz.<\/li>\n<\/ul>\n<h4><strong>Zapachy<\/strong><\/h4>\n<ul>\n<li><strong>Mieszanka jag\u00f3d i oleju nap\u0119dowego<\/strong> Wyj\u0105tkowe po\u0142\u0105czenie owocowej s\u0142odyczy i pikantnego posmaku.<\/li>\n<li><strong>Esencja truskawkowa<\/strong> Wzbogacony niuansami oleju nap\u0119dowego i przypraw dla dynamicznego profilu.<\/li>\n<\/ul>\n<hr \/>\n<h3><strong>The Strawberry Shortcake Experience<\/strong><\/h3>\n<p>Strawberry Shortcake Budder oferuje <strong>zr\u00f3wnowa\u017cony i produktywny wysoki<\/strong>idealny do stosowania w ci\u0105gu dnia. Zaczyna si\u0119 od fali euforii i jasno\u015bci umys\u0142u, zwi\u0119kszaj\u0105c kreatywno\u015b\u0107 i koncentracj\u0119. Niezale\u017cnie od tego, czy chodzi o prac\u0119, interakcje spo\u0142eczne czy kreatywne projekty, odmiana ta pomaga zachowa\u0107 zaanga\u017cowanie i motywacj\u0119.<\/p>\n<p>Wraz z pojawieniem si\u0119 efekt\u00f3w m\u00f3zgowych, nast\u0119puje delikatne odpr\u0119\u017cenie, utrzymuj\u0105c ci\u0119 w stanie uziemienia i spokoju, nie powoduj\u0105c senno\u015bci. Dzi\u0119ki zawarto\u015bci THC na poziomie <strong>18-23%<\/strong>Ten budder to niezawodny wyb\u00f3r dla u\u017cytkownik\u00f3w rekreacyjnych i medycznych.<\/p>\n<hr \/>\n<h3><strong>Dlaczego warto kupowa\u0107 w PressureZone.Shop?<\/strong><\/h3>\n<p>Przy <strong><a href=\"https:\/\/pressurezone.shop\/pl\/\" target=\"_new\" rel=\"noopener\">PressureZone.Shop<\/a><\/strong>jeste\u015bmy zobowi\u0105zani do oferowania <strong>najlepsze koncentraty konopi<\/strong>w tym <strong>Szczep Strawberry Shortcake Budder<\/strong>. Kupuj\u0105c u nas, zyskujesz :<\/p>\n<ul>\n<li><strong>Szybka i dyskretna dostawa na terenie ca\u0142ej Europy<\/strong><\/li>\n<li><strong>Produkty wysokiej jako\u015bci, kt\u00f3rym mo\u017cna zaufa\u0107<\/strong><\/li>\n<li><strong>Ekskluzywne oferty na odmiany premium i koncentraty<\/strong><\/li>\n<\/ul>\n<hr \/>\n<h3><strong>Jak cieszy\u0107 si\u0119 Strawberry Shortcake Strain Budder?<\/strong><\/h3>\n<ol>\n<li><strong>Dab<\/strong> U\u017cyj zestawu dab, aby do\u015bwiadczy\u0107 intensywnych smak\u00f3w i efekt\u00f3w.<\/li>\n<li><strong>Spryska\u0107<\/strong> Dodaj go do sprayu, aby uzyska\u0107 g\u0142adk\u0105, smaczn\u0105 sesj\u0119.<\/li>\n<li><strong>Posypa\u0107<\/strong> Wzmocnij swojego jointa lub fajk\u0119 odrobin\u0105 buddera, aby uzyska\u0107 dodatkow\u0105 moc.<\/li>\n<\/ol>","protected":false},"excerpt":{"rendered":"<p>Achetez Strawberry Shortcake Strain Budder en Ligne en Europe \u00c9levez votre exp\u00e9rience avec le Strawberry Shortcake Strain Budder, un concentr\u00e9 premium hybride \u00e0 dominante sativa (75% sativa\/25% indica) issu du croisement des c\u00e9l\u00e8bres souches Juliet X Strawberry Diesel. Ce budder sucr\u00e9 et fruit\u00e9 combine des effets puissants avec un ar\u00f4me irr\u00e9sistible, en faisant un incontournable [&hellip;]<\/p>","protected":false},"featured_media":3328,"comment_status":"closed","ping_status":"closed","template":"","meta":{"_uag_custom_page_level_css":"","site-sidebar-layout":"default","site-content-layout":"","ast-site-content-layout":"default","site-content-style":"default","site-sidebar-style":"default","ast-global-header-display":"","ast-banner-title-visibility":"","ast-main-header-display":"","ast-hfb-above-header-display":"","ast-hfb-below-header-display":"","ast-hfb-mobile-header-display":"","site-post-title":"","ast-breadcrumbs-content":"","ast-featured-img":"","footer-sml-layout":"","theme-transparent-header-meta":"default","adv-header-id-meta":"","stick-header-meta":"","header-above-stick-meta":"","header-main-stick-meta":"","header-below-stick-meta":"","astra-migrate-meta-layouts":"set","ast-page-background-enabled":"default","ast-page-background-meta":{"desktop":{"background-color":"","background-image":"","background-repeat":"repeat","background-position":"center center","background-size":"auto","background-attachment":"scroll","background-type":"","background-media":"","overlay-type":"","overlay-color":"","overlay-opacity":"","overlay-gradient":""},"tablet":{"background-color":"","background-image":"","background-repeat":"repeat","background-position":"center center","background-size":"auto","background-attachment":"scroll","background-type":"","background-media":"","overlay-type":"","overlay-color":"","overlay-opacity":"","overlay-gradient":""},"mobile":{"background-color":"","background-image":"","background-repeat":"repeat","background-position":"center center","background-size":"auto","background-attachment":"scroll","background-type":"","background-media":"","overlay-type":"","overlay-color":"","overlay-opacity":"","overlay-gradient":""}},"ast-content-background-meta":{"desktop":{"background-color":"var(--ast-global-color-5)","background-image":"","background-repeat":"repeat","background-position":"center center","background-size":"auto","background-attachment":"scroll","background-type":"","background-media":"","overlay-type":"","overlay-color":"","overlay-opacity":"","overlay-gradient":""},"tablet":{"background-color":"var(--ast-global-color-5)","background-image":"","background-repeat":"repeat","background-position":"center center","background-size":"auto","background-attachment":"scroll","background-type":"","background-media":"","overlay-type":"","overlay-color":"","overlay-opacity":"","overlay-gradient":""},"mobile":{"background-color":"var(--ast-global-color-5)","background-image":"","background-repeat":"repeat","background-position":"center center","background-size":"auto","background-attachment":"scroll","background-type":"","background-media":"","overlay-type":"","overlay-color":"","overlay-opacity":"","overlay-gradient":""}}},"product_brand":[],"product_cat":[388,334],"product_tag":[393,408,396,397],"class_list":{"0":"post-3246","1":"product","2":"type-product","3":"status-publish","4":"has-post-thumbnail","6":"product_cat-cannabis-budder","7":"product_cat-concentres-de-marijuana","8":"product_tag-buy-dabs-online-europe","9":"product_tag-order-strawberry-shortcake-strain-budder-europe","10":"product_tag-order-weed-extracts-france","11":"product_tag-thc-budder-concentrates-online-near-me","12":"desktop-align-left","13":"tablet-align-left","14":"mobile-align-left","16":"first","17":"instock","18":"shipping-taxable","19":"purchasable","20":"product-type-variable"},"uagb_featured_image_src":{"full":["https:\/\/pressurezone.shop\/wp-content\/uploads\/2024\/10\/Strawberry-Shortcake-Strain-Budder.webp",2048,1365,false],"thumbnail":["https:\/\/pressurezone.shop\/wp-content\/uploads\/2024\/10\/Strawberry-Shortcake-Strain-Budder-150x150.webp",150,150,true],"medium":["https:\/\/pressurezone.shop\/wp-content\/uploads\/2024\/10\/Strawberry-Shortcake-Strain-Budder-300x200.webp",300,200,true],"medium_large":["https:\/\/pressurezone.shop\/wp-content\/uploads\/2024\/10\/Strawberry-Shortcake-Strain-Budder-768x512.webp",768,512,true],"large":["https:\/\/pressurezone.shop\/wp-content\/uploads\/2024\/10\/Strawberry-Shortcake-Strain-Budder-1024x683.webp",1024,683,true],"1536x1536":["https:\/\/pressurezone.shop\/wp-content\/uploads\/2024\/10\/Strawberry-Shortcake-Strain-Budder-1536x1024.webp",1536,1024,true],"2048x2048":["https:\/\/pressurezone.shop\/wp-content\/uploads\/2024\/10\/Strawberry-Shortcake-Strain-Budder.webp",2048,1365,false],"trp-custom-language-flag":["https:\/\/pressurezone.shop\/wp-content\/uploads\/2024\/10\/Strawberry-Shortcake-Strain-Budder-18x12.webp",18,12,true],"woocommerce_thumbnail":["https:\/\/pressurezone.shop\/wp-content\/uploads\/2024\/10\/Strawberry-Shortcake-Strain-Budder-300x300.webp",300,300,true],"woocommerce_single":["https:\/\/pressurezone.shop\/wp-content\/uploads\/2024\/10\/Strawberry-Shortcake-Strain-Budder-600x400.webp",600,400,true],"woocommerce_gallery_thumbnail":["https:\/\/pressurezone.shop\/wp-content\/uploads\/2024\/10\/Strawberry-Shortcake-Strain-Budder-100x100.webp",100,100,true]},"uagb_author_info":{"display_name":"pressurezone.shop","author_link":"https:\/\/pressurezone.shop\/pl\/author\/"},"uagb_comment_info":0,"uagb_excerpt":"Achetez Strawberry Shortcake Strain Budder en Ligne en Europe \u00c9levez votre exp\u00e9rience avec le Strawberry Shortcake Strain Budder, un concentr\u00e9 premium hybride \u00e0 dominante sativa (75% sativa\/25% indica) issu du croisement des c\u00e9l\u00e8bres souches Juliet X Strawberry Diesel. Ce budder sucr\u00e9 et fruit\u00e9 combine des effets puissants avec un ar\u00f4me irr\u00e9sistible, en faisant un incontournable&hellip;","_links":{"self":[{"href":"https:\/\/pressurezone.shop\/pl\/wp-json\/wp\/v2\/product\/3246"}],"collection":[{"href":"https:\/\/pressurezone.shop\/pl\/wp-json\/wp\/v2\/product"}],"about":[{"href":"https:\/\/pressurezone.shop\/pl\/wp-json\/wp\/v2\/types\/product"}],"replies":[{"embeddable":true,"href":"https:\/\/pressurezone.shop\/pl\/wp-json\/wp\/v2\/comments?post=3246"}],"version-history":[{"count":3,"href":"https:\/\/pressurezone.shop\/pl\/wp-json\/wp\/v2\/product\/3246\/revisions"}],"predecessor-version":[{"id":4626,"href":"https:\/\/pressurezone.shop\/pl\/wp-json\/wp\/v2\/product\/3246\/revisions\/4626"}],"wp:featuredmedia":[{"embeddable":true,"href":"https:\/\/pressurezone.shop\/pl\/wp-json\/wp\/v2\/media\/3328"}],"wp:attachment":[{"href":"https:\/\/pressurezone.shop\/pl\/wp-json\/wp\/v2\/media?parent=3246"}],"wp:term":[{"taxonomy":"product_brand","embeddable":true,"href":"https:\/\/pressurezone.shop\/pl\/wp-json\/wp\/v2\/product_brand?post=3246"},{"taxonomy":"product_cat","embeddable":true,"href":"https:\/\/pressurezone.shop\/pl\/wp-json\/wp\/v2\/product_cat?post=3246"},{"taxonomy":"product_tag","embeddable":true,"href":"https:\/\/pressurezone.shop\/pl\/wp-json\/wp\/v2\/product_tag?post=3246"}],"curies":[{"name":"wp","href":"https:\/\/api.w.org\/{rel}","templated":true}]}}