{"id":3263,"date":"2024-10-11T00:57:01","date_gmt":"2024-10-10T22:57:01","guid":{"rendered":"https:\/\/pressurezone.shop\/?post_type=product&#038;p=3263"},"modified":"2024-11-08T21:53:07","modified_gmt":"2024-11-08T20:53:07","slug":"pink-kush-strain-live-resin","status":"publish","type":"product","link":"https:\/\/pressurezone.shop\/pl\/produkt\/odmiana-pink-kush-zywa-zywica\/","title":{"rendered":"\u017bywica Pink Kush Strain"},"content":{"rendered":"<h3><strong>Kup \u017cywic\u0119 Pink Kush Live Resin online w Europie<\/strong><\/h3>\n<p>Odkryj <strong>\u017bywica Pink Kush<\/strong>g\u0142\u0119boko relaksuj\u0105ca \u017cywa \u017cywica ze s\u0142ynnej linii OG Kush. Ta pot\u0119\u017cna Indica jest ceniona za intensywnie koj\u0105ce dzia\u0142anie na cia\u0142o, idealne dla os\u00f3b poszukuj\u0105cych ulgi w b\u00f3lu i uspokajaj\u0105cego haju.<\/p>\n<h3>Dlaczego warto wybra\u0107 Pink Kush Live Resin?<\/h3>\n<p>La <strong>\u017bywica Pink Kush<\/strong> s\u0142ynie z otulaj\u0105cego dzia\u0142ania na cia\u0142o, kt\u00f3re szybko \u0142agodzi b\u00f3l fizyczny, migreny i nudno\u015bci. Dzi\u0119ki swoim w\u0142a\u015bciwo\u015bciom relaksuj\u0105cym pomaga r\u00f3wnie\u017c \u0142agodzi\u0107 stres, niepok\u00f3j i wahania nastroju, oferuj\u0105c mile widzian\u0105 przerw\u0119 w napi\u0119tych chwilach.<a href=\"https:\/\/fuelpackz.com\/\" target=\"_blank\" rel=\"noopener\">.<\/a><\/p>\n<ul>\n<li><strong>Typ<\/strong> Dominacja Indica<\/li>\n<li><strong>Pochodzenie<\/strong> Mo\u017cliwy zwi\u0105zek z legendarnym OG Kush<\/li>\n<\/ul>\n<h3>Efekty i korzy\u015bci Pink Kush Live Resin<\/h3>\n<p>La <strong>\u017bywica Pink Kush<\/strong> oferuje euforyczne i koj\u0105ce doznania dla cia\u0142a. Idealnie nadaje si\u0119 do sesji na koniec dnia, zapewniaj\u0105c relaksuj\u0105cy efekt, kt\u00f3ry cz\u0119sto zamienia si\u0119 w senno\u015b\u0107, idealny do promowania spokojnego snu.<\/p>\n<ul>\n<li><strong>Efekty<\/strong> Euforia, szcz\u0119\u015bcie, relaks, senno\u015b\u0107, zwi\u0119kszony apetyt<\/li>\n<li><strong>Zalecane dla<\/strong> L\u0119k, choroba afektywna dwubiegunowa, przewlek\u0142y b\u00f3l, depresja, bezsenno\u015b\u0107, migreny, stres<\/li>\n<\/ul>\n<h3>Smaki i aromaty Pink Kush Live Resin<\/h3>\n<p>Profil smakowy <strong>\u017bywica Pink Kush<\/strong> jest r\u00f3wnie czaruj\u0105cy jak jego dzia\u0142anie, ze s\u0142odkimi, waniliowymi nutami przypominaj\u0105cymi jagody i s\u0142odycze. Aromat jest s\u0142odki i kwiatowy, z nutami wanilii, kt\u00f3re otulaj\u0105 zmys\u0142y.<\/p>\n<ul>\n<li><strong>Smaki<\/strong> jagody, s\u0142odycze, s\u0142odki, wanilia<\/li>\n<li><strong>Zapachy<\/strong> ziemisty, kwiatowy, s\u0142odki, waniliowy<\/li>\n<\/ul>\n<h3>\u017bywa \u017cywica idealna na chwile g\u0142\u0119bokiego relaksu<\/h3>\n<p>La <strong>\u017bywica Pink Kush<\/strong> jest idealny na chwil\u0119 relaksu pod koniec dnia, z jego relaksuj\u0105cymi i euforycznymi efektami, kt\u00f3re promuj\u0105 spok\u00f3j i sen. Jest szczeg\u00f3lnie skuteczny w leczeniu b\u00f3lu, stan\u00f3w zapalnych i zaburze\u0144 nastroju.<\/p>\n<h3>Zam\u00f3w Pink Kush Live Resin na <a href=\"https:\/\/pressurezone.shop\/pl\/\" target=\"_new\" rel=\"noopener\">Sklep ze strefami ci\u015bnieniowymi<\/a><\/h3>\n<p>Odkryj koj\u0105ce i rewitalizuj\u0105ce dzia\u0142anie <strong>\u017bywica Pink Kush<\/strong> i do\u015bwiadcz intensywnego relaksu. Zam\u00f3w teraz na <a href=\"https:\/\/pressurezone.shop\/pl\/\" target=\"_new\" rel=\"noopener\">Sklep ze strefami ci\u015bnieniowymi<\/a> aby do\u015bwiadczy\u0107 \u017cywicy na \u017cywo, kt\u00f3ra nie ma sobie r\u00f3wnych w Europie.<\/p>","protected":false},"excerpt":{"rendered":"<p>Achetez Pink Kush Live Resin en Ligne en Europe D\u00e9couvrez la Pink Kush Live Resin, une r\u00e9sine live profond\u00e9ment relaxante issue de la c\u00e9l\u00e8bre lign\u00e9e OG Kush. Cette indica puissante est appr\u00e9ci\u00e9e pour ses effets corporels intens\u00e9ment apaisants, id\u00e9ale pour ceux qui recherchent un soulagement des douleurs et un high calmant. Pourquoi Choisir la Pink [&hellip;]<\/p>","protected":false},"featured_media":3334,"comment_status":"closed","ping_status":"closed","template":"","meta":{"_uag_custom_page_level_css":"","site-sidebar-layout":"default","site-content-layout":"","ast-site-content-layout":"default","site-content-style":"default","site-sidebar-style":"default","ast-global-header-display":"","ast-banner-title-visibility":"","ast-main-header-display":"","ast-hfb-above-header-display":"","ast-hfb-below-header-display":"","ast-hfb-mobile-header-display":"","site-post-title":"","ast-breadcrumbs-content":"","ast-featured-img":"","footer-sml-layout":"","theme-transparent-header-meta":"default","adv-header-id-meta":"","stick-header-meta":"","header-above-stick-meta":"","header-main-stick-meta":"","header-below-stick-meta":"","astra-migrate-meta-layouts":"set","ast-page-background-enabled":"default","ast-page-background-meta":{"desktop":{"background-color":"","background-image":"","background-repeat":"repeat","background-position":"center center","background-size":"auto","background-attachment":"scroll","background-type":"","background-media":"","overlay-type":"","overlay-color":"","overlay-opacity":"","overlay-gradient":""},"tablet":{"background-color":"","background-image":"","background-repeat":"repeat","background-position":"center center","background-size":"auto","background-attachment":"scroll","background-type":"","background-media":"","overlay-type":"","overlay-color":"","overlay-opacity":"","overlay-gradient":""},"mobile":{"background-color":"","background-image":"","background-repeat":"repeat","background-position":"center center","background-size":"auto","background-attachment":"scroll","background-type":"","background-media":"","overlay-type":"","overlay-color":"","overlay-opacity":"","overlay-gradient":""}},"ast-content-background-meta":{"desktop":{"background-color":"var(--ast-global-color-5)","background-image":"","background-repeat":"repeat","background-position":"center center","background-size":"auto","background-attachment":"scroll","background-type":"","background-media":"","overlay-type":"","overlay-color":"","overlay-opacity":"","overlay-gradient":""},"tablet":{"background-color":"var(--ast-global-color-5)","background-image":"","background-repeat":"repeat","background-position":"center center","background-size":"auto","background-attachment":"scroll","background-type":"","background-media":"","overlay-type":"","overlay-color":"","overlay-opacity":"","overlay-gradient":""},"mobile":{"background-color":"var(--ast-global-color-5)","background-image":"","background-repeat":"repeat","background-position":"center center","background-size":"auto","background-attachment":"scroll","background-type":"","background-media":"","overlay-type":"","overlay-color":"","overlay-opacity":"","overlay-gradient":""}}},"product_brand":[],"product_cat":[334,411],"product_tag":[412,413,414,415],"class_list":{"0":"post-3263","1":"product","2":"type-product","3":"status-publish","4":"has-post-thumbnail","6":"product_cat-concentres-de-marijuana","7":"product_cat-live-resin-concentrates","8":"product_tag-live-rosin-concentrate-near-me","9":"product_tag-order-pink-kush-strain-live-resin-europe","10":"product_tag-thc-marijuana-live-resin-for-sale-europe","11":"product_tag-thca-live-resin-concentrate","12":"desktop-align-left","13":"tablet-align-left","14":"mobile-align-left","16":"first","17":"instock","18":"shipping-taxable","19":"purchasable","20":"product-type-variable"},"uagb_featured_image_src":{"full":["https:\/\/pressurezone.shop\/wp-content\/uploads\/2024\/10\/Pink-Kush-Strain-Live-Resin.webp",2048,1365,false],"thumbnail":["https:\/\/pressurezone.shop\/wp-content\/uploads\/2024\/10\/Pink-Kush-Strain-Live-Resin-150x150.webp",150,150,true],"medium":["https:\/\/pressurezone.shop\/wp-content\/uploads\/2024\/10\/Pink-Kush-Strain-Live-Resin-300x200.webp",300,200,true],"medium_large":["https:\/\/pressurezone.shop\/wp-content\/uploads\/2024\/10\/Pink-Kush-Strain-Live-Resin-768x512.webp",768,512,true],"large":["https:\/\/pressurezone.shop\/wp-content\/uploads\/2024\/10\/Pink-Kush-Strain-Live-Resin-1024x683.webp",1024,683,true],"1536x1536":["https:\/\/pressurezone.shop\/wp-content\/uploads\/2024\/10\/Pink-Kush-Strain-Live-Resin-1536x1024.webp",1536,1024,true],"2048x2048":["https:\/\/pressurezone.shop\/wp-content\/uploads\/2024\/10\/Pink-Kush-Strain-Live-Resin.webp",2048,1365,false],"trp-custom-language-flag":["https:\/\/pressurezone.shop\/wp-content\/uploads\/2024\/10\/Pink-Kush-Strain-Live-Resin-18x12.webp",18,12,true],"woocommerce_thumbnail":["https:\/\/pressurezone.shop\/wp-content\/uploads\/2024\/10\/Pink-Kush-Strain-Live-Resin-300x300.webp",300,300,true],"woocommerce_single":["https:\/\/pressurezone.shop\/wp-content\/uploads\/2024\/10\/Pink-Kush-Strain-Live-Resin-600x400.webp",600,400,true],"woocommerce_gallery_thumbnail":["https:\/\/pressurezone.shop\/wp-content\/uploads\/2024\/10\/Pink-Kush-Strain-Live-Resin-100x100.webp",100,100,true]},"uagb_author_info":{"display_name":"pressurezone.shop","author_link":"https:\/\/pressurezone.shop\/pl\/author\/"},"uagb_comment_info":0,"uagb_excerpt":"Achetez Pink Kush Live Resin en Ligne en Europe D\u00e9couvrez la Pink Kush Live Resin, une r\u00e9sine live profond\u00e9ment relaxante issue de la c\u00e9l\u00e8bre lign\u00e9e OG Kush. Cette indica puissante est appr\u00e9ci\u00e9e pour ses effets corporels intens\u00e9ment apaisants, id\u00e9ale pour ceux qui recherchent un soulagement des douleurs et un high calmant. Pourquoi Choisir la Pink&hellip;","_links":{"self":[{"href":"https:\/\/pressurezone.shop\/pl\/wp-json\/wp\/v2\/product\/3263"}],"collection":[{"href":"https:\/\/pressurezone.shop\/pl\/wp-json\/wp\/v2\/product"}],"about":[{"href":"https:\/\/pressurezone.shop\/pl\/wp-json\/wp\/v2\/types\/product"}],"replies":[{"embeddable":true,"href":"https:\/\/pressurezone.shop\/pl\/wp-json\/wp\/v2\/comments?post=3263"}],"version-history":[{"count":3,"href":"https:\/\/pressurezone.shop\/pl\/wp-json\/wp\/v2\/product\/3263\/revisions"}],"predecessor-version":[{"id":4348,"href":"https:\/\/pressurezone.shop\/pl\/wp-json\/wp\/v2\/product\/3263\/revisions\/4348"}],"wp:featuredmedia":[{"embeddable":true,"href":"https:\/\/pressurezone.shop\/pl\/wp-json\/wp\/v2\/media\/3334"}],"wp:attachment":[{"href":"https:\/\/pressurezone.shop\/pl\/wp-json\/wp\/v2\/media?parent=3263"}],"wp:term":[{"taxonomy":"product_brand","embeddable":true,"href":"https:\/\/pressurezone.shop\/pl\/wp-json\/wp\/v2\/product_brand?post=3263"},{"taxonomy":"product_cat","embeddable":true,"href":"https:\/\/pressurezone.shop\/pl\/wp-json\/wp\/v2\/product_cat?post=3263"},{"taxonomy":"product_tag","embeddable":true,"href":"https:\/\/pressurezone.shop\/pl\/wp-json\/wp\/v2\/product_tag?post=3263"}],"curies":[{"name":"wp","href":"https:\/\/api.w.org\/{rel}","templated":true}]}}