{"id":3265,"date":"2024-10-11T00:57:01","date_gmt":"2024-10-10T22:57:01","guid":{"rendered":"https:\/\/pressurezone.shop\/?post_type=product&#038;p=3265"},"modified":"2024-11-08T18:32:07","modified_gmt":"2024-11-08T17:32:07","slug":"live-resin-blackberry-kush","status":"publish","type":"product","link":"https:\/\/pressurezone.shop\/pl\/produkt\/zywa-zywica-blackberry-kush\/","title":{"rendered":"Live Resin Blackberry Kush"},"content":{"rendered":"<div class=\"flex-shrink-0 flex flex-col relative items-end\">\n<div>\n<div class=\"pt-0\">\n<div class=\"gizmo-bot-avatar flex h-8 w-8 items-center justify-center overflow-hidden rounded-full\">\n<div class=\"relative p-1 rounded-sm flex items-center justify-center bg-token-main-surface-primary text-token-text-primary h-8 w-8\"><\/div>\n<\/div>\n<\/div>\n<\/div>\n<\/div>\n<div class=\"group\/conversation-turn relative flex w-full min-w-0 flex-col agent-turn\">\n<div class=\"flex-col gap-1 md:gap-3\">\n<div class=\"flex max-w-full flex-col flex-grow\">\n<div class=\"min-h-8 text-message flex w-full flex-col items-end gap-2 whitespace-normal break-words [.text-message+&amp;]:mt-5\" dir=\"auto\" data-message-author-role=\"assistant\" data-message-id=\"a6e230e0-06ee-4d1a-9a8c-638badf3f92f\" data-message-model-slug=\"gpt-4o\">\n<div class=\"flex w-full flex-col gap-1 empty:hidden first:pt-[3px]\">\n<div class=\"markdown prose w-full break-words dark:prose-invert light\">\n<h3><strong>Kup szczep Live Resin Blackberry Kush na <a href=\"https:\/\/pressurezone.shop\/pl\/\" target=\"_new\" rel=\"noopener\">Sklep ze strefami ci\u015bnieniowymi<\/a><\/strong><\/h3>\n<p>Odkryj <strong>Live Resin Blackberry Kush<\/strong>Live Resin to niezwykle silny koncentrat Indica, idealny do g\u0142\u0119bokiego, d\u0142ugotrwa\u0142ego relaksu. Live Resin pochodzi ze s\u0142ynnej odmiany Blackberry Kush, znanej z uspokajaj\u0105cych efekt\u00f3w i poziomu THC do 20%, oferuj\u0105c satysfakcjonuj\u0105ce do\u015bwiadczenie mi\u0142o\u015bnikom konopi szukaj\u0105cym fizycznej i psychicznej ulgi.<\/p>\n<h3>Dlaczego warto wybra\u0107 Blackberry Kush Live Resin?<\/h3>\n<p>Le <strong>Blackberry Kush Live Resin<\/strong> s\u0142ynie z p\u0142ynnej konsystencji i koncentracji terpen\u00f3w, kt\u00f3re intensyfikuj\u0105 naturalne smaki i aromaty. Ten przypominaj\u0105cy sos koncentrat jest idealny dla os\u00f3b poszukuj\u0105cych wyj\u0105tkowych dozna\u0144 aromatycznych z dodatkow\u0105 moc\u0105. Ta \u017cywa \u017cywica, przeznaczona do nocnego relaksu, jest idealna do uspokojenia umys\u0142u i odpr\u0119\u017cenia cia\u0142a.<\/p>\n<ul>\n<li><strong>Typ<\/strong> Live Resin Indica<\/li>\n<li><strong>Pochodzenie<\/strong> Blackberry Kush<\/li>\n<\/ul>\n<h3>Smaki i aromaty Live Resin Blackberry Kush<\/h3>\n<p>Le <strong>Live Resin Blackberry Kush<\/strong> ma bogaty smak i aromat, z nutami owoc\u00f3w le\u015bnych i oleju nap\u0119dowego, oferuj\u0105c s\u0142odki, lekko ziemisty smak. Jego aromatyczny profil sprawia, \u017ce jest to idealny wyb\u00f3r dla mi\u0142o\u015bnik\u00f3w intensywnych, niepowtarzalnych smak\u00f3w.<\/p>\n<ul>\n<li><strong>Smaki<\/strong> Jagodowy, Diesel, S\u0142odki<\/li>\n<li><strong>Aromaty<\/strong> Jagodowy, Diesel, S\u0142odki<\/li>\n<\/ul>\n<h3>Efekty i zalety Live Resin Blackberry Kush<\/h3>\n<p>Koncentrat ten zapewnia euforyczny i relaksuj\u0105cy efekt, idealny do \u0142agodzenia stresu i wywo\u0142ywania spokojnego snu. Dzi\u0119ki swoim uspokajaj\u0105cym w\u0142a\u015bciwo\u015bciom <strong>Blackberry Kush Live Resin<\/strong> jest idealny dla u\u017cytkownik\u00f3w pragn\u0105cych z\u0142agodzi\u0107 stany l\u0119kowe, depresj\u0119 i zaburzenia snu<a href=\"https:\/\/fuelpackz.com\/\" target=\"_blank\" rel=\"noopener\">.<\/a><\/p>\n<ul>\n<li><strong>Efekty<\/strong> Euforia, Uspokojenie, Senno\u015b\u0107, Uczucie spokoju<\/li>\n<li><strong>Idealny dla<\/strong> \u0141agodzenie stan\u00f3w l\u0119kowych, depresji, bezsenno\u015bci i redukcja stresu<\/li>\n<\/ul>\n<h3>U\u017cytkowanie i do\u015bwiadczenie<\/h3>\n<p>Dzi\u0119ki p\u0142ynnej konsystencji i wysokiej zawarto\u015bci terpen\u00f3w <strong>Live Resin Blackberry Kush<\/strong> jest \u0142atwy w obs\u0142udze i idealny do dabbingu lub waporyzacji. Jego dzia\u0142anie jest silne, ale \u0142agodne, oferuj\u0105c ca\u0142kowity relaks bez nadmiernego uspokojenia.<\/p>\n<h3>Zam\u00f3w Live Resin Blackberry Kush na <a href=\"https:\/\/pressurezone.shop\/pl\/\" target=\"_new\" rel=\"noopener\">Sklep ze strefami ci\u015bnieniowymi<\/a><\/h3>\n<p>Gotowy na najlepsze doznania relaksacyjne? Zam\u00f3w zestaw <strong>Blackberry Kush Live Resin<\/strong> na <a href=\"https:\/\/pressurezone.shop\/pl\/\" target=\"_new\" rel=\"noopener\">Sklep ze strefami ci\u015bnieniowymi<\/a> i skorzystaj z szybkiej, dyskretnej dostawy w dowolne miejsce w Europie. Ciesz si\u0119 korzy\u015bciami terapeutycznymi i niezapomnianym smakiem tej wyj\u0105tkowej \u017cywicy Live Resin.<\/p>\n<\/div>\n<\/div>\n<\/div>\n<\/div>\n<\/div>\n<\/div>","protected":false},"excerpt":{"rendered":"<p>Achetez du Live Resin Blackberry Kush Strain sur Pressure Zone Shop D\u00e9couvrez le Live Resin Blackberry Kush, un concentr\u00e9 d&rsquo;indica extr\u00eamement puissant, id\u00e9al pour une relaxation profonde et durable. Ce Live Resin est issu de la c\u00e9l\u00e8bre vari\u00e9t\u00e9 Blackberry Kush, connue pour ses effets calmants et son taux de THC atteignant les 20%, offrant une [&hellip;]<\/p>","protected":false},"featured_media":3342,"comment_status":"closed","ping_status":"closed","template":"","meta":{"_uag_custom_page_level_css":"","site-sidebar-layout":"default","site-content-layout":"","ast-site-content-layout":"default","site-content-style":"default","site-sidebar-style":"default","ast-global-header-display":"","ast-banner-title-visibility":"","ast-main-header-display":"","ast-hfb-above-header-display":"","ast-hfb-below-header-display":"","ast-hfb-mobile-header-display":"","site-post-title":"","ast-breadcrumbs-content":"","ast-featured-img":"","footer-sml-layout":"","theme-transparent-header-meta":"default","adv-header-id-meta":"","stick-header-meta":"","header-above-stick-meta":"","header-main-stick-meta":"","header-below-stick-meta":"","astra-migrate-meta-layouts":"set","ast-page-background-enabled":"default","ast-page-background-meta":{"desktop":{"background-color":"","background-image":"","background-repeat":"repeat","background-position":"center center","background-size":"auto","background-attachment":"scroll","background-type":"","background-media":"","overlay-type":"","overlay-color":"","overlay-opacity":"","overlay-gradient":""},"tablet":{"background-color":"","background-image":"","background-repeat":"repeat","background-position":"center center","background-size":"auto","background-attachment":"scroll","background-type":"","background-media":"","overlay-type":"","overlay-color":"","overlay-opacity":"","overlay-gradient":""},"mobile":{"background-color":"","background-image":"","background-repeat":"repeat","background-position":"center center","background-size":"auto","background-attachment":"scroll","background-type":"","background-media":"","overlay-type":"","overlay-color":"","overlay-opacity":"","overlay-gradient":""}},"ast-content-background-meta":{"desktop":{"background-color":"var(--ast-global-color-5)","background-image":"","background-repeat":"repeat","background-position":"center center","background-size":"auto","background-attachment":"scroll","background-type":"","background-media":"","overlay-type":"","overlay-color":"","overlay-opacity":"","overlay-gradient":""},"tablet":{"background-color":"var(--ast-global-color-5)","background-image":"","background-repeat":"repeat","background-position":"center center","background-size":"auto","background-attachment":"scroll","background-type":"","background-media":"","overlay-type":"","overlay-color":"","overlay-opacity":"","overlay-gradient":""},"mobile":{"background-color":"var(--ast-global-color-5)","background-image":"","background-repeat":"repeat","background-position":"center center","background-size":"auto","background-attachment":"scroll","background-type":"","background-media":"","overlay-type":"","overlay-color":"","overlay-opacity":"","overlay-gradient":""}}},"product_brand":[],"product_cat":[334,411],"product_tag":[420],"class_list":{"0":"post-3265","1":"product","2":"type-product","3":"status-publish","4":"has-post-thumbnail","6":"product_cat-concentres-de-marijuana","7":"product_cat-live-resin-concentrates","8":"product_tag-buy-blackberry-kush-strain-live-resin-online-europe","9":"desktop-align-left","10":"tablet-align-left","11":"mobile-align-left","13":"first","14":"instock","15":"shipping-taxable","16":"purchasable","17":"product-type-variable"},"uagb_featured_image_src":{"full":["https:\/\/pressurezone.shop\/wp-content\/uploads\/2024\/10\/Buy-Blackberry-Kush-Strain-Live-Resin.webp",2048,1365,false],"thumbnail":["https:\/\/pressurezone.shop\/wp-content\/uploads\/2024\/10\/Buy-Blackberry-Kush-Strain-Live-Resin-150x150.webp",150,150,true],"medium":["https:\/\/pressurezone.shop\/wp-content\/uploads\/2024\/10\/Buy-Blackberry-Kush-Strain-Live-Resin-300x200.webp",300,200,true],"medium_large":["https:\/\/pressurezone.shop\/wp-content\/uploads\/2024\/10\/Buy-Blackberry-Kush-Strain-Live-Resin-768x512.webp",768,512,true],"large":["https:\/\/pressurezone.shop\/wp-content\/uploads\/2024\/10\/Buy-Blackberry-Kush-Strain-Live-Resin-1024x683.webp",1024,683,true],"1536x1536":["https:\/\/pressurezone.shop\/wp-content\/uploads\/2024\/10\/Buy-Blackberry-Kush-Strain-Live-Resin-1536x1024.webp",1536,1024,true],"2048x2048":["https:\/\/pressurezone.shop\/wp-content\/uploads\/2024\/10\/Buy-Blackberry-Kush-Strain-Live-Resin.webp",2048,1365,false],"trp-custom-language-flag":["https:\/\/pressurezone.shop\/wp-content\/uploads\/2024\/10\/Buy-Blackberry-Kush-Strain-Live-Resin-18x12.webp",18,12,true],"woocommerce_thumbnail":["https:\/\/pressurezone.shop\/wp-content\/uploads\/2024\/10\/Buy-Blackberry-Kush-Strain-Live-Resin-300x300.webp",300,300,true],"woocommerce_single":["https:\/\/pressurezone.shop\/wp-content\/uploads\/2024\/10\/Buy-Blackberry-Kush-Strain-Live-Resin-600x400.webp",600,400,true],"woocommerce_gallery_thumbnail":["https:\/\/pressurezone.shop\/wp-content\/uploads\/2024\/10\/Buy-Blackberry-Kush-Strain-Live-Resin-100x100.webp",100,100,true]},"uagb_author_info":{"display_name":"pressurezone.shop","author_link":"https:\/\/pressurezone.shop\/pl\/author\/"},"uagb_comment_info":0,"uagb_excerpt":"Achetez du Live Resin Blackberry Kush Strain sur Pressure Zone Shop D\u00e9couvrez le Live Resin Blackberry Kush, un concentr\u00e9 d&rsquo;indica extr\u00eamement puissant, id\u00e9al pour une relaxation profonde et durable. Ce Live Resin est issu de la c\u00e9l\u00e8bre vari\u00e9t\u00e9 Blackberry Kush, connue pour ses effets calmants et son taux de THC atteignant les 20%, offrant une&hellip;","_links":{"self":[{"href":"https:\/\/pressurezone.shop\/pl\/wp-json\/wp\/v2\/product\/3265"}],"collection":[{"href":"https:\/\/pressurezone.shop\/pl\/wp-json\/wp\/v2\/product"}],"about":[{"href":"https:\/\/pressurezone.shop\/pl\/wp-json\/wp\/v2\/types\/product"}],"replies":[{"embeddable":true,"href":"https:\/\/pressurezone.shop\/pl\/wp-json\/wp\/v2\/comments?post=3265"}],"version-history":[{"count":3,"href":"https:\/\/pressurezone.shop\/pl\/wp-json\/wp\/v2\/product\/3265\/revisions"}],"predecessor-version":[{"id":4275,"href":"https:\/\/pressurezone.shop\/pl\/wp-json\/wp\/v2\/product\/3265\/revisions\/4275"}],"wp:featuredmedia":[{"embeddable":true,"href":"https:\/\/pressurezone.shop\/pl\/wp-json\/wp\/v2\/media\/3342"}],"wp:attachment":[{"href":"https:\/\/pressurezone.shop\/pl\/wp-json\/wp\/v2\/media?parent=3265"}],"wp:term":[{"taxonomy":"product_brand","embeddable":true,"href":"https:\/\/pressurezone.shop\/pl\/wp-json\/wp\/v2\/product_brand?post=3265"},{"taxonomy":"product_cat","embeddable":true,"href":"https:\/\/pressurezone.shop\/pl\/wp-json\/wp\/v2\/product_cat?post=3265"},{"taxonomy":"product_tag","embeddable":true,"href":"https:\/\/pressurezone.shop\/pl\/wp-json\/wp\/v2\/product_tag?post=3265"}],"curies":[{"name":"wp","href":"https:\/\/api.w.org\/{rel}","templated":true}]}}