{"id":3268,"date":"2024-10-11T00:57:02","date_gmt":"2024-10-10T22:57:02","guid":{"rendered":"https:\/\/pressurezone.shop\/?post_type=product&#038;p=3268"},"modified":"2024-11-08T17:51:21","modified_gmt":"2024-11-08T16:51:21","slug":"live-resin-apple-pie-strain","status":"publish","type":"product","link":"https:\/\/pressurezone.shop\/pl\/produkt\/odmiana-szarlotki-z-zywica\/","title":{"rendered":"\u017bywica Apple Pie Strain"},"content":{"rendered":"<h3><strong>Kup szczep Live Resin Apple Pie na <a href=\"https:\/\/pressurezone.shop\/pl\/\" target=\"_new\" rel=\"noopener\">Sklep ze strefami ci\u015bnieniowymi<\/a><\/strong><\/h3>\n<p>Odkryj <strong>Szarlotka z \u017cywicy<\/strong>Rzadkie i ekscytuj\u0105ce do\u015bwiadczenie dla mi\u0142o\u015bnik\u00f3w sativy, z dominuj\u0105c\u0105 zawarto\u015bci\u0105 sativy 70%. Ten pot\u0119\u017cny koncentrat jest krzy\u017c\u00f3wk\u0105 Acapulco Gold i Highland Nepalese, dw\u00f3ch legendarnych odmian konopi znanych ze swoich energetyzuj\u0105cych i motywuj\u0105cych efekt\u00f3w. Idealny dla tych, kt\u00f3rzy szukaj\u0105 do\u0142adowania psychicznego bez uszczerbku dla fizycznego relaksu. <strong>\u017bywa \u017cywica<\/strong> to opcja premium do ca\u0142odziennego u\u017cytku<a href=\"https:\/\/fuelpackz.com\/\" target=\"_blank\" rel=\"noopener\">.<\/a><\/p>\n<h3>Dlaczego warto wybra\u0107 \u017cywic\u0119 Apple Pie Live Resin?<\/h3>\n<p>Le <strong>Apple Pie Live Resin<\/strong> oddaje owocowo-zio\u0142ow\u0105 esencj\u0119 \u015bwie\u017cych kwiat\u00f3w, zachowuj\u0105c imponuj\u0105c\u0105 zawarto\u015b\u0107 THC na poziomie 24-25%. Koncentrat ten jest starannie ekstrahowany, aby zachowa\u0107 jego czysto\u015b\u0107 i smak, oferuj\u0105c doznania, kt\u00f3re s\u0105 r\u00f3wnie smaczne, co stymuluj\u0105ce. Idealny na pracowite dni, \u0142\u0105czy w sobie przyp\u0142yw energii umys\u0142owej z subtelnym relaksem fizycznym.<\/p>\n<ul>\n<li><strong>Typ<\/strong> \u017bywa \u017cywica, hybryda z dominacj\u0105 Sativy (70% Sativa \/ 30% Indica)<\/li>\n<li><strong>Pochodzenie<\/strong> Acapulco Gold X Highland Nepalese<\/li>\n<\/ul>\n<h3>Smaki i aromaty Live Resin Apple Pie<\/h3>\n<p>To <strong>\u017bywa \u017cywica<\/strong> s\u0142ynie z bogatego i zr\u00f3\u017cnicowanego profilu smakowego. \u0141\u0105czy w sobie owocowe i s\u0142odkie nuty z nut\u0105 orzech\u00f3w i zi\u00f3\u0142, oferuj\u0105c pyszne i wyj\u0105tkowe doznania smakowe. Jej ziemisty, lekko kwa\u015bny aromat sprawia, \u017ce jest to idealny wyb\u00f3r dla os\u00f3b poszukuj\u0105cych z\u0142o\u017conych smak\u00f3w.<\/p>\n<ul>\n<li><strong>Smaki<\/strong> owocowy, zio\u0142owy, orzech laskowy, kwa\u015bny, s\u0142odki<\/li>\n<li><strong>Aromaty<\/strong> Ziemisty, owocowy, zio\u0142owy, kwa\u015bny, s\u0142odki<\/li>\n<\/ul>\n<h3>Efekty i korzy\u015bci p\u0142yn\u0105ce ze stosowania Live Resin Apple Pie<\/h3>\n<p>Le <strong>Szarlotka z \u017cywicy<\/strong> oferuje zastrzyk energii psychicznej i motywacji, idealny do zwi\u0119kszenia produktywno\u015bci i poprawy nastroju. Jest znana z euforycznego i pobudzaj\u0105cego dzia\u0142ania, kt\u00f3re utrzymuje koncentracj\u0119 i aktywno\u015b\u0107, zapewniaj\u0105c jednocze\u015bnie lekkie uczucie fizycznego odpr\u0119\u017cenia.<\/p>\n<ul>\n<li><strong>Efekty<\/strong> Euforia, motywacja, poprawa nastroju<\/li>\n<li><strong>Idealny dla<\/strong> \u0141agodzi depresj\u0119, zmniejsza zm\u0119czenie, \u0142agodzi b\u00f3le g\u0142owy, zmniejsza stres<\/li>\n<\/ul>\n<h3>U\u017cytkowanie i do\u015bwiadczenie<\/h3>\n<p>Le <strong>Apple Pie Live Resin<\/strong> to wszechstronny, \u0142atwy w u\u017cyciu koncentrat. Niezale\u017cnie od tego, czy wolisz go rozpyla\u0107, dodawa\u0107 do joint\u00f3w, czy u\u017cywa\u0107 w zestawie dab, oferuje niezapomniane wra\u017cenia, kt\u00f3re dostosowuj\u0105 si\u0119 do Twoich potrzeb. Jego energetyzuj\u0105cy efekt sprawia, \u017ce jest to doskona\u0142y wyb\u00f3r do stosowania w ci\u0105gu dnia.<\/p>\n<h3>Zam\u00f3w Live Resin Apple Pie na <a href=\"https:\/\/pressurezone.shop\/pl\/\" target=\"_new\" rel=\"noopener\">Sklep ze strefami ci\u015bnieniowymi<\/a><\/h3>\n<p>Gotowy na stymuluj\u0105ce i smaczne do\u015bwiadczenie? Zam\u00f3w <strong>Szarlotka z \u017cywicy<\/strong> na <a href=\"https:\/\/pressurezone.shop\/pl\/\" target=\"_new\" rel=\"noopener\">Sklep ze strefami ci\u015bnieniowymi<\/a> i odkryj wysokiej jako\u015bci koncentrat konopi indyjskich, kt\u00f3ry sprawi, \u017ce b\u0119dziesz w pe\u0142ni usatysfakcjonowany. Nasze produkty s\u0105 starannie dobierane, aby zapewni\u0107 najlepsze efekty i smaki marihuany.<\/p>","protected":false},"excerpt":{"rendered":"<p>Achetez le Live Resin Apple Pie Strain sur Pressure Zone Shop D\u00e9couvrez le Live Resin Apple Pie, une exp\u00e9rience rare et exaltante pour les amateurs de sativa, avec une dominante sativa de 70%. Ce concentr\u00e9 puissant est issu du croisement entre l\u2019Acapulco Gold et le Highland Nepalese, deux vari\u00e9t\u00e9s de cannabis l\u00e9gendaires reconnues pour leurs [&hellip;]<\/p>","protected":false},"featured_media":3352,"comment_status":"closed","ping_status":"closed","template":"","meta":{"_uag_custom_page_level_css":"","site-sidebar-layout":"default","site-content-layout":"","ast-site-content-layout":"default","site-content-style":"default","site-sidebar-style":"default","ast-global-header-display":"","ast-banner-title-visibility":"","ast-main-header-display":"","ast-hfb-above-header-display":"","ast-hfb-below-header-display":"","ast-hfb-mobile-header-display":"","site-post-title":"","ast-breadcrumbs-content":"","ast-featured-img":"","footer-sml-layout":"","theme-transparent-header-meta":"default","adv-header-id-meta":"","stick-header-meta":"","header-above-stick-meta":"","header-main-stick-meta":"","header-below-stick-meta":"","astra-migrate-meta-layouts":"set","ast-page-background-enabled":"default","ast-page-background-meta":{"desktop":{"background-color":"","background-image":"","background-repeat":"repeat","background-position":"center center","background-size":"auto","background-attachment":"scroll","background-type":"","background-media":"","overlay-type":"","overlay-color":"","overlay-opacity":"","overlay-gradient":""},"tablet":{"background-color":"","background-image":"","background-repeat":"repeat","background-position":"center center","background-size":"auto","background-attachment":"scroll","background-type":"","background-media":"","overlay-type":"","overlay-color":"","overlay-opacity":"","overlay-gradient":""},"mobile":{"background-color":"","background-image":"","background-repeat":"repeat","background-position":"center center","background-size":"auto","background-attachment":"scroll","background-type":"","background-media":"","overlay-type":"","overlay-color":"","overlay-opacity":"","overlay-gradient":""}},"ast-content-background-meta":{"desktop":{"background-color":"var(--ast-global-color-5)","background-image":"","background-repeat":"repeat","background-position":"center center","background-size":"auto","background-attachment":"scroll","background-type":"","background-media":"","overlay-type":"","overlay-color":"","overlay-opacity":"","overlay-gradient":""},"tablet":{"background-color":"var(--ast-global-color-5)","background-image":"","background-repeat":"repeat","background-position":"center center","background-size":"auto","background-attachment":"scroll","background-type":"","background-media":"","overlay-type":"","overlay-color":"","overlay-opacity":"","overlay-gradient":""},"mobile":{"background-color":"var(--ast-global-color-5)","background-image":"","background-repeat":"repeat","background-position":"center center","background-size":"auto","background-attachment":"scroll","background-type":"","background-media":"","overlay-type":"","overlay-color":"","overlay-opacity":"","overlay-gradient":""}}},"product_brand":[],"product_cat":[334,411],"product_tag":[412,423,414,415],"class_list":{"0":"post-3268","1":"product","2":"type-product","3":"status-publish","4":"has-post-thumbnail","6":"product_cat-concentres-de-marijuana","7":"product_cat-live-resin-concentrates","8":"product_tag-live-rosin-concentrate-near-me","9":"product_tag-order-apple-pie-strain-live-resin-europe","10":"product_tag-thc-marijuana-live-resin-for-sale-europe","11":"product_tag-thca-live-resin-concentrate","12":"desktop-align-left","13":"tablet-align-left","14":"mobile-align-left","16":"first","17":"instock","18":"shipping-taxable","19":"purchasable","20":"product-type-variable"},"uagb_featured_image_src":{"full":["https:\/\/pressurezone.shop\/wp-content\/uploads\/2024\/10\/Apple-Pie-Strain-Live-Resin.webp",2048,1365,false],"thumbnail":["https:\/\/pressurezone.shop\/wp-content\/uploads\/2024\/10\/Apple-Pie-Strain-Live-Resin-150x150.webp",150,150,true],"medium":["https:\/\/pressurezone.shop\/wp-content\/uploads\/2024\/10\/Apple-Pie-Strain-Live-Resin-300x200.webp",300,200,true],"medium_large":["https:\/\/pressurezone.shop\/wp-content\/uploads\/2024\/10\/Apple-Pie-Strain-Live-Resin-768x512.webp",768,512,true],"large":["https:\/\/pressurezone.shop\/wp-content\/uploads\/2024\/10\/Apple-Pie-Strain-Live-Resin-1024x683.webp",1024,683,true],"1536x1536":["https:\/\/pressurezone.shop\/wp-content\/uploads\/2024\/10\/Apple-Pie-Strain-Live-Resin-1536x1024.webp",1536,1024,true],"2048x2048":["https:\/\/pressurezone.shop\/wp-content\/uploads\/2024\/10\/Apple-Pie-Strain-Live-Resin.webp",2048,1365,false],"trp-custom-language-flag":["https:\/\/pressurezone.shop\/wp-content\/uploads\/2024\/10\/Apple-Pie-Strain-Live-Resin-18x12.webp",18,12,true],"woocommerce_thumbnail":["https:\/\/pressurezone.shop\/wp-content\/uploads\/2024\/10\/Apple-Pie-Strain-Live-Resin-300x300.webp",300,300,true],"woocommerce_single":["https:\/\/pressurezone.shop\/wp-content\/uploads\/2024\/10\/Apple-Pie-Strain-Live-Resin-600x400.webp",600,400,true],"woocommerce_gallery_thumbnail":["https:\/\/pressurezone.shop\/wp-content\/uploads\/2024\/10\/Apple-Pie-Strain-Live-Resin-100x100.webp",100,100,true]},"uagb_author_info":{"display_name":"pressurezone.shop","author_link":"https:\/\/pressurezone.shop\/pl\/author\/"},"uagb_comment_info":0,"uagb_excerpt":"Achetez le Live Resin Apple Pie Strain sur Pressure Zone Shop D\u00e9couvrez le Live Resin Apple Pie, une exp\u00e9rience rare et exaltante pour les amateurs de sativa, avec une dominante sativa de 70%. Ce concentr\u00e9 puissant est issu du croisement entre l\u2019Acapulco Gold et le Highland Nepalese, deux vari\u00e9t\u00e9s de cannabis l\u00e9gendaires reconnues pour leurs&hellip;","_links":{"self":[{"href":"https:\/\/pressurezone.shop\/pl\/wp-json\/wp\/v2\/product\/3268"}],"collection":[{"href":"https:\/\/pressurezone.shop\/pl\/wp-json\/wp\/v2\/product"}],"about":[{"href":"https:\/\/pressurezone.shop\/pl\/wp-json\/wp\/v2\/types\/product"}],"replies":[{"embeddable":true,"href":"https:\/\/pressurezone.shop\/pl\/wp-json\/wp\/v2\/comments?post=3268"}],"version-history":[{"count":3,"href":"https:\/\/pressurezone.shop\/pl\/wp-json\/wp\/v2\/product\/3268\/revisions"}],"predecessor-version":[{"id":4267,"href":"https:\/\/pressurezone.shop\/pl\/wp-json\/wp\/v2\/product\/3268\/revisions\/4267"}],"wp:featuredmedia":[{"embeddable":true,"href":"https:\/\/pressurezone.shop\/pl\/wp-json\/wp\/v2\/media\/3352"}],"wp:attachment":[{"href":"https:\/\/pressurezone.shop\/pl\/wp-json\/wp\/v2\/media?parent=3268"}],"wp:term":[{"taxonomy":"product_brand","embeddable":true,"href":"https:\/\/pressurezone.shop\/pl\/wp-json\/wp\/v2\/product_brand?post=3268"},{"taxonomy":"product_cat","embeddable":true,"href":"https:\/\/pressurezone.shop\/pl\/wp-json\/wp\/v2\/product_cat?post=3268"},{"taxonomy":"product_tag","embeddable":true,"href":"https:\/\/pressurezone.shop\/pl\/wp-json\/wp\/v2\/product_tag?post=3268"}],"curies":[{"name":"wp","href":"https:\/\/api.w.org\/{rel}","templated":true}]}}