{"id":3281,"date":"2024-10-11T00:57:50","date_gmt":"2024-10-10T22:57:50","guid":{"rendered":"https:\/\/pressurezone.shop\/?post_type=product&#038;p=3281"},"modified":"2024-11-08T20:33:27","modified_gmt":"2024-11-08T19:33:27","slug":"purple-kush-live-resin","status":"publish","type":"product","link":"https:\/\/pressurezone.shop\/pl\/produkt\/purple-kush-zywa-zywica\/","title":{"rendered":"\u017bywa \u017cywica Purple Kush"},"content":{"rendered":"<div class=\"flex-shrink-0 flex flex-col relative items-end\">\n<div>\n<div class=\"pt-0\">\n<div class=\"gizmo-bot-avatar flex h-8 w-8 items-center justify-center overflow-hidden rounded-full\">\n<div class=\"relative p-1 rounded-sm flex items-center justify-center bg-token-main-surface-primary text-token-text-primary h-8 w-8\"><\/div>\n<\/div>\n<\/div>\n<\/div>\n<\/div>\n<div class=\"group\/conversation-turn relative flex w-full min-w-0 flex-col agent-turn\">\n<div class=\"flex-col gap-1 md:gap-3\">\n<div class=\"flex max-w-full flex-col flex-grow\">\n<div class=\"min-h-8 text-message flex w-full flex-col items-end gap-2 whitespace-normal break-words [.text-message+&amp;]:mt-5\" dir=\"auto\" data-message-author-role=\"assistant\" data-message-id=\"6934c2fa-129c-47e1-95d2-10b1f3654af4\" data-message-model-slug=\"gpt-4o\">\n<div class=\"flex w-full flex-col gap-1 empty:hidden first:pt-[3px]\">\n<div class=\"markdown prose w-full break-words dark:prose-invert light\">\n<h3><strong>Kup \u017cywic\u0119 Purple Kush Live - Indica Pure dla g\u0142\u0119bokiego relaksu<\/strong><\/h3>\n<p>Dost\u0119pne w Europie na <a href=\"https:\/\/pressurezone.shop\/pl\/\" target=\"_new\" rel=\"noopener\">Sklep ze strefami ci\u015bnieniowymi<\/a><\/p>\n<p>Le <strong>Live Resin Purple Kush<\/strong> to esencja klasyki konopi indyjskich, pot\u0119\u017cna \u017cywica, kt\u00f3ra oddaje unikalne cechy tej odmiany indica 100%. Stworzona przez skrzy\u017cowanie s\u0142ynnych szczep\u00f3w Hindu Kush i Purple Afghani, ta \u017cywa \u017cywica jest do\u015bwiadczeniem intensywnego relaksu i g\u0142\u0119bokiego szcz\u0119\u015bcia dla mi\u0142o\u015bnik\u00f3w Indica.<\/p>\n<h3>Dlaczego warto wybra\u0107 Live Resin Purple Kush?<\/h3>\n<p>Le <strong>\u017bywa \u017cywica Purple Kush<\/strong> to wysokiej jako\u015bci skoncentrowana ekstrakcja, kt\u00f3ra zachowuje bogactwo naturalnych terpen\u00f3w i kannabinoid\u00f3w ro\u015bliny, oferuj\u0105c niezr\u00f3wnane doznania aromatyczne i smakowe. Dzi\u0119ki wyra\u017anemu profilowi aromatycznemu i wysokiej zawarto\u015bci THC, koncentrat ten jest idealny dla os\u00f3b poszukuj\u0105cych silnego relaksu cia\u0142a i spokojnego snu.<a href=\"https:\/\/fuelpackz.com\/\" target=\"_blank\" rel=\"noopener\">.<\/a><\/p>\n<ul>\n<li><strong>Typ<\/strong> Indica Pure<\/li>\n<li><strong>Pochodzenie<\/strong> Krzy\u017c\u00f3wka Hindu Kush X Purple Afghani<\/li>\n<li><strong>Efekt g\u0142\u00f3wny<\/strong> Intensywny relaks, delikatna euforia<\/li>\n<\/ul>\n<h3>Efekty i zalety \u017cywicy Purple Kush Live Resin<\/h3>\n<p>Le <strong>Live Resin Purple Kush<\/strong> wywo\u0142uje \u0142agodn\u0105 eufori\u0119, po kt\u00f3rej nast\u0119puje intensywny relaks fizyczny prowadz\u0105cy do g\u0142\u0119bokiego snu. Idealny dla konsument\u00f3w cierpi\u0105cych na bezsenno\u015b\u0107, przewlek\u0142y b\u00f3l i stres, koncentrat ten jest idealny do stosowania wieczorem.<\/p>\n<ul>\n<li><strong>Efekty<\/strong> Euforia, Odpr\u0119\u017cenie cia\u0142a, Senno\u015b\u0107, Dobre samopoczucie<\/li>\n<li><strong>Idealny dla<\/strong> Bezsenno\u015b\u0107, przewlek\u0142y b\u00f3l, skurcze mi\u0119\u015bni, stres, utrata apetytu<\/li>\n<\/ul>\n<h3>Smaki i aromaty \u017cywicy Purple Kush Live Resin<\/h3>\n<p>Ta \u017cywa \u017cywica zapewnia bogaty smak jag\u00f3d i winogron oraz naturaln\u0105 s\u0142odycz przypominaj\u0105c\u0105 czerwone wino. Jej aromat jest r\u00f3wnie mocny, z ziemistymi i pikantnymi nutami, zapewniaj\u0105c wyj\u0105tkowe doznania sensoryczne przy ka\u017cdym wdechu.<\/p>\n<ul>\n<li><strong>Smaki<\/strong> Jagodowy, winogronowy, s\u0142odki<\/li>\n<li><strong>Aromaty<\/strong> Ziemisty, Winogronowy, Pikantny, S\u0142odki<\/li>\n<\/ul>\n<h3>Do\u015bwiadczenie konsumenta<\/h3>\n<p>Zaprojektowany dla fan\u00f3w mocnych \u017cywic <strong>\u017bywa \u017cywica Purple Kush<\/strong> oferuje p\u0142ynn\u0105, \u0142atw\u0105 w u\u017cyciu konsystencj\u0119, idealn\u0105 do dabbingu i gotowania na parze. Daj si\u0119 ponie\u015b\u0107 g\u0142\u0119bokiemu relaksowi i ciesz si\u0119 chwil\u0105 absolutnego spokoju.<\/p>\n<h3>Zam\u00f3w Live Resin Purple Kush na <a href=\"https:\/\/pressurezone.shop\/pl\/\" target=\"_new\" rel=\"noopener\">Sklep ze strefami ci\u015bnieniowymi<\/a><\/h3>\n<p>Gotowy na odkrycie czystej esencji Indica? Zam\u00f3w <strong>\u017bywa \u017cywica Purple Kush<\/strong> od dzisiaj <a href=\"https:\/\/pressurezone.shop\/pl\/\" target=\"_new\" rel=\"noopener\">Sklep ze strefami ci\u015bnieniowymi<\/a> i skorzystaj z szybkiej dostawy w Europie. Ta \u017cywa \u017cywica jest idealnym wyborem dla os\u00f3b poszukuj\u0105cych g\u0142\u0119bokiego relaksu i trwa\u0142ej ulgi.<\/p>\n<\/div>\n<\/div>\n<\/div>\n<\/div>\n<\/div>\n<\/div>","protected":false},"excerpt":{"rendered":"<p>Achetez du Purple Kush Live Resin \u2013 Indica Pure pour Relaxation Profonde Disponible en Europe sur Pressure Zone Shop Le Live Resin Purple Kush est l\u2019essence d\u2019un classique du cannabis, une r\u00e9sine puissante qui capture les qualit\u00e9s uniques de cette vari\u00e9t\u00e9 100% indica. Cr\u00e9\u00e9 par un croisement entre les c\u00e9l\u00e8bres souches Hindu Kush et Purple [&hellip;]<\/p>","protected":false},"featured_media":3366,"comment_status":"closed","ping_status":"closed","template":"","meta":{"_uag_custom_page_level_css":"","site-sidebar-layout":"default","site-content-layout":"","ast-site-content-layout":"default","site-content-style":"default","site-sidebar-style":"default","ast-global-header-display":"","ast-banner-title-visibility":"","ast-main-header-display":"","ast-hfb-above-header-display":"","ast-hfb-below-header-display":"","ast-hfb-mobile-header-display":"","site-post-title":"","ast-breadcrumbs-content":"","ast-featured-img":"","footer-sml-layout":"","theme-transparent-header-meta":"default","adv-header-id-meta":"","stick-header-meta":"","header-above-stick-meta":"","header-main-stick-meta":"","header-below-stick-meta":"","astra-migrate-meta-layouts":"set","ast-page-background-enabled":"default","ast-page-background-meta":{"desktop":{"background-color":"","background-image":"","background-repeat":"repeat","background-position":"center center","background-size":"auto","background-attachment":"scroll","background-type":"","background-media":"","overlay-type":"","overlay-color":"","overlay-opacity":"","overlay-gradient":""},"tablet":{"background-color":"","background-image":"","background-repeat":"repeat","background-position":"center center","background-size":"auto","background-attachment":"scroll","background-type":"","background-media":"","overlay-type":"","overlay-color":"","overlay-opacity":"","overlay-gradient":""},"mobile":{"background-color":"","background-image":"","background-repeat":"repeat","background-position":"center center","background-size":"auto","background-attachment":"scroll","background-type":"","background-media":"","overlay-type":"","overlay-color":"","overlay-opacity":"","overlay-gradient":""}},"ast-content-background-meta":{"desktop":{"background-color":"var(--ast-global-color-5)","background-image":"","background-repeat":"repeat","background-position":"center center","background-size":"auto","background-attachment":"scroll","background-type":"","background-media":"","overlay-type":"","overlay-color":"","overlay-opacity":"","overlay-gradient":""},"tablet":{"background-color":"var(--ast-global-color-5)","background-image":"","background-repeat":"repeat","background-position":"center center","background-size":"auto","background-attachment":"scroll","background-type":"","background-media":"","overlay-type":"","overlay-color":"","overlay-opacity":"","overlay-gradient":""},"mobile":{"background-color":"var(--ast-global-color-5)","background-image":"","background-repeat":"repeat","background-position":"center center","background-size":"auto","background-attachment":"scroll","background-type":"","background-media":"","overlay-type":"","overlay-color":"","overlay-opacity":"","overlay-gradient":""}}},"product_brand":[],"product_cat":[334,411],"product_tag":[416,428,418,419],"class_list":{"0":"post-3281","1":"product","2":"type-product","3":"status-publish","4":"has-post-thumbnail","6":"product_cat-concentres-de-marijuana","7":"product_cat-live-resin-concentrates","8":"product_tag-bulk-dabs-online","9":"product_tag-order-buy-purple-kush-strain-live-resin-europe","10":"product_tag-thca-rosin-online-europe","11":"product_tag-where-to-shop-live-resin-europe","12":"desktop-align-left","13":"tablet-align-left","14":"mobile-align-left","16":"first","17":"instock","18":"shipping-taxable","19":"purchasable","20":"product-type-variable"},"uagb_featured_image_src":{"full":["https:\/\/pressurezone.shop\/wp-content\/uploads\/2024\/10\/Buy-Purple-Kush-Strain-Live-Resin.webp",2048,1365,false],"thumbnail":["https:\/\/pressurezone.shop\/wp-content\/uploads\/2024\/10\/Buy-Purple-Kush-Strain-Live-Resin-150x150.webp",150,150,true],"medium":["https:\/\/pressurezone.shop\/wp-content\/uploads\/2024\/10\/Buy-Purple-Kush-Strain-Live-Resin-300x200.webp",300,200,true],"medium_large":["https:\/\/pressurezone.shop\/wp-content\/uploads\/2024\/10\/Buy-Purple-Kush-Strain-Live-Resin-768x512.webp",768,512,true],"large":["https:\/\/pressurezone.shop\/wp-content\/uploads\/2024\/10\/Buy-Purple-Kush-Strain-Live-Resin-1024x683.webp",1024,683,true],"1536x1536":["https:\/\/pressurezone.shop\/wp-content\/uploads\/2024\/10\/Buy-Purple-Kush-Strain-Live-Resin-1536x1024.webp",1536,1024,true],"2048x2048":["https:\/\/pressurezone.shop\/wp-content\/uploads\/2024\/10\/Buy-Purple-Kush-Strain-Live-Resin.webp",2048,1365,false],"trp-custom-language-flag":["https:\/\/pressurezone.shop\/wp-content\/uploads\/2024\/10\/Buy-Purple-Kush-Strain-Live-Resin-18x12.webp",18,12,true],"woocommerce_thumbnail":["https:\/\/pressurezone.shop\/wp-content\/uploads\/2024\/10\/Buy-Purple-Kush-Strain-Live-Resin-300x300.webp",300,300,true],"woocommerce_single":["https:\/\/pressurezone.shop\/wp-content\/uploads\/2024\/10\/Buy-Purple-Kush-Strain-Live-Resin-600x400.webp",600,400,true],"woocommerce_gallery_thumbnail":["https:\/\/pressurezone.shop\/wp-content\/uploads\/2024\/10\/Buy-Purple-Kush-Strain-Live-Resin-100x100.webp",100,100,true]},"uagb_author_info":{"display_name":"pressurezone.shop","author_link":"https:\/\/pressurezone.shop\/pl\/author\/"},"uagb_comment_info":0,"uagb_excerpt":"Achetez du Purple Kush Live Resin \u2013 Indica Pure pour Relaxation Profonde Disponible en Europe sur Pressure Zone Shop Le Live Resin Purple Kush est l\u2019essence d\u2019un classique du cannabis, une r\u00e9sine puissante qui capture les qualit\u00e9s uniques de cette vari\u00e9t\u00e9 100% indica. Cr\u00e9\u00e9 par un croisement entre les c\u00e9l\u00e8bres souches Hindu Kush et Purple&hellip;","_links":{"self":[{"href":"https:\/\/pressurezone.shop\/pl\/wp-json\/wp\/v2\/product\/3281"}],"collection":[{"href":"https:\/\/pressurezone.shop\/pl\/wp-json\/wp\/v2\/product"}],"about":[{"href":"https:\/\/pressurezone.shop\/pl\/wp-json\/wp\/v2\/types\/product"}],"replies":[{"embeddable":true,"href":"https:\/\/pressurezone.shop\/pl\/wp-json\/wp\/v2\/comments?post=3281"}],"version-history":[{"count":3,"href":"https:\/\/pressurezone.shop\/pl\/wp-json\/wp\/v2\/product\/3281\/revisions"}],"predecessor-version":[{"id":4291,"href":"https:\/\/pressurezone.shop\/pl\/wp-json\/wp\/v2\/product\/3281\/revisions\/4291"}],"wp:featuredmedia":[{"embeddable":true,"href":"https:\/\/pressurezone.shop\/pl\/wp-json\/wp\/v2\/media\/3366"}],"wp:attachment":[{"href":"https:\/\/pressurezone.shop\/pl\/wp-json\/wp\/v2\/media?parent=3281"}],"wp:term":[{"taxonomy":"product_brand","embeddable":true,"href":"https:\/\/pressurezone.shop\/pl\/wp-json\/wp\/v2\/product_brand?post=3281"},{"taxonomy":"product_cat","embeddable":true,"href":"https:\/\/pressurezone.shop\/pl\/wp-json\/wp\/v2\/product_cat?post=3281"},{"taxonomy":"product_tag","embeddable":true,"href":"https:\/\/pressurezone.shop\/pl\/wp-json\/wp\/v2\/product_tag?post=3281"}],"curies":[{"name":"wp","href":"https:\/\/api.w.org\/{rel}","templated":true}]}}