{"id":3289,"date":"2024-10-11T00:58:22","date_gmt":"2024-10-10T22:58:22","guid":{"rendered":"https:\/\/pressurezone.shop\/?post_type=product&#038;p=3289"},"modified":"2024-11-08T20:27:51","modified_gmt":"2024-11-08T19:27:51","slug":"pink-picasso-live-resin","status":"publish","type":"product","link":"https:\/\/pressurezone.shop\/pl\/produkt\/rozowa-zywica-picasso-live\/","title":{"rendered":"R\u00f3\u017cowa \u017cywiczna \u017cywica Picasso"},"content":{"rendered":"<h3><strong>Kup Pink Picasso Live Resin - Hybryda idealna do relaksu<\/strong><br \/>\nDost\u0119pne w Europie na <a href=\"https:\/\/pressurezone.shop\/pl\/\" target=\"_new\" rel=\"noopener\">Sklep ze strefami ci\u015bnieniowymi<\/a><\/h3>\n<p>Odkryj <strong>R\u00f3\u017cowa \u017cywiczna \u017cywica Picasso<\/strong>Live Resin to doskonale zbalansowany koncentrat hybrydowy (50% indica \/ 50% sativa), idealny dla os\u00f3b poszukuj\u0105cych silnego efektu relaksuj\u0105cego o wyj\u0105tkowym, wyrafinowanym smaku. Live Resin to krzy\u017c\u00f3wka popularnych szczep\u00f3w OZK i Candyland, oferuj\u0105ca bogaty smak i efekt dla mi\u0142o\u015bnik\u00f3w koncentrat\u00f3w.<\/p>\n<h3>Dlaczego warto wybra\u0107 Pink Picasso Live Resin?<\/h3>\n<p>Ta \u017cywa \u017cywica zosta\u0142a opracowana w celu uchwycenia ca\u0142ego bogactwa ro\u015bliny konopi, w tym naturalnych terpen\u00f3w i wysokiej zawarto\u015bci THC od 22 do 30%. Konsystencja <strong>R\u00f3\u017cowa \u017cywiczna \u017cywica Picasso<\/strong> jest bardziej p\u0142ynny ni\u017c inne koncentraty dzi\u0119ki starannej ekstrakcji olejk\u00f3w eterycznych, zapewniaj\u0105c konsystencj\u0119, kt\u00f3ra jest \u0142atwa w u\u017cyciu do dabbingu lub rozpylania<a href=\"https:\/\/fuelpackz.com\/\" target=\"_blank\" rel=\"noopener\">.<\/a><\/p>\n<ul>\n<li><strong>Typ<\/strong> Zr\u00f3wnowa\u017cona hybryda<\/li>\n<li><strong>Pochodzenie<\/strong> Krzy\u017c\u00f3wka OZK i Candyland<\/li>\n<li><strong>THC<\/strong> : 22-30%<\/li>\n<\/ul>\n<h3>Efekty i korzy\u015bci p\u0142yn\u0105ce ze stosowania Pink Picasso Live Resin<\/h3>\n<p>Skutki <strong>R\u00f3\u017cowy Picasso<\/strong> wywo\u0142uje \u0142agodn\u0105 eufori\u0119 i intensywny relaks fizyczny, idealny do uspokojenia umys\u0142u i ukojenia cia\u0142a. Jego relaksuj\u0105cy, lekko senny profil sprawia, \u017ce jest to preferowany wyb\u00f3r dla konsument\u00f3w poszukuj\u0105cych ulgi w przewlek\u0142ych dolegliwo\u015bciach, jednocze\u015bnie ciesz\u0105c si\u0119 g\u0142\u0119bokim relaksem.<\/p>\n<ul>\n<li><strong>Efekty<\/strong> Euforia, Odpr\u0119\u017cenie cia\u0142a, Senno\u015b\u0107, Dobre samopoczucie<\/li>\n<li><strong>Idealny dla<\/strong> Przewlek\u0142y b\u00f3l, depresja, stres, bezsenno\u015b\u0107, skurcze mi\u0119\u015bni, skurcze<\/li>\n<\/ul>\n<h3>Smaki i aromaty \u017cywicy Pink Picasso Live Resin<\/h3>\n<p>Ta \u017cywa \u017cywica wyr\u00f3\u017cnia si\u0119 nutami czekolady, cytrus\u00f3w i mentolu, oferuj\u0105c wyj\u0105tkowe i niepowtarzalne doznania smakowe. Profil aromatyczny jest r\u00f3wnie z\u0142o\u017cony, z akcentami ziemi, przypraw i lekkiej pikanterii.<\/p>\n<ul>\n<li><strong>Smaki<\/strong> Czekolada, Cytrusy, Mentol, Pikantny, S\u0142odki<\/li>\n<li><strong>Aromaty<\/strong> Cytrusowy, ziemisty, ostry, kwa\u015bny, pikantny<\/li>\n<\/ul>\n<h3>Do\u015bwiadczenie konsumenta<\/h3>\n<p>Dzi\u0119ki mi\u0119kkiej teksturze i niezwyk\u0142ej mocy <strong>R\u00f3\u017cowa \u017cywiczna \u017cywica Picasso<\/strong> jest idealny do dabbingu lub waporyzacji. Koncentrat ten wprowadza w stan g\u0142\u0119bokiego relaksu bez pozbawiania zmys\u0142\u00f3w, idealny do odpr\u0119\u017cenia po d\u0142ugim dniu.<\/p>\n<h3>Zam\u00f3w Pink Picasso Live Resin na <a href=\"https:\/\/pressurezone.shop\/pl\/\" target=\"_new\" rel=\"noopener\">Sklep ze strefami ci\u015bnieniowymi<\/a><\/h3>\n<p>Gotowy na odkrycie idealnej r\u00f3wnowagi mi\u0119dzy relaksem a eufori\u0105? Zam\u00f3w <strong>R\u00f3\u017cowa \u017cywiczna \u017cywica Picasso<\/strong> od dzisiaj <a href=\"https:\/\/pressurezone.shop\/pl\/\" target=\"_new\" rel=\"noopener\">Sklep ze strefami ci\u015bnieniowymi<\/a> i ciesz si\u0119 szybk\u0105 dostaw\u0105 w Europie. Ta \u017cywa \u017cywica jest idealnym wyborem dla ca\u0142kowitego relaksu z odrobin\u0105 wyrafinowania.<\/p>","protected":false},"excerpt":{"rendered":"<div class=\"product-short-description\">\n<h4>Hybryda - 50% Sativa \/50% Indica<\/h4>\n<\/div>","protected":false},"featured_media":3373,"comment_status":"closed","ping_status":"closed","template":"","meta":{"_uag_custom_page_level_css":"","site-sidebar-layout":"default","site-content-layout":"","ast-site-content-layout":"default","site-content-style":"default","site-sidebar-style":"default","ast-global-header-display":"","ast-banner-title-visibility":"","ast-main-header-display":"","ast-hfb-above-header-display":"","ast-hfb-below-header-display":"","ast-hfb-mobile-header-display":"","site-post-title":"","ast-breadcrumbs-content":"","ast-featured-img":"","footer-sml-layout":"","theme-transparent-header-meta":"default","adv-header-id-meta":"","stick-header-meta":"","header-above-stick-meta":"","header-main-stick-meta":"","header-below-stick-meta":"","astra-migrate-meta-layouts":"set","ast-page-background-enabled":"default","ast-page-background-meta":{"desktop":{"background-color":"","background-image":"","background-repeat":"repeat","background-position":"center center","background-size":"auto","background-attachment":"scroll","background-type":"","background-media":"","overlay-type":"","overlay-color":"","overlay-opacity":"","overlay-gradient":""},"tablet":{"background-color":"","background-image":"","background-repeat":"repeat","background-position":"center center","background-size":"auto","background-attachment":"scroll","background-type":"","background-media":"","overlay-type":"","overlay-color":"","overlay-opacity":"","overlay-gradient":""},"mobile":{"background-color":"","background-image":"","background-repeat":"repeat","background-position":"center center","background-size":"auto","background-attachment":"scroll","background-type":"","background-media":"","overlay-type":"","overlay-color":"","overlay-opacity":"","overlay-gradient":""}},"ast-content-background-meta":{"desktop":{"background-color":"var(--ast-global-color-5)","background-image":"","background-repeat":"repeat","background-position":"center center","background-size":"auto","background-attachment":"scroll","background-type":"","background-media":"","overlay-type":"","overlay-color":"","overlay-opacity":"","overlay-gradient":""},"tablet":{"background-color":"var(--ast-global-color-5)","background-image":"","background-repeat":"repeat","background-position":"center center","background-size":"auto","background-attachment":"scroll","background-type":"","background-media":"","overlay-type":"","overlay-color":"","overlay-opacity":"","overlay-gradient":""},"mobile":{"background-color":"var(--ast-global-color-5)","background-image":"","background-repeat":"repeat","background-position":"center center","background-size":"auto","background-attachment":"scroll","background-type":"","background-media":"","overlay-type":"","overlay-color":"","overlay-opacity":"","overlay-gradient":""}}},"product_brand":[],"product_cat":[334,411],"product_tag":[430,431,432,433],"class_list":{"0":"post-3289","1":"product","2":"type-product","3":"status-publish","4":"has-post-thumbnail","6":"product_cat-concentres-de-marijuana","7":"product_cat-live-resin-concentrates","8":"product_tag-buy-buy-pink-picasso-strain-live-resin-hybrid-online-europe","9":"product_tag-buy-dab-online-cheap","10":"product_tag-buy-dabs-online-with-credit-card","11":"product_tag-order-live-rosin-concentrate","12":"desktop-align-left","13":"tablet-align-left","14":"mobile-align-left","16":"first","17":"instock","18":"shipping-taxable","19":"purchasable","20":"product-type-variable"},"uagb_featured_image_src":{"full":["https:\/\/pressurezone.shop\/wp-content\/uploads\/2024\/10\/Buy-Pink-Picasso-Strain-Live-Resin-Hybrid.webp",2048,1365,false],"thumbnail":["https:\/\/pressurezone.shop\/wp-content\/uploads\/2024\/10\/Buy-Pink-Picasso-Strain-Live-Resin-Hybrid-150x150.webp",150,150,true],"medium":["https:\/\/pressurezone.shop\/wp-content\/uploads\/2024\/10\/Buy-Pink-Picasso-Strain-Live-Resin-Hybrid-300x200.webp",300,200,true],"medium_large":["https:\/\/pressurezone.shop\/wp-content\/uploads\/2024\/10\/Buy-Pink-Picasso-Strain-Live-Resin-Hybrid-768x512.webp",768,512,true],"large":["https:\/\/pressurezone.shop\/wp-content\/uploads\/2024\/10\/Buy-Pink-Picasso-Strain-Live-Resin-Hybrid-1024x683.webp",1024,683,true],"1536x1536":["https:\/\/pressurezone.shop\/wp-content\/uploads\/2024\/10\/Buy-Pink-Picasso-Strain-Live-Resin-Hybrid-1536x1024.webp",1536,1024,true],"2048x2048":["https:\/\/pressurezone.shop\/wp-content\/uploads\/2024\/10\/Buy-Pink-Picasso-Strain-Live-Resin-Hybrid.webp",2048,1365,false],"trp-custom-language-flag":["https:\/\/pressurezone.shop\/wp-content\/uploads\/2024\/10\/Buy-Pink-Picasso-Strain-Live-Resin-Hybrid-18x12.webp",18,12,true],"woocommerce_thumbnail":["https:\/\/pressurezone.shop\/wp-content\/uploads\/2024\/10\/Buy-Pink-Picasso-Strain-Live-Resin-Hybrid-300x300.webp",300,300,true],"woocommerce_single":["https:\/\/pressurezone.shop\/wp-content\/uploads\/2024\/10\/Buy-Pink-Picasso-Strain-Live-Resin-Hybrid-600x400.webp",600,400,true],"woocommerce_gallery_thumbnail":["https:\/\/pressurezone.shop\/wp-content\/uploads\/2024\/10\/Buy-Pink-Picasso-Strain-Live-Resin-Hybrid-100x100.webp",100,100,true]},"uagb_author_info":{"display_name":"pressurezone.shop","author_link":"https:\/\/pressurezone.shop\/pl\/author\/"},"uagb_comment_info":0,"uagb_excerpt":"Hybrid \u2013 50% Sativa \/50% Indica","_links":{"self":[{"href":"https:\/\/pressurezone.shop\/pl\/wp-json\/wp\/v2\/product\/3289"}],"collection":[{"href":"https:\/\/pressurezone.shop\/pl\/wp-json\/wp\/v2\/product"}],"about":[{"href":"https:\/\/pressurezone.shop\/pl\/wp-json\/wp\/v2\/types\/product"}],"replies":[{"embeddable":true,"href":"https:\/\/pressurezone.shop\/pl\/wp-json\/wp\/v2\/comments?post=3289"}],"version-history":[{"count":3,"href":"https:\/\/pressurezone.shop\/pl\/wp-json\/wp\/v2\/product\/3289\/revisions"}],"predecessor-version":[{"id":4283,"href":"https:\/\/pressurezone.shop\/pl\/wp-json\/wp\/v2\/product\/3289\/revisions\/4283"}],"wp:featuredmedia":[{"embeddable":true,"href":"https:\/\/pressurezone.shop\/pl\/wp-json\/wp\/v2\/media\/3373"}],"wp:attachment":[{"href":"https:\/\/pressurezone.shop\/pl\/wp-json\/wp\/v2\/media?parent=3289"}],"wp:term":[{"taxonomy":"product_brand","embeddable":true,"href":"https:\/\/pressurezone.shop\/pl\/wp-json\/wp\/v2\/product_brand?post=3289"},{"taxonomy":"product_cat","embeddable":true,"href":"https:\/\/pressurezone.shop\/pl\/wp-json\/wp\/v2\/product_cat?post=3289"},{"taxonomy":"product_tag","embeddable":true,"href":"https:\/\/pressurezone.shop\/pl\/wp-json\/wp\/v2\/product_tag?post=3289"}],"curies":[{"name":"wp","href":"https:\/\/api.w.org\/{rel}","templated":true}]}}