{"id":3290,"date":"2024-10-11T00:58:22","date_gmt":"2024-10-10T22:58:22","guid":{"rendered":"https:\/\/pressurezone.shop\/?post_type=product&#038;p=3290"},"modified":"2024-11-08T20:41:45","modified_gmt":"2024-11-08T19:41:45","slug":"crown-og-live-resin","status":"publish","type":"product","link":"https:\/\/pressurezone.shop\/pl\/produkt\/korona-z-zywicy\/","title":{"rendered":"Crown OG Live Resin"},"content":{"rendered":"<div class=\"flex-shrink-0 flex flex-col relative items-end\">\n<div>\n<div class=\"pt-0\">\n<div class=\"gizmo-bot-avatar flex h-8 w-8 items-center justify-center overflow-hidden rounded-full\">\n<div class=\"relative p-1 rounded-sm flex items-center justify-center bg-token-main-surface-primary text-token-text-primary h-8 w-8\"><\/div>\n<\/div>\n<\/div>\n<\/div>\n<\/div>\n<div class=\"group\/conversation-turn relative flex w-full min-w-0 flex-col agent-turn\">\n<div class=\"flex-col gap-1 md:gap-3\">\n<div class=\"flex max-w-full flex-col flex-grow\">\n<div class=\"min-h-8 text-message flex w-full flex-col items-end gap-2 whitespace-normal break-words [.text-message+&amp;]:mt-5\" dir=\"auto\" data-message-author-role=\"assistant\" data-message-id=\"bb7118c3-4a63-4b10-b5f3-9154de721ee9\" data-message-model-slug=\"gpt-4o\">\n<div class=\"flex w-full flex-col gap-1 empty:hidden first:pt-[3px]\">\n<div class=\"markdown prose w-full break-words dark:prose-invert light\">\n<h3><strong>Kup \u017cywic\u0119 konopn\u0105 Crown OG - czysta Indica dla g\u0142\u0119bokiej ulgi<\/strong><\/h3>\n<p>Dost\u0119pne w Europie od <a href=\"https:\/\/pressurezone.shop\/pl\/\" target=\"_new\" rel=\"noopener\">Sklep ze strefami ci\u015bnieniowymi<\/a><\/p>\n<p>Odkryj <strong>Crown OG Live Resin<\/strong>to koncentrat konopi indyjskich 100% pochodz\u0105cy ze s\u0142ynnego szczepu OG Kush. Dzi\u0119ki imponuj\u0105cej zawarto\u015bci THC na poziomie 23-25%, koncentrat ten zapewnia g\u0142\u0119boki relaks i skuteczn\u0105 ulg\u0119 w stanach l\u0119kowych, b\u00f3lu i zaburzeniach snu. Idealny dla os\u00f3b poszukuj\u0105cych relaksuj\u0105cych i intensywnych dozna\u0144, Crown OG Live Resin otula uczuciem \u0142agodnej euforii, po kt\u00f3rej nast\u0119puje ca\u0142kowite ukojenie cia\u0142a.<\/p>\n<h3>Dlaczego warto wybra\u0107 Crown OG Live Resin?<\/h3>\n<p>La <strong>Crown OG Live Resin<\/strong> jest wytwarzana przy u\u017cyciu zaawansowanych technik destylacji w celu zachowania pe\u0142nego spektrum terpen\u00f3w i kannabinoid\u00f3w, gwarantuj\u0105c doznania bogate w naturalne smaki i aromaty. Idealna do waporyzacji lub dabbingu, \u017cywica ta jest obowi\u0105zkowa dla mi\u0142o\u015bnik\u00f3w wysokiej jako\u015bci koncentrat\u00f3w.<\/p>\n<ul>\n<li><strong>Typ<\/strong> Indica Pure<\/li>\n<li><strong>Pochodzenie<\/strong> Odmiana OG Kush<\/li>\n<li><strong>THC<\/strong> : 23-25%<\/li>\n<\/ul>\n<h3>Efekty i korzy\u015bci Crown OG Live Resin<\/h3>\n<p>La <strong>Crown OG Live Resin<\/strong> jest znana ze swojego g\u0142\u0119boko relaksuj\u0105cego i koj\u0105cego dzia\u0142ania. Wywo\u0142uje \u0142agodn\u0105 eufori\u0119 psychiczn\u0105, po kt\u00f3rej nast\u0119puje intensywny relaks fizyczny, dzi\u0119ki czemu \u017cywica ta jest idealna do \u0142agodzenia r\u00f3\u017cnych dolegliwo\u015bci i zaburze\u0144. \u017bywica ta jest szczeg\u00f3lnie ceniona za swoje dzia\u0142anie w \u0142agodzeniu przewlek\u0142ego b\u00f3lu, bezsenno\u015bci i skurcz\u00f3w mi\u0119\u015bni.<a href=\"https:\/\/fuelpackz.com\/\" target=\"_blank\" rel=\"noopener\">.<\/a><\/p>\n<ul>\n<li><strong>Efekty<\/strong> Euforia, G\u0142\u0119boki relaks, Senno\u015b\u0107, Zwi\u0119kszony apetyt<\/li>\n<li><strong>Zalecane dla<\/strong> Przewlek\u0142y b\u00f3l, depresja, fibromialgia, skurcze mi\u0119\u015bni, bezsenno\u015b\u0107 i zaburzenia \u017co\u0142\u0105dkowo-jelitowe.<\/li>\n<\/ul>\n<h3>Smaki i aromaty \u017cywicy Crown OG Live Resin<\/h3>\n<p>Dzi\u0119ki bogatemu, z\u0142o\u017conemu profilowi smakowemu <strong>Crown OG<\/strong> ma intensywn\u0105 palet\u0119 aromat\u00f3w z nutami zi\u00f3\u0142 i sosny, kt\u00f3rym towarzysz\u0105 s\u0142odkie i tropikalne akcenty. Z ka\u017cdym wdechem docenisz idealn\u0105 r\u00f3wnowag\u0119 mi\u0119dzy ziemistymi aromatami i lekko pikantnym smakiem.<\/p>\n<ul>\n<li><strong>Smaki<\/strong> Zio\u0142owy, sosnowy, skunksowy, pikantny, s\u0142odki, tropikalny<\/li>\n<li><strong>Aromaty<\/strong> ziemisty, sosnowy, s\u0142odki<\/li>\n<\/ul>\n<h3>Do\u015bwiadczenie konsumenta<\/h3>\n<p>Przygotuj si\u0119 na najwy\u017cszy poziom relaksu. La <strong>Crown OG Live Resin<\/strong> jest idealny na chwile relaksu pod koniec dnia, oferuj\u0105c natychmiastow\u0105 i trwa\u0142\u0105 ulg\u0119 od fizycznego dyskomfortu i stresu.<\/p>\n<h3>Zam\u00f3w Crown OG Live Resin na <a href=\"https:\/\/pressurezone.shop\/pl\/\" target=\"_new\" rel=\"noopener\">Sklep ze strefami ci\u015bnieniowymi<\/a><\/h3>\n<p>Odkryj moc czystej indiki dzi\u0119ki <strong>Crown OG Live Resin<\/strong>dost\u0119pny ju\u017c na <a href=\"https:\/\/pressurezone.shop\/pl\/\" target=\"_new\" rel=\"noopener\">Sklep ze strefami ci\u015bnieniowymi<\/a> dla szybkiej dostawy w Europie. Niezale\u017cnie od tego, czy chcesz z\u0142agodzi\u0107 b\u00f3le, zmniejszy\u0107 stres czy poprawi\u0107 sen, ta \u017cywica jest idealnym sprzymierze\u0144cem dla optymalnego relaksu.<\/p>\n<\/div>\n<\/div>\n<\/div>\n<\/div>\n<\/div>\n<\/div>","protected":false},"excerpt":{"rendered":"<h4>Indica<br \/>\nTHC: 23% - 25%<\/h4>","protected":false},"featured_media":3375,"comment_status":"closed","ping_status":"closed","template":"","meta":{"_uag_custom_page_level_css":"","site-sidebar-layout":"default","site-content-layout":"","ast-site-content-layout":"default","site-content-style":"default","site-sidebar-style":"default","ast-global-header-display":"","ast-banner-title-visibility":"","ast-main-header-display":"","ast-hfb-above-header-display":"","ast-hfb-below-header-display":"","ast-hfb-mobile-header-display":"","site-post-title":"","ast-breadcrumbs-content":"","ast-featured-img":"","footer-sml-layout":"","theme-transparent-header-meta":"default","adv-header-id-meta":"","stick-header-meta":"","header-above-stick-meta":"","header-main-stick-meta":"","header-below-stick-meta":"","astra-migrate-meta-layouts":"set","ast-page-background-enabled":"default","ast-page-background-meta":{"desktop":{"background-color":"","background-image":"","background-repeat":"repeat","background-position":"center center","background-size":"auto","background-attachment":"scroll","background-type":"","background-media":"","overlay-type":"","overlay-color":"","overlay-opacity":"","overlay-gradient":""},"tablet":{"background-color":"","background-image":"","background-repeat":"repeat","background-position":"center center","background-size":"auto","background-attachment":"scroll","background-type":"","background-media":"","overlay-type":"","overlay-color":"","overlay-opacity":"","overlay-gradient":""},"mobile":{"background-color":"","background-image":"","background-repeat":"repeat","background-position":"center center","background-size":"auto","background-attachment":"scroll","background-type":"","background-media":"","overlay-type":"","overlay-color":"","overlay-opacity":"","overlay-gradient":""}},"ast-content-background-meta":{"desktop":{"background-color":"var(--ast-global-color-5)","background-image":"","background-repeat":"repeat","background-position":"center center","background-size":"auto","background-attachment":"scroll","background-type":"","background-media":"","overlay-type":"","overlay-color":"","overlay-opacity":"","overlay-gradient":""},"tablet":{"background-color":"var(--ast-global-color-5)","background-image":"","background-repeat":"repeat","background-position":"center center","background-size":"auto","background-attachment":"scroll","background-type":"","background-media":"","overlay-type":"","overlay-color":"","overlay-opacity":"","overlay-gradient":""},"mobile":{"background-color":"var(--ast-global-color-5)","background-image":"","background-repeat":"repeat","background-position":"center center","background-size":"auto","background-attachment":"scroll","background-type":"","background-media":"","overlay-type":"","overlay-color":"","overlay-opacity":"","overlay-gradient":""}}},"product_brand":[],"product_cat":[334,411],"product_tag":[416,434,418,419],"class_list":{"0":"post-3290","1":"product","2":"type-product","3":"status-publish","4":"has-post-thumbnail","6":"product_cat-concentres-de-marijuana","7":"product_cat-live-resin-concentrates","8":"product_tag-bulk-dabs-online","9":"product_tag-order-crown-og-cannabis-live-resin-europe","10":"product_tag-thca-rosin-online-europe","11":"product_tag-where-to-shop-live-resin-europe","12":"desktop-align-left","13":"tablet-align-left","14":"mobile-align-left","16":"first","17":"instock","18":"shipping-taxable","19":"purchasable","20":"product-type-variable"},"uagb_featured_image_src":{"full":["https:\/\/pressurezone.shop\/wp-content\/uploads\/2024\/10\/Crown-OG-Cannabis-Live-Resin.webp",2048,1365,false],"thumbnail":["https:\/\/pressurezone.shop\/wp-content\/uploads\/2024\/10\/Crown-OG-Cannabis-Live-Resin-150x150.webp",150,150,true],"medium":["https:\/\/pressurezone.shop\/wp-content\/uploads\/2024\/10\/Crown-OG-Cannabis-Live-Resin-300x200.webp",300,200,true],"medium_large":["https:\/\/pressurezone.shop\/wp-content\/uploads\/2024\/10\/Crown-OG-Cannabis-Live-Resin-768x512.webp",768,512,true],"large":["https:\/\/pressurezone.shop\/wp-content\/uploads\/2024\/10\/Crown-OG-Cannabis-Live-Resin-1024x683.webp",1024,683,true],"1536x1536":["https:\/\/pressurezone.shop\/wp-content\/uploads\/2024\/10\/Crown-OG-Cannabis-Live-Resin-1536x1024.webp",1536,1024,true],"2048x2048":["https:\/\/pressurezone.shop\/wp-content\/uploads\/2024\/10\/Crown-OG-Cannabis-Live-Resin.webp",2048,1365,false],"trp-custom-language-flag":["https:\/\/pressurezone.shop\/wp-content\/uploads\/2024\/10\/Crown-OG-Cannabis-Live-Resin-18x12.webp",18,12,true],"woocommerce_thumbnail":["https:\/\/pressurezone.shop\/wp-content\/uploads\/2024\/10\/Crown-OG-Cannabis-Live-Resin-300x300.webp",300,300,true],"woocommerce_single":["https:\/\/pressurezone.shop\/wp-content\/uploads\/2024\/10\/Crown-OG-Cannabis-Live-Resin-600x400.webp",600,400,true],"woocommerce_gallery_thumbnail":["https:\/\/pressurezone.shop\/wp-content\/uploads\/2024\/10\/Crown-OG-Cannabis-Live-Resin-100x100.webp",100,100,true]},"uagb_author_info":{"display_name":"pressurezone.shop","author_link":"https:\/\/pressurezone.shop\/pl\/author\/"},"uagb_comment_info":0,"uagb_excerpt":"Indica THC: 23% \u2013 25%","_links":{"self":[{"href":"https:\/\/pressurezone.shop\/pl\/wp-json\/wp\/v2\/product\/3290"}],"collection":[{"href":"https:\/\/pressurezone.shop\/pl\/wp-json\/wp\/v2\/product"}],"about":[{"href":"https:\/\/pressurezone.shop\/pl\/wp-json\/wp\/v2\/types\/product"}],"replies":[{"embeddable":true,"href":"https:\/\/pressurezone.shop\/pl\/wp-json\/wp\/v2\/comments?post=3290"}],"version-history":[{"count":3,"href":"https:\/\/pressurezone.shop\/pl\/wp-json\/wp\/v2\/product\/3290\/revisions"}],"predecessor-version":[{"id":4299,"href":"https:\/\/pressurezone.shop\/pl\/wp-json\/wp\/v2\/product\/3290\/revisions\/4299"}],"wp:featuredmedia":[{"embeddable":true,"href":"https:\/\/pressurezone.shop\/pl\/wp-json\/wp\/v2\/media\/3375"}],"wp:attachment":[{"href":"https:\/\/pressurezone.shop\/pl\/wp-json\/wp\/v2\/media?parent=3290"}],"wp:term":[{"taxonomy":"product_brand","embeddable":true,"href":"https:\/\/pressurezone.shop\/pl\/wp-json\/wp\/v2\/product_brand?post=3290"},{"taxonomy":"product_cat","embeddable":true,"href":"https:\/\/pressurezone.shop\/pl\/wp-json\/wp\/v2\/product_cat?post=3290"},{"taxonomy":"product_tag","embeddable":true,"href":"https:\/\/pressurezone.shop\/pl\/wp-json\/wp\/v2\/product_tag?post=3290"}],"curies":[{"name":"wp","href":"https:\/\/api.w.org\/{rel}","templated":true}]}}