{"id":3291,"date":"2024-10-11T00:58:22","date_gmt":"2024-10-10T22:58:22","guid":{"rendered":"https:\/\/pressurezone.shop\/?post_type=product&#038;p=3291"},"modified":"2024-11-08T21:17:26","modified_gmt":"2024-11-08T20:17:26","slug":"mango-haze-live-resin-hybrid","status":"publish","type":"product","link":"https:\/\/pressurezone.shop\/pl\/produkt\/zywiczna-hybryda-mango-haze\/","title":{"rendered":"Mango Haze Live Resin Hybrid"},"content":{"rendered":"<div class=\"flex-shrink-0 flex flex-col relative items-end\">\n<div>\n<div class=\"pt-0\">\n<div class=\"gizmo-bot-avatar flex h-8 w-8 items-center justify-center overflow-hidden rounded-full\">\n<div class=\"relative p-1 rounded-sm flex items-center justify-center bg-token-main-surface-primary text-token-text-primary h-8 w-8\"><\/div>\n<\/div>\n<\/div>\n<\/div>\n<\/div>\n<div class=\"group\/conversation-turn relative flex w-full min-w-0 flex-col agent-turn\">\n<div class=\"flex-col gap-1 md:gap-3\">\n<div class=\"flex max-w-full flex-col flex-grow\">\n<div class=\"min-h-8 text-message flex w-full flex-col items-end gap-2 whitespace-normal break-words [.text-message+&amp;]:mt-5\" dir=\"auto\" data-message-author-role=\"assistant\" data-message-id=\"e3bb993a-b235-482f-90dc-e61da6709eb4\" data-message-model-slug=\"gpt-4o\">\n<div class=\"flex w-full flex-col gap-1 empty:hidden first:pt-[3px]\">\n<div class=\"markdown prose w-full break-words dark:prose-invert light\">\n<h3><strong>Kup Mango Haze Strain Live Resin Hybrid online - dost\u0119pny w Europie<\/strong><\/h3>\n<p>Odkryj <strong>Odmiana Mango Haze Hybryda \u017cywicy na \u017cywo<\/strong>doskonale zbalansowana \u017cywa \u017cywica (50% sativa \/ 50% indica), kt\u00f3ra \u0142\u0105czy w sobie intensywno\u015b\u0107 trzech znanych szczep\u00f3w: <strong>Northern Lights #5<\/strong>, <strong>Skunks<\/strong>oraz <strong>Haze<\/strong>. Koncentrat ten oferuje tropikalny smak bogaty w mango i owoce cytrusowe, idealny dla mi\u0142o\u015bnik\u00f3w konopi poszukuj\u0105cych energetyzuj\u0105cego, euforycznego efektu.<\/p>\n<h3>Dlaczego warto wybra\u0107 \u017cywic\u0119 Mango Haze Live?<\/h3>\n<p>La <strong>\u017bywa \u017cywica Mango Haze<\/strong> jest ulubion\u0105 \u017cywic\u0105 w\u015br\u00f3d konsument\u00f3w konopi indyjskich dzi\u0119ki swojemu naturalnemu smakowi i zr\u00f3wnowa\u017conemu dzia\u0142aniu. Dzi\u0119ki zastosowaniu olejk\u00f3w eterycznych z konopi indyjskich i zachowaniu terpen\u00f3w, ta \u017cywa \u017cywica ma bardziej p\u0142ynn\u0105, plastyczn\u0105 konsystencj\u0119, typow\u0105 dla \u017cywic o wysokiej zawarto\u015bci terpen\u00f3w.<\/p>\n<ul>\n<li><strong>Typ<\/strong> Zr\u00f3wnowa\u017cona hybryda (50% Sativa \/ 50% Indica)<\/li>\n<li><strong>Pochodzenie<\/strong> Northern Lights #5, krzy\u017c\u00f3wki Skunk i Haze<\/li>\n<\/ul>\n<h3>Efekty i korzy\u015bci p\u0142yn\u0105ce z \u017cywicy Mango Haze Strain Live<\/h3>\n<p>Dzi\u0119ki swojemu energetyzuj\u0105cemu dzia\u0142aniu i relaksuj\u0105cemu potencja\u0142owi, Mango Haze jest idealna dla os\u00f3b poszukuj\u0105cych r\u00f3wnowagi mi\u0119dzy jasno\u015bci\u0105 umys\u0142u a odpr\u0119\u017ceniem cia\u0142a. Zapewnia euforyczny przyp\u0142yw m\u00f3zgu, kt\u00f3ry przek\u0142ada si\u0119 na odnowione skupienie i przyjemny relaks.<a href=\"https:\/\/fuelpackz.com\/\" target=\"_blank\" rel=\"noopener\">.<\/a><\/p>\n<ul>\n<li><strong>Efekty<\/strong> M\u00f3zgowy, Energetyzuj\u0105cy, Euforia, Skupienie, Rado\u015b\u0107, Relaksuj\u0105cy, O\u017cywczy<\/li>\n<li><strong>Zalecane dla<\/strong> Zapalenie staw\u00f3w, depresja, zm\u0119czenie, migreny, skurcze mi\u0119\u015bni, PTSD, stres<\/li>\n<\/ul>\n<h3>Smaki i aromaty szczepu Mango Haze Live Resin<\/h3>\n<p>Ta \u017cywa \u017cywica zaskoczy Ci\u0119 egzotycznymi smakami mango, cytrus\u00f3w i owoc\u00f3w tropikalnych, przypominaj\u0105cymi lato i odleg\u0142e pla\u017ce. Aromat jest ziemisty i s\u0142odki, z nut\u0105 tropikalnego mango.<\/p>\n<ul>\n<li><strong>Smaki<\/strong> Cytrusowy, owocowy, s\u0142odki, tropikalny<\/li>\n<li><strong>Zapachy<\/strong> Ziemisty, Mango, S\u0142odki<\/li>\n<\/ul>\n<h3>Konsystencja i metoda spo\u017cycia \u017cywicy Mango Haze Live Resin<\/h3>\n<p>La <strong>\u017bywa \u017cywica Mango Haze<\/strong> jest \u0142atwy w obs\u0142udze i doskonale nadaje si\u0119 do dabbingu i waporyzacji. Jego konsystencja przypominaj\u0105ca sos, dzi\u0119ki wysokiej zawarto\u015bci terpen\u00f3w, sprawia, \u017ce jest to koncentrat o bogatym smaku, oferuj\u0105cy niezr\u00f3wnane doznania podczas waporyzacji lub dabbingu.<\/p>\n<h3>Zam\u00f3w \u017cywic\u0119 Mango Haze Live na <a href=\"https:\/\/pressurezone.shop\/pl\/\" target=\"_new\" rel=\"noopener\">Sklep ze strefami ci\u015bnieniowymi<\/a><\/h3>\n<p>Wprowad\u017a tropikalny akcent do swoich do\u015bwiadcze\u0144 z konopiami indyjskimi dzi\u0119ki <strong>Mango Haze Live Resin Hybrid<\/strong> dost\u0119pny na <a href=\"https:\/\/pressurezone.shop\/pl\/\" target=\"_new\" rel=\"noopener\">Sklep ze strefami ci\u015bnieniowymi<\/a>. Idealna do \u0142agodzenia stresu, promowania jasno\u015bci umys\u0142u lub po prostu cieszenia si\u0119 owocowym smakiem, ta \u017cywa \u017cywica jest partnerem na ka\u017cd\u0105 okazj\u0119.<\/p>\n<\/div>\n<\/div>\n<\/div>\n<\/div>\n<\/div>\n<\/div>","protected":false},"excerpt":{"rendered":"<div class=\"product-short-description\">\n<h4>Hybryda 50% Indica \/ 50% Sativa<\/h4>\n<\/div>","protected":false},"featured_media":3377,"comment_status":"closed","ping_status":"closed","template":"","meta":{"_uag_custom_page_level_css":"","site-sidebar-layout":"default","site-content-layout":"","ast-site-content-layout":"default","site-content-style":"default","site-sidebar-style":"default","ast-global-header-display":"","ast-banner-title-visibility":"","ast-main-header-display":"","ast-hfb-above-header-display":"","ast-hfb-below-header-display":"","ast-hfb-mobile-header-display":"","site-post-title":"","ast-breadcrumbs-content":"","ast-featured-img":"","footer-sml-layout":"","theme-transparent-header-meta":"default","adv-header-id-meta":"","stick-header-meta":"","header-above-stick-meta":"","header-main-stick-meta":"","header-below-stick-meta":"","astra-migrate-meta-layouts":"set","ast-page-background-enabled":"default","ast-page-background-meta":{"desktop":{"background-color":"","background-image":"","background-repeat":"repeat","background-position":"center center","background-size":"auto","background-attachment":"scroll","background-type":"","background-media":"","overlay-type":"","overlay-color":"","overlay-opacity":"","overlay-gradient":""},"tablet":{"background-color":"","background-image":"","background-repeat":"repeat","background-position":"center center","background-size":"auto","background-attachment":"scroll","background-type":"","background-media":"","overlay-type":"","overlay-color":"","overlay-opacity":"","overlay-gradient":""},"mobile":{"background-color":"","background-image":"","background-repeat":"repeat","background-position":"center center","background-size":"auto","background-attachment":"scroll","background-type":"","background-media":"","overlay-type":"","overlay-color":"","overlay-opacity":"","overlay-gradient":""}},"ast-content-background-meta":{"desktop":{"background-color":"var(--ast-global-color-5)","background-image":"","background-repeat":"repeat","background-position":"center center","background-size":"auto","background-attachment":"scroll","background-type":"","background-media":"","overlay-type":"","overlay-color":"","overlay-opacity":"","overlay-gradient":""},"tablet":{"background-color":"var(--ast-global-color-5)","background-image":"","background-repeat":"repeat","background-position":"center center","background-size":"auto","background-attachment":"scroll","background-type":"","background-media":"","overlay-type":"","overlay-color":"","overlay-opacity":"","overlay-gradient":""},"mobile":{"background-color":"var(--ast-global-color-5)","background-image":"","background-repeat":"repeat","background-position":"center center","background-size":"auto","background-attachment":"scroll","background-type":"","background-media":"","overlay-type":"","overlay-color":"","overlay-opacity":"","overlay-gradient":""}}},"product_brand":[],"product_cat":[334,411],"product_tag":[435],"class_list":{"0":"post-3291","1":"product","2":"type-product","3":"status-publish","4":"has-post-thumbnail","6":"product_cat-concentres-de-marijuana","7":"product_cat-live-resin-concentrates","8":"product_tag-order-mango-haze-strain-live-resin-hybrid-europe","9":"desktop-align-left","10":"tablet-align-left","11":"mobile-align-left","13":"first","14":"instock","15":"shipping-taxable","16":"purchasable","17":"product-type-variable"},"uagb_featured_image_src":{"full":["https:\/\/pressurezone.shop\/wp-content\/uploads\/2024\/10\/Mango-Haze-Strain-Live-Resin-Hybrid.webp",2048,1365,false],"thumbnail":["https:\/\/pressurezone.shop\/wp-content\/uploads\/2024\/10\/Mango-Haze-Strain-Live-Resin-Hybrid-150x150.webp",150,150,true],"medium":["https:\/\/pressurezone.shop\/wp-content\/uploads\/2024\/10\/Mango-Haze-Strain-Live-Resin-Hybrid-300x200.webp",300,200,true],"medium_large":["https:\/\/pressurezone.shop\/wp-content\/uploads\/2024\/10\/Mango-Haze-Strain-Live-Resin-Hybrid-768x512.webp",768,512,true],"large":["https:\/\/pressurezone.shop\/wp-content\/uploads\/2024\/10\/Mango-Haze-Strain-Live-Resin-Hybrid-1024x683.webp",1024,683,true],"1536x1536":["https:\/\/pressurezone.shop\/wp-content\/uploads\/2024\/10\/Mango-Haze-Strain-Live-Resin-Hybrid-1536x1024.webp",1536,1024,true],"2048x2048":["https:\/\/pressurezone.shop\/wp-content\/uploads\/2024\/10\/Mango-Haze-Strain-Live-Resin-Hybrid.webp",2048,1365,false],"trp-custom-language-flag":["https:\/\/pressurezone.shop\/wp-content\/uploads\/2024\/10\/Mango-Haze-Strain-Live-Resin-Hybrid-18x12.webp",18,12,true],"woocommerce_thumbnail":["https:\/\/pressurezone.shop\/wp-content\/uploads\/2024\/10\/Mango-Haze-Strain-Live-Resin-Hybrid-300x300.webp",300,300,true],"woocommerce_single":["https:\/\/pressurezone.shop\/wp-content\/uploads\/2024\/10\/Mango-Haze-Strain-Live-Resin-Hybrid-600x400.webp",600,400,true],"woocommerce_gallery_thumbnail":["https:\/\/pressurezone.shop\/wp-content\/uploads\/2024\/10\/Mango-Haze-Strain-Live-Resin-Hybrid-100x100.webp",100,100,true]},"uagb_author_info":{"display_name":"pressurezone.shop","author_link":"https:\/\/pressurezone.shop\/pl\/author\/"},"uagb_comment_info":0,"uagb_excerpt":"Hybrid 50% Indica \/ 50% Sativa","_links":{"self":[{"href":"https:\/\/pressurezone.shop\/pl\/wp-json\/wp\/v2\/product\/3291"}],"collection":[{"href":"https:\/\/pressurezone.shop\/pl\/wp-json\/wp\/v2\/product"}],"about":[{"href":"https:\/\/pressurezone.shop\/pl\/wp-json\/wp\/v2\/types\/product"}],"replies":[{"embeddable":true,"href":"https:\/\/pressurezone.shop\/pl\/wp-json\/wp\/v2\/comments?post=3291"}],"version-history":[{"count":3,"href":"https:\/\/pressurezone.shop\/pl\/wp-json\/wp\/v2\/product\/3291\/revisions"}],"predecessor-version":[{"id":4316,"href":"https:\/\/pressurezone.shop\/pl\/wp-json\/wp\/v2\/product\/3291\/revisions\/4316"}],"wp:featuredmedia":[{"embeddable":true,"href":"https:\/\/pressurezone.shop\/pl\/wp-json\/wp\/v2\/media\/3377"}],"wp:attachment":[{"href":"https:\/\/pressurezone.shop\/pl\/wp-json\/wp\/v2\/media?parent=3291"}],"wp:term":[{"taxonomy":"product_brand","embeddable":true,"href":"https:\/\/pressurezone.shop\/pl\/wp-json\/wp\/v2\/product_brand?post=3291"},{"taxonomy":"product_cat","embeddable":true,"href":"https:\/\/pressurezone.shop\/pl\/wp-json\/wp\/v2\/product_cat?post=3291"},{"taxonomy":"product_tag","embeddable":true,"href":"https:\/\/pressurezone.shop\/pl\/wp-json\/wp\/v2\/product_tag?post=3291"}],"curies":[{"name":"wp","href":"https:\/\/api.w.org\/{rel}","templated":true}]}}