{"id":3300,"date":"2024-10-11T00:58:50","date_gmt":"2024-10-10T22:58:50","guid":{"rendered":"https:\/\/pressurezone.shop\/?post_type=product&#038;p=3300"},"modified":"2024-11-13T17:59:48","modified_gmt":"2024-11-13T16:59:48","slug":"blackberry-cobbler-weed-live-resin","status":"publish","type":"product","link":"https:\/\/pressurezone.shop\/pl\/produkt\/jezynowy-chwast-szewcowy-zywa-zywica\/","title":{"rendered":"\u017bywy chwast Blackberry Cobbler Weed"},"content":{"rendered":"<div class=\"flex-shrink-0 flex flex-col relative items-end\">\n<div>\n<div class=\"pt-0\">\n<div class=\"gizmo-bot-avatar flex h-8 w-8 items-center justify-center overflow-hidden rounded-full\">\n<div class=\"relative p-1 rounded-sm flex items-center justify-center bg-token-main-surface-primary text-token-text-primary h-8 w-8\"><\/div>\n<\/div>\n<\/div>\n<\/div>\n<\/div>\n<div class=\"group\/conversation-turn relative flex w-full min-w-0 flex-col agent-turn\">\n<div class=\"flex-col gap-1 md:gap-3\">\n<div class=\"flex max-w-full flex-col flex-grow\">\n<div class=\"min-h-8 text-message flex w-full flex-col items-end gap-2 whitespace-normal break-words [.text-message+&amp;]:mt-5\" dir=\"auto\" data-message-author-role=\"assistant\" data-message-id=\"d726ea1c-d389-4e26-8e95-e2ec311ca1cc\" data-message-model-slug=\"gpt-4o\">\n<div class=\"flex w-full flex-col gap-1 empty:hidden first:pt-[3px]\">\n<div class=\"markdown prose w-full break-words dark:prose-invert light\">\n<h3><strong>Kup \u017cywic\u0119 Blackberry Cobbler Weed Live Resin online w Europie<\/strong><\/h3>\n<p>Odkryj<strong>Wyj\u0105tkowa \u017cywa \u017cywica Blackberry Cobbler Weed<\/strong>koncentrat konopi premium wykonany ze s\u0142ynnych odmian <strong>Blackberry Kush<\/strong> i <strong>Trainwreck<\/strong>. Ten koncentrat hybrydowy z lekk\u0105 dominacj\u0105 Indica oferuje wyj\u0105tkowo relaksuj\u0105ce doznania, odtwarzaj\u0105c bogaty naturalny smak ro\u015bliny z g\u0142adkim, silnym profilem dzia\u0142ania. Dzi\u0119ki uwodzicielskiej mieszance owocowej s\u0142odyczy i ziemistych nut, Blackberry Cobbler Live Resin jest idealna dla tych, kt\u00f3rzy szukaj\u0105 smacznego, skutecznego koncentratu.<\/p>\n<hr \/>\n<h3><strong>Dlaczego warto wybra\u0107 \u017cywic\u0119 Blackberry Cobbler Weed?<\/strong><\/h3>\n<p>\u017bywica Blackberry Cobbler Live Resin jest ceniona za jej <strong>zr\u00f3wnowa\u017cone efekty<\/strong> kt\u00f3re zapewniaj\u0105 d\u0142ugotrwa\u0142y haj cia\u0142a i stan relaksu, idealny do odpr\u0119\u017cenia si\u0119 po d\u0142ugim dniu. Wp\u0142yw Indica zapewnia spokojny i koj\u0105cy efekt, podczas gdy odrobina Sativa pomaga utrzyma\u0107 umys\u0142 \u015bwie\u017cy i czujny, idealny na spokojny wiecz\u00f3r lub relaksuj\u0105cy weekend.<\/p>\n<hr \/>\n<h3><strong>Efekty dzia\u0142ania \u017cywicy Blackberry Cobbler Weed Live:<\/strong><\/h3>\n<ul>\n<li><strong>Wysoka wytrzyma\u0142o\u015b\u0107<\/strong> Fala relaksuj\u0105cego komfortu, kt\u00f3ra koi mi\u0119\u015bnie i \u0142agodzi napi\u0119cie.<\/li>\n<li><strong>D\u0142ugoterminowy<\/strong> D\u0142ugotrwa\u0142y efekt, idealny do d\u0142ugotrwa\u0142ego relaksu.<\/li>\n<li><strong>Relaks<\/strong> Uspokaja umys\u0142 i cia\u0142o, pomagaj\u0105c zmniejszy\u0107 stres.<\/li>\n<\/ul>\n<h3><strong>Idealny do \u0142agodzenia :<\/strong><\/h3>\n<ul>\n<li><strong>Przewlek\u0142y b\u00f3l<\/strong> Idealny do \u0142agodzenia dyskomfortu fizycznego.<\/li>\n<li><strong>Depresja i zm\u0119czenie<\/strong> Poprawia nastr\u00f3j i zwalcza zm\u0119czenie.<\/li>\n<li><strong>Bezsenno\u015b\u0107<\/strong> Pomaga zasn\u0105\u0107, zapewniaj\u0105c g\u0142\u0119boki, regeneruj\u0105cy sen.<\/li>\n<\/ul>\n<hr \/>\n<h3><strong>Smak i aromat \u017cywicy Blackberry Cobbler Live Resin<\/strong><\/h3>\n<p>Ta \u017cywica na \u017cywo oferuje <strong>s\u0142odki jagodowy smak<\/strong> z nut\u0105 pikantnych zi\u00f3\u0142, dzi\u0119ki czemu ka\u017cda inhalacja jest r\u00f3wnie przyjemna jak poprzednia. Z nut\u0105 ziemisto\u015bci i skunksa, Blackberry Cobbler oferuje bogate doznania sensoryczne, zar\u00f3wno w zakresie zapachu, jak i smaku. <strong>s\u0142odki<\/strong> i <strong>pot\u0119\u017cny<\/strong>.<\/p>\n<ul>\n<li><strong>Smaki<\/strong> Jagodowy, owocowy, s\u0142odki<\/li>\n<li><strong>Zapachy<\/strong> Jagodowy, ziemisty, owocowy, mocny<\/li>\n<\/ul>\n<hr \/>\n<h3><strong>Co sprawia, \u017ce Live Resin jest wyj\u0105tkowy?<\/strong><\/h3>\n<p>\u017bywa \u017cywica szybko sta\u0142a si\u0119 preferowanym wyborem w\u015br\u00f3d entuzjast\u00f3w konopi indyjskich ze wzgl\u0119du na jej zdolno\u015b\u0107 do uchwycenia esencji ro\u015bliny. <strong>pe\u0142ne spektrum kannabinoid\u00f3w i terpen\u00f3w<\/strong> obecne w ro\u015blinie. \u017bywa \u017cywica Blackberry Cobbler zachowuje naturalne olejki, daj\u0105c w rezultacie delikatny, aromatyczny koncentrat o p\u0142ynnej, bogatej w terpeny konsystencji, kt\u00f3ra jest cz\u0119sto bardziej plastyczna ni\u017c tradycyjne koncentraty.<a href=\"https:\/\/fuelpackz.com\/\" target=\"_blank\" rel=\"noopener\">.<\/a><\/p>\n<ul>\n<li><strong>Opcje sp\u00f3jno\u015bci<\/strong> Sok, Cukier, Puder, Puder i Sos - z Je\u017cynowym Szewcem zmierzaj\u0105cym w kierunku konsystencji <strong>sos<\/strong> dla maksymalnego smaku i aromatu.<\/li>\n<\/ul>\n<hr \/>\n<h3><strong>Jak cieszy\u0107 si\u0119 \u017cywic\u0105 Blackberry Cobbler Live Resin?<\/strong><\/h3>\n<ol>\n<li><strong>Dabbing<\/strong> Czysty smak i szybkie dzia\u0142anie.<\/li>\n<li><strong>Odparowanie<\/strong> U\u017cyj butelki z rozpylaczem przeznaczonej do koncentrat\u00f3w, aby uzyska\u0107 delikatne, kontrolowane doznania.<\/li>\n<li><strong>Ulepsz swoje kwiaty<\/strong> Dodaj niewielk\u0105 ilo\u015b\u0107 do jointa lub fajki, aby uzyska\u0107 dodatkow\u0105 moc i smak.<\/li>\n<\/ol>\n<hr \/>\n<h3><strong>Zam\u00f3w ju\u017c dzi\u015b w sklepie Pressure Zone Shop<\/strong><\/h3>\n<p>Nie przegap do\u015bwiadczenia premium <strong>\u017bywy chwast Blackberry Cobbler Weed<\/strong>. Zam\u00f3w teraz na <a href=\"https:\/\/pressurezone.shop\/pl\/\" target=\"_new\" rel=\"noopener\">Sklep ze strefami ci\u015bnieniowymi<\/a> i ciesz si\u0119 tym wyj\u0105tkowym koncentratem, znanym z silnego dzia\u0142ania i pysznego smaku. Podaruj sobie najlepszy koncentrat konopi indyjskich i spraw, by ka\u017cda chwila by\u0142a relaksuj\u0105c\u0105, pe\u0142n\u0105 smaku podr\u00f3\u017c\u0105.<\/p>\n<\/div>\n<\/div>\n<\/div>\n<\/div>\n<\/div>\n<\/div>","protected":false},"excerpt":{"rendered":"<p>Achetez le Live Resin de Blackberry Cobbler Weed en Ligne en Europe D\u00e9couvrez l\u2019exceptionnel Blackberry Cobbler Weed Live Resin, un concentr\u00e9 de cannabis premium fabriqu\u00e9 \u00e0 partir des c\u00e9l\u00e8bres vari\u00e9t\u00e9s Blackberry Kush et Trainwreck. Ce concentr\u00e9 hybride l\u00e9g\u00e8rement \u00e0 dominante indica offre une exp\u00e9rience relaxante unique, restituant les riches saveurs naturelles de la plante avec [&hellip;]<\/p>","protected":false},"featured_media":3382,"comment_status":"closed","ping_status":"closed","template":"","meta":{"_uag_custom_page_level_css":"","site-sidebar-layout":"default","site-content-layout":"","ast-site-content-layout":"default","site-content-style":"default","site-sidebar-style":"default","ast-global-header-display":"","ast-banner-title-visibility":"","ast-main-header-display":"","ast-hfb-above-header-display":"","ast-hfb-below-header-display":"","ast-hfb-mobile-header-display":"","site-post-title":"","ast-breadcrumbs-content":"","ast-featured-img":"","footer-sml-layout":"","theme-transparent-header-meta":"default","adv-header-id-meta":"","stick-header-meta":"","header-above-stick-meta":"","header-main-stick-meta":"","header-below-stick-meta":"","astra-migrate-meta-layouts":"set","ast-page-background-enabled":"default","ast-page-background-meta":{"desktop":{"background-color":"","background-image":"","background-repeat":"repeat","background-position":"center center","background-size":"auto","background-attachment":"scroll","background-type":"","background-media":"","overlay-type":"","overlay-color":"","overlay-opacity":"","overlay-gradient":""},"tablet":{"background-color":"","background-image":"","background-repeat":"repeat","background-position":"center center","background-size":"auto","background-attachment":"scroll","background-type":"","background-media":"","overlay-type":"","overlay-color":"","overlay-opacity":"","overlay-gradient":""},"mobile":{"background-color":"","background-image":"","background-repeat":"repeat","background-position":"center center","background-size":"auto","background-attachment":"scroll","background-type":"","background-media":"","overlay-type":"","overlay-color":"","overlay-opacity":"","overlay-gradient":""}},"ast-content-background-meta":{"desktop":{"background-color":"var(--ast-global-color-5)","background-image":"","background-repeat":"repeat","background-position":"center center","background-size":"auto","background-attachment":"scroll","background-type":"","background-media":"","overlay-type":"","overlay-color":"","overlay-opacity":"","overlay-gradient":""},"tablet":{"background-color":"var(--ast-global-color-5)","background-image":"","background-repeat":"repeat","background-position":"center center","background-size":"auto","background-attachment":"scroll","background-type":"","background-media":"","overlay-type":"","overlay-color":"","overlay-opacity":"","overlay-gradient":""},"mobile":{"background-color":"var(--ast-global-color-5)","background-image":"","background-repeat":"repeat","background-position":"center center","background-size":"auto","background-attachment":"scroll","background-type":"","background-media":"","overlay-type":"","overlay-color":"","overlay-opacity":"","overlay-gradient":""}}},"product_brand":[],"product_cat":[334,436],"product_tag":[437],"class_list":{"0":"post-3300","1":"product","2":"type-product","3":"status-publish","4":"has-post-thumbnail","6":"product_cat-concentres-de-marijuana","7":"product_cat-achetez-du-shatter-dab-wax","8":"product_tag-buy-blackberry-cobbler-weed-live-resin-online-europe","9":"desktop-align-left","10":"tablet-align-left","11":"mobile-align-left","13":"first","14":"instock","15":"shipping-taxable","16":"purchasable","17":"product-type-variable"},"uagb_featured_image_src":{"full":["https:\/\/pressurezone.shop\/wp-content\/uploads\/2024\/10\/Blackberry-Cobbler-Weed-Live-Resin.webp",2048,1365,false],"thumbnail":["https:\/\/pressurezone.shop\/wp-content\/uploads\/2024\/10\/Blackberry-Cobbler-Weed-Live-Resin-150x150.webp",150,150,true],"medium":["https:\/\/pressurezone.shop\/wp-content\/uploads\/2024\/10\/Blackberry-Cobbler-Weed-Live-Resin-300x200.webp",300,200,true],"medium_large":["https:\/\/pressurezone.shop\/wp-content\/uploads\/2024\/10\/Blackberry-Cobbler-Weed-Live-Resin-768x512.webp",768,512,true],"large":["https:\/\/pressurezone.shop\/wp-content\/uploads\/2024\/10\/Blackberry-Cobbler-Weed-Live-Resin-1024x683.webp",1024,683,true],"1536x1536":["https:\/\/pressurezone.shop\/wp-content\/uploads\/2024\/10\/Blackberry-Cobbler-Weed-Live-Resin-1536x1024.webp",1536,1024,true],"2048x2048":["https:\/\/pressurezone.shop\/wp-content\/uploads\/2024\/10\/Blackberry-Cobbler-Weed-Live-Resin.webp",2048,1365,false],"trp-custom-language-flag":["https:\/\/pressurezone.shop\/wp-content\/uploads\/2024\/10\/Blackberry-Cobbler-Weed-Live-Resin-18x12.webp",18,12,true],"woocommerce_thumbnail":["https:\/\/pressurezone.shop\/wp-content\/uploads\/2024\/10\/Blackberry-Cobbler-Weed-Live-Resin-300x300.webp",300,300,true],"woocommerce_single":["https:\/\/pressurezone.shop\/wp-content\/uploads\/2024\/10\/Blackberry-Cobbler-Weed-Live-Resin-600x400.webp",600,400,true],"woocommerce_gallery_thumbnail":["https:\/\/pressurezone.shop\/wp-content\/uploads\/2024\/10\/Blackberry-Cobbler-Weed-Live-Resin-100x100.webp",100,100,true]},"uagb_author_info":{"display_name":"pressurezone.shop","author_link":"https:\/\/pressurezone.shop\/pl\/author\/"},"uagb_comment_info":0,"uagb_excerpt":"Achetez le Live Resin de Blackberry Cobbler Weed en Ligne en Europe D\u00e9couvrez l\u2019exceptionnel Blackberry Cobbler Weed Live Resin, un concentr\u00e9 de cannabis premium fabriqu\u00e9 \u00e0 partir des c\u00e9l\u00e8bres vari\u00e9t\u00e9s Blackberry Kush et Trainwreck. Ce concentr\u00e9 hybride l\u00e9g\u00e8rement \u00e0 dominante indica offre une exp\u00e9rience relaxante unique, restituant les riches saveurs naturelles de la plante avec&hellip;","_links":{"self":[{"href":"https:\/\/pressurezone.shop\/pl\/wp-json\/wp\/v2\/product\/3300"}],"collection":[{"href":"https:\/\/pressurezone.shop\/pl\/wp-json\/wp\/v2\/product"}],"about":[{"href":"https:\/\/pressurezone.shop\/pl\/wp-json\/wp\/v2\/types\/product"}],"replies":[{"embeddable":true,"href":"https:\/\/pressurezone.shop\/pl\/wp-json\/wp\/v2\/comments?post=3300"}],"version-history":[{"count":3,"href":"https:\/\/pressurezone.shop\/pl\/wp-json\/wp\/v2\/product\/3300\/revisions"}],"predecessor-version":[{"id":4376,"href":"https:\/\/pressurezone.shop\/pl\/wp-json\/wp\/v2\/product\/3300\/revisions\/4376"}],"wp:featuredmedia":[{"embeddable":true,"href":"https:\/\/pressurezone.shop\/pl\/wp-json\/wp\/v2\/media\/3382"}],"wp:attachment":[{"href":"https:\/\/pressurezone.shop\/pl\/wp-json\/wp\/v2\/media?parent=3300"}],"wp:term":[{"taxonomy":"product_brand","embeddable":true,"href":"https:\/\/pressurezone.shop\/pl\/wp-json\/wp\/v2\/product_brand?post=3300"},{"taxonomy":"product_cat","embeddable":true,"href":"https:\/\/pressurezone.shop\/pl\/wp-json\/wp\/v2\/product_cat?post=3300"},{"taxonomy":"product_tag","embeddable":true,"href":"https:\/\/pressurezone.shop\/pl\/wp-json\/wp\/v2\/product_tag?post=3300"}],"curies":[{"name":"wp","href":"https:\/\/api.w.org\/{rel}","templated":true}]}}