{"id":3301,"date":"2024-10-11T00:58:50","date_gmt":"2024-10-10T22:58:50","guid":{"rendered":"https:\/\/pressurezone.shop\/?post_type=product&#038;p=3301"},"modified":"2024-11-08T21:58:57","modified_gmt":"2024-11-08T20:58:57","slug":"t-4-sativa-live-resin","status":"publish","type":"product","link":"https:\/\/pressurezone.shop\/pl\/produkt\/t-4-sativa-zywa-zywica\/","title":{"rendered":"T-4 Strain Sativa Live Resin"},"content":{"rendered":"<h3><strong>Kup \u017cywic\u0119 T-4 Sativa Live Resin online<\/strong><\/h3>\n<p>Odkryj <strong>\u017bywica T-4 Sativa<\/strong>Ekskluzywny koncentrat z dominacj\u0105 sativy z czterech kolejnych krzy\u017c\u00f3wek s\u0142ynnego Trainwreck. Ta wysoce energetyzuj\u0105ca \u017cywa \u017cywica jest idealna do zwi\u0119kszenia euforii i szcz\u0119\u015bcia, niezale\u017cnie od tego, czy szukasz motywacji, czy zwi\u0119kszonej koncentracji.<\/p>\n<h3>Dlaczego warto wybra\u0107 \u017cywic\u0119 T-4 Sativa Live?<\/h3>\n<p>La <strong>\u017bywica T-4 Sativa<\/strong> ma na celu pobudzenie umys\u0142u i o\u017cywienie cia\u0142a. Dzi\u0119ki wysokiej zawarto\u015bci THC ta \u017cywa \u017cywica jest znana ze swojego energetyzuj\u0105cego dzia\u0142ania, poprawiaj\u0105c nastr\u00f3j i zapewniaj\u0105c jasno\u015b\u0107 umys\u0142u. Jest idealna dla tych, kt\u00f3rzy chc\u0105 pozosta\u0107 aktywni i zainspirowani bez poczucia ci\u0119\u017caru.<\/p>\n<ul>\n<li><strong>Typ<\/strong> Dominuj\u0105ca Sativa<\/li>\n<li><strong>Pochodzenie<\/strong> Poczw\u00f3rna krzy\u017c\u00f3wka wsteczna s\u0142ynnego Trainwreck<\/li>\n<\/ul>\n<h3>Efekty i zalety \u017cywicy T-4 Sativa Live Resin<\/h3>\n<p>Przynosz\u0105c uczucie szcz\u0119\u015bcia i euforii, ta \u017cywa \u017cywica wywo\u0142uje uczucie lekko\u015bci, kt\u00f3re jest idealne na sesje w ci\u0105gu dnia. Pomaga r\u00f3wnie\u017c z\u0142agodzi\u0107 napi\u0119cie fizyczne, oferuj\u0105c wyj\u0105tkow\u0105 r\u00f3wnowag\u0119 mi\u0119dzy fizycznym relaksem a stymulacj\u0105 umys\u0142ow\u0105.<\/p>\n<ul>\n<li><strong>Efekty<\/strong> Euforia, Energia, Dobre samopoczucie, Dobry nastr\u00f3j<\/li>\n<li><strong>Zalecane dla<\/strong> L\u0119k, depresja, chroniczne zm\u0119czenie, stany zapalne, migreny<\/li>\n<\/ul>\n<h3>Smaki i aromaty \u017cywicy T-4 Sativa Live Resin<\/h3>\n<p>Dzi\u0119ki zio\u0142owym, drzewnym nutom wzmocnionym nutami cytryny i sosny <strong>\u017bywica T-4 Sativa<\/strong> oferuje \u017cywy, ziemisty profil smakowy. Jego bogaty, mocny aromat \u0142\u0105czy w sobie nuty zi\u00f3\u0142 i sosny, idealny dla fan\u00f3w naturalnych terpen\u00f3w.<a href=\"https:\/\/fuelpackz.com\/\" target=\"_blank\" rel=\"noopener\">.<\/a><\/p>\n<ul>\n<li><strong>Smaki<\/strong> zio\u0142a, cytryna, sosna, \u0142agodny, drzewny<\/li>\n<li><strong>Zapachy<\/strong> ziemisty, zio\u0142owy, cytrynowy, sosnowy, korzenny<\/li>\n<\/ul>\n<h3>O\u017cyw sw\u00f3j dzie\u0144 dzi\u0119ki \u017cywicy T-4 Sativa Live Resin<\/h3>\n<p>Dzi\u0119ki orze\u017awiaj\u0105cemu dzia\u0142aniu i \u015bwie\u017cemu profilowi smakowemu <strong>\u017bywica T-4 Sativa<\/strong> jest preferowanym wyborem dla u\u017cytkownik\u00f3w poszukuj\u0105cych trwa\u0142ej ulgi od stresu, zm\u0119czenia i niepokoju, jednocze\u015bnie stymuluj\u0105c kreatywno\u015b\u0107 i motywacj\u0119.<\/p>\n<h3>Zam\u00f3w \u017cywic\u0119 T-4 Sativa Live na <a href=\"https:\/\/pressurezone.shop\/pl\/\" target=\"_new\" rel=\"noopener\">Sklep ze strefami ci\u015bnieniowymi<\/a><\/h3>\n<p>Ciesz si\u0119 orze\u017awiaj\u0105cym uczuciem <strong>\u017bywica T-4 Sativa<\/strong> dla wzmocnienia psychicznego i fizycznego. Zam\u00f3w ju\u017c dzi\u015b w <a href=\"https:\/\/pressurezone.shop\/pl\/\" target=\"_new\" rel=\"noopener\">Sklep ze strefami ci\u015bnieniowymi<\/a> w celu uzyskania najwy\u017cszej jako\u015bci \u017cywicy na \u017cywo, dostarczanej bezpo\u015brednio do Europy.<\/p>","protected":false},"excerpt":{"rendered":"<p>Achetez la T-4 Sativa Live Resin en Ligne D\u00e9couvrez la T-4 Sativa Live Resin, un concentr\u00e9 exclusif \u00e0 dominance sativa issu de quatre croisements successifs du c\u00e9l\u00e8bre Trainwreck. Cette r\u00e9sine live hautement \u00e9nergisante est parfaite pour un boost d&rsquo;euphorie et de bonheur, que vous soyez en qu\u00eate de motivation ou de concentration accrue. Pourquoi Choisir [&hellip;]<\/p>","protected":false},"featured_media":3384,"comment_status":"closed","ping_status":"closed","template":"","meta":{"_uag_custom_page_level_css":"","site-sidebar-layout":"default","site-content-layout":"","ast-site-content-layout":"default","site-content-style":"default","site-sidebar-style":"default","ast-global-header-display":"","ast-banner-title-visibility":"","ast-main-header-display":"","ast-hfb-above-header-display":"","ast-hfb-below-header-display":"","ast-hfb-mobile-header-display":"","site-post-title":"","ast-breadcrumbs-content":"","ast-featured-img":"","footer-sml-layout":"","theme-transparent-header-meta":"default","adv-header-id-meta":"","stick-header-meta":"","header-above-stick-meta":"","header-main-stick-meta":"","header-below-stick-meta":"","astra-migrate-meta-layouts":"set","ast-page-background-enabled":"default","ast-page-background-meta":{"desktop":{"background-color":"","background-image":"","background-repeat":"repeat","background-position":"center center","background-size":"auto","background-attachment":"scroll","background-type":"","background-media":"","overlay-type":"","overlay-color":"","overlay-opacity":"","overlay-gradient":""},"tablet":{"background-color":"","background-image":"","background-repeat":"repeat","background-position":"center center","background-size":"auto","background-attachment":"scroll","background-type":"","background-media":"","overlay-type":"","overlay-color":"","overlay-opacity":"","overlay-gradient":""},"mobile":{"background-color":"","background-image":"","background-repeat":"repeat","background-position":"center center","background-size":"auto","background-attachment":"scroll","background-type":"","background-media":"","overlay-type":"","overlay-color":"","overlay-opacity":"","overlay-gradient":""}},"ast-content-background-meta":{"desktop":{"background-color":"var(--ast-global-color-5)","background-image":"","background-repeat":"repeat","background-position":"center center","background-size":"auto","background-attachment":"scroll","background-type":"","background-media":"","overlay-type":"","overlay-color":"","overlay-opacity":"","overlay-gradient":""},"tablet":{"background-color":"var(--ast-global-color-5)","background-image":"","background-repeat":"repeat","background-position":"center center","background-size":"auto","background-attachment":"scroll","background-type":"","background-media":"","overlay-type":"","overlay-color":"","overlay-opacity":"","overlay-gradient":""},"mobile":{"background-color":"var(--ast-global-color-5)","background-image":"","background-repeat":"repeat","background-position":"center center","background-size":"auto","background-attachment":"scroll","background-type":"","background-media":"","overlay-type":"","overlay-color":"","overlay-opacity":"","overlay-gradient":""}}},"product_brand":[],"product_cat":[334,411],"product_tag":[412,438,414,415],"class_list":{"0":"post-3301","1":"product","2":"type-product","3":"status-publish","4":"has-post-thumbnail","6":"product_cat-concentres-de-marijuana","7":"product_cat-live-resin-concentrates","8":"product_tag-live-rosin-concentrate-near-me","9":"product_tag-order-t-4-strain-sativa-live-resin-europe","10":"product_tag-thc-marijuana-live-resin-for-sale-europe","11":"product_tag-thca-live-resin-concentrate","12":"desktop-align-left","13":"tablet-align-left","14":"mobile-align-left","16":"first","17":"instock","18":"shipping-taxable","19":"purchasable","20":"product-type-variable"},"uagb_featured_image_src":{"full":["https:\/\/pressurezone.shop\/wp-content\/uploads\/2024\/10\/T-4-Strain-Sativa-Live-Resin.webp",2048,1365,false],"thumbnail":["https:\/\/pressurezone.shop\/wp-content\/uploads\/2024\/10\/T-4-Strain-Sativa-Live-Resin-150x150.webp",150,150,true],"medium":["https:\/\/pressurezone.shop\/wp-content\/uploads\/2024\/10\/T-4-Strain-Sativa-Live-Resin-300x200.webp",300,200,true],"medium_large":["https:\/\/pressurezone.shop\/wp-content\/uploads\/2024\/10\/T-4-Strain-Sativa-Live-Resin-768x512.webp",768,512,true],"large":["https:\/\/pressurezone.shop\/wp-content\/uploads\/2024\/10\/T-4-Strain-Sativa-Live-Resin-1024x683.webp",1024,683,true],"1536x1536":["https:\/\/pressurezone.shop\/wp-content\/uploads\/2024\/10\/T-4-Strain-Sativa-Live-Resin-1536x1024.webp",1536,1024,true],"2048x2048":["https:\/\/pressurezone.shop\/wp-content\/uploads\/2024\/10\/T-4-Strain-Sativa-Live-Resin.webp",2048,1365,false],"trp-custom-language-flag":["https:\/\/pressurezone.shop\/wp-content\/uploads\/2024\/10\/T-4-Strain-Sativa-Live-Resin-18x12.webp",18,12,true],"woocommerce_thumbnail":["https:\/\/pressurezone.shop\/wp-content\/uploads\/2024\/10\/T-4-Strain-Sativa-Live-Resin-300x300.webp",300,300,true],"woocommerce_single":["https:\/\/pressurezone.shop\/wp-content\/uploads\/2024\/10\/T-4-Strain-Sativa-Live-Resin-600x400.webp",600,400,true],"woocommerce_gallery_thumbnail":["https:\/\/pressurezone.shop\/wp-content\/uploads\/2024\/10\/T-4-Strain-Sativa-Live-Resin-100x100.webp",100,100,true]},"uagb_author_info":{"display_name":"pressurezone.shop","author_link":"https:\/\/pressurezone.shop\/pl\/author\/"},"uagb_comment_info":0,"uagb_excerpt":"Achetez la T-4 Sativa Live Resin en Ligne D\u00e9couvrez la T-4 Sativa Live Resin, un concentr\u00e9 exclusif \u00e0 dominance sativa issu de quatre croisements successifs du c\u00e9l\u00e8bre Trainwreck. Cette r\u00e9sine live hautement \u00e9nergisante est parfaite pour un boost d&rsquo;euphorie et de bonheur, que vous soyez en qu\u00eate de motivation ou de concentration accrue. Pourquoi Choisir&hellip;","_links":{"self":[{"href":"https:\/\/pressurezone.shop\/pl\/wp-json\/wp\/v2\/product\/3301"}],"collection":[{"href":"https:\/\/pressurezone.shop\/pl\/wp-json\/wp\/v2\/product"}],"about":[{"href":"https:\/\/pressurezone.shop\/pl\/wp-json\/wp\/v2\/types\/product"}],"replies":[{"embeddable":true,"href":"https:\/\/pressurezone.shop\/pl\/wp-json\/wp\/v2\/comments?post=3301"}],"version-history":[{"count":3,"href":"https:\/\/pressurezone.shop\/pl\/wp-json\/wp\/v2\/product\/3301\/revisions"}],"predecessor-version":[{"id":4356,"href":"https:\/\/pressurezone.shop\/pl\/wp-json\/wp\/v2\/product\/3301\/revisions\/4356"}],"wp:featuredmedia":[{"embeddable":true,"href":"https:\/\/pressurezone.shop\/pl\/wp-json\/wp\/v2\/media\/3384"}],"wp:attachment":[{"href":"https:\/\/pressurezone.shop\/pl\/wp-json\/wp\/v2\/media?parent=3301"}],"wp:term":[{"taxonomy":"product_brand","embeddable":true,"href":"https:\/\/pressurezone.shop\/pl\/wp-json\/wp\/v2\/product_brand?post=3301"},{"taxonomy":"product_cat","embeddable":true,"href":"https:\/\/pressurezone.shop\/pl\/wp-json\/wp\/v2\/product_cat?post=3301"},{"taxonomy":"product_tag","embeddable":true,"href":"https:\/\/pressurezone.shop\/pl\/wp-json\/wp\/v2\/product_tag?post=3301"}],"curies":[{"name":"wp","href":"https:\/\/api.w.org\/{rel}","templated":true}]}}