{"id":3302,"date":"2024-10-11T00:58:50","date_gmt":"2024-10-10T22:58:50","guid":{"rendered":"https:\/\/pressurezone.shop\/?post_type=product&#038;p=3302"},"modified":"2024-11-08T21:38:24","modified_gmt":"2024-11-08T20:38:24","slug":"master-kush-live-resin","status":"publish","type":"product","link":"https:\/\/pressurezone.shop\/pl\/produkt\/zywica-master-kush-live\/","title":{"rendered":"Master Kush Weed Live Resin"},"content":{"rendered":"<div class=\"flex-shrink-0 flex flex-col relative items-end\">\n<div>\n<div class=\"pt-0\">\n<div class=\"gizmo-bot-avatar flex h-8 w-8 items-center justify-center overflow-hidden rounded-full\">\n<div class=\"relative p-1 rounded-sm flex items-center justify-center bg-token-main-surface-primary text-token-text-primary h-8 w-8\"><\/div>\n<\/div>\n<\/div>\n<\/div>\n<\/div>\n<div class=\"group\/conversation-turn relative flex w-full min-w-0 flex-col agent-turn\">\n<div class=\"flex-col gap-1 md:gap-3\">\n<div class=\"flex max-w-full flex-col flex-grow\">\n<div class=\"min-h-8 text-message flex w-full flex-col items-end gap-2 whitespace-normal break-words [.text-message+&amp;]:mt-5\" dir=\"auto\" data-message-author-role=\"assistant\" data-message-id=\"2b3df09f-dcd5-4fbc-af78-7595bbb1de34\" data-message-model-slug=\"gpt-4o\">\n<div class=\"flex w-full flex-col gap-1 empty:hidden first:pt-[3px]\">\n<div class=\"markdown prose w-full break-words dark:prose-invert light\">\n<h3><strong>Kup \u017cywic\u0119 Master Kush Weed Live Resin online w Europie<\/strong><\/h3>\n<p>Odkryj <strong>Master Kush Weed Live Resin<\/strong>Ten wyj\u0105tkowy koncentrat konopi jest krzy\u017c\u00f3wk\u0105 odmiany Hindu Kush i czystego skunka, ze stosunkiem sativa\/indica wynosz\u0105cym 10:90. Ta niezwykle mocna \u017cywa \u017cywica mo\u017ce osi\u0105gn\u0105\u0107 poziom THC do 20%, oferuj\u0105c intensywne i g\u0142\u0119boko relaksuj\u0105ce doznania.<\/p>\n<h3>Dlaczego warto wybra\u0107 \u017cywic\u0119 Master Kush Weed Live Resin?<\/h3>\n<p>La <strong>Master Kush Live Resin<\/strong> to pozycja obowi\u0105zkowa dla entuzjast\u00f3w Indica poszukuj\u0105cych koj\u0105cego, terapeutycznego haju. Zaprojektowana, aby uchwyci\u0107 moc Hindu Kush, ta \u017cywa \u017cywica zapewnia intensywnie relaksuj\u0105cy efekt, idealny na imprezy lub do skutecznego \u0142agodzenia r\u00f3\u017cnych objaw\u00f3w.<\/p>\n<ul>\n<li><strong>Typ<\/strong> Dominacja Indica (10% Sativa \/ 90% Indica)<\/li>\n<li><strong>Pochodzenie<\/strong> Krzy\u017c\u00f3wka Hindu Kush i Skunk<\/li>\n<\/ul>\n<h3>Efekty i zalety \u017cywicy Master Kush Live Resin<\/h3>\n<p>Dzi\u0119ki swojemu euforycznemu i relaksuj\u0105cemu dzia\u0142aniu <strong>Master Kush Live Resin<\/strong> jest idealna do relaksu po stresuj\u0105cym dniu. Opr\u00f3cz g\u0142\u0119boko relaksuj\u0105cego haju, ma dzia\u0142anie usypiaj\u0105ce i euforyczne, dzi\u0119ki czemu \u015bwietnie sprawdza si\u0119 w leczeniu bezsenno\u015bci i stresu.<a href=\"https:\/\/fuelpackz.com\/\" target=\"_blank\" rel=\"noopener\">.<\/a><\/p>\n<ul>\n<li><strong>Efekty<\/strong> Euforia, szcz\u0119\u015bcie, relaks, senno\u015b\u0107<\/li>\n<li><strong>Zalecane dla<\/strong> Zapalenie staw\u00f3w, przewlek\u0142y b\u00f3l, depresja, b\u00f3le g\u0142owy, bezsenno\u015b\u0107, migreny, PTSD, stres<\/li>\n<\/ul>\n<h3>Smaki i aromaty \u017cywicy Master Kush Live Resin<\/h3>\n<p>Ta \u017cywa \u017cywica to przyjemno\u015b\u0107 dla zmys\u0142\u00f3w, z aromatami cytrus\u00f3w, drewna i ziemistej s\u0142odyczy. Wydziela subtelny, ale trwa\u0142y zapach cytrus\u00f3w i ziemistych nut, podkre\u015blony lekk\u0105 s\u0142odycz\u0105.<\/p>\n<ul>\n<li><strong>Smaki<\/strong> Cytrusowy, s\u0142odki, drzewny<\/li>\n<li><strong>Zapachy<\/strong> Cytrusowy, Ziemisty, Pachn\u0105cy, \u0141agodny, Ostry, S\u0142odki<\/li>\n<\/ul>\n<h3>Silna \u017cywa \u017cywica zapewniaj\u0105ca intensywne doznania relaksacyjne<\/h3>\n<p>Z zawarto\u015bci\u0105 THC si\u0119gaj\u0105c\u0105 20%, marihuana <strong>Master Kush Live Resin<\/strong> jest idealna dla os\u00f3b poszukuj\u0105cych ca\u0142kowitego haju relaksacyjnego. Idealna do leczenia przewlek\u0142ego b\u00f3lu, bezsenno\u015bci i stresu, \u017cywica ta zapewnia d\u0142ugotrwa\u0142\u0105 ulg\u0119 przy niewielkich skutkach ubocznych.<\/p>\n<h3>Zam\u00f3w \u017cywic\u0119 Master Kush Weed na <a href=\"https:\/\/pressurezone.shop\/pl\/\" target=\"_new\" rel=\"noopener\">Sklep ze strefami ci\u015bnieniowymi<\/a><\/h3>\n<p>Poznaj relaksuj\u0105ce i euforyczne korzy\u015bci p\u0142yn\u0105ce z <strong>Master Kush Live Resin<\/strong> i poprawi\u0107 swoje samopoczucie. Zam\u00f3w teraz na <a href=\"https:\/\/pressurezone.shop\/pl\/\" target=\"_new\" rel=\"noopener\">Sklep ze strefami ci\u015bnieniowymi<\/a> i odkryj, dlaczego ta \u017cywica jest jednym z ulubionych koneser\u00f3w Indica w Europie.<\/p>\n<\/div>\n<\/div>\n<\/div>\n<\/div>\n<\/div>\n<\/div>","protected":false},"excerpt":{"rendered":"<p>Achetez Master Kush Weed Live Resin en Ligne en Europe D\u00e9couvrez la Master Kush Weed Live Resin, un concentr\u00e9 de cannabis exceptionnel issu d\u2019un croisement entre une vari\u00e9t\u00e9 Hindu Kush et une pure skunk, avec un ratio sativa\/indica de 10:90. Cette r\u00e9sine live ultra-puissante peut atteindre des niveaux de THC allant jusqu&rsquo;\u00e0 20%, offrant une [&hellip;]<\/p>","protected":false},"featured_media":3386,"comment_status":"closed","ping_status":"closed","template":"","meta":{"_uag_custom_page_level_css":"","site-sidebar-layout":"default","site-content-layout":"","ast-site-content-layout":"default","site-content-style":"default","site-sidebar-style":"default","ast-global-header-display":"","ast-banner-title-visibility":"","ast-main-header-display":"","ast-hfb-above-header-display":"","ast-hfb-below-header-display":"","ast-hfb-mobile-header-display":"","site-post-title":"","ast-breadcrumbs-content":"","ast-featured-img":"","footer-sml-layout":"","theme-transparent-header-meta":"default","adv-header-id-meta":"","stick-header-meta":"","header-above-stick-meta":"","header-main-stick-meta":"","header-below-stick-meta":"","astra-migrate-meta-layouts":"set","ast-page-background-enabled":"default","ast-page-background-meta":{"desktop":{"background-color":"","background-image":"","background-repeat":"repeat","background-position":"center center","background-size":"auto","background-attachment":"scroll","background-type":"","background-media":"","overlay-type":"","overlay-color":"","overlay-opacity":"","overlay-gradient":""},"tablet":{"background-color":"","background-image":"","background-repeat":"repeat","background-position":"center center","background-size":"auto","background-attachment":"scroll","background-type":"","background-media":"","overlay-type":"","overlay-color":"","overlay-opacity":"","overlay-gradient":""},"mobile":{"background-color":"","background-image":"","background-repeat":"repeat","background-position":"center center","background-size":"auto","background-attachment":"scroll","background-type":"","background-media":"","overlay-type":"","overlay-color":"","overlay-opacity":"","overlay-gradient":""}},"ast-content-background-meta":{"desktop":{"background-color":"var(--ast-global-color-5)","background-image":"","background-repeat":"repeat","background-position":"center center","background-size":"auto","background-attachment":"scroll","background-type":"","background-media":"","overlay-type":"","overlay-color":"","overlay-opacity":"","overlay-gradient":""},"tablet":{"background-color":"var(--ast-global-color-5)","background-image":"","background-repeat":"repeat","background-position":"center center","background-size":"auto","background-attachment":"scroll","background-type":"","background-media":"","overlay-type":"","overlay-color":"","overlay-opacity":"","overlay-gradient":""},"mobile":{"background-color":"var(--ast-global-color-5)","background-image":"","background-repeat":"repeat","background-position":"center center","background-size":"auto","background-attachment":"scroll","background-type":"","background-media":"","overlay-type":"","overlay-color":"","overlay-opacity":"","overlay-gradient":""}}},"product_brand":[],"product_cat":[334,411],"product_tag":[431,432,433,439],"class_list":{"0":"post-3302","1":"product","2":"type-product","3":"status-publish","4":"has-post-thumbnail","6":"product_cat-concentres-de-marijuana","7":"product_cat-live-resin-concentrates","8":"product_tag-buy-dab-online-cheap","9":"product_tag-buy-dabs-online-with-credit-card","10":"product_tag-order-live-rosin-concentrate","11":"product_tag-order-master-kush-weed-live-resin-finland","12":"desktop-align-left","13":"tablet-align-left","14":"mobile-align-left","16":"first","17":"instock","18":"shipping-taxable","19":"purchasable","20":"product-type-variable"},"uagb_featured_image_src":{"full":["https:\/\/pressurezone.shop\/wp-content\/uploads\/2024\/10\/Master-Kush-Weed-Live-Resin.webp",2048,1365,false],"thumbnail":["https:\/\/pressurezone.shop\/wp-content\/uploads\/2024\/10\/Master-Kush-Weed-Live-Resin-150x150.webp",150,150,true],"medium":["https:\/\/pressurezone.shop\/wp-content\/uploads\/2024\/10\/Master-Kush-Weed-Live-Resin-300x200.webp",300,200,true],"medium_large":["https:\/\/pressurezone.shop\/wp-content\/uploads\/2024\/10\/Master-Kush-Weed-Live-Resin-768x512.webp",768,512,true],"large":["https:\/\/pressurezone.shop\/wp-content\/uploads\/2024\/10\/Master-Kush-Weed-Live-Resin-1024x683.webp",1024,683,true],"1536x1536":["https:\/\/pressurezone.shop\/wp-content\/uploads\/2024\/10\/Master-Kush-Weed-Live-Resin-1536x1024.webp",1536,1024,true],"2048x2048":["https:\/\/pressurezone.shop\/wp-content\/uploads\/2024\/10\/Master-Kush-Weed-Live-Resin.webp",2048,1365,false],"trp-custom-language-flag":["https:\/\/pressurezone.shop\/wp-content\/uploads\/2024\/10\/Master-Kush-Weed-Live-Resin-18x12.webp",18,12,true],"woocommerce_thumbnail":["https:\/\/pressurezone.shop\/wp-content\/uploads\/2024\/10\/Master-Kush-Weed-Live-Resin-300x300.webp",300,300,true],"woocommerce_single":["https:\/\/pressurezone.shop\/wp-content\/uploads\/2024\/10\/Master-Kush-Weed-Live-Resin-600x400.webp",600,400,true],"woocommerce_gallery_thumbnail":["https:\/\/pressurezone.shop\/wp-content\/uploads\/2024\/10\/Master-Kush-Weed-Live-Resin-100x100.webp",100,100,true]},"uagb_author_info":{"display_name":"pressurezone.shop","author_link":"https:\/\/pressurezone.shop\/pl\/author\/"},"uagb_comment_info":0,"uagb_excerpt":"Achetez Master Kush Weed Live Resin en Ligne en Europe D\u00e9couvrez la Master Kush Weed Live Resin, un concentr\u00e9 de cannabis exceptionnel issu d\u2019un croisement entre une vari\u00e9t\u00e9 Hindu Kush et une pure skunk, avec un ratio sativa\/indica de 10:90. Cette r\u00e9sine live ultra-puissante peut atteindre des niveaux de THC allant jusqu&rsquo;\u00e0 20%, offrant une&hellip;","_links":{"self":[{"href":"https:\/\/pressurezone.shop\/pl\/wp-json\/wp\/v2\/product\/3302"}],"collection":[{"href":"https:\/\/pressurezone.shop\/pl\/wp-json\/wp\/v2\/product"}],"about":[{"href":"https:\/\/pressurezone.shop\/pl\/wp-json\/wp\/v2\/types\/product"}],"replies":[{"embeddable":true,"href":"https:\/\/pressurezone.shop\/pl\/wp-json\/wp\/v2\/comments?post=3302"}],"version-history":[{"count":3,"href":"https:\/\/pressurezone.shop\/pl\/wp-json\/wp\/v2\/product\/3302\/revisions"}],"predecessor-version":[{"id":4340,"href":"https:\/\/pressurezone.shop\/pl\/wp-json\/wp\/v2\/product\/3302\/revisions\/4340"}],"wp:featuredmedia":[{"embeddable":true,"href":"https:\/\/pressurezone.shop\/pl\/wp-json\/wp\/v2\/media\/3386"}],"wp:attachment":[{"href":"https:\/\/pressurezone.shop\/pl\/wp-json\/wp\/v2\/media?parent=3302"}],"wp:term":[{"taxonomy":"product_brand","embeddable":true,"href":"https:\/\/pressurezone.shop\/pl\/wp-json\/wp\/v2\/product_brand?post=3302"},{"taxonomy":"product_cat","embeddable":true,"href":"https:\/\/pressurezone.shop\/pl\/wp-json\/wp\/v2\/product_cat?post=3302"},{"taxonomy":"product_tag","embeddable":true,"href":"https:\/\/pressurezone.shop\/pl\/wp-json\/wp\/v2\/product_tag?post=3302"}],"curies":[{"name":"wp","href":"https:\/\/api.w.org\/{rel}","templated":true}]}}