{"id":3312,"date":"2024-10-11T00:59:17","date_gmt":"2024-10-10T22:59:17","guid":{"rendered":"https:\/\/pressurezone.shop\/?post_type=product&#038;p=3312"},"modified":"2024-11-08T21:10:05","modified_gmt":"2024-11-08T20:10:05","slug":"king-tut-live-resin","status":"publish","type":"product","link":"https:\/\/pressurezone.shop\/pl\/produkt\/zywica-king-tut-live\/","title":{"rendered":"\u017bywica King Tut"},"content":{"rendered":"<div class=\"flex-shrink-0 flex flex-col relative items-end\">\n<div>\n<div class=\"pt-0\">\n<div class=\"gizmo-bot-avatar flex h-8 w-8 items-center justify-center overflow-hidden rounded-full\">\n<div class=\"relative p-1 rounded-sm flex items-center justify-center bg-token-main-surface-primary text-token-text-primary h-8 w-8\"><\/div>\n<\/div>\n<\/div>\n<\/div>\n<\/div>\n<div class=\"group\/conversation-turn relative flex w-full min-w-0 flex-col agent-turn\">\n<div class=\"flex-col gap-1 md:gap-3\">\n<div class=\"flex max-w-full flex-col flex-grow\">\n<div class=\"min-h-8 text-message flex w-full flex-col items-end gap-2 whitespace-normal break-words [.text-message+&amp;]:mt-5\" dir=\"auto\" data-message-author-role=\"assistant\" data-message-id=\"006a4b41-a5c8-4495-9073-a5c845d7573d\" data-message-model-slug=\"gpt-4o\">\n<div class=\"flex w-full flex-col gap-1 empty:hidden first:pt-[3px]\">\n<div class=\"markdown prose w-full break-words dark:prose-invert light\">\n<h3><strong>Kup online odmian\u0119 konopi King Tut Live Resin - dost\u0119pn\u0105 w Europie<\/strong><\/h3>\n<p>Odkryj intensywno\u015b\u0107 <strong>\u017bywica z konopi indyjskich King Tut Strain<\/strong>dost\u0119pny pod adresem <a href=\"https:\/\/pressurezone.shop\/pl\/\" target=\"_new\" rel=\"noopener\">Sklep ze strefami ci\u015bnieniowymi<\/a>. Zainspirowany staro\u017cytn\u0105 egipsk\u0105 legend\u0105, King Tut jest koncentratem z dominacj\u0105 sativy (80% sativa\/20% indica), znanym ze swoich energetyzuj\u0105cych i euforycznych efekt\u00f3w. Uwa\u017ca si\u0119, \u017ce jego rodzicem jest niezr\u00f3wnany <strong>AK-47<\/strong>s\u0142ynie ze skunksowego aromatu i silnego dzia\u0142ania m\u00f3zgowego.<\/p>\n<h3>Co sprawia, \u017ce King Tut Live Resin jest wyj\u0105tkowy?<\/h3>\n<p>La <strong>\u017bywica King Tut<\/strong> jest ulubionym w\u015br\u00f3d mi\u0142o\u015bnik\u00f3w sativy ze wzgl\u0119du na aktywny, \u017cywy haj, idealny dla tych, kt\u00f3rzy chc\u0105 pozosta\u0107 funkcjonalni, jednocze\u015bnie ciesz\u0105c si\u0119 radosnymi doznaniami. Koncentrat ten jest wytwarzany ze \u015bwie\u017cych surowc\u00f3w, co gwarantuje produkt bogaty w terpeny i naturalne aromaty.<a href=\"https:\/\/fuelpackz.com\/\" target=\"_blank\" rel=\"noopener\">.<\/a><\/p>\n<ul>\n<li><strong>Typ<\/strong> Hybryda z dominacj\u0105 Sativy (80% Sativa \/ 20% Indica)<\/li>\n<li><strong>Pochodzenie<\/strong> Prawdopodobny rodzic AK-47<\/li>\n<\/ul>\n<h3>Efekty i korzy\u015bci King Tut Live Resin<\/h3>\n<p>Idealny do u\u017cytku w ci\u0105gu dnia <strong>\u017bywica King Tut<\/strong> stymuluje umys\u0142, jednocze\u015bnie utrzymuj\u0105c cia\u0142o zrelaksowane i wolne od stresu. Efekty charakteryzuj\u0105 si\u0119 szybkim wzrostem euforii i trwa\u0142\u0105 energi\u0105, idealn\u0105 do rozwi\u0105zywania kreatywnych lub spo\u0142ecznych zada\u0144.<\/p>\n<ul>\n<li><strong>Efekty<\/strong> Pobudzenie m\u00f3zgu, energia, euforia, rado\u015b\u0107, stymulant<\/li>\n<li><strong>Zalecane dla<\/strong> Przewlek\u0142y b\u00f3l, depresja, bezsenno\u015b\u0107, stres<\/li>\n<\/ul>\n<h3>Smaki i aromaty \u017cywicy King Tut Live Resin<\/h3>\n<p>Z nutami cytryny i ziemi, King Tut Live Resin oferuje wyj\u0105tkowe doznania smakowe. Profil smakowy jest bogaty w aromaty cytrusowe i skunky, z nut\u0105 ziemisto\u015bci, kt\u00f3ra wyr\u00f3\u017cnia si\u0119 przy pierwszym wdechu. Koneserzy konopi doceni\u0105 odwa\u017cny, wyrazisty charakter tego koncentratu.<\/p>\n<ul>\n<li><strong>Smaki<\/strong> Cytrusowy, ziemisty, pikantny, skunksowy<\/li>\n<li><strong>Zapachy<\/strong> Cytrusowy, ziemisty, skunksowy, pikantny<\/li>\n<\/ul>\n<h3>Jak korzysta\u0107 z King Tut Live Resin<\/h3>\n<p>La <strong>\u017bywica King Tut<\/strong> jest idealny do dabbingu i waporyzacji dzi\u0119ki p\u0142ynnej konsystencji i zachowanym naturalnym terpenom. Ciesz si\u0119 tym koncentratem, aby uzyska\u0107 kreatywny zastrzyk energii lub rozja\u015bni\u0107 dzie\u0144 pozytywnym stanem umys\u0142u.<\/p>\n<h3>Zam\u00f3w King Tut Live Resin na <a href=\"https:\/\/pressurezone.shop\/pl\/\" target=\"_new\" rel=\"noopener\">Sklep ze strefami ci\u015bnieniowymi<\/a><\/h3>\n<p>O\u017cyw sw\u00f3j dzie\u0144 dzi\u0119ki <strong>\u017bywica King Tut<\/strong> z <a href=\"https:\/\/pressurezone.shop\/pl\/\" target=\"_new\" rel=\"noopener\">Sklep ze strefami ci\u015bnieniowymi<\/a>. Ten koncentrat z dominacj\u0105 sativy jest idealnym dodatkiem dla tych, kt\u00f3rzy szukaj\u0105 stymuluj\u0105cego i kreatywnego efektu. Zam\u00f3w z Europy i ciesz si\u0119 najwy\u017cszej jako\u015bci \u017cywic\u0105 na ka\u017cd\u0105 okazj\u0119!<\/p>\n<\/div>\n<\/div>\n<\/div>\n<\/div>\n<\/div>\n<\/div>","protected":false},"excerpt":{"rendered":"<p>Achetez King Tut Live Resin Cannabis Strain en Ligne &#8211; Disponible en Europe D\u00e9couvrez l&rsquo;intensit\u00e9 de King Tut Strain Cannabis Live Resin, disponible sur Pressure Zone Shop. Inspir\u00e9 par la l\u00e9gende de l\u2019\u00c9gypte antique, le King Tut est un concentr\u00e9 \u00e0 dominance sativa (80% sativa\/20% indica), reconnu pour ses effets \u00e9nergisants et euphoriques. On pense [&hellip;]<\/p>","protected":false},"featured_media":3394,"comment_status":"closed","ping_status":"closed","template":"","meta":{"_uag_custom_page_level_css":"","site-sidebar-layout":"default","site-content-layout":"","ast-site-content-layout":"default","site-content-style":"default","site-sidebar-style":"default","ast-global-header-display":"","ast-banner-title-visibility":"","ast-main-header-display":"","ast-hfb-above-header-display":"","ast-hfb-below-header-display":"","ast-hfb-mobile-header-display":"","site-post-title":"","ast-breadcrumbs-content":"","ast-featured-img":"","footer-sml-layout":"","theme-transparent-header-meta":"default","adv-header-id-meta":"","stick-header-meta":"","header-above-stick-meta":"","header-main-stick-meta":"","header-below-stick-meta":"","astra-migrate-meta-layouts":"set","ast-page-background-enabled":"default","ast-page-background-meta":{"desktop":{"background-color":"","background-image":"","background-repeat":"repeat","background-position":"center center","background-size":"auto","background-attachment":"scroll","background-type":"","background-media":"","overlay-type":"","overlay-color":"","overlay-opacity":"","overlay-gradient":""},"tablet":{"background-color":"","background-image":"","background-repeat":"repeat","background-position":"center center","background-size":"auto","background-attachment":"scroll","background-type":"","background-media":"","overlay-type":"","overlay-color":"","overlay-opacity":"","overlay-gradient":""},"mobile":{"background-color":"","background-image":"","background-repeat":"repeat","background-position":"center center","background-size":"auto","background-attachment":"scroll","background-type":"","background-media":"","overlay-type":"","overlay-color":"","overlay-opacity":"","overlay-gradient":""}},"ast-content-background-meta":{"desktop":{"background-color":"var(--ast-global-color-5)","background-image":"","background-repeat":"repeat","background-position":"center center","background-size":"auto","background-attachment":"scroll","background-type":"","background-media":"","overlay-type":"","overlay-color":"","overlay-opacity":"","overlay-gradient":""},"tablet":{"background-color":"var(--ast-global-color-5)","background-image":"","background-repeat":"repeat","background-position":"center center","background-size":"auto","background-attachment":"scroll","background-type":"","background-media":"","overlay-type":"","overlay-color":"","overlay-opacity":"","overlay-gradient":""},"mobile":{"background-color":"var(--ast-global-color-5)","background-image":"","background-repeat":"repeat","background-position":"center center","background-size":"auto","background-attachment":"scroll","background-type":"","background-media":"","overlay-type":"","overlay-color":"","overlay-opacity":"","overlay-gradient":""}}},"product_brand":[],"product_cat":[334,411],"product_tag":[416,441,418,419],"class_list":{"0":"post-3312","1":"product","2":"type-product","3":"status-publish","4":"has-post-thumbnail","6":"product_cat-concentres-de-marijuana","7":"product_cat-live-resin-concentrates","8":"product_tag-bulk-dabs-online","9":"product_tag-order-king-tut-strain-cannabis-live-resin-europe","10":"product_tag-thca-rosin-online-europe","11":"product_tag-where-to-shop-live-resin-europe","12":"desktop-align-left","13":"tablet-align-left","14":"mobile-align-left","16":"first","17":"instock","18":"shipping-taxable","19":"purchasable","20":"product-type-variable"},"uagb_featured_image_src":{"full":["https:\/\/pressurezone.shop\/wp-content\/uploads\/2024\/10\/King-Tut-Strain-Cannabis-Live-Resin.webp",2048,1365,false],"thumbnail":["https:\/\/pressurezone.shop\/wp-content\/uploads\/2024\/10\/King-Tut-Strain-Cannabis-Live-Resin-150x150.webp",150,150,true],"medium":["https:\/\/pressurezone.shop\/wp-content\/uploads\/2024\/10\/King-Tut-Strain-Cannabis-Live-Resin-300x200.webp",300,200,true],"medium_large":["https:\/\/pressurezone.shop\/wp-content\/uploads\/2024\/10\/King-Tut-Strain-Cannabis-Live-Resin-768x512.webp",768,512,true],"large":["https:\/\/pressurezone.shop\/wp-content\/uploads\/2024\/10\/King-Tut-Strain-Cannabis-Live-Resin-1024x683.webp",1024,683,true],"1536x1536":["https:\/\/pressurezone.shop\/wp-content\/uploads\/2024\/10\/King-Tut-Strain-Cannabis-Live-Resin-1536x1024.webp",1536,1024,true],"2048x2048":["https:\/\/pressurezone.shop\/wp-content\/uploads\/2024\/10\/King-Tut-Strain-Cannabis-Live-Resin.webp",2048,1365,false],"trp-custom-language-flag":["https:\/\/pressurezone.shop\/wp-content\/uploads\/2024\/10\/King-Tut-Strain-Cannabis-Live-Resin-18x12.webp",18,12,true],"woocommerce_thumbnail":["https:\/\/pressurezone.shop\/wp-content\/uploads\/2024\/10\/King-Tut-Strain-Cannabis-Live-Resin-300x300.webp",300,300,true],"woocommerce_single":["https:\/\/pressurezone.shop\/wp-content\/uploads\/2024\/10\/King-Tut-Strain-Cannabis-Live-Resin-600x400.webp",600,400,true],"woocommerce_gallery_thumbnail":["https:\/\/pressurezone.shop\/wp-content\/uploads\/2024\/10\/King-Tut-Strain-Cannabis-Live-Resin-100x100.webp",100,100,true]},"uagb_author_info":{"display_name":"pressurezone.shop","author_link":"https:\/\/pressurezone.shop\/pl\/author\/"},"uagb_comment_info":0,"uagb_excerpt":"Achetez King Tut Live Resin Cannabis Strain en Ligne &#8211; Disponible en Europe D\u00e9couvrez l&rsquo;intensit\u00e9 de King Tut Strain Cannabis Live Resin, disponible sur Pressure Zone Shop. Inspir\u00e9 par la l\u00e9gende de l\u2019\u00c9gypte antique, le King Tut est un concentr\u00e9 \u00e0 dominance sativa (80% sativa\/20% indica), reconnu pour ses effets \u00e9nergisants et euphoriques. On pense&hellip;","_links":{"self":[{"href":"https:\/\/pressurezone.shop\/pl\/wp-json\/wp\/v2\/product\/3312"}],"collection":[{"href":"https:\/\/pressurezone.shop\/pl\/wp-json\/wp\/v2\/product"}],"about":[{"href":"https:\/\/pressurezone.shop\/pl\/wp-json\/wp\/v2\/types\/product"}],"replies":[{"embeddable":true,"href":"https:\/\/pressurezone.shop\/pl\/wp-json\/wp\/v2\/comments?post=3312"}],"version-history":[{"count":3,"href":"https:\/\/pressurezone.shop\/pl\/wp-json\/wp\/v2\/product\/3312\/revisions"}],"predecessor-version":[{"id":4308,"href":"https:\/\/pressurezone.shop\/pl\/wp-json\/wp\/v2\/product\/3312\/revisions\/4308"}],"wp:featuredmedia":[{"embeddable":true,"href":"https:\/\/pressurezone.shop\/pl\/wp-json\/wp\/v2\/media\/3394"}],"wp:attachment":[{"href":"https:\/\/pressurezone.shop\/pl\/wp-json\/wp\/v2\/media?parent=3312"}],"wp:term":[{"taxonomy":"product_brand","embeddable":true,"href":"https:\/\/pressurezone.shop\/pl\/wp-json\/wp\/v2\/product_brand?post=3312"},{"taxonomy":"product_cat","embeddable":true,"href":"https:\/\/pressurezone.shop\/pl\/wp-json\/wp\/v2\/product_cat?post=3312"},{"taxonomy":"product_tag","embeddable":true,"href":"https:\/\/pressurezone.shop\/pl\/wp-json\/wp\/v2\/product_tag?post=3312"}],"curies":[{"name":"wp","href":"https:\/\/api.w.org\/{rel}","templated":true}]}}