{"id":3313,"date":"2024-10-11T00:59:17","date_gmt":"2024-10-10T22:59:17","guid":{"rendered":"https:\/\/pressurezone.shop\/?post_type=product&#038;p=3313"},"modified":"2024-11-08T21:31:32","modified_gmt":"2024-11-08T20:31:32","slug":"pink-champagne-live-resin","status":"publish","type":"product","link":"https:\/\/pressurezone.shop\/pl\/produkt\/rozowy-szampan-zywa-zywica\/","title":{"rendered":"\u017bywica Pink Champagne Strain"},"content":{"rendered":"<h3><strong>Kup \u017bywic\u0119 Pink Champagne Strain online - Dost\u0119pna w Europie<\/strong><\/h3>\n<p>Odkryj <strong>\u017bywica Pink Champagne Strain<\/strong>\u017bywa \u017cywica z przewag\u0105 indiki (80% indica \/ 20% sativa) stworzona przez skrzy\u017cowanie s\u0142ynnych odmian <strong>Fioletowy dziadek Kena<\/strong> i <strong>Ciasto wi\u015bniowe<\/strong>. Dzi\u0119ki nutom czerwonych owoc\u00f3w i g\u0142\u0119boko relaksuj\u0105cemu dzia\u0142aniu, ta \u017cywa \u017cywica jest idealna na chwile ca\u0142kowitego odpr\u0119\u017cenia.<a href=\"https:\/\/fuelpackz.com\/\" target=\"_blank\" rel=\"noopener\">.<\/a><\/p>\n<h3>Dlaczego warto wybra\u0107 \u017cywic\u0119 Pink Champagne Live Resin?<\/h3>\n<p>La <strong>\u017bywica w kolorze r\u00f3\u017cowego szampana<\/strong> oferuje wyj\u0105tkowy haj, kt\u00f3ry jest zar\u00f3wno euforyczny, jak i koj\u0105cy, dzi\u0119ki czemu idealnie nadaje si\u0119 do relaksu pod koniec dnia lub relaksu z przyjaci\u00f3\u0142mi. Zaprojektowana z my\u015bl\u0105 o uchwyceniu czystej esencji konopi, ta \u017cywa \u017cywica zapewnia najwy\u017cszej klasy doznania sensoryczne, z aromatami czerwonych owoc\u00f3w i nut\u0105 s\u0142odkiego kush.<\/p>\n<ul>\n<li><strong>Typ<\/strong> Dominacja Indica (80% Indica \/ 20% Sativa)<\/li>\n<li><strong>Pochodzenie<\/strong> Hybryda Ken's Granddaddy Purple i Cherry Pie<\/li>\n<\/ul>\n<h3>Efekty i korzy\u015bci p\u0142yn\u0105ce ze stosowania Pink Champagne Live Resin<\/h3>\n<p>Pink Champagne Live Resin zapewnia euforyczny efekt, kt\u00f3ry zaczyna si\u0119 od przyp\u0142ywu energii i dobrego humoru, po kt\u00f3rym nast\u0119puje uczucie cielesnego odpr\u0119\u017cenia. Idealnie nadaje si\u0119 do relaksu na kanapie, a tak\u017ce do \u0142agodzenia przewlek\u0142ego b\u00f3lu i stresu.<\/p>\n<ul>\n<li><strong>Efekty<\/strong> Euforia, \u015bmiech, relaks, senno\u015b\u0107<\/li>\n<li><strong>Zalecane dla<\/strong> Przewlek\u0142y b\u00f3l, depresja, bezsenno\u015b\u0107, migreny, skurcze mi\u0119\u015bni<\/li>\n<\/ul>\n<h3>Smaki i aromaty \u017cywicy Pink Champagne Live Resin<\/h3>\n<p>Dzi\u0119ki s\u0142odkim, owocowym smakom ta \u017cywa \u017cywica przypomina jagody i winogrona, z\u0142agodzone odrobin\u0105 s\u0142odkiego kush. Jest idealna dla tych, kt\u00f3rzy lubi\u0105 mocny smak czerwonych owoc\u00f3w, z urzekaj\u0105cym aromatem ziemi i dojrza\u0142ych jag\u00f3d.<\/p>\n<ul>\n<li><strong>Smaki<\/strong> Jagodowy, owocowy, winogronowy, s\u0142odki<\/li>\n<li><strong>Zapachy<\/strong> Jagodowy, Ziemisty, Kush, S\u0142odki<\/li>\n<\/ul>\n<h3>\u017bywa \u017cywica dla koj\u0105cego, gigantycznego haju<\/h3>\n<p>Przy poziomach THC wahaj\u0105cych si\u0119 od 16 do 25% <strong>\u017bywica w kolorze r\u00f3\u017cowego szampana<\/strong> to idealny wyb\u00f3r dla mi\u0142o\u015bnik\u00f3w Indica poszukuj\u0105cych g\u0142\u0119bokiego relaksu bez utraty dobrego humoru. Jej zr\u00f3wnowa\u017cone dzia\u0142anie pomi\u0119dzy eufori\u0105 i relaksacj\u0105 sprawia, \u017ce doskonale \u0142agodzi b\u00f3l, migreny i objawy depresji.<\/p>\n<h3>Zam\u00f3w \u017cywic\u0119 Pink Champagne na <a href=\"https:\/\/pressurezone.shop\/pl\/\" target=\"_new\" rel=\"noopener\">Sklep ze strefami ci\u015bnieniowymi<\/a><\/h3>\n<p>Do\u015bwiadcz ca\u0142kowitego relaksu dzi\u0119ki <strong>\u017bywica w kolorze r\u00f3\u017cowego szampana<\/strong>. Niezale\u017cnie od tego, czy chodzi o wieczory z przyjaci\u00f3\u0142mi, czy relaks w domu, ta \u017cywica premium na \u017cywo jest teraz dost\u0119pna na <a href=\"https:\/\/pressurezone.shop\/pl\/\" target=\"_new\" rel=\"noopener\">Sklep ze strefami ci\u015bnieniowymi<\/a>.<\/p>","protected":false},"excerpt":{"rendered":"<p>Achetez la Pink Champagne Strain Live Resin en Ligne &#8211; Disponible en Europe D\u00e9couvrez la Pink Champagne Strain Live Resin, une r\u00e9sine live \u00e0 dominance indica (80% indica \/ 20% sativa) n\u00e9e du croisement entre les fameuses vari\u00e9t\u00e9s Ken\u2019s Granddaddy Purple et Cherry Pie. Avec ses notes de fruits rouges et son effet profond\u00e9ment relaxant, [&hellip;]<\/p>","protected":false},"featured_media":3396,"comment_status":"closed","ping_status":"closed","template":"","meta":{"_uag_custom_page_level_css":"","site-sidebar-layout":"default","site-content-layout":"","ast-site-content-layout":"default","site-content-style":"default","site-sidebar-style":"default","ast-global-header-display":"","ast-banner-title-visibility":"","ast-main-header-display":"","ast-hfb-above-header-display":"","ast-hfb-below-header-display":"","ast-hfb-mobile-header-display":"","site-post-title":"","ast-breadcrumbs-content":"","ast-featured-img":"","footer-sml-layout":"","theme-transparent-header-meta":"default","adv-header-id-meta":"","stick-header-meta":"","header-above-stick-meta":"","header-main-stick-meta":"","header-below-stick-meta":"","astra-migrate-meta-layouts":"set","ast-page-background-enabled":"default","ast-page-background-meta":{"desktop":{"background-color":"","background-image":"","background-repeat":"repeat","background-position":"center center","background-size":"auto","background-attachment":"scroll","background-type":"","background-media":"","overlay-type":"","overlay-color":"","overlay-opacity":"","overlay-gradient":""},"tablet":{"background-color":"","background-image":"","background-repeat":"repeat","background-position":"center center","background-size":"auto","background-attachment":"scroll","background-type":"","background-media":"","overlay-type":"","overlay-color":"","overlay-opacity":"","overlay-gradient":""},"mobile":{"background-color":"","background-image":"","background-repeat":"repeat","background-position":"center center","background-size":"auto","background-attachment":"scroll","background-type":"","background-media":"","overlay-type":"","overlay-color":"","overlay-opacity":"","overlay-gradient":""}},"ast-content-background-meta":{"desktop":{"background-color":"var(--ast-global-color-5)","background-image":"","background-repeat":"repeat","background-position":"center center","background-size":"auto","background-attachment":"scroll","background-type":"","background-media":"","overlay-type":"","overlay-color":"","overlay-opacity":"","overlay-gradient":""},"tablet":{"background-color":"var(--ast-global-color-5)","background-image":"","background-repeat":"repeat","background-position":"center center","background-size":"auto","background-attachment":"scroll","background-type":"","background-media":"","overlay-type":"","overlay-color":"","overlay-opacity":"","overlay-gradient":""},"mobile":{"background-color":"var(--ast-global-color-5)","background-image":"","background-repeat":"repeat","background-position":"center center","background-size":"auto","background-attachment":"scroll","background-type":"","background-media":"","overlay-type":"","overlay-color":"","overlay-opacity":"","overlay-gradient":""}}},"product_brand":[],"product_cat":[334,411],"product_tag":[],"class_list":{"0":"post-3313","1":"product","2":"type-product","3":"status-publish","4":"has-post-thumbnail","6":"product_cat-concentres-de-marijuana","7":"product_cat-live-resin-concentrates","8":"desktop-align-left","9":"tablet-align-left","10":"mobile-align-left","12":"first","13":"instock","14":"shipping-taxable","15":"purchasable","16":"product-type-variable"},"uagb_featured_image_src":{"full":["https:\/\/pressurezone.shop\/wp-content\/uploads\/2024\/10\/Pink-Champagne-Strain-Live-Resin.webp",2048,1365,false],"thumbnail":["https:\/\/pressurezone.shop\/wp-content\/uploads\/2024\/10\/Pink-Champagne-Strain-Live-Resin-150x150.webp",150,150,true],"medium":["https:\/\/pressurezone.shop\/wp-content\/uploads\/2024\/10\/Pink-Champagne-Strain-Live-Resin-300x200.webp",300,200,true],"medium_large":["https:\/\/pressurezone.shop\/wp-content\/uploads\/2024\/10\/Pink-Champagne-Strain-Live-Resin-768x512.webp",768,512,true],"large":["https:\/\/pressurezone.shop\/wp-content\/uploads\/2024\/10\/Pink-Champagne-Strain-Live-Resin-1024x683.webp",1024,683,true],"1536x1536":["https:\/\/pressurezone.shop\/wp-content\/uploads\/2024\/10\/Pink-Champagne-Strain-Live-Resin-1536x1024.webp",1536,1024,true],"2048x2048":["https:\/\/pressurezone.shop\/wp-content\/uploads\/2024\/10\/Pink-Champagne-Strain-Live-Resin.webp",2048,1365,false],"trp-custom-language-flag":["https:\/\/pressurezone.shop\/wp-content\/uploads\/2024\/10\/Pink-Champagne-Strain-Live-Resin-18x12.webp",18,12,true],"woocommerce_thumbnail":["https:\/\/pressurezone.shop\/wp-content\/uploads\/2024\/10\/Pink-Champagne-Strain-Live-Resin-300x300.webp",300,300,true],"woocommerce_single":["https:\/\/pressurezone.shop\/wp-content\/uploads\/2024\/10\/Pink-Champagne-Strain-Live-Resin-600x400.webp",600,400,true],"woocommerce_gallery_thumbnail":["https:\/\/pressurezone.shop\/wp-content\/uploads\/2024\/10\/Pink-Champagne-Strain-Live-Resin-100x100.webp",100,100,true]},"uagb_author_info":{"display_name":"pressurezone.shop","author_link":"https:\/\/pressurezone.shop\/pl\/author\/"},"uagb_comment_info":0,"uagb_excerpt":"Achetez la Pink Champagne Strain Live Resin en Ligne &#8211; Disponible en Europe D\u00e9couvrez la Pink Champagne Strain Live Resin, une r\u00e9sine live \u00e0 dominance indica (80% indica \/ 20% sativa) n\u00e9e du croisement entre les fameuses vari\u00e9t\u00e9s Ken\u2019s Granddaddy Purple et Cherry Pie. Avec ses notes de fruits rouges et son effet profond\u00e9ment relaxant,&hellip;","_links":{"self":[{"href":"https:\/\/pressurezone.shop\/pl\/wp-json\/wp\/v2\/product\/3313"}],"collection":[{"href":"https:\/\/pressurezone.shop\/pl\/wp-json\/wp\/v2\/product"}],"about":[{"href":"https:\/\/pressurezone.shop\/pl\/wp-json\/wp\/v2\/types\/product"}],"replies":[{"embeddable":true,"href":"https:\/\/pressurezone.shop\/pl\/wp-json\/wp\/v2\/comments?post=3313"}],"version-history":[{"count":3,"href":"https:\/\/pressurezone.shop\/pl\/wp-json\/wp\/v2\/product\/3313\/revisions"}],"predecessor-version":[{"id":4332,"href":"https:\/\/pressurezone.shop\/pl\/wp-json\/wp\/v2\/product\/3313\/revisions\/4332"}],"wp:featuredmedia":[{"embeddable":true,"href":"https:\/\/pressurezone.shop\/pl\/wp-json\/wp\/v2\/media\/3396"}],"wp:attachment":[{"href":"https:\/\/pressurezone.shop\/pl\/wp-json\/wp\/v2\/media?parent=3313"}],"wp:term":[{"taxonomy":"product_brand","embeddable":true,"href":"https:\/\/pressurezone.shop\/pl\/wp-json\/wp\/v2\/product_brand?post=3313"},{"taxonomy":"product_cat","embeddable":true,"href":"https:\/\/pressurezone.shop\/pl\/wp-json\/wp\/v2\/product_cat?post=3313"},{"taxonomy":"product_tag","embeddable":true,"href":"https:\/\/pressurezone.shop\/pl\/wp-json\/wp\/v2\/product_tag?post=3313"}],"curies":[{"name":"wp","href":"https:\/\/api.w.org\/{rel}","templated":true}]}}