{"id":3315,"date":"2024-10-11T00:59:18","date_gmt":"2024-10-10T22:59:18","guid":{"rendered":"https:\/\/pressurezone.shop\/?post_type=product&#038;p=3315"},"modified":"2024-11-15T21:22:01","modified_gmt":"2024-11-15T20:22:01","slug":"green-crack-shatter","status":"publish","type":"product","link":"https:\/\/pressurezone.shop\/pl\/produkt\/zielony-pekniety-odlamek\/","title":{"rendered":"Green Crack Shatter"},"content":{"rendered":"<div class=\"flex-shrink-0 flex flex-col relative items-end\">\n<div>\n<div class=\"pt-0\">\n<div class=\"gizmo-bot-avatar flex h-8 w-8 items-center justify-center overflow-hidden rounded-full\">\n<div class=\"relative p-1 rounded-sm flex items-center justify-center bg-token-main-surface-primary text-token-text-primary h-8 w-8\"><\/div>\n<\/div>\n<\/div>\n<\/div>\n<\/div>\n<div class=\"group\/conversation-turn relative flex w-full min-w-0 flex-col agent-turn\">\n<div class=\"flex-col gap-1 md:gap-3\">\n<div class=\"flex max-w-full flex-col flex-grow\">\n<div class=\"min-h-8 text-message flex w-full flex-col items-end gap-2 whitespace-normal break-words [.text-message+&amp;]:mt-5\" dir=\"auto\" data-message-author-role=\"assistant\" data-message-id=\"bd29f4a4-615a-4dc4-bffb-5b2ddae4bfb8\" data-message-model-slug=\"gpt-4o\">\n<div class=\"flex w-full flex-col gap-1 empty:hidden first:pt-[3px]\">\n<div class=\"markdown prose w-full break-words dark:prose-invert light\">\n<h3><strong>Kup Green Crack Shatter online w Europie<\/strong><\/h3>\n<p>Odkryj <strong>Green Crack Shatter<\/strong>to wyj\u0105tkowy koncentrat konopi, kt\u00f3ry uosabia energi\u0119 i kreatywno\u015b\u0107 dzi\u0119ki dominuj\u0105cemu profilowi sativy. Ten wysokiej jako\u015bci shatter pochodzi ze s\u0142ynnej <strong>Skunk #1<\/strong> poprzez selektywn\u0105 reprodukcj\u0119, oferuj\u0105c energetyzuj\u0105ce i o\u017cywcze do\u015bwiadczenie<a href=\"https:\/\/fuelpackz.com\/\" target=\"_blank\" rel=\"noopener\">.<\/a><\/p>\n<hr \/>\n<h3><strong>Dlaczego warto wybra\u0107 Green Crack Shatter?<\/strong><\/h3>\n<p>Le <strong>Green Crack Shatter<\/strong> to idealna opcja dla konsument\u00f3w poszukuj\u0105cych intensywnego haju m\u00f3zgowego i zastrzyku energii. Dzi\u0119ki proporcjom <strong>65% Sativa \/ 35% Indica<\/strong>Doskonale pobudza kreatywno\u015b\u0107 i zwi\u0119ksza produktywno\u015b\u0107 w ci\u0105gu dnia.<\/p>\n<ul>\n<li><strong>Zwi\u0119kszenie energii<\/strong> Idealny do walki ze zm\u0119czeniem i utrzymania motywacji.<\/li>\n<li><strong>Stymulacja m\u00f3zgu<\/strong> Wspomaga koncentracj\u0119 i jasno\u015b\u0107 umys\u0142u.<\/li>\n<li><strong>Konopie najwy\u017cszej jako\u015bci<\/strong> Starannie opracowany dla optymalnej czysto\u015bci i smaku.<\/li>\n<\/ul>\n<hr \/>\n<h3><strong>Efekty dzia\u0142ania Green Crack Shatter<\/strong><\/h3>\n<p>Le <strong>Green Crack Shatter<\/strong> oferuje ekscytuj\u0105ce doznania m\u00f3zgowe w po\u0142\u0105czeniu z efektami energetyzuj\u0105cymi, kt\u00f3re pomagaj\u0105 pozosta\u0107 aktywnym i produktywnym.<\/p>\n<ul>\n<li><strong>G\u0142\u00f3wne efekty<\/strong> :\n<ul>\n<li>Energia i motywacja.<\/li>\n<li>Poprawa nastroju.<\/li>\n<li>Jasno\u015b\u0107 umys\u0142u i kreatywno\u015b\u0107.<\/li>\n<\/ul>\n<\/li>\n<\/ul>\n<hr \/>\n<h3><strong>Korzy\u015bci terapeutyczne<\/strong><\/h3>\n<p>Le <strong>Green Crack Shatter<\/strong> jest ceniony za swoje w\u0142a\u015bciwo\u015bci terapeutyczne, zapewniaj\u0105c skuteczn\u0105 ulg\u0119 w r\u00f3\u017cnych dolegliwo\u015bciach:<\/p>\n<ul>\n<li><strong>Mo\u017ce z\u0142agodzi\u0107<\/strong> :\n<ul>\n<li><strong>L\u0119k i depresja<\/strong> Promuje uczucie spokoju i szcz\u0119\u015bcia.<\/li>\n<li><strong>ADHD i PTSD<\/strong> Pomaga poprawi\u0107 koncentracj\u0119 i zmniejszy\u0107 objawy zwi\u0105zane ze stresem.<\/li>\n<li><strong>Migreny<\/strong> \u0141agodzi uporczywy b\u00f3l i dyskomfort.<\/li>\n<\/ul>\n<\/li>\n<\/ul>\n<hr \/>\n<h3><strong>Smaki i aromaty Green Crack Shatter<\/strong><\/h3>\n<p>Koncentrat ten jest r\u00f3wnie\u017c ceniony za sw\u00f3j unikalny profil aromatyczny i smakowy:<\/p>\n<ul>\n<li><strong>Smaki<\/strong> Owocowy, ziemisty, s\u0142odki.<\/li>\n<li><strong>Zapachy<\/strong> Tropikalny, owocowy, pikantny.<\/li>\n<\/ul>\n<p>Jej cytrusowy smak i s\u0142odkie nuty zapewniaj\u0105 orze\u017awiaj\u0105ce doznania smakowe, idealne dla mi\u0142o\u015bnik\u00f3w wysokiej jako\u015bci konopi.<\/p>\n<hr \/>\n<h3><strong>Jak u\u017cywa\u0107 Green Crack Shatter?<\/strong><\/h3>\n<p>Wykorzystaj w pe\u0142ni zalety <strong>Green Crack Shatter<\/strong> dzi\u0119ki nast\u0119puj\u0105cym metodom konsumpcji:<\/p>\n<ol>\n<li><strong>Dab<\/strong> Wdychaj skoncentrowane chmury, aby uzyska\u0107 szybkie i mocne doznania.<\/li>\n<li><strong>Odparowanie<\/strong> Delikatny, skuteczny spos\u00f3b na cieszenie si\u0119 naturalnymi smakami.<\/li>\n<li><strong>Mix<\/strong> Dodaj go do joint\u00f3w lub blunt\u00f3w, aby zintensyfikowa\u0107 efekty.<\/li>\n<\/ol>\n<hr \/>\n<h3><strong>Dlaczego warto kupowa\u0107 w sklepie Pressure Zone Shop?<\/strong><\/h3>\n<p>Sklep na <a href=\"https:\/\/pressurezone.shop\/pl\/\" target=\"_new\" rel=\"noopener\">Sklep ze strefami ci\u015bnieniowymi<\/a> gwarantowane:<\/p>\n<ul>\n<li><strong>Najwy\u017csza jako\u015b\u0107<\/strong> Produkty przetestowane i certyfikowane pod k\u0105tem czysto\u015bci.<\/li>\n<li><strong>Dyskretna dostawa<\/strong> Szybka i bezpieczna wysy\u0142ka w dowolne miejsce w Europie.<\/li>\n<li><strong>Satysfakcja gwarantowana<\/strong> Wyj\u0105tkowa obs\u0142uga klienta spe\u0142niaj\u0105ca Twoje potrzeby.<\/li>\n<\/ul>\n<hr \/>\n<h3><strong>Zam\u00f3w Green Crack Shatter ju\u017c teraz<\/strong><\/h3>\n<p>Ulepsz swoje codzienne \u017cycie dzi\u0119ki <strong>Green Crack Shatter<\/strong>najwy\u017cszej jako\u015bci koncentrat konopi indyjskich, kt\u00f3ry b\u0119dzie Ci towarzyszy\u0142 w chwilach kreatywno\u015bci i produktywno\u015bci.<\/p>\n<p><strong>Nie przegap tej okazji<\/strong> do\u015bwiadczy\u0107 \u015bwiatowej klasy koncentratu konopi. <strong>Zam\u00f3w ju\u017c dzi\u015b<\/strong> na <a href=\"https:\/\/pressurezone.shop\/pl\/\" target=\"_new\" rel=\"noopener\">Sklep ze strefami ci\u015bnieniowymi<\/a> i otrzyma\u0107 produkt szybko i dyskretnie.<\/p>\n<\/div>\n<\/div>\n<\/div>\n<\/div>\n<\/div>\n<\/div>","protected":false},"excerpt":{"rendered":"<h4 class=\"variety\"><strong>Hybryda z dominacj\u0105 Sativy - 65% Sativa \/ 35% Indica\u00a0<\/strong><strong>THC: 82%<\/strong><\/h4>\n<p><strong>Efekty<\/strong><\/p>\n<p>M\u00f3zg, kreatywno\u015b\u0107, energia, skupienie, szcz\u0119\u015bcie<\/p>\n<p><strong>Mo\u017ce przynie\u015b\u0107 ulg\u0119<\/strong><\/p>\n<p>L\u0119k, Autyzm, Choroba afektywna dwubiegunowa, Przewlek\u0142y b\u00f3l, Depresja, Zm\u0119czenie, Utrata apetytu, Migreny, PTSD, Stres<\/p>","protected":false},"featured_media":3400,"comment_status":"closed","ping_status":"closed","template":"","meta":{"_uag_custom_page_level_css":"","site-sidebar-layout":"default","site-content-layout":"","ast-site-content-layout":"default","site-content-style":"default","site-sidebar-style":"default","ast-global-header-display":"","ast-banner-title-visibility":"","ast-main-header-display":"","ast-hfb-above-header-display":"","ast-hfb-below-header-display":"","ast-hfb-mobile-header-display":"","site-post-title":"","ast-breadcrumbs-content":"","ast-featured-img":"","footer-sml-layout":"","theme-transparent-header-meta":"default","adv-header-id-meta":"","stick-header-meta":"","header-above-stick-meta":"","header-main-stick-meta":"","header-below-stick-meta":"","astra-migrate-meta-layouts":"set","ast-page-background-enabled":"default","ast-page-background-meta":{"desktop":{"background-color":"","background-image":"","background-repeat":"repeat","background-position":"center center","background-size":"auto","background-attachment":"scroll","background-type":"","background-media":"","overlay-type":"","overlay-color":"","overlay-opacity":"","overlay-gradient":""},"tablet":{"background-color":"","background-image":"","background-repeat":"repeat","background-position":"center center","background-size":"auto","background-attachment":"scroll","background-type":"","background-media":"","overlay-type":"","overlay-color":"","overlay-opacity":"","overlay-gradient":""},"mobile":{"background-color":"","background-image":"","background-repeat":"repeat","background-position":"center center","background-size":"auto","background-attachment":"scroll","background-type":"","background-media":"","overlay-type":"","overlay-color":"","overlay-opacity":"","overlay-gradient":""}},"ast-content-background-meta":{"desktop":{"background-color":"var(--ast-global-color-5)","background-image":"","background-repeat":"repeat","background-position":"center center","background-size":"auto","background-attachment":"scroll","background-type":"","background-media":"","overlay-type":"","overlay-color":"","overlay-opacity":"","overlay-gradient":""},"tablet":{"background-color":"var(--ast-global-color-5)","background-image":"","background-repeat":"repeat","background-position":"center center","background-size":"auto","background-attachment":"scroll","background-type":"","background-media":"","overlay-type":"","overlay-color":"","overlay-opacity":"","overlay-gradient":""},"mobile":{"background-color":"var(--ast-global-color-5)","background-image":"","background-repeat":"repeat","background-position":"center center","background-size":"auto","background-attachment":"scroll","background-type":"","background-media":"","overlay-type":"","overlay-color":"","overlay-opacity":"","overlay-gradient":""}}},"product_brand":[],"product_cat":[334,436],"product_tag":[443],"class_list":{"0":"post-3315","1":"product","2":"type-product","3":"status-publish","4":"has-post-thumbnail","6":"product_cat-concentres-de-marijuana","7":"product_cat-achetez-du-shatter-dab-wax","8":"product_tag-buy-green-crack-shatter-europe","9":"desktop-align-left","10":"tablet-align-left","11":"mobile-align-left","13":"first","14":"instock","15":"shipping-taxable","16":"purchasable","17":"product-type-variable"},"uagb_featured_image_src":{"full":["https:\/\/pressurezone.shop\/wp-content\/uploads\/2024\/10\/Buy-Green-Crack-Shatter.webp",800,800,false],"thumbnail":["https:\/\/pressurezone.shop\/wp-content\/uploads\/2024\/10\/Buy-Green-Crack-Shatter-150x150.webp",150,150,true],"medium":["https:\/\/pressurezone.shop\/wp-content\/uploads\/2024\/10\/Buy-Green-Crack-Shatter-300x300.webp",300,300,true],"medium_large":["https:\/\/pressurezone.shop\/wp-content\/uploads\/2024\/10\/Buy-Green-Crack-Shatter-768x768.webp",768,768,true],"large":["https:\/\/pressurezone.shop\/wp-content\/uploads\/2024\/10\/Buy-Green-Crack-Shatter.webp",800,800,false],"1536x1536":["https:\/\/pressurezone.shop\/wp-content\/uploads\/2024\/10\/Buy-Green-Crack-Shatter.webp",800,800,false],"2048x2048":["https:\/\/pressurezone.shop\/wp-content\/uploads\/2024\/10\/Buy-Green-Crack-Shatter.webp",800,800,false],"trp-custom-language-flag":["https:\/\/pressurezone.shop\/wp-content\/uploads\/2024\/10\/Buy-Green-Crack-Shatter-12x12.webp",12,12,true],"woocommerce_thumbnail":["https:\/\/pressurezone.shop\/wp-content\/uploads\/2024\/10\/Buy-Green-Crack-Shatter-300x300.webp",300,300,true],"woocommerce_single":["https:\/\/pressurezone.shop\/wp-content\/uploads\/2024\/10\/Buy-Green-Crack-Shatter-600x600.webp",600,600,true],"woocommerce_gallery_thumbnail":["https:\/\/pressurezone.shop\/wp-content\/uploads\/2024\/10\/Buy-Green-Crack-Shatter-100x100.webp",100,100,true]},"uagb_author_info":{"display_name":"pressurezone.shop","author_link":"https:\/\/pressurezone.shop\/pl\/author\/"},"uagb_comment_info":0,"uagb_excerpt":"Sativa Dominant Hybrid \u2013 65% Sativa \/ 35% Indica |\u00a0THC: 82% Effects Cerebral, Creative, Energizing, Focus, Happy May Relieve Anxiety, Autism, Bipolar Disorder, Chronic Pain, Depression, Fatigue, Loss of Appetite, Migraines, PTSD, Stress","_links":{"self":[{"href":"https:\/\/pressurezone.shop\/pl\/wp-json\/wp\/v2\/product\/3315"}],"collection":[{"href":"https:\/\/pressurezone.shop\/pl\/wp-json\/wp\/v2\/product"}],"about":[{"href":"https:\/\/pressurezone.shop\/pl\/wp-json\/wp\/v2\/types\/product"}],"replies":[{"embeddable":true,"href":"https:\/\/pressurezone.shop\/pl\/wp-json\/wp\/v2\/comments?post=3315"}],"version-history":[{"count":3,"href":"https:\/\/pressurezone.shop\/pl\/wp-json\/wp\/v2\/product\/3315\/revisions"}],"predecessor-version":[{"id":4441,"href":"https:\/\/pressurezone.shop\/pl\/wp-json\/wp\/v2\/product\/3315\/revisions\/4441"}],"wp:featuredmedia":[{"embeddable":true,"href":"https:\/\/pressurezone.shop\/pl\/wp-json\/wp\/v2\/media\/3400"}],"wp:attachment":[{"href":"https:\/\/pressurezone.shop\/pl\/wp-json\/wp\/v2\/media?parent=3315"}],"wp:term":[{"taxonomy":"product_brand","embeddable":true,"href":"https:\/\/pressurezone.shop\/pl\/wp-json\/wp\/v2\/product_brand?post=3315"},{"taxonomy":"product_cat","embeddable":true,"href":"https:\/\/pressurezone.shop\/pl\/wp-json\/wp\/v2\/product_cat?post=3315"},{"taxonomy":"product_tag","embeddable":true,"href":"https:\/\/pressurezone.shop\/pl\/wp-json\/wp\/v2\/product_tag?post=3315"}],"curies":[{"name":"wp","href":"https:\/\/api.w.org\/{rel}","templated":true}]}}