{"id":3324,"date":"2024-10-11T00:59:43","date_gmt":"2024-10-10T22:59:43","guid":{"rendered":"https:\/\/pressurezone.shop\/?post_type=product&#038;p=3324"},"modified":"2024-11-15T21:38:15","modified_gmt":"2024-11-15T20:38:15","slug":"rockstar-house-shatter","status":"publish","type":"product","link":"https:\/\/pressurezone.shop\/pl\/produkt\/rockstar-house-shatter\/","title":{"rendered":"Rockstar House Shatter"},"content":{"rendered":"<h3><strong>Kup Rockstar House Shatter online<\/strong><\/h3>\n<p>Odkryj <strong>Rockstar House Shatter<\/strong>to pot\u0119\u017cny koncentrat konopi, kt\u00f3ry \u0142\u0105czy w sobie odpr\u0119\u017cenie cia\u0142a i eufori\u0119 m\u00f3zgu. Ten najwy\u017cszej jako\u015bci shatter pochodzi z odmiany <strong>Rockstar<\/strong>Hybryda z przewag\u0105 Indica (70% Indica \/ 30% Sativa) zrodzona ze skrzy\u017cowania s\u0142ynnych odmian <strong>Rock Bud<\/strong> i <strong>Sensi Star<\/strong><a href=\"https:\/\/fuelpackz.com\/\" target=\"_blank\" rel=\"noopener\">.<\/a><\/p>\n<hr \/>\n<h3><strong>Dlaczego warto wybra\u0107 Rockstar House Shatter?<\/strong><\/h3>\n<p>Le <strong>Rockstar House Shatter<\/strong> to idealny wyb\u00f3r dla mi\u0142o\u015bnik\u00f3w konopi poszukuj\u0105cych kompletnego i zr\u00f3wnowa\u017conego do\u015bwiadczenia. Oto dlaczego:<\/p>\n<ul>\n<li><strong>Wysoka moc i r\u00f3wnowaga<\/strong> Euforyczny przyp\u0142yw m\u00f3zgu, po kt\u00f3rym nast\u0119puje g\u0142\u0119bokie rozlu\u017anienie mi\u0119\u015bni bez nadmiernego uspokojenia.<\/li>\n<li><strong>Ulga terapeutyczna<\/strong> Idealny do zwalczania przewlek\u0142ego b\u00f3lu i napi\u0119cia mi\u0119\u015bni.<\/li>\n<li><strong>Skoncentrowana jako\u015b\u0107<\/strong> Wyprodukowana z najlepszych odmian zapewniaj\u0105cych wyj\u0105tkow\u0105 czysto\u015b\u0107 i moc.<\/li>\n<\/ul>\n<hr \/>\n<h3><strong>Efekty terapeutyczne i korzy\u015bci<\/strong><\/h3>\n<p>Le <strong>Rockstar Shatter<\/strong> oferuje pot\u0119\u017cne efekty, kt\u00f3re s\u0105 ukierunkowane zar\u00f3wno na umys\u0142, jak i cia\u0142o:<\/p>\n<ul>\n<li><strong>G\u0142\u00f3wne efekty<\/strong> :\n<ul>\n<li>Euforia i szcz\u0119\u015bcie.<\/li>\n<li>Intensywne rozlu\u017anienie mi\u0119\u015bni.<\/li>\n<li>Motywacja i aktywna tendencja.<\/li>\n<\/ul>\n<\/li>\n<li><strong>Mo\u017ce z\u0142agodzi\u0107<\/strong> :\n<ul>\n<li>Przewlek\u0142y b\u00f3l i stan zapalny.<\/li>\n<li>Skurcze i dr\u017cenie mi\u0119\u015bni.<\/li>\n<li>Umiarkowana depresja.<\/li>\n<\/ul>\n<\/li>\n<\/ul>\n<hr \/>\n<h3><strong>Smaki i aromaty Rockstar House Shatter<\/strong><\/h3>\n<p>Ciesz si\u0119 wyj\u0105tkowymi doznaniami sensorycznymi dzi\u0119ki bogatemu i zr\u00f3wnowa\u017conemu profilowi terpenowemu:<\/p>\n<ul>\n<li><strong>Smaki<\/strong> Ziemisty, pikantny, s\u0142odki.<\/li>\n<li><strong>Zapachy<\/strong> Drzewny, kwiatowy, Kush.<\/li>\n<\/ul>\n<p>Ka\u017cdy wdech to zaproszenie do podr\u00f3\u017cy pe\u0142nej dobrego samopoczucia i przyjemno\u015bci smakowych.<\/p>\n<hr \/>\n<h3><strong>Czym jest Shatter?<\/strong><\/h3>\n<p>Le <strong>Shatter<\/strong> to skoncentrowana forma konopi indyjskich wytwarzana z materia\u0142u ro\u015blinnego i rozpuszczalnik\u00f3w w celu ekstrakcji kannabinoid\u00f3w i terpen\u00f3w.<\/p>\n<ul>\n<li><strong>Cechy<\/strong> :\n<ul>\n<li>Przezroczysta, krucha tekstura.<\/li>\n<li>Kolor waha si\u0119 od jasnego miodu do ciemnego bursztynu.<\/li>\n<li>Wysokie st\u0119\u017cenie THC zapewnia silne efekty.<\/li>\n<\/ul>\n<\/li>\n<\/ul>\n<hr \/>\n<h3><strong>Jak spo\u017cywa\u0107 Rockstar House Shatter?<\/strong><\/h3>\n<p>Wykorzystaj w pe\u0142ni swoje mo\u017cliwo\u015bci <strong>Rockstar House Shatter<\/strong> dzi\u0119ki tym metodom konsumpcji:<\/p>\n<ol>\n<li><strong>Dabbing<\/strong> Idealny do szybkiego i silnego wch\u0142aniania.<\/li>\n<li><strong>Odparowanie<\/strong> Zachowuje terpeny, zapewniaj\u0105c delikatne, aromatyczne doznania.<\/li>\n<li><strong>Mix<\/strong> Dodaj go do joint\u00f3w lub blunt\u00f3w, aby uzyska\u0107 dodatkow\u0105 intensywno\u015b\u0107.<\/li>\n<\/ol>\n<hr \/>\n<h3><strong>Dlaczego warto zamawia\u0107 w sklepie Pressure Zone Shop?<\/strong><\/h3>\n<p>Przy <a href=\"https:\/\/pressurezone.shop\/pl\/\" target=\"_new\" rel=\"noopener\">Sklep ze strefami ci\u015bnieniowymi<\/a>jeste\u015bmy zobowi\u0105zani do oferowania :<\/p>\n<ul>\n<li><strong>Gwarantowana jako\u015b\u0107<\/strong> Nasze produkty s\u0105 rygorystycznie testowane pod k\u0105tem czysto\u015bci i si\u0142y dzia\u0142ania.<\/li>\n<li><strong>Dyskretna dostawa<\/strong> Otrzymuj zam\u00f3wienia szybko i poufnie.<\/li>\n<li><strong>Dedykowana obs\u0142uga klienta<\/strong> Nasz zesp\u00f3\u0142 jest tutaj, aby odpowiedzie\u0107 na wszystkie pytania.<\/li>\n<\/ul>\n<hr \/>\n<h3><strong>Zam\u00f3w Rockstar House Shatter ju\u017c teraz<\/strong><\/h3>\n<p>Nie przegap szansy na odkrycie wyj\u0105tkowego koncentratu konopi. Zam\u00f3w sw\u00f3j <strong>Rockstar House Shatter<\/strong> od dzisiaj <a href=\"https:\/\/pressurezone.shop\/pl\/\" target=\"_new\" rel=\"noopener\">Sklep ze strefami ci\u015bnieniowymi<\/a> i daj si\u0119 porwa\u0107 niezr\u00f3wnanemu do\u015bwiadczeniu relaksu i euforii.<\/p>","protected":false},"excerpt":{"rendered":"<p><strong>\u00a0Hybryda z dominacj\u0105 Indica - 70% Indica \/ 30% Sativa |\u00a0<\/strong><strong>THC: 83%<\/strong><\/p>\n<p><strong>Efekty<\/strong><\/p>\n<p>Euforia, Szcz\u0119\u015bliwy, G\u0142odny, Relaksuj\u0105cy, Senny<\/p>\n<p><strong>Mo\u017ce przynie\u015b\u0107 ulg\u0119<\/strong><\/p>\n<p>Choroba afektywna dwubiegunowa, przewlek\u0142y b\u00f3l, depresja, bezsenno\u015b\u0107, utrata apetytu, migreny, nudno\u015bci, PTSD, stres<\/p>\n<p><strong>Smaki<\/strong><\/p>\n<p>Zio\u0142owy, ostry, pikantny, s\u0142odki<\/p>\n<p><strong>Aromaty<\/strong><\/p>\n<p>Ziemisty, ostry, skunksowy, pikantny, s\u0142odki<\/p>","protected":false},"featured_media":3402,"comment_status":"closed","ping_status":"closed","template":"","meta":{"_uag_custom_page_level_css":"","site-sidebar-layout":"default","site-content-layout":"","ast-site-content-layout":"default","site-content-style":"default","site-sidebar-style":"default","ast-global-header-display":"","ast-banner-title-visibility":"","ast-main-header-display":"","ast-hfb-above-header-display":"","ast-hfb-below-header-display":"","ast-hfb-mobile-header-display":"","site-post-title":"","ast-breadcrumbs-content":"","ast-featured-img":"","footer-sml-layout":"","theme-transparent-header-meta":"default","adv-header-id-meta":"","stick-header-meta":"","header-above-stick-meta":"","header-main-stick-meta":"","header-below-stick-meta":"","astra-migrate-meta-layouts":"set","ast-page-background-enabled":"default","ast-page-background-meta":{"desktop":{"background-color":"","background-image":"","background-repeat":"repeat","background-position":"center center","background-size":"auto","background-attachment":"scroll","background-type":"","background-media":"","overlay-type":"","overlay-color":"","overlay-opacity":"","overlay-gradient":""},"tablet":{"background-color":"","background-image":"","background-repeat":"repeat","background-position":"center center","background-size":"auto","background-attachment":"scroll","background-type":"","background-media":"","overlay-type":"","overlay-color":"","overlay-opacity":"","overlay-gradient":""},"mobile":{"background-color":"","background-image":"","background-repeat":"repeat","background-position":"center center","background-size":"auto","background-attachment":"scroll","background-type":"","background-media":"","overlay-type":"","overlay-color":"","overlay-opacity":"","overlay-gradient":""}},"ast-content-background-meta":{"desktop":{"background-color":"var(--ast-global-color-5)","background-image":"","background-repeat":"repeat","background-position":"center center","background-size":"auto","background-attachment":"scroll","background-type":"","background-media":"","overlay-type":"","overlay-color":"","overlay-opacity":"","overlay-gradient":""},"tablet":{"background-color":"var(--ast-global-color-5)","background-image":"","background-repeat":"repeat","background-position":"center center","background-size":"auto","background-attachment":"scroll","background-type":"","background-media":"","overlay-type":"","overlay-color":"","overlay-opacity":"","overlay-gradient":""},"mobile":{"background-color":"var(--ast-global-color-5)","background-image":"","background-repeat":"repeat","background-position":"center center","background-size":"auto","background-attachment":"scroll","background-type":"","background-media":"","overlay-type":"","overlay-color":"","overlay-opacity":"","overlay-gradient":""}}},"product_brand":[],"product_cat":[334,436],"product_tag":[444,445],"class_list":{"0":"post-3324","1":"product","2":"type-product","3":"status-publish","4":"has-post-thumbnail","6":"product_cat-concentres-de-marijuana","7":"product_cat-achetez-du-shatter-dab-wax","8":"product_tag-buy-rockstar-house-shatter-europe","9":"product_tag-thc-cannabis-shatter-for-sale-europe","10":"desktop-align-left","11":"tablet-align-left","12":"mobile-align-left","14":"first","15":"instock","16":"shipping-taxable","17":"purchasable","18":"product-type-variable"},"uagb_featured_image_src":{"full":["https:\/\/pressurezone.shop\/wp-content\/uploads\/2024\/10\/Buy-Rockstar-House-Shatter.webp",800,800,false],"thumbnail":["https:\/\/pressurezone.shop\/wp-content\/uploads\/2024\/10\/Buy-Rockstar-House-Shatter-150x150.webp",150,150,true],"medium":["https:\/\/pressurezone.shop\/wp-content\/uploads\/2024\/10\/Buy-Rockstar-House-Shatter-300x300.webp",300,300,true],"medium_large":["https:\/\/pressurezone.shop\/wp-content\/uploads\/2024\/10\/Buy-Rockstar-House-Shatter-768x768.webp",768,768,true],"large":["https:\/\/pressurezone.shop\/wp-content\/uploads\/2024\/10\/Buy-Rockstar-House-Shatter.webp",800,800,false],"1536x1536":["https:\/\/pressurezone.shop\/wp-content\/uploads\/2024\/10\/Buy-Rockstar-House-Shatter.webp",800,800,false],"2048x2048":["https:\/\/pressurezone.shop\/wp-content\/uploads\/2024\/10\/Buy-Rockstar-House-Shatter.webp",800,800,false],"trp-custom-language-flag":["https:\/\/pressurezone.shop\/wp-content\/uploads\/2024\/10\/Buy-Rockstar-House-Shatter-12x12.webp",12,12,true],"woocommerce_thumbnail":["https:\/\/pressurezone.shop\/wp-content\/uploads\/2024\/10\/Buy-Rockstar-House-Shatter-300x300.webp",300,300,true],"woocommerce_single":["https:\/\/pressurezone.shop\/wp-content\/uploads\/2024\/10\/Buy-Rockstar-House-Shatter-600x600.webp",600,600,true],"woocommerce_gallery_thumbnail":["https:\/\/pressurezone.shop\/wp-content\/uploads\/2024\/10\/Buy-Rockstar-House-Shatter-100x100.webp",100,100,true]},"uagb_author_info":{"display_name":"pressurezone.shop","author_link":"https:\/\/pressurezone.shop\/pl\/author\/"},"uagb_comment_info":0,"uagb_excerpt":"\u00a0Indica Dominant Hybrid \u2013 70% Indica \/ 30% Sativa |\u00a0THC: 83% Effects Euphoria, Happy, Hungry, Relaxing, Sleepy May Relieve Bipolar Disorder, Chronic Pain, Depression, Insomnia, Loss of Appetite, Migraines, Nausea, PTSD, Stress Flavours Herbal, Skunky, Spicy, Sweet Aromas Earthy, Pungent, Skunky, Spicy, Sweet","_links":{"self":[{"href":"https:\/\/pressurezone.shop\/pl\/wp-json\/wp\/v2\/product\/3324"}],"collection":[{"href":"https:\/\/pressurezone.shop\/pl\/wp-json\/wp\/v2\/product"}],"about":[{"href":"https:\/\/pressurezone.shop\/pl\/wp-json\/wp\/v2\/types\/product"}],"replies":[{"embeddable":true,"href":"https:\/\/pressurezone.shop\/pl\/wp-json\/wp\/v2\/comments?post=3324"}],"version-history":[{"count":3,"href":"https:\/\/pressurezone.shop\/pl\/wp-json\/wp\/v2\/product\/3324\/revisions"}],"predecessor-version":[{"id":4457,"href":"https:\/\/pressurezone.shop\/pl\/wp-json\/wp\/v2\/product\/3324\/revisions\/4457"}],"wp:featuredmedia":[{"embeddable":true,"href":"https:\/\/pressurezone.shop\/pl\/wp-json\/wp\/v2\/media\/3402"}],"wp:attachment":[{"href":"https:\/\/pressurezone.shop\/pl\/wp-json\/wp\/v2\/media?parent=3324"}],"wp:term":[{"taxonomy":"product_brand","embeddable":true,"href":"https:\/\/pressurezone.shop\/pl\/wp-json\/wp\/v2\/product_brand?post=3324"},{"taxonomy":"product_cat","embeddable":true,"href":"https:\/\/pressurezone.shop\/pl\/wp-json\/wp\/v2\/product_cat?post=3324"},{"taxonomy":"product_tag","embeddable":true,"href":"https:\/\/pressurezone.shop\/pl\/wp-json\/wp\/v2\/product_tag?post=3324"}],"curies":[{"name":"wp","href":"https:\/\/api.w.org\/{rel}","templated":true}]}}