{"id":3326,"date":"2024-10-11T00:59:43","date_gmt":"2024-10-10T22:59:43","guid":{"rendered":"https:\/\/pressurezone.shop\/?post_type=product&#038;p=3326"},"modified":"2024-11-15T22:25:18","modified_gmt":"2024-11-15T21:25:18","slug":"purple-candy-house-shatter","status":"publish","type":"product","link":"https:\/\/pressurezone.shop\/pl\/produkt\/fioletowy-cukierek-domowy-shatter\/","title":{"rendered":"Purple Candy House Shatter"},"content":{"rendered":"<div class=\"flex-shrink-0 flex flex-col relative items-end\">\n<div>\n<div class=\"pt-0\">\n<div class=\"gizmo-bot-avatar flex h-8 w-8 items-center justify-center overflow-hidden rounded-full\">\n<div class=\"relative p-1 rounded-sm flex items-center justify-center bg-token-main-surface-primary text-token-text-primary h-8 w-8\"><\/div>\n<\/div>\n<\/div>\n<\/div>\n<\/div>\n<div class=\"group\/conversation-turn relative flex w-full min-w-0 flex-col agent-turn\">\n<div class=\"flex-col gap-1 md:gap-3\">\n<div class=\"flex max-w-full flex-col flex-grow\">\n<div class=\"min-h-8 text-message flex w-full flex-col items-end gap-2 whitespace-normal break-words [.text-message+&amp;]:mt-5\" dir=\"auto\" data-message-author-role=\"assistant\" data-message-id=\"8000dc6d-a591-43a6-9864-74dc7ef5f0f1\" data-message-model-slug=\"gpt-4o\">\n<div class=\"flex w-full flex-col gap-1 empty:hidden first:pt-[3px]\">\n<div class=\"markdown prose w-full break-words dark:prose-invert light\">\n<h3><strong>Kup online Purple Candy House Shatter<\/strong><\/h3>\n<p>Odkryj idealn\u0105 r\u00f3wnowag\u0119 mi\u0119dzy relaksem a eufori\u0105 dzi\u0119ki <strong>Purple Candy House Shatter<\/strong>najwy\u017cszej jako\u015bci koncentrat konopi indyjskich. To wyj\u0105tkowe dzie\u0142o jest tajemnicz\u0105 krzy\u017c\u00f3wk\u0105 <strong>BC Sweet Tooth<\/strong> i kalifornijski klasyk <strong>Mendocino Purps<\/strong>dzi\u0119ki czemu produkt ten jest niezb\u0119dnym wyborem dla os\u00f3b poszukuj\u0105cych smacznych, koj\u0105cych dozna\u0144.<\/p>\n<hr \/>\n<h3><strong>Dlaczego warto wybra\u0107 Purple Candy House Shatter?<\/strong><\/h3>\n<p>Purple Candy House Shatter wyr\u00f3\u017cnia si\u0119 tym, \u017ce zapewnia g\u0142\u0119boki relaks, jednocze\u015bnie poprawiaj\u0105c nastr\u00f3j i dodaj\u0105c euforycznej energii. Oto korzy\u015bci:<\/p>\n<ul>\n<li><strong>Pyszne smaki<\/strong> Nieodparte po\u0142\u0105czenie s\u0142odkich rodzynek i miodu w ka\u017cdym ptysiu.<\/li>\n<li><strong>Pot\u0119\u017cne efekty<\/strong> Idealny na wieczorne wyj\u015bcie, znany z wywo\u0142ywania intensywnego relaksu i efektu \"blokady kanapy\".<\/li>\n<li><strong>Najwy\u017csza jako\u015b\u0107<\/strong> Wykonana z najwy\u017cszej jako\u015bci konopi, idealna na relaks po d\u0142ugim dniu.<a href=\"https:\/\/fuelpackz.com\/\" target=\"_blank\" rel=\"noopener\">.<\/a><\/li>\n<\/ul>\n<hr \/>\n<h3><strong>Efekty i korzy\u015bci<\/strong><\/h3>\n<h4><strong>Efekty<\/strong> :<\/h4>\n<ul>\n<li>G\u0142\u0119boki relaks cia\u0142a<\/li>\n<li>Pobudzaj\u0105ca euforia<\/li>\n<li>Pok\u00f3j i szcz\u0119\u015bcie<\/li>\n<\/ul>\n<h4><strong>Mo\u017ce z\u0142agodzi\u0107<\/strong> :<\/h4>\n<ul>\n<li>Niepok\u00f3j i stres<\/li>\n<li>Depresja<\/li>\n<li>Zm\u0119czenie<\/li>\n<li>Migreny i inne b\u00f3le g\u0142owy<\/li>\n<li>Bezsenno\u015b\u0107<\/li>\n<\/ul>\n<hr \/>\n<h3><strong>Smaki i aromaty<\/strong><\/h3>\n<ul>\n<li><strong>Smaki<\/strong> Winogrono, Mi\u00f3d, S\u0142odki<\/li>\n<li><strong>Zapachy<\/strong> Owocowy, ziemisty, s\u0142odki<\/li>\n<\/ul>\n<p>Delektuj si\u0119 bogatym, s\u0142odkim smakiem <strong>Fioletowy cukierek<\/strong>koncentrat, kt\u00f3ry oferuje wyj\u0105tkowe doznania sensoryczne przy ka\u017cdej inhalacji.<\/p>\n<hr \/>\n<h3><strong>Czym jest Shatter?<\/strong><\/h3>\n<p>Le <strong>Shatter<\/strong> to silny koncentrat konopi indyjskich, znany ze szklanej konsystencji i wysokiego poziomu THC. Oferuje szybko dzia\u0142aj\u0105ce efekty i jest idealny dla os\u00f3b poszukuj\u0105cych intensywnych dozna\u0144 zwi\u0105zanych z konopiami indyjskimi.<\/p>\n<ul>\n<li><strong>Wygl\u0105d<\/strong> Przezroczysty z bursztynowym odcieniem.<\/li>\n<li><strong>Sp\u00f3jno\u015b\u0107<\/strong> Nie\u0142amliwy i \u0142atwy w obs\u0142udze do nak\u0142adania lub rozpylania.<\/li>\n<li><strong>Wszechstronno\u015b\u0107<\/strong> Idealny do dabbingu, spryskiwania lub intensyfikowania ulubionych kwiat\u00f3w.<\/li>\n<\/ul>\n<hr \/>\n<h3><strong>Jak korzysta\u0107 z Purple Candy House Shatter<\/strong><\/h3>\n<ol>\n<li><strong>Dabbing<\/strong> Ciesz si\u0119 wszystkimi smakami i efektami dzi\u0119ki platformie dab.<\/li>\n<li><strong>Odparowanie<\/strong> Dodaj go do waporyzatora, aby uzyska\u0107 s\u0142odkie, pikantne zaci\u0105gni\u0119cia.<\/li>\n<li><strong>Kwiaty wzmacniaj\u0105ce<\/strong> Posyp nim swojego jointa lub misk\u0119, aby wzmocni\u0107 doznania.<\/li>\n<\/ol>\n<hr \/>\n<h3><strong>Efekty uboczne do rozwa\u017cenia<\/strong><\/h3>\n<p>Chocia\u017c <strong>Purple Candy Shatter<\/strong> oferuje relaksuj\u0105cy i przyjemny haj, wa\u017cne jest, aby pami\u0119ta\u0107 o potencjalnych skutkach ubocznych:<\/p>\n<ul>\n<li>Cz\u0119sto: sucho\u015b\u0107 w ustach, zaczerwienienie oczu<\/li>\n<li>Rzadziej: b\u00f3l g\u0142owy, zawroty g\u0142owy, paranoja<\/li>\n<\/ul>\n<hr \/>\n<h3><strong>Dlaczego warto kupowa\u0107 w sklepie Pressure Zone Shop?<\/strong><\/h3>\n<p>Przy <a href=\"https:\/\/pressurezone.shop\/pl\/\" target=\"_new\" rel=\"noopener\">Sklep ze strefami ci\u015bnieniowymi<\/a>Zapewniamy, \u017ce ka\u017cdy produkt spe\u0142nia najwy\u017csze standardy jako\u015bci i satysfakcji.<\/p>\n<ul>\n<li><strong>Jako\u015b\u0107 testowana laboratoryjnie<\/strong> Gwarantowana czysto\u015b\u0107 i moc.<\/li>\n<li><strong>Dyskretna dostawa<\/strong> Pakowane z poszanowaniem prywatno\u015bci u\u017cytkownika.<\/li>\n<li><strong>Zaufanie naszych klient\u00f3w<\/strong> Do\u0142\u0105cz do naszej rosn\u0105cej spo\u0142eczno\u015bci zadowolonych klient\u00f3w.<\/li>\n<\/ul>\n<hr \/>\n<h3><strong>Zam\u00f3w Purple Candy House Shatter ju\u017c teraz<\/strong><\/h3>\n<p>Popraw sw\u00f3j relaks dzi\u0119ki <strong>Purple Candy House Shatter<\/strong>. Niezale\u017cnie od tego, czy chcesz zmniejszy\u0107 stres, czy cieszy\u0107 si\u0119 koj\u0105cym wieczorem, ten koncentrat spe\u0142ni wszystkie Twoje oczekiwania.<\/p>\n<p>Zam\u00f3w ju\u017c dzi\u015b w <a href=\"https:\/\/pressurezone.shop\/pl\/\" target=\"_new\" rel=\"noopener\">Sklep ze strefami ci\u015bnieniowymi<\/a> i odkryj najlepsze koncentraty konopi indyjskich.<\/p>\n<\/div>\n<\/div>\n<\/div>\n<\/div>\n<\/div>\n<\/div>","protected":false},"excerpt":{"rendered":"<h4 class=\"variety\"><b>(AAA) | Hybryda - 50% Sativa \/ 50% Indica\u00a0<\/b><strong>THC: 82%<\/strong><\/h4>\n<p><strong>Efekty<\/strong><\/p>\n<p>Euforia, Szcz\u0119\u015bliwy, G\u0142odny, Relaksuj\u0105cy, Senny<\/p>\n<p><strong>Mo\u017ce przynie\u015b\u0107 ulg\u0119<\/strong><\/p>\n<p>L\u0119k, zapalenie staw\u00f3w, przewlek\u0142y b\u00f3l, depresja, zm\u0119czenie, b\u00f3le g\u0142owy, bezsenno\u015b\u0107, utrata apetytu, migreny, stres<\/p>\n<p><strong>Smaki<\/strong><\/p>\n<p>Jagodowy, Cukierkowy, Winogronowy, Miodowy, S\u0142odki<\/p>\n<p><strong>Aromaty<\/strong><\/p>\n<p>Winogronowy, ostry, s\u0142odki<\/p>","protected":false},"featured_media":3406,"comment_status":"closed","ping_status":"closed","template":"","meta":{"_uag_custom_page_level_css":"","site-sidebar-layout":"default","site-content-layout":"","ast-site-content-layout":"default","site-content-style":"default","site-sidebar-style":"default","ast-global-header-display":"","ast-banner-title-visibility":"","ast-main-header-display":"","ast-hfb-above-header-display":"","ast-hfb-below-header-display":"","ast-hfb-mobile-header-display":"","site-post-title":"","ast-breadcrumbs-content":"","ast-featured-img":"","footer-sml-layout":"","theme-transparent-header-meta":"default","adv-header-id-meta":"","stick-header-meta":"","header-above-stick-meta":"","header-main-stick-meta":"","header-below-stick-meta":"","astra-migrate-meta-layouts":"set","ast-page-background-enabled":"default","ast-page-background-meta":{"desktop":{"background-color":"","background-image":"","background-repeat":"repeat","background-position":"center center","background-size":"auto","background-attachment":"scroll","background-type":"","background-media":"","overlay-type":"","overlay-color":"","overlay-opacity":"","overlay-gradient":""},"tablet":{"background-color":"","background-image":"","background-repeat":"repeat","background-position":"center center","background-size":"auto","background-attachment":"scroll","background-type":"","background-media":"","overlay-type":"","overlay-color":"","overlay-opacity":"","overlay-gradient":""},"mobile":{"background-color":"","background-image":"","background-repeat":"repeat","background-position":"center center","background-size":"auto","background-attachment":"scroll","background-type":"","background-media":"","overlay-type":"","overlay-color":"","overlay-opacity":"","overlay-gradient":""}},"ast-content-background-meta":{"desktop":{"background-color":"var(--ast-global-color-5)","background-image":"","background-repeat":"repeat","background-position":"center center","background-size":"auto","background-attachment":"scroll","background-type":"","background-media":"","overlay-type":"","overlay-color":"","overlay-opacity":"","overlay-gradient":""},"tablet":{"background-color":"var(--ast-global-color-5)","background-image":"","background-repeat":"repeat","background-position":"center center","background-size":"auto","background-attachment":"scroll","background-type":"","background-media":"","overlay-type":"","overlay-color":"","overlay-opacity":"","overlay-gradient":""},"mobile":{"background-color":"var(--ast-global-color-5)","background-image":"","background-repeat":"repeat","background-position":"center center","background-size":"auto","background-attachment":"scroll","background-type":"","background-media":"","overlay-type":"","overlay-color":"","overlay-opacity":"","overlay-gradient":""}}},"product_brand":[],"product_cat":[334,436],"product_tag":[447],"class_list":{"0":"post-3326","1":"product","2":"type-product","3":"status-publish","4":"has-post-thumbnail","6":"product_cat-concentres-de-marijuana","7":"product_cat-achetez-du-shatter-dab-wax","8":"product_tag-order-purple-candy-house-shatter-europe","9":"desktop-align-left","10":"tablet-align-left","11":"mobile-align-left","13":"first","14":"instock","15":"shipping-taxable","16":"purchasable","17":"product-type-variable"},"uagb_featured_image_src":{"full":["https:\/\/pressurezone.shop\/wp-content\/uploads\/2024\/10\/Purple-Candy-House-Shatter.webp",700,800,false],"thumbnail":["https:\/\/pressurezone.shop\/wp-content\/uploads\/2024\/10\/Purple-Candy-House-Shatter-150x150.webp",150,150,true],"medium":["https:\/\/pressurezone.shop\/wp-content\/uploads\/2024\/10\/Purple-Candy-House-Shatter-263x300.webp",263,300,true],"medium_large":["https:\/\/pressurezone.shop\/wp-content\/uploads\/2024\/10\/Purple-Candy-House-Shatter.webp",700,800,false],"large":["https:\/\/pressurezone.shop\/wp-content\/uploads\/2024\/10\/Purple-Candy-House-Shatter.webp",700,800,false],"1536x1536":["https:\/\/pressurezone.shop\/wp-content\/uploads\/2024\/10\/Purple-Candy-House-Shatter.webp",700,800,false],"2048x2048":["https:\/\/pressurezone.shop\/wp-content\/uploads\/2024\/10\/Purple-Candy-House-Shatter.webp",700,800,false],"trp-custom-language-flag":["https:\/\/pressurezone.shop\/wp-content\/uploads\/2024\/10\/Purple-Candy-House-Shatter-11x12.webp",11,12,true],"woocommerce_thumbnail":["https:\/\/pressurezone.shop\/wp-content\/uploads\/2024\/10\/Purple-Candy-House-Shatter-300x300.webp",300,300,true],"woocommerce_single":["https:\/\/pressurezone.shop\/wp-content\/uploads\/2024\/10\/Purple-Candy-House-Shatter-600x686.webp",600,686,true],"woocommerce_gallery_thumbnail":["https:\/\/pressurezone.shop\/wp-content\/uploads\/2024\/10\/Purple-Candy-House-Shatter-100x100.webp",100,100,true]},"uagb_author_info":{"display_name":"pressurezone.shop","author_link":"https:\/\/pressurezone.shop\/pl\/author\/"},"uagb_comment_info":0,"uagb_excerpt":"(AAA) | Hybrid \u2013 50% Sativa \/ 50% Indica |\u00a0THC: 82% Effects Euphoria, Happy, Hungry, Relaxing, Sleepy May Relieve Anxiety, Arthritis, Chronic Pain, Depression, Fatigue, Headaches, Insomnia, Loss of Appetite, Migraines, Stress Flavors Berry, Candy, Grape, Honey, Sweet Aromas Grape, Pungent, Sweet","_links":{"self":[{"href":"https:\/\/pressurezone.shop\/pl\/wp-json\/wp\/v2\/product\/3326"}],"collection":[{"href":"https:\/\/pressurezone.shop\/pl\/wp-json\/wp\/v2\/product"}],"about":[{"href":"https:\/\/pressurezone.shop\/pl\/wp-json\/wp\/v2\/types\/product"}],"replies":[{"embeddable":true,"href":"https:\/\/pressurezone.shop\/pl\/wp-json\/wp\/v2\/comments?post=3326"}],"version-history":[{"count":3,"href":"https:\/\/pressurezone.shop\/pl\/wp-json\/wp\/v2\/product\/3326\/revisions"}],"predecessor-version":[{"id":4513,"href":"https:\/\/pressurezone.shop\/pl\/wp-json\/wp\/v2\/product\/3326\/revisions\/4513"}],"wp:featuredmedia":[{"embeddable":true,"href":"https:\/\/pressurezone.shop\/pl\/wp-json\/wp\/v2\/media\/3406"}],"wp:attachment":[{"href":"https:\/\/pressurezone.shop\/pl\/wp-json\/wp\/v2\/media?parent=3326"}],"wp:term":[{"taxonomy":"product_brand","embeddable":true,"href":"https:\/\/pressurezone.shop\/pl\/wp-json\/wp\/v2\/product_brand?post=3326"},{"taxonomy":"product_cat","embeddable":true,"href":"https:\/\/pressurezone.shop\/pl\/wp-json\/wp\/v2\/product_cat?post=3326"},{"taxonomy":"product_tag","embeddable":true,"href":"https:\/\/pressurezone.shop\/pl\/wp-json\/wp\/v2\/product_tag?post=3326"}],"curies":[{"name":"wp","href":"https:\/\/api.w.org\/{rel}","templated":true}]}}