{"id":3327,"date":"2024-10-11T00:59:43","date_gmt":"2024-10-10T22:59:43","guid":{"rendered":"https:\/\/pressurezone.shop\/?post_type=product&#038;p=3327"},"modified":"2024-11-15T22:30:23","modified_gmt":"2024-11-15T21:30:23","slug":"white-widow-cannabis-shatter","status":"publish","type":"product","link":"https:\/\/pressurezone.shop\/pl\/produkt\/white-widow-cannabis-shatter\/","title":{"rendered":"White Widow Cannabis Shatter"},"content":{"rendered":"<div class=\"flex-shrink-0 flex flex-col relative items-end\">\n<div>\n<div class=\"pt-0\">\n<div class=\"gizmo-bot-avatar flex h-8 w-8 items-center justify-center overflow-hidden rounded-full\">\n<div class=\"relative p-1 rounded-sm flex items-center justify-center bg-token-main-surface-primary text-token-text-primary h-8 w-8\"><\/div>\n<\/div>\n<\/div>\n<\/div>\n<\/div>\n<div class=\"group\/conversation-turn relative flex w-full min-w-0 flex-col agent-turn\">\n<div class=\"flex-col gap-1 md:gap-3\">\n<div class=\"flex max-w-full flex-col flex-grow\">\n<div class=\"min-h-8 text-message flex w-full flex-col items-end gap-2 whitespace-normal break-words [.text-message+&amp;]:mt-5\" dir=\"auto\" data-message-author-role=\"assistant\" data-message-id=\"51fb3176-7635-44f2-a860-d5aef4284893\" data-message-model-slug=\"gpt-4o\">\n<div class=\"flex w-full flex-col gap-1 empty:hidden first:pt-[3px]\">\n<div class=\"markdown prose w-full break-words dark:prose-invert light\">\n<h3><strong>Kup White Widow Cannabis Shatter online<\/strong><\/h3>\n<p>Odkryj legendarne <strong>White Widow Cannabis Shatter<\/strong>hybrydowa odmiana, kt\u00f3ra zafascynowa\u0142a mi\u0142o\u015bnik\u00f3w konopi na ca\u0142ym \u015bwiecie, odk\u0105d pojawi\u0142a si\u0119 po raz pierwszy na pocz\u0105tku lat 90-tych. Ten kultowy szczep sta\u0142 si\u0119 podstaw\u0105 w amsterdamskich kawiarniach, zwi\u0119kszaj\u0105c swoj\u0105 popularno\u015b\u0107 dzi\u0119ki odniesieniom w programach takich jak <em>Chwasty<\/em> i przemys\u0142 rapowy.<\/p>\n<hr \/>\n<h3><strong>Dlaczego warto wybra\u0107 White Widow Cannabis Shatter?<\/strong><\/h3>\n<p>Le <strong>White Widow Cannabis Shatter<\/strong> to pozycja obowi\u0105zkowa dla tych, kt\u00f3rzy szukaj\u0105 zr\u00f3wnowa\u017conych i mocnych wra\u017ce\u0144. Oto dlaczego:<\/p>\n<ul>\n<li><strong>Klasyczne pochodzenie<\/strong> Doskona\u0142a mieszanka brazylijskiej sativy i po\u0142udniowoindyjskiej indiki, ze stosunkiem sativa\/indica wynosz\u0105cym 60:40.<\/li>\n<li><strong>Efekt poznawczy<\/strong> Znany ze swojego kreatywnego i stymuluj\u0105cego m\u00f3zg dzia\u0142ania.<\/li>\n<li><strong>Wyj\u0105tkowa jako\u015b\u0107<\/strong> Przekszta\u0142cony, aby zaoferowa\u0107 mi\u0142o\u015bnikom marihuany czysty, mocny shatter<a href=\"https:\/\/fuelpackz.com\/\" target=\"_blank\" rel=\"noopener\">.<\/a><\/li>\n<\/ul>\n<hr \/>\n<h3><strong>Efekty i korzy\u015bci<\/strong><\/h3>\n<h4><strong>Efekty<\/strong> :<\/h4>\n<ul>\n<li>Uniesienie i euforia<\/li>\n<li>Jasno\u015b\u0107 umys\u0142u z odrobin\u0105 relaksu<\/li>\n<li>Wspomaga koncentracj\u0119 i kreatywno\u015b\u0107<\/li>\n<\/ul>\n<h4><strong>Mo\u017ce z\u0142agodzi\u0107<\/strong> :<\/h4>\n<ul>\n<li>Niepok\u00f3j i stres<\/li>\n<li>Przewlek\u0142y b\u00f3l i zm\u0119czenie<\/li>\n<li>Depresja i zaburzenia nastroju<\/li>\n<li>Migreny i b\u00f3le g\u0142owy<\/li>\n<\/ul>\n<hr \/>\n<h3><strong>Profil smak\u00f3w i aromat\u00f3w<\/strong><\/h3>\n<ul>\n<li><strong>Smaki<\/strong> Ziemisty, sosnowy, s\u0142odki, cytrusowy<\/li>\n<li><strong>Zapachy<\/strong> zio\u0142owy, korzenny, drzewny<\/li>\n<\/ul>\n<p>Delektuj si\u0119 ziemistymi, cytrynowymi niuansami, kt\u00f3re sprawiaj\u0105, \u017ce <strong>White Widow Cannabis Shatter<\/strong> ponadczasowy faworyt w\u015br\u00f3d koneser\u00f3w marihuany.<\/p>\n<hr \/>\n<h3><strong>Czym jest Shatter?<\/strong><\/h3>\n<p>Le <strong>Shatter<\/strong> to najwy\u017cszej jako\u015bci koncentrat konopi indyjskich znany z p\u00f3\u0142przezroczystej, szklanej konsystencji i wysokiej zawarto\u015bci THC. Produkowany jest przy u\u017cyciu zaawansowanych technik ekstrakcji, gwarantuj\u0105cych maksymaln\u0105 czysto\u015b\u0107 i moc.<\/p>\n<ul>\n<li><strong>Wygl\u0105d<\/strong> Skoncentrowany, jasnobursztynowy.<\/li>\n<li><strong>U\u017cycie<\/strong> Idealny do dabbingu, spryskiwania lub wzbogacania kwiat\u00f3w.<\/li>\n<\/ul>\n<hr \/>\n<h3><strong>Jak stosowa\u0107 White Widow Cannabis Shatter?<\/strong><\/h3>\n<ol>\n<li><strong>Dabbing<\/strong> Czyste i smaczne inhalacje zapewniaj\u0105 urz\u0105dzenia typu dab rig.<\/li>\n<li><strong>Odparowanie<\/strong> Dodaj go do urz\u0105dzenia vape, aby uzyska\u0107 g\u0142adkie, pot\u0119\u017cne chmury.<\/li>\n<li><strong>Ulepsz swoje kwiaty<\/strong> Dosyp troch\u0119 do jointa lub miski, aby wzmocni\u0107 doznania.<\/li>\n<\/ol>\n<hr \/>\n<h3><strong>Dlaczego warto wybra\u0107 sklep Pressure Zone Shop?<\/strong><\/h3>\n<p>Przy <a href=\"https:\/\/pressurezone.shop\/pl\/\" target=\"_new\" rel=\"noopener\">Sklep ze strefami ci\u015bnieniowymi<\/a>Z dum\u0105 oferujemy najwy\u017cszej jako\u015bci produkty z konopi indyjskich.<\/p>\n<ul>\n<li><strong>Jako\u015b\u0107 testowana laboratoryjnie<\/strong> Czysto\u015b\u0107 i moc gwarantowana w ka\u017cdej partii.<\/li>\n<li><strong>Dyskretna wysy\u0142ka<\/strong> Bezpieczna i prywatna dostawa na terenie ca\u0142ej Europy.<\/li>\n<li><strong>Zadowolenie klienta<\/strong> Do\u0142\u0105cz do naszej rosn\u0105cej spo\u0142eczno\u015bci zadowolonych klient\u00f3w.<\/li>\n<\/ul>\n<hr \/>\n<h3><strong>Zam\u00f3w White Widow Cannabis Shatter ju\u017c dzi\u015b<\/strong><\/h3>\n<p>Odkryj ponadczasowy urok <strong>White Widow Cannabis Shatter<\/strong>. Niezale\u017cnie od tego, czy chcesz si\u0119 zrelaksowa\u0107, czy pobudzi\u0107 swoj\u0105 kreatywno\u015b\u0107, ta odmiana oferuje idealn\u0105 r\u00f3wnowag\u0119 mi\u0119dzy relaksem a stymulacj\u0105 umys\u0142ow\u0105.<\/p>\n<p><strong>Nie czekaj d\u0142u\u017cej<\/strong>-zam\u00f3w teraz na <a href=\"https:\/\/pressurezone.shop\/pl\/\" target=\"_new\" rel=\"noopener\">Sklep ze strefami ci\u015bnieniowymi<\/a> i zwi\u0119ksz swoje do\u015bwiadczenie z marihuan\u0105 ju\u017c dzi\u015b!<\/p>\n<\/div>\n<\/div>\n<\/div>\n<\/div>\n<\/div>\n<\/div>","protected":false},"excerpt":{"rendered":"<p>Achetez White Widow Cannabis Shatter en Ligne D\u00e9couvrez le l\u00e9gendaire White Widow Cannabis Shatter, une vari\u00e9t\u00e9 hybride qui fascine les amateurs de cannabis du monde entier depuis son apparition au d\u00e9but des ann\u00e9es 90. Cette vari\u00e9t\u00e9 embl\u00e9matique est devenue un incontournable dans les coffee shops d&rsquo;Amsterdam, renfor\u00e7ant sa popularit\u00e9 gr\u00e2ce \u00e0 des r\u00e9f\u00e9rences dans des [&hellip;]<\/p>","protected":false},"featured_media":3415,"comment_status":"closed","ping_status":"closed","template":"","meta":{"_uag_custom_page_level_css":"","site-sidebar-layout":"default","site-content-layout":"","ast-site-content-layout":"default","site-content-style":"default","site-sidebar-style":"default","ast-global-header-display":"","ast-banner-title-visibility":"","ast-main-header-display":"","ast-hfb-above-header-display":"","ast-hfb-below-header-display":"","ast-hfb-mobile-header-display":"","site-post-title":"","ast-breadcrumbs-content":"","ast-featured-img":"","footer-sml-layout":"","theme-transparent-header-meta":"default","adv-header-id-meta":"","stick-header-meta":"","header-above-stick-meta":"","header-main-stick-meta":"","header-below-stick-meta":"","astra-migrate-meta-layouts":"set","ast-page-background-enabled":"default","ast-page-background-meta":{"desktop":{"background-color":"","background-image":"","background-repeat":"repeat","background-position":"center center","background-size":"auto","background-attachment":"scroll","background-type":"","background-media":"","overlay-type":"","overlay-color":"","overlay-opacity":"","overlay-gradient":""},"tablet":{"background-color":"","background-image":"","background-repeat":"repeat","background-position":"center center","background-size":"auto","background-attachment":"scroll","background-type":"","background-media":"","overlay-type":"","overlay-color":"","overlay-opacity":"","overlay-gradient":""},"mobile":{"background-color":"","background-image":"","background-repeat":"repeat","background-position":"center center","background-size":"auto","background-attachment":"scroll","background-type":"","background-media":"","overlay-type":"","overlay-color":"","overlay-opacity":"","overlay-gradient":""}},"ast-content-background-meta":{"desktop":{"background-color":"var(--ast-global-color-5)","background-image":"","background-repeat":"repeat","background-position":"center center","background-size":"auto","background-attachment":"scroll","background-type":"","background-media":"","overlay-type":"","overlay-color":"","overlay-opacity":"","overlay-gradient":""},"tablet":{"background-color":"var(--ast-global-color-5)","background-image":"","background-repeat":"repeat","background-position":"center center","background-size":"auto","background-attachment":"scroll","background-type":"","background-media":"","overlay-type":"","overlay-color":"","overlay-opacity":"","overlay-gradient":""},"mobile":{"background-color":"var(--ast-global-color-5)","background-image":"","background-repeat":"repeat","background-position":"center center","background-size":"auto","background-attachment":"scroll","background-type":"","background-media":"","overlay-type":"","overlay-color":"","overlay-opacity":"","overlay-gradient":""}}},"product_brand":[],"product_cat":[334,436],"product_tag":[448],"class_list":{"0":"post-3327","1":"product","2":"type-product","3":"status-publish","4":"has-post-thumbnail","6":"product_cat-concentres-de-marijuana","7":"product_cat-achetez-du-shatter-dab-wax","8":"product_tag-white-widow-cannabis-shatter-europe","9":"desktop-align-left","10":"tablet-align-left","11":"mobile-align-left","13":"first","14":"instock","15":"shipping-taxable","16":"purchasable","17":"product-type-variable"},"uagb_featured_image_src":{"full":["https:\/\/pressurezone.shop\/wp-content\/uploads\/2024\/10\/White-Widow-Cannabis-Shatter.jpg",1000,1000,false],"thumbnail":["https:\/\/pressurezone.shop\/wp-content\/uploads\/2024\/10\/White-Widow-Cannabis-Shatter-150x150.jpg",150,150,true],"medium":["https:\/\/pressurezone.shop\/wp-content\/uploads\/2024\/10\/White-Widow-Cannabis-Shatter-300x300.jpg",300,300,true],"medium_large":["https:\/\/pressurezone.shop\/wp-content\/uploads\/2024\/10\/White-Widow-Cannabis-Shatter-768x768.jpg",768,768,true],"large":["https:\/\/pressurezone.shop\/wp-content\/uploads\/2024\/10\/White-Widow-Cannabis-Shatter.jpg",1000,1000,false],"1536x1536":["https:\/\/pressurezone.shop\/wp-content\/uploads\/2024\/10\/White-Widow-Cannabis-Shatter.jpg",1000,1000,false],"2048x2048":["https:\/\/pressurezone.shop\/wp-content\/uploads\/2024\/10\/White-Widow-Cannabis-Shatter.jpg",1000,1000,false],"trp-custom-language-flag":["https:\/\/pressurezone.shop\/wp-content\/uploads\/2024\/10\/White-Widow-Cannabis-Shatter-12x12.jpg",12,12,true],"woocommerce_thumbnail":["https:\/\/pressurezone.shop\/wp-content\/uploads\/2024\/10\/White-Widow-Cannabis-Shatter-300x300.jpg",300,300,true],"woocommerce_single":["https:\/\/pressurezone.shop\/wp-content\/uploads\/2024\/10\/White-Widow-Cannabis-Shatter-600x600.jpg",600,600,true],"woocommerce_gallery_thumbnail":["https:\/\/pressurezone.shop\/wp-content\/uploads\/2024\/10\/White-Widow-Cannabis-Shatter-100x100.jpg",100,100,true]},"uagb_author_info":{"display_name":"pressurezone.shop","author_link":"https:\/\/pressurezone.shop\/pl\/author\/"},"uagb_comment_info":0,"uagb_excerpt":"Achetez White Widow Cannabis Shatter en Ligne D\u00e9couvrez le l\u00e9gendaire White Widow Cannabis Shatter, une vari\u00e9t\u00e9 hybride qui fascine les amateurs de cannabis du monde entier depuis son apparition au d\u00e9but des ann\u00e9es 90. Cette vari\u00e9t\u00e9 embl\u00e9matique est devenue un incontournable dans les coffee shops d&rsquo;Amsterdam, renfor\u00e7ant sa popularit\u00e9 gr\u00e2ce \u00e0 des r\u00e9f\u00e9rences dans des&hellip;","_links":{"self":[{"href":"https:\/\/pressurezone.shop\/pl\/wp-json\/wp\/v2\/product\/3327"}],"collection":[{"href":"https:\/\/pressurezone.shop\/pl\/wp-json\/wp\/v2\/product"}],"about":[{"href":"https:\/\/pressurezone.shop\/pl\/wp-json\/wp\/v2\/types\/product"}],"replies":[{"embeddable":true,"href":"https:\/\/pressurezone.shop\/pl\/wp-json\/wp\/v2\/comments?post=3327"}],"version-history":[{"count":3,"href":"https:\/\/pressurezone.shop\/pl\/wp-json\/wp\/v2\/product\/3327\/revisions"}],"predecessor-version":[{"id":4521,"href":"https:\/\/pressurezone.shop\/pl\/wp-json\/wp\/v2\/product\/3327\/revisions\/4521"}],"wp:featuredmedia":[{"embeddable":true,"href":"https:\/\/pressurezone.shop\/pl\/wp-json\/wp\/v2\/media\/3415"}],"wp:attachment":[{"href":"https:\/\/pressurezone.shop\/pl\/wp-json\/wp\/v2\/media?parent=3327"}],"wp:term":[{"taxonomy":"product_brand","embeddable":true,"href":"https:\/\/pressurezone.shop\/pl\/wp-json\/wp\/v2\/product_brand?post=3327"},{"taxonomy":"product_cat","embeddable":true,"href":"https:\/\/pressurezone.shop\/pl\/wp-json\/wp\/v2\/product_cat?post=3327"},{"taxonomy":"product_tag","embeddable":true,"href":"https:\/\/pressurezone.shop\/pl\/wp-json\/wp\/v2\/product_tag?post=3327"}],"curies":[{"name":"wp","href":"https:\/\/api.w.org\/{rel}","templated":true}]}}