{"id":3336,"date":"2024-10-11T01:00:10","date_gmt":"2024-10-10T23:00:10","guid":{"rendered":"https:\/\/pressurezone.shop\/?post_type=product&#038;p=3336"},"modified":"2024-11-15T21:42:39","modified_gmt":"2024-11-15T20:42:39","slug":"strawberry-og-shatter","status":"publish","type":"product","link":"https:\/\/pressurezone.shop\/pl\/produkt\/truskawka-og-shatter\/","title":{"rendered":"Strawberry OG Shatter"},"content":{"rendered":"<h3><strong>Kup Strawberry OG Shatter online\u00a0<\/strong><\/h3>\n<p>Odkryj <strong>Strawberry OG Shatter<\/strong>najwy\u017cszej jako\u015bci koncentrat konopi, kt\u00f3ry \u0142\u0105czy s\u0142odycz truskawek z moc\u0105 legendarnych odmian. <strong>Bruce Banner #3<\/strong> i <strong>SFV OG<\/strong>. Ten shatter z dominacj\u0105 Indica (85% Indica \/ 15% Sativa) oferuje wyj\u0105tkowe doznania, idealne dla mi\u0142o\u015bnik\u00f3w intensywnego relaksu i dobrego samopoczucia.<\/p>\n<hr \/>\n<h3><strong>Dlaczego warto wybra\u0107 Strawberry OG Shatter?<\/strong><\/h3>\n<p>Le <strong>Strawberry OG Shatter<\/strong> zosta\u0142 zaprojektowany, aby oferowa\u0107 idealne po\u0142\u0105czenie s\u0142odkich aromat\u00f3w i relaksuj\u0105cych efekt\u00f3w. Oto, co czyni j\u0105 wyj\u0105tkow\u0105:<\/p>\n<ul>\n<li><strong>Zr\u00f3wnowa\u017cone efekty<\/strong> Delikatny przyp\u0142yw euforii, po kt\u00f3rym nast\u0119puje g\u0142\u0119bokie fizyczne odpr\u0119\u017cenie.<\/li>\n<li><strong>Ulga terapeutyczna<\/strong> Idealny do \u0142agodzenia bezsenno\u015bci i przewlek\u0142ego b\u00f3lu.<\/li>\n<li><strong>Koncentrat Premium<\/strong> Wyprodukowany z renomowanych odmian zapewniaj\u0105cych niezr\u00f3wnan\u0105 moc i smak<a href=\"https:\/\/fuelpackz.com\/\" target=\"_blank\" rel=\"noopener\">.<\/a><\/li>\n<\/ul>\n<hr \/>\n<h3><strong>Efekty terapeutyczne i korzy\u015bci<\/strong><\/h3>\n<p>Le <strong>Strawberry OG Shatter<\/strong> ma dzia\u0142anie ukierunkowane zar\u00f3wno na umys\u0142, jak i cia\u0142o:<\/p>\n<ul>\n<li><strong>G\u0142\u00f3wne efekty<\/strong> :\n<ul>\n<li>\u0141agodna euforia i odpr\u0119\u017cenie.<\/li>\n<li>Przyjemne mrowienie za oczami i w g\u0142owie.<\/li>\n<li>Uczucie spokoju i pogody ducha.<\/li>\n<\/ul>\n<\/li>\n<li><strong>Mo\u017ce z\u0142agodzi\u0107<\/strong> :\n<ul>\n<li>Bezsenno\u015b\u0107 i zaburzenia snu.<\/li>\n<li>Migreny i b\u00f3le g\u0142owy.<\/li>\n<li>Skurcze mi\u0119\u015bni i chroniczny niepok\u00f3j.<\/li>\n<\/ul>\n<\/li>\n<\/ul>\n<hr \/>\n<h3><strong>Smaki i aromaty Strawberry OG Shatter<\/strong><\/h3>\n<p>Wyj\u0105tkowe do\u015bwiadczenie sensoryczne \u0142\u0105cz\u0105ce delikatno\u015b\u0107 i intensywno\u015b\u0107:<\/p>\n<ul>\n<li><strong>Smaki<\/strong> Truskawkowy, ziemisty, Kush.<\/li>\n<li><strong>Zapachy<\/strong> Owocowy, s\u0142odki, pikantny.<\/li>\n<\/ul>\n<p>Ka\u017cda inhalacja to eksplozja s\u0142odkich smak\u00f3w, przenosz\u0105ca w \u015bwiat absolutnego relaksu.<\/p>\n<hr \/>\n<h3><strong>Czym jest Shatter?<\/strong><\/h3>\n<p>Le <strong>Shatter<\/strong> to czysty koncentrat konopi indyjskich, s\u0142yn\u0105cy z p\u00f3\u0142przezroczystego wygl\u0105du i wysokiej mocy.<\/p>\n<ul>\n<li><strong>Cechy<\/strong> :\n<ul>\n<li>Krucha, krystaliczna tekstura.<\/li>\n<li>Wysokie st\u0119\u017cenie THC zapewnia silne efekty.<\/li>\n<li>\u0141atwy w u\u017cyciu z r\u00f3\u017cnymi urz\u0105dzeniami konsumenckimi.<\/li>\n<\/ul>\n<\/li>\n<\/ul>\n<hr \/>\n<h3><strong>Jak u\u017cywa\u0107 Strawberry OG Shatter?<\/strong><\/h3>\n<p>Wykorzystaj w pe\u0142ni swoje mo\u017cliwo\u015bci <strong>Strawberry OG Shatter<\/strong> przy u\u017cyciu tych prostych metod:<\/p>\n<ol>\n<li><strong>Dabbing<\/strong> Szybkie i intensywne do\u015bwiadczenie.<\/li>\n<li><strong>Odparowanie<\/strong> Zachowuje terpeny dla optymalnego smaku.<\/li>\n<li><strong>Mix<\/strong> Dodaj go do joint\u00f3w lub blunt\u00f3w, aby uzyska\u0107 dodatkow\u0105 intensywno\u015b\u0107.<\/li>\n<\/ol>\n<hr \/>\n<h3><strong>Dlaczego warto zamawia\u0107 w sklepie Pressure Zone Shop?<\/strong><\/h3>\n<p>Przy <a href=\"https:\/\/pressurezone.shop\/pl\/\" target=\"_new\" rel=\"noopener\">Sklep ze strefami ci\u015bnieniowymi<\/a>gwarantujemy :<\/p>\n<ul>\n<li><strong>Najwy\u017csza jako\u015b\u0107<\/strong> Nasze produkty s\u0105 testowane pod k\u0105tem czysto\u015bci i mocy.<\/li>\n<li><strong>Szybka i dyskretna dostawa<\/strong> Otrzymuj zam\u00f3wienia z zachowaniem pe\u0142nej poufno\u015bci.<\/li>\n<li><strong>Zadowolenie klienta<\/strong> Nasz zesp\u00f3\u0142 dok\u0142ada wszelkich stara\u0144, aby zapewni\u0107 u\u017cytkownikom jak najlepsze wra\u017cenia.<\/li>\n<\/ul>\n<hr \/>\n<h3><strong>Zam\u00f3w Strawberry OG Shatter ju\u017c teraz<\/strong><\/h3>\n<p>Nie przegap tej okazji, aby odkry\u0107 wyj\u0105tkowy koncentrat konopi. Zam\u00f3w sw\u00f3j <strong>Strawberry OG Shatter<\/strong> od dzisiaj <a href=\"https:\/\/pressurezone.shop\/pl\/\" target=\"_new\" rel=\"noopener\">Sklep ze strefami ci\u015bnieniowymi<\/a> i zanurz si\u0119 w doskona\u0142ym do\u015bwiadczeniu relaksu.<\/p>","protected":false},"excerpt":{"rendered":"<p>Achetez Strawberry OG Shatter en Ligne\u00a0 D\u00e9couvrez le Strawberry OG Shatter, un concentr\u00e9 de cannabis de qualit\u00e9 sup\u00e9rieure qui associe la douceur des fraises \u00e0 la puissance des vari\u00e9t\u00e9s l\u00e9gendaires Bruce Banner #3 et SFV OG. Ce shatter \u00e0 dominance indica (85% Indica \/ 15% Sativa) offre une exp\u00e9rience unique, parfaite pour les amateurs de [&hellip;]<\/p>","protected":false},"featured_media":3417,"comment_status":"closed","ping_status":"closed","template":"","meta":{"_uag_custom_page_level_css":"","site-sidebar-layout":"default","site-content-layout":"","ast-site-content-layout":"default","site-content-style":"default","site-sidebar-style":"default","ast-global-header-display":"","ast-banner-title-visibility":"","ast-main-header-display":"","ast-hfb-above-header-display":"","ast-hfb-below-header-display":"","ast-hfb-mobile-header-display":"","site-post-title":"","ast-breadcrumbs-content":"","ast-featured-img":"","footer-sml-layout":"","theme-transparent-header-meta":"default","adv-header-id-meta":"","stick-header-meta":"","header-above-stick-meta":"","header-main-stick-meta":"","header-below-stick-meta":"","astra-migrate-meta-layouts":"set","ast-page-background-enabled":"default","ast-page-background-meta":{"desktop":{"background-color":"","background-image":"","background-repeat":"repeat","background-position":"center center","background-size":"auto","background-attachment":"scroll","background-type":"","background-media":"","overlay-type":"","overlay-color":"","overlay-opacity":"","overlay-gradient":""},"tablet":{"background-color":"","background-image":"","background-repeat":"repeat","background-position":"center center","background-size":"auto","background-attachment":"scroll","background-type":"","background-media":"","overlay-type":"","overlay-color":"","overlay-opacity":"","overlay-gradient":""},"mobile":{"background-color":"","background-image":"","background-repeat":"repeat","background-position":"center center","background-size":"auto","background-attachment":"scroll","background-type":"","background-media":"","overlay-type":"","overlay-color":"","overlay-opacity":"","overlay-gradient":""}},"ast-content-background-meta":{"desktop":{"background-color":"var(--ast-global-color-5)","background-image":"","background-repeat":"repeat","background-position":"center center","background-size":"auto","background-attachment":"scroll","background-type":"","background-media":"","overlay-type":"","overlay-color":"","overlay-opacity":"","overlay-gradient":""},"tablet":{"background-color":"var(--ast-global-color-5)","background-image":"","background-repeat":"repeat","background-position":"center center","background-size":"auto","background-attachment":"scroll","background-type":"","background-media":"","overlay-type":"","overlay-color":"","overlay-opacity":"","overlay-gradient":""},"mobile":{"background-color":"var(--ast-global-color-5)","background-image":"","background-repeat":"repeat","background-position":"center center","background-size":"auto","background-attachment":"scroll","background-type":"","background-media":"","overlay-type":"","overlay-color":"","overlay-opacity":"","overlay-gradient":""}}},"product_brand":[],"product_cat":[334,436],"product_tag":[449],"class_list":{"0":"post-3336","1":"product","2":"type-product","3":"status-publish","4":"has-post-thumbnail","6":"product_cat-concentres-de-marijuana","7":"product_cat-achetez-du-shatter-dab-wax","8":"product_tag-buy-strawberry-og-shatter-europe","9":"desktop-align-left","10":"tablet-align-left","11":"mobile-align-left","13":"first","14":"instock","15":"shipping-taxable","16":"purchasable","17":"product-type-variable"},"uagb_featured_image_src":{"full":["https:\/\/pressurezone.shop\/wp-content\/uploads\/2024\/10\/Buy-Strawberry-OG-Shatter.jpg",1000,1000,false],"thumbnail":["https:\/\/pressurezone.shop\/wp-content\/uploads\/2024\/10\/Buy-Strawberry-OG-Shatter-150x150.jpg",150,150,true],"medium":["https:\/\/pressurezone.shop\/wp-content\/uploads\/2024\/10\/Buy-Strawberry-OG-Shatter-300x300.jpg",300,300,true],"medium_large":["https:\/\/pressurezone.shop\/wp-content\/uploads\/2024\/10\/Buy-Strawberry-OG-Shatter-768x768.jpg",768,768,true],"large":["https:\/\/pressurezone.shop\/wp-content\/uploads\/2024\/10\/Buy-Strawberry-OG-Shatter.jpg",1000,1000,false],"1536x1536":["https:\/\/pressurezone.shop\/wp-content\/uploads\/2024\/10\/Buy-Strawberry-OG-Shatter.jpg",1000,1000,false],"2048x2048":["https:\/\/pressurezone.shop\/wp-content\/uploads\/2024\/10\/Buy-Strawberry-OG-Shatter.jpg",1000,1000,false],"trp-custom-language-flag":["https:\/\/pressurezone.shop\/wp-content\/uploads\/2024\/10\/Buy-Strawberry-OG-Shatter-12x12.jpg",12,12,true],"woocommerce_thumbnail":["https:\/\/pressurezone.shop\/wp-content\/uploads\/2024\/10\/Buy-Strawberry-OG-Shatter-300x300.jpg",300,300,true],"woocommerce_single":["https:\/\/pressurezone.shop\/wp-content\/uploads\/2024\/10\/Buy-Strawberry-OG-Shatter-600x600.jpg",600,600,true],"woocommerce_gallery_thumbnail":["https:\/\/pressurezone.shop\/wp-content\/uploads\/2024\/10\/Buy-Strawberry-OG-Shatter-100x100.jpg",100,100,true]},"uagb_author_info":{"display_name":"pressurezone.shop","author_link":"https:\/\/pressurezone.shop\/pl\/author\/"},"uagb_comment_info":0,"uagb_excerpt":"Achetez Strawberry OG Shatter en Ligne\u00a0 D\u00e9couvrez le Strawberry OG Shatter, un concentr\u00e9 de cannabis de qualit\u00e9 sup\u00e9rieure qui associe la douceur des fraises \u00e0 la puissance des vari\u00e9t\u00e9s l\u00e9gendaires Bruce Banner #3 et SFV OG. Ce shatter \u00e0 dominance indica (85% Indica \/ 15% Sativa) offre une exp\u00e9rience unique, parfaite pour les amateurs de&hellip;","_links":{"self":[{"href":"https:\/\/pressurezone.shop\/pl\/wp-json\/wp\/v2\/product\/3336"}],"collection":[{"href":"https:\/\/pressurezone.shop\/pl\/wp-json\/wp\/v2\/product"}],"about":[{"href":"https:\/\/pressurezone.shop\/pl\/wp-json\/wp\/v2\/types\/product"}],"replies":[{"embeddable":true,"href":"https:\/\/pressurezone.shop\/pl\/wp-json\/wp\/v2\/comments?post=3336"}],"version-history":[{"count":3,"href":"https:\/\/pressurezone.shop\/pl\/wp-json\/wp\/v2\/product\/3336\/revisions"}],"predecessor-version":[{"id":4465,"href":"https:\/\/pressurezone.shop\/pl\/wp-json\/wp\/v2\/product\/3336\/revisions\/4465"}],"wp:featuredmedia":[{"embeddable":true,"href":"https:\/\/pressurezone.shop\/pl\/wp-json\/wp\/v2\/media\/3417"}],"wp:attachment":[{"href":"https:\/\/pressurezone.shop\/pl\/wp-json\/wp\/v2\/media?parent=3336"}],"wp:term":[{"taxonomy":"product_brand","embeddable":true,"href":"https:\/\/pressurezone.shop\/pl\/wp-json\/wp\/v2\/product_brand?post=3336"},{"taxonomy":"product_cat","embeddable":true,"href":"https:\/\/pressurezone.shop\/pl\/wp-json\/wp\/v2\/product_cat?post=3336"},{"taxonomy":"product_tag","embeddable":true,"href":"https:\/\/pressurezone.shop\/pl\/wp-json\/wp\/v2\/product_tag?post=3336"}],"curies":[{"name":"wp","href":"https:\/\/api.w.org\/{rel}","templated":true}]}}