{"id":3338,"date":"2024-10-11T01:00:10","date_gmt":"2024-10-10T23:00:10","guid":{"rendered":"https:\/\/pressurezone.shop\/?post_type=product&#038;p=3338"},"modified":"2024-11-15T22:01:23","modified_gmt":"2024-11-15T21:01:23","slug":"achetez-la-confidential-shatter-eu","status":"publish","type":"product","link":"https:\/\/pressurezone.shop\/pl\/produkt\/buy-confidential-shatter-eu\/","title":{"rendered":"LA Confidential Shatter EU"},"content":{"rendered":"<h3><strong>Kup online LA Confidential Shatter EU<\/strong><\/h3>\n<p><strong>LA Confidential Shatter EU<\/strong> jest wysoko cenionym koncentratem z <strong>LA Confidential<\/strong>dominuj\u0105ca indica (95% indica\/5% sativa) b\u0119d\u0105ca wynikiem krzy\u017c\u00f3wki legendarnej <strong>Afganistan<\/strong> i <strong>California Indica<\/strong>. Ten niezwykle mocny shatter zosta\u0142 zaprojektowany, aby zapewni\u0107 g\u0142\u0119boki relaks i d\u0142ugotrwa\u0142\u0105 ulg\u0119, idealn\u0105 zar\u00f3wno dla pacjent\u00f3w, jak i entuzjast\u00f3w konopi.<\/p>\n<hr \/>\n<h3><strong>Dlaczego warto wybra\u0107 LA Confidential Shatter EU?<\/strong><\/h3>\n<p><strong>LA Confidential Shatter EU<\/strong> \u0142\u0105czy pot\u0119\u017cne efekty z wyj\u0105tkow\u0105 jako\u015bci\u0105, dzi\u0119ki czemu jest idealnym wyborem zar\u00f3wno do cel\u00f3w medycznych, jak i rekreacyjnych<a href=\"https:\/\/fuelpackz.com\/\" target=\"_blank\" rel=\"noopener\">.<\/a><\/p>\n<ul>\n<li><strong>Efekty g\u0142\u0119bokie<\/strong> Uczucie spokoju, kt\u00f3re uspokaja umys\u0142 i relaksuje cia\u0142o.<\/li>\n<li><strong>Wysoka moc<\/strong> Przy \u015brednim poziomie THC wynosz\u0105cym od 26 do 30%, shatter ten oferuje niezr\u00f3wnane doznania.<\/li>\n<li><strong>Wysokiej jako\u015bci<\/strong> Stworzona z kwiat\u00f3w AAA, ka\u017cda partia jest starannie ekstrahowana, aby zagwarantowa\u0107 maksymaln\u0105 czysto\u015b\u0107.<\/li>\n<\/ul>\n<hr \/>\n<h3><strong>Efekty terapeutyczne i korzy\u015bci<\/strong><\/h3>\n<p>Skutki <strong>LA Confidential Shatter<\/strong> Stopniowo narastaj\u0105, oferuj\u0105c koj\u0105ce doznania idealne do relaksu po d\u0142ugim dniu.<\/p>\n<h4><strong>Efekty :<\/strong><\/h4>\n<ul>\n<li>G\u0142\u0119boki relaks<\/li>\n<li>Spok\u00f3j psychiczny<\/li>\n<li>Lekko rozgrzewaj\u0105ce uczucie<\/li>\n<\/ul>\n<h4><strong>Mo\u017ce odci\u0105\u017cy\u0107 :<\/strong><\/h4>\n<ul>\n<li>Przewlek\u0142y b\u00f3l<\/li>\n<li>Bezsenno\u015b\u0107<\/li>\n<li>Stres i niepok\u00f3j<\/li>\n<li>Depresja i wahania nastroju<\/li>\n<\/ul>\n<hr \/>\n<h3><strong>Smak i aromat<\/strong><\/h3>\n<p>Profil smakowy i zapachowy <strong>LA Confidential Shatter EU<\/strong> jest r\u00f3wnie imponuj\u0105ca jak jej efekty:<\/p>\n<ul>\n<li><strong>Smaki<\/strong> Korzenny, sosnowy, zio\u0142owy.<\/li>\n<li><strong>Zapachy<\/strong> Ziemisty, korzenny, drzewny.<\/li>\n<\/ul>\n<hr \/>\n<h3><strong>Czym jest Shatter?<\/strong><\/h3>\n<p>Le <strong>roztrzaskany<\/strong> to skoncentrowana forma marihuany wyr\u00f3\u017cniaj\u0105ca si\u0119 szklistym wygl\u0105dem i wyj\u0105tkow\u0105 moc\u0105. Koncentrat ten jest wytwarzany przy u\u017cyciu rygorystycznego procesu ekstrakcji, kt\u00f3ry zachowuje terpeny i kannabinoidy, gwarantuj\u0105c czyste i mocne doznania.<\/p>\n<hr \/>\n<h3><strong>Jak korzysta\u0107 z Confidential Shatter<\/strong><\/h3>\n<p>Odkryj najlepsze sposoby na cieszenie si\u0119 <strong>LA Confidential Shatter<\/strong> :<\/p>\n<ol>\n<li><strong>Dabbing<\/strong> Zapewnia szybkie i intensywne efekty.<\/li>\n<li><strong>Odparowanie<\/strong> Zachowaj terpeny i ciesz si\u0119 \u0142agodnymi doznaniami.<\/li>\n<li><strong>Wsp\u00f3lna poprawa<\/strong> Dodaj niewielk\u0105 ilo\u015b\u0107 do kwiat\u00f3w, aby zintensyfikowa\u0107 sesje.<\/li>\n<\/ol>\n<hr \/>\n<h3><strong>Dlaczego warto kupowa\u0107 w sklepie Pressure Zone Shop?<\/strong><\/h3>\n<p>Przy <a href=\"https:\/\/pressurezone.shop\/pl\/\" target=\"_new\" rel=\"noopener\">Sklep ze strefami ci\u015bnieniowymi<\/a>Naszym celem jest dostarczanie najlepszych koncentrat\u00f3w konopi indyjskich z nienagann\u0105 obs\u0142ug\u0105 klienta.<\/p>\n<ul>\n<li><strong>Certyfikowane produkty<\/strong> Testowany laboratoryjnie w celu zagwarantowania czysto\u015bci i skuteczno\u015bci.<\/li>\n<li><strong>Dyskretna dostawa<\/strong> Zam\u00f3w z pe\u0142nym zaufaniem i szybk\u0105, poufn\u0105 wysy\u0142k\u0105.<\/li>\n<li><strong>Dedykowana obs\u0142uga klienta<\/strong> Zesp\u00f3\u0142 do us\u0142ug, aby spe\u0142ni\u0107 wszystkie Twoje potrzeby.<\/li>\n<\/ul>\n<hr \/>\n<h3><strong>Zam\u00f3w LA Confidential Shatter EU ju\u017c teraz<\/strong><\/h3>\n<p>Nie przegap okazji, aby odkry\u0107 jeden z najpopularniejszych i najskuteczniejszych koncentrat\u00f3w konopi. <strong>Kup LA Confidential Shatter EU<\/strong> od dzisiaj <a href=\"https:\/\/pressurezone.shop\/pl\/\" target=\"_new\" rel=\"noopener\">Sklep ze strefami ci\u015bnieniowymi<\/a> i ciesz si\u0119 doskona\u0142ym relaksem.<\/p>","protected":false},"excerpt":{"rendered":"<p>Achetez LA Confidential Shatter EU en Ligne LA Confidential Shatter EU est un concentr\u00e9 hautement appr\u00e9ci\u00e9 issu de la vari\u00e9t\u00e9 LA Confidential, une indica dominante (95% indica\/5% sativa) r\u00e9sultant d&rsquo;un croisement entre les l\u00e9gendaires Afghani et California Indica. Ce shatter ultra-puissant est con\u00e7u pour offrir une relaxation profonde et un soulagement durable, id\u00e9al pour les [&hellip;]<\/p>","protected":false},"featured_media":3421,"comment_status":"closed","ping_status":"closed","template":"","meta":{"_uag_custom_page_level_css":"","site-sidebar-layout":"default","site-content-layout":"","ast-site-content-layout":"default","site-content-style":"default","site-sidebar-style":"default","ast-global-header-display":"","ast-banner-title-visibility":"","ast-main-header-display":"","ast-hfb-above-header-display":"","ast-hfb-below-header-display":"","ast-hfb-mobile-header-display":"","site-post-title":"","ast-breadcrumbs-content":"","ast-featured-img":"","footer-sml-layout":"","theme-transparent-header-meta":"default","adv-header-id-meta":"","stick-header-meta":"","header-above-stick-meta":"","header-main-stick-meta":"","header-below-stick-meta":"","astra-migrate-meta-layouts":"set","ast-page-background-enabled":"default","ast-page-background-meta":{"desktop":{"background-color":"","background-image":"","background-repeat":"repeat","background-position":"center center","background-size":"auto","background-attachment":"scroll","background-type":"","background-media":"","overlay-type":"","overlay-color":"","overlay-opacity":"","overlay-gradient":""},"tablet":{"background-color":"","background-image":"","background-repeat":"repeat","background-position":"center center","background-size":"auto","background-attachment":"scroll","background-type":"","background-media":"","overlay-type":"","overlay-color":"","overlay-opacity":"","overlay-gradient":""},"mobile":{"background-color":"","background-image":"","background-repeat":"repeat","background-position":"center center","background-size":"auto","background-attachment":"scroll","background-type":"","background-media":"","overlay-type":"","overlay-color":"","overlay-opacity":"","overlay-gradient":""}},"ast-content-background-meta":{"desktop":{"background-color":"var(--ast-global-color-5)","background-image":"","background-repeat":"repeat","background-position":"center center","background-size":"auto","background-attachment":"scroll","background-type":"","background-media":"","overlay-type":"","overlay-color":"","overlay-opacity":"","overlay-gradient":""},"tablet":{"background-color":"var(--ast-global-color-5)","background-image":"","background-repeat":"repeat","background-position":"center center","background-size":"auto","background-attachment":"scroll","background-type":"","background-media":"","overlay-type":"","overlay-color":"","overlay-opacity":"","overlay-gradient":""},"mobile":{"background-color":"var(--ast-global-color-5)","background-image":"","background-repeat":"repeat","background-position":"center center","background-size":"auto","background-attachment":"scroll","background-type":"","background-media":"","overlay-type":"","overlay-color":"","overlay-opacity":"","overlay-gradient":""}}},"product_brand":[],"product_cat":[334,436],"product_tag":[451],"class_list":{"0":"post-3338","1":"product","2":"type-product","3":"status-publish","4":"has-post-thumbnail","6":"product_cat-concentres-de-marijuana","7":"product_cat-achetez-du-shatter-dab-wax","8":"product_tag-buy-la-confidential-shatter-eu","9":"desktop-align-left","10":"tablet-align-left","11":"mobile-align-left","13":"first","14":"instock","15":"shipping-taxable","16":"purchasable","17":"product-type-variable"},"uagb_featured_image_src":{"full":["https:\/\/pressurezone.shop\/wp-content\/uploads\/2024\/10\/LA-Confidential-Shatter-EU.jpg",1000,1000,false],"thumbnail":["https:\/\/pressurezone.shop\/wp-content\/uploads\/2024\/10\/LA-Confidential-Shatter-EU-150x150.jpg",150,150,true],"medium":["https:\/\/pressurezone.shop\/wp-content\/uploads\/2024\/10\/LA-Confidential-Shatter-EU-300x300.jpg",300,300,true],"medium_large":["https:\/\/pressurezone.shop\/wp-content\/uploads\/2024\/10\/LA-Confidential-Shatter-EU-768x768.jpg",768,768,true],"large":["https:\/\/pressurezone.shop\/wp-content\/uploads\/2024\/10\/LA-Confidential-Shatter-EU.jpg",1000,1000,false],"1536x1536":["https:\/\/pressurezone.shop\/wp-content\/uploads\/2024\/10\/LA-Confidential-Shatter-EU.jpg",1000,1000,false],"2048x2048":["https:\/\/pressurezone.shop\/wp-content\/uploads\/2024\/10\/LA-Confidential-Shatter-EU.jpg",1000,1000,false],"trp-custom-language-flag":["https:\/\/pressurezone.shop\/wp-content\/uploads\/2024\/10\/LA-Confidential-Shatter-EU-12x12.jpg",12,12,true],"woocommerce_thumbnail":["https:\/\/pressurezone.shop\/wp-content\/uploads\/2024\/10\/LA-Confidential-Shatter-EU-300x300.jpg",300,300,true],"woocommerce_single":["https:\/\/pressurezone.shop\/wp-content\/uploads\/2024\/10\/LA-Confidential-Shatter-EU-600x600.jpg",600,600,true],"woocommerce_gallery_thumbnail":["https:\/\/pressurezone.shop\/wp-content\/uploads\/2024\/10\/LA-Confidential-Shatter-EU-100x100.jpg",100,100,true]},"uagb_author_info":{"display_name":"pressurezone.shop","author_link":"https:\/\/pressurezone.shop\/pl\/author\/"},"uagb_comment_info":0,"uagb_excerpt":"Achetez LA Confidential Shatter EU en Ligne LA Confidential Shatter EU est un concentr\u00e9 hautement appr\u00e9ci\u00e9 issu de la vari\u00e9t\u00e9 LA Confidential, une indica dominante (95% indica\/5% sativa) r\u00e9sultant d&rsquo;un croisement entre les l\u00e9gendaires Afghani et California Indica. Ce shatter ultra-puissant est con\u00e7u pour offrir une relaxation profonde et un soulagement durable, id\u00e9al pour les&hellip;","_links":{"self":[{"href":"https:\/\/pressurezone.shop\/pl\/wp-json\/wp\/v2\/product\/3338"}],"collection":[{"href":"https:\/\/pressurezone.shop\/pl\/wp-json\/wp\/v2\/product"}],"about":[{"href":"https:\/\/pressurezone.shop\/pl\/wp-json\/wp\/v2\/types\/product"}],"replies":[{"embeddable":true,"href":"https:\/\/pressurezone.shop\/pl\/wp-json\/wp\/v2\/comments?post=3338"}],"version-history":[{"count":3,"href":"https:\/\/pressurezone.shop\/pl\/wp-json\/wp\/v2\/product\/3338\/revisions"}],"predecessor-version":[{"id":4489,"href":"https:\/\/pressurezone.shop\/pl\/wp-json\/wp\/v2\/product\/3338\/revisions\/4489"}],"wp:featuredmedia":[{"embeddable":true,"href":"https:\/\/pressurezone.shop\/pl\/wp-json\/wp\/v2\/media\/3421"}],"wp:attachment":[{"href":"https:\/\/pressurezone.shop\/pl\/wp-json\/wp\/v2\/media?parent=3338"}],"wp:term":[{"taxonomy":"product_brand","embeddable":true,"href":"https:\/\/pressurezone.shop\/pl\/wp-json\/wp\/v2\/product_brand?post=3338"},{"taxonomy":"product_cat","embeddable":true,"href":"https:\/\/pressurezone.shop\/pl\/wp-json\/wp\/v2\/product_cat?post=3338"},{"taxonomy":"product_tag","embeddable":true,"href":"https:\/\/pressurezone.shop\/pl\/wp-json\/wp\/v2\/product_tag?post=3338"}],"curies":[{"name":"wp","href":"https:\/\/api.w.org\/{rel}","templated":true}]}}