{"id":3339,"date":"2024-10-11T01:00:10","date_gmt":"2024-10-10T23:00:10","guid":{"rendered":"https:\/\/pressurezone.shop\/?post_type=product&#038;p=3339"},"modified":"2024-11-15T21:55:08","modified_gmt":"2024-11-15T20:55:08","slug":"achetez-jack-herer-marijuana-shatter","status":"publish","type":"product","link":"https:\/\/pressurezone.shop\/pl\/produkt\/kupic-marihuane-jack-herer-shatter\/","title":{"rendered":"Jack Herer Marihuana Shatter"},"content":{"rendered":"<div class=\"flex-shrink-0 flex flex-col relative items-end\">\n<div>\n<div class=\"pt-0\">\n<div class=\"gizmo-bot-avatar flex h-8 w-8 items-center justify-center overflow-hidden rounded-full\">\n<div class=\"relative p-1 rounded-sm flex items-center justify-center bg-token-main-surface-primary text-token-text-primary h-8 w-8\"><\/div>\n<\/div>\n<\/div>\n<\/div>\n<\/div>\n<div class=\"group\/conversation-turn relative flex w-full min-w-0 flex-col agent-turn\">\n<div class=\"flex-col gap-1 md:gap-3\">\n<div class=\"flex max-w-full flex-col flex-grow\">\n<div class=\"min-h-8 text-message flex w-full flex-col items-end gap-2 whitespace-normal break-words [.text-message+&amp;]:mt-5\" dir=\"auto\" data-message-author-role=\"assistant\" data-message-id=\"15f60975-e9ab-42d3-ad14-96b38a2e05c4\" data-message-model-slug=\"gpt-4o\">\n<div class=\"flex w-full flex-col gap-1 empty:hidden first:pt-[3px]\">\n<div class=\"markdown prose w-full break-words dark:prose-invert light\">\n<h3><strong>Kup marihuan\u0119 Jack Herer Shatter online w Europie<\/strong><\/h3>\n<p><strong>Jack Herer Marihuana Shatter<\/strong> to kultowy koncentrat nazwany na cze\u015b\u0107 jednej z najs\u0142ynniejszych odmian konopi na \u015bwiecie: <strong>Jack Herer<\/strong>hybryda z dominacj\u0105 sativy (80% sativa\/20% indica). Ten pot\u0119\u017cny, aromatyczny shatter jest wyj\u0105tkowym dzie\u0142em powsta\u0142ym w wyniku skrzy\u017cowania legendarnych szczep\u00f3w <strong>Haze<\/strong>, <strong>Northern Lights #5<\/strong>oraz <strong>Shiva Skunk<\/strong>.<\/p>\n<hr \/>\n<h3><strong>Dlaczego warto wybra\u0107 Jack Herer Marijuana Shatter?<\/strong><\/h3>\n<p><strong>Jack Herer Shatter<\/strong> to znacznie wi\u0119cej ni\u017c klasyczny koncentrat konopi indyjskich. \u0141\u0105czy w sobie orze\u017awiaj\u0105ce dzia\u0142anie, wyj\u0105tkowy aromat i wszechstronno\u015b\u0107, dzi\u0119ki czemu idealnie nadaje si\u0119 do r\u00f3\u017cnych zastosowa\u0144 terapeutycznych i rekreacyjnych.<a href=\"https:\/\/fuelpackz.com\/\" target=\"_blank\" rel=\"noopener\">.<\/a><\/p>\n<ul>\n<li><strong>Efekty energetyzuj\u0105ce<\/strong> Idealny na trudne poranki lub dni, w kt\u00f3rych potrzebujesz ma\u0142ego zastrzyku energii.<\/li>\n<li><strong>Unikalne smaki i aromaty<\/strong> Mieszanka cytrus\u00f3w, sosny i ziemistych nut, kt\u00f3re pobudzaj\u0105 zmys\u0142y.<\/li>\n<li><strong>Pot\u0119\u017cne THC<\/strong> Przy \u015brednim st\u0119\u017ceniu THC wynosz\u0105cym od 15 do 24%, shatter ten oferuje sta\u0142e, d\u0142ugotrwa\u0142e efekty.<\/li>\n<\/ul>\n<hr \/>\n<h3><strong>Efekty terapeutyczne i korzy\u015bci<\/strong><\/h3>\n<p>Ten koncentrat z dominuj\u0105c\u0105 sativ\u0105 znany jest ze swoich pobudzaj\u0105cych i euforycznych efekt\u00f3w, dzi\u0119ki czemu idealnie nadaje si\u0119 do spo\u017cycia w ci\u0105gu dnia.<\/p>\n<h4><strong>Efekty :<\/strong><\/h4>\n<ul>\n<li>Energia i motywacja<\/li>\n<li>\u0141agodna euforia<\/li>\n<li>Zwi\u0119kszona jasno\u015b\u0107 umys\u0142u<\/li>\n<\/ul>\n<h4><strong>Mo\u017ce odci\u0105\u017cy\u0107 :<\/strong><\/h4>\n<ul>\n<li>Przewlek\u0142y stres i niepok\u00f3j<\/li>\n<li>Depresja i wahania nastroju<\/li>\n<li>B\u00f3le g\u0142owy i migreny<\/li>\n<li>Chroniczne zm\u0119czenie<\/li>\n<\/ul>\n<hr \/>\n<h3><strong>Smak i aromat<\/strong><\/h3>\n<p>Do\u015bwiadczenie Jack Herer jest wzmocnione przez urzekaj\u0105ce smaki i aromaty:<\/p>\n<ul>\n<li><strong>Smaki<\/strong> Cytrusy, sosna, przyprawy.<\/li>\n<li><strong>Zapachy<\/strong> Ziemisty, drzewny, \u015bwie\u017cy.<\/li>\n<\/ul>\n<hr \/>\n<h3><strong>Czym jest Shatter?<\/strong><\/h3>\n<p>Le <strong>roztrzaskany<\/strong> to wysoce rafinowany koncentrat konopi indyjskich, ceniony za szklist\u0105 konsystencj\u0119 i moc. Wyprodukowany w drodze starannej ekstrakcji, zawiera wysoki poziom THC, gwarantuj\u0105c pot\u0119\u017cne, czyste doznania.<\/p>\n<hr \/>\n<h3><strong>Jak u\u017cywa\u0107 Jack Herer Shatter<\/strong><\/h3>\n<p>Wykorzystaj w pe\u0142ni ten koncentrat, odkrywaj\u0105c r\u00f3\u017cne metody jego konsumpcji:<\/p>\n<ol>\n<li><strong>Dabbing<\/strong> Uzyskaj natychmiastowe, pot\u0119\u017cne efekty z wysokiej jako\u015bci zestawu dab.<\/li>\n<li><strong>Odparowanie<\/strong> Zachowaj naturalne terpeny i ciesz si\u0119 \u0142agodnymi doznaniami.<\/li>\n<li><strong>Wsp\u00f3lna poprawa<\/strong> Wymieszaj niewielk\u0105 ilo\u015b\u0107 z kwiatami, aby zintensyfikowa\u0107 sesje.<\/li>\n<\/ol>\n<hr \/>\n<h3><strong>Dlaczego warto kupowa\u0107 w sklepie Pressure Zone Shop?<\/strong><\/h3>\n<p>Przy <a href=\"https:\/\/pressurezone.shop\/pl\/\" target=\"_new\" rel=\"noopener\">Sklep ze strefami ci\u015bnieniowymi<\/a>Naszym celem jest dostarczanie najwy\u017cszej jako\u015bci koncentrat\u00f3w konopi indyjskich i wyj\u0105tkowej obs\u0142ugi klienta.<\/p>\n<ul>\n<li><strong>Produkty testowane laboratoryjnie<\/strong> Gwarantowana czysto\u015b\u0107 i moc.<\/li>\n<li><strong>Szybka i dyskretna dostawa<\/strong> Ciesz si\u0119 niezawodn\u0105 i poufn\u0105 wysy\u0142k\u0105.<\/li>\n<li><strong>Zadowolenie klienta<\/strong> Nasz zesp\u00f3\u0142 jest oddany spe\u0142nianiu Twoich potrzeb.<\/li>\n<\/ul>\n<hr \/>\n<h3><strong>Zam\u00f3w marihuan\u0119 Jack Herer Shatter ju\u017c teraz<\/strong><\/h3>\n<p>Nie przegap szansy na wypr\u00f3bowanie tego legendarnego koncentratu. <strong>Kup marihuan\u0119 Jack Herer Shatter<\/strong> na <a href=\"https:\/\/pressurezone.shop\/pl\/\" target=\"_new\" rel=\"noopener\">Sklep ze strefami ci\u015bnieniowymi<\/a> i odkryj, dlaczego jest to jedna z najpopularniejszych odmian na ca\u0142ym \u015bwiecie.<\/p>\n<\/div>\n<\/div>\n<\/div>\n<\/div>\n<\/div>\n<\/div>","protected":false},"excerpt":{"rendered":"<p>Achetez Jack Herer Marijuana Shatter en Ligne Europe Jack Herer Marijuana Shatter est un concentr\u00e9 embl\u00e9matique qui tire son nom de l&rsquo;une des vari\u00e9t\u00e9s de cannabis les plus c\u00e9l\u00e8bres au monde : Jack Herer, un hybride \u00e0 dominance sativa (80% sativa\/20% indica). Ce shatter puissant et aromatique est une cr\u00e9ation exceptionnelle issue d&rsquo;un croisement entre [&hellip;]<\/p>","protected":false},"featured_media":3423,"comment_status":"closed","ping_status":"closed","template":"","meta":{"_uag_custom_page_level_css":"","site-sidebar-layout":"default","site-content-layout":"","ast-site-content-layout":"default","site-content-style":"default","site-sidebar-style":"default","ast-global-header-display":"","ast-banner-title-visibility":"","ast-main-header-display":"","ast-hfb-above-header-display":"","ast-hfb-below-header-display":"","ast-hfb-mobile-header-display":"","site-post-title":"","ast-breadcrumbs-content":"","ast-featured-img":"","footer-sml-layout":"","theme-transparent-header-meta":"default","adv-header-id-meta":"","stick-header-meta":"","header-above-stick-meta":"","header-main-stick-meta":"","header-below-stick-meta":"","astra-migrate-meta-layouts":"set","ast-page-background-enabled":"default","ast-page-background-meta":{"desktop":{"background-color":"","background-image":"","background-repeat":"repeat","background-position":"center center","background-size":"auto","background-attachment":"scroll","background-type":"","background-media":"","overlay-type":"","overlay-color":"","overlay-opacity":"","overlay-gradient":""},"tablet":{"background-color":"","background-image":"","background-repeat":"repeat","background-position":"center center","background-size":"auto","background-attachment":"scroll","background-type":"","background-media":"","overlay-type":"","overlay-color":"","overlay-opacity":"","overlay-gradient":""},"mobile":{"background-color":"","background-image":"","background-repeat":"repeat","background-position":"center center","background-size":"auto","background-attachment":"scroll","background-type":"","background-media":"","overlay-type":"","overlay-color":"","overlay-opacity":"","overlay-gradient":""}},"ast-content-background-meta":{"desktop":{"background-color":"var(--ast-global-color-5)","background-image":"","background-repeat":"repeat","background-position":"center center","background-size":"auto","background-attachment":"scroll","background-type":"","background-media":"","overlay-type":"","overlay-color":"","overlay-opacity":"","overlay-gradient":""},"tablet":{"background-color":"var(--ast-global-color-5)","background-image":"","background-repeat":"repeat","background-position":"center center","background-size":"auto","background-attachment":"scroll","background-type":"","background-media":"","overlay-type":"","overlay-color":"","overlay-opacity":"","overlay-gradient":""},"mobile":{"background-color":"var(--ast-global-color-5)","background-image":"","background-repeat":"repeat","background-position":"center center","background-size":"auto","background-attachment":"scroll","background-type":"","background-media":"","overlay-type":"","overlay-color":"","overlay-opacity":"","overlay-gradient":""}}},"product_brand":[],"product_cat":[334,436],"product_tag":[452],"class_list":{"0":"post-3339","1":"product","2":"type-product","3":"status-publish","4":"has-post-thumbnail","6":"product_cat-concentres-de-marijuana","7":"product_cat-achetez-du-shatter-dab-wax","8":"product_tag-order-jack-herer-marijuana-shatter-europe","9":"desktop-align-left","10":"tablet-align-left","11":"mobile-align-left","13":"first","14":"instock","15":"shipping-taxable","16":"purchasable","17":"product-type-variable"},"uagb_featured_image_src":{"full":["https:\/\/pressurezone.shop\/wp-content\/uploads\/2024\/10\/Jack-Herer-Marijuana-Shatter.jpg",1000,1000,false],"thumbnail":["https:\/\/pressurezone.shop\/wp-content\/uploads\/2024\/10\/Jack-Herer-Marijuana-Shatter-150x150.jpg",150,150,true],"medium":["https:\/\/pressurezone.shop\/wp-content\/uploads\/2024\/10\/Jack-Herer-Marijuana-Shatter-300x300.jpg",300,300,true],"medium_large":["https:\/\/pressurezone.shop\/wp-content\/uploads\/2024\/10\/Jack-Herer-Marijuana-Shatter-768x768.jpg",768,768,true],"large":["https:\/\/pressurezone.shop\/wp-content\/uploads\/2024\/10\/Jack-Herer-Marijuana-Shatter.jpg",1000,1000,false],"1536x1536":["https:\/\/pressurezone.shop\/wp-content\/uploads\/2024\/10\/Jack-Herer-Marijuana-Shatter.jpg",1000,1000,false],"2048x2048":["https:\/\/pressurezone.shop\/wp-content\/uploads\/2024\/10\/Jack-Herer-Marijuana-Shatter.jpg",1000,1000,false],"trp-custom-language-flag":["https:\/\/pressurezone.shop\/wp-content\/uploads\/2024\/10\/Jack-Herer-Marijuana-Shatter-12x12.jpg",12,12,true],"woocommerce_thumbnail":["https:\/\/pressurezone.shop\/wp-content\/uploads\/2024\/10\/Jack-Herer-Marijuana-Shatter-300x300.jpg",300,300,true],"woocommerce_single":["https:\/\/pressurezone.shop\/wp-content\/uploads\/2024\/10\/Jack-Herer-Marijuana-Shatter-600x600.jpg",600,600,true],"woocommerce_gallery_thumbnail":["https:\/\/pressurezone.shop\/wp-content\/uploads\/2024\/10\/Jack-Herer-Marijuana-Shatter-100x100.jpg",100,100,true]},"uagb_author_info":{"display_name":"pressurezone.shop","author_link":"https:\/\/pressurezone.shop\/pl\/author\/"},"uagb_comment_info":0,"uagb_excerpt":"Achetez Jack Herer Marijuana Shatter en Ligne Europe Jack Herer Marijuana Shatter est un concentr\u00e9 embl\u00e9matique qui tire son nom de l&rsquo;une des vari\u00e9t\u00e9s de cannabis les plus c\u00e9l\u00e8bres au monde : Jack Herer, un hybride \u00e0 dominance sativa (80% sativa\/20% indica). Ce shatter puissant et aromatique est une cr\u00e9ation exceptionnelle issue d&rsquo;un croisement entre&hellip;","_links":{"self":[{"href":"https:\/\/pressurezone.shop\/pl\/wp-json\/wp\/v2\/product\/3339"}],"collection":[{"href":"https:\/\/pressurezone.shop\/pl\/wp-json\/wp\/v2\/product"}],"about":[{"href":"https:\/\/pressurezone.shop\/pl\/wp-json\/wp\/v2\/types\/product"}],"replies":[{"embeddable":true,"href":"https:\/\/pressurezone.shop\/pl\/wp-json\/wp\/v2\/comments?post=3339"}],"version-history":[{"count":3,"href":"https:\/\/pressurezone.shop\/pl\/wp-json\/wp\/v2\/product\/3339\/revisions"}],"predecessor-version":[{"id":4481,"href":"https:\/\/pressurezone.shop\/pl\/wp-json\/wp\/v2\/product\/3339\/revisions\/4481"}],"wp:featuredmedia":[{"embeddable":true,"href":"https:\/\/pressurezone.shop\/pl\/wp-json\/wp\/v2\/media\/3423"}],"wp:attachment":[{"href":"https:\/\/pressurezone.shop\/pl\/wp-json\/wp\/v2\/media?parent=3339"}],"wp:term":[{"taxonomy":"product_brand","embeddable":true,"href":"https:\/\/pressurezone.shop\/pl\/wp-json\/wp\/v2\/product_brand?post=3339"},{"taxonomy":"product_cat","embeddable":true,"href":"https:\/\/pressurezone.shop\/pl\/wp-json\/wp\/v2\/product_cat?post=3339"},{"taxonomy":"product_tag","embeddable":true,"href":"https:\/\/pressurezone.shop\/pl\/wp-json\/wp\/v2\/product_tag?post=3339"}],"curies":[{"name":"wp","href":"https:\/\/api.w.org\/{rel}","templated":true}]}}