{"id":3348,"date":"2024-10-11T01:00:37","date_gmt":"2024-10-10T23:00:37","guid":{"rendered":"https:\/\/pressurezone.shop\/?post_type=product&#038;p=3348"},"modified":"2024-11-15T21:48:37","modified_gmt":"2024-11-15T20:48:37","slug":"ice-cream-cake-shatter","status":"publish","type":"product","link":"https:\/\/pressurezone.shop\/pl\/produkt\/rozdrobnione-ciasto-lodowe\/","title":{"rendered":"Ice Cream Cake Shatter"},"content":{"rendered":"<div class=\"flex-shrink-0 flex flex-col relative items-end\">\n<div>\n<div class=\"pt-0\">\n<div class=\"gizmo-bot-avatar flex h-8 w-8 items-center justify-center overflow-hidden rounded-full\">\n<div class=\"relative p-1 rounded-sm flex items-center justify-center bg-token-main-surface-primary text-token-text-primary h-8 w-8\"><\/div>\n<\/div>\n<\/div>\n<\/div>\n<\/div>\n<div class=\"group\/conversation-turn relative flex w-full min-w-0 flex-col agent-turn\">\n<div class=\"flex-col gap-1 md:gap-3\">\n<div class=\"flex max-w-full flex-col flex-grow\">\n<div class=\"min-h-8 text-message flex w-full flex-col items-end gap-2 whitespace-normal break-words [.text-message+&amp;]:mt-5\" dir=\"auto\" data-message-author-role=\"assistant\" data-message-id=\"555d4dce-16dc-41ba-836d-b52ab0c5d2ac\" data-message-model-slug=\"gpt-4o\">\n<div class=\"flex w-full flex-col gap-1 empty:hidden first:pt-[3px]\">\n<div class=\"markdown prose w-full break-words dark:prose-invert light\">\n<h3><strong>Kup Ice Cream Cake Shatter online<\/strong><\/h3>\n<p>Odkryj aksamitne bogactwo <strong>Ice Cream Cake Shatter<\/strong>rzadki koncentrat z dominacj\u0105 Indica (75% Indica \/ 25% Sativa). Pochodzi od s\u0142ynnego <strong>Gelato 33<\/strong> i <strong>Tort weselny<\/strong>Ten najwy\u017cszej klasy koncentrat konopi oferuje niezr\u00f3wnane doznania zar\u00f3wno entuzjastom konopi, jak i nowicjuszom.<\/p>\n<hr \/>\n<h3><strong>Dlaczego warto wybra\u0107 Ice Cream Cake Shatter?<\/strong><\/h3>\n<p><strong>Ice Cream Cake Shatter<\/strong> wyr\u00f3\u017cnia si\u0119 wyj\u0105tkowym smakiem, silnym dzia\u0142aniem i korzy\u015bciami terapeutycznymi.<\/p>\n<ul>\n<li><strong>Pyszny profil smakowy<\/strong> Kremowy, serowy smak ze s\u0142odkimi, orzechowymi niuansami, kt\u00f3re utrzymuj\u0105 si\u0119 na podniebieniu.<\/li>\n<li><strong>Aromat<\/strong> Subtelna nuta pikanterii po\u0142\u0105czona z kremow\u0105 s\u0142odycz\u0105 po spaleniu.<\/li>\n<li><strong>Wysoka zawarto\u015b\u0107 THC<\/strong> Dzi\u0119ki st\u0119\u017ceniu THC wynosz\u0105cemu 20-25%, shatter ten zapewnia sta\u0142e, silne efekty dzia\u0142ania<a href=\"https:\/\/fuelpackz.com\/\" target=\"_blank\" rel=\"noopener\">.<\/a><\/li>\n<\/ul>\n<hr \/>\n<h3><strong>Efekty terapeutyczne i korzy\u015bci<\/strong><\/h3>\n<p>Ten koncentrat hybrydowy z dominacj\u0105 indiki oferuje g\u0142\u0119boko relaksuj\u0105ce doznania po\u0142\u0105czone z jasno\u015bci\u0105 umys\u0142u:<\/p>\n<ul>\n<li><strong>Efekty<\/strong> :\n<ul>\n<li>Koj\u0105cy relaks dla cia\u0142a i umys\u0142u.<\/li>\n<li>\u0141agodna euforia poprawiaj\u0105ca nastr\u00f3j.<\/li>\n<li>Spokojny, sprzyjaj\u0105cy zasypianiu, idealny do stosowania w nocy.<\/li>\n<\/ul>\n<\/li>\n<li><strong>Mo\u017ce z\u0142agodzi\u0107<\/strong> :\n<ul>\n<li>Depresja i wahania nastroju.<\/li>\n<li>Przewlek\u0142y b\u00f3l i napi\u0119cie mi\u0119\u015bni.<\/li>\n<li>Bezsenno\u015b\u0107 i niepok\u00f3j.<\/li>\n<li>Nudno\u015bci lub utrata apetytu.<\/li>\n<\/ul>\n<\/li>\n<\/ul>\n<hr \/>\n<h3><strong>Smak i aromat<\/strong><\/h3>\n<p><strong>Ice Cream Cake Shatter<\/strong> jest r\u00f3wnie przyjemny w smaku, co w zapachu:<\/p>\n<ul>\n<li><strong>Smaki<\/strong> Kremowy ser, s\u0142odkie orzechy laskowe, ziemista subtelno\u015b\u0107.<\/li>\n<li><strong>Zapachy<\/strong> Kremowa s\u0142odycz z lekk\u0105 pikantn\u0105 nut\u0105.<\/li>\n<\/ul>\n<hr \/>\n<h3><strong>Czym jest Shatter?<\/strong><\/h3>\n<p>Shatter to wysokiej klasy koncentrat konopi indyjskich znany ze swojego p\u00f3\u0142przezroczystego, szklanego wygl\u0105du i pot\u0119\u017cnych efekt\u00f3w.<\/p>\n<ul>\n<li><strong>Najwa\u017cniejsze cechy<\/strong> :\n<ul>\n<li>Wysoka zawarto\u015b\u0107 THC zapewnia pot\u0119\u017cne rezultaty.<\/li>\n<li>\u0141agodny, czysty smak dzi\u0119ki skrupulatnym metodom ekstrakcji.<\/li>\n<li>Wszechstronny do wapowania, dabbingu lub wzmacniania staw\u00f3w.<\/li>\n<\/ul>\n<\/li>\n<\/ul>\n<hr \/>\n<h3><strong>Jak u\u017cywa\u0107 Ice Cream Cake Shatter<\/strong><\/h3>\n<p>Zmaksymalizuj swoje do\u015bwiadczenie dzi\u0119ki tym metodom konsumpcji:<\/p>\n<ol>\n<li><strong>Dabbing<\/strong> Szybki i skuteczny spos\u00f3b na cieszenie si\u0119 intensywnymi efektami.<\/li>\n<li><strong>\u0412\u0435\u0439\u043f\u0438\u043d\u0433<\/strong> Zachowaj bogaty smak terpen\u00f3w dzi\u0119ki wysokiej jako\u015bci sprayowi.<\/li>\n<li><strong>Wzmocnij swoje uszczelki<\/strong> Dodaj szczypt\u0119 do ulubionych kwiat\u00f3w, aby uzyska\u0107 dodatkowy efekt.<\/li>\n<\/ol>\n<hr \/>\n<h3><strong>Dlaczego warto kupowa\u0107 w sklepie Pressure Zone Shop?<\/strong><\/h3>\n<p><a href=\"https:\/\/pressurezone.shop\/pl\/\" target=\"_new\" rel=\"noopener\">Sklep ze strefami ci\u015bnieniowymi<\/a> to zaufane miejsce docelowe dla koncentrat\u00f3w konopi premium:<\/p>\n<ul>\n<li><strong>Wysokiej jako\u015bci<\/strong> Wszystkie produkty s\u0105 testowane laboratoryjnie, aby zagwarantowa\u0107 ich czysto\u015b\u0107 i moc.<\/li>\n<li><strong>Szybka i dyskretna dostawa<\/strong> Gwarantowana poufno\u015b\u0107 i punktualno\u015b\u0107.<\/li>\n<li><strong>Zadowolenie klienta<\/strong> Nasz oddany zesp\u00f3\u0142 gwarantuje sprawne zakupy.<\/li>\n<\/ul>\n<hr \/>\n<h3><strong>Zam\u00f3w Ice Cream Cake Shatter online ju\u017c dzi\u015b<\/strong><\/h3>\n<p>Nie przegap przyjemnego do\u015bwiadczenia, jakim jest <strong>Ice Cream Cake Shatter<\/strong>. Z\u0142\u00f3\u017c zam\u00f3wienie teraz na <a href=\"https:\/\/pressurezone.shop\/pl\/\" target=\"_new\" rel=\"noopener\">Sklep ze strefami ci\u015bnieniowymi<\/a> i podnie\u015b swoje doznania zwi\u0105zane z konopiami indyjskimi dzi\u0119ki temu wyj\u0105tkowemu koncentratowi.<\/p>\n<\/div>\n<\/div>\n<\/div>\n<\/div>\n<\/div>\n<\/div>","protected":false},"excerpt":{"rendered":"<p>Achetez Ice Cream Cake Shatter en Ligne D\u00e9couvrez la richesse velout\u00e9e de Ice Cream Cake Shatter, un concentr\u00e9 rare \u00e0 dominance indica (75% Indica \/ 25% Sativa). Issu des c\u00e9l\u00e8bres souches Gelato 33 et Wedding Cake, ce concentr\u00e9 de cannabis haut de gamme offre une exp\u00e9rience in\u00e9gal\u00e9e pour les amateurs de cannabis et les novices. [&hellip;]<\/p>","protected":false},"featured_media":3425,"comment_status":"closed","ping_status":"closed","template":"","meta":{"_uag_custom_page_level_css":"","site-sidebar-layout":"default","site-content-layout":"","ast-site-content-layout":"default","site-content-style":"default","site-sidebar-style":"default","ast-global-header-display":"","ast-banner-title-visibility":"","ast-main-header-display":"","ast-hfb-above-header-display":"","ast-hfb-below-header-display":"","ast-hfb-mobile-header-display":"","site-post-title":"","ast-breadcrumbs-content":"","ast-featured-img":"","footer-sml-layout":"","theme-transparent-header-meta":"default","adv-header-id-meta":"","stick-header-meta":"","header-above-stick-meta":"","header-main-stick-meta":"","header-below-stick-meta":"","astra-migrate-meta-layouts":"set","ast-page-background-enabled":"default","ast-page-background-meta":{"desktop":{"background-color":"","background-image":"","background-repeat":"repeat","background-position":"center center","background-size":"auto","background-attachment":"scroll","background-type":"","background-media":"","overlay-type":"","overlay-color":"","overlay-opacity":"","overlay-gradient":""},"tablet":{"background-color":"","background-image":"","background-repeat":"repeat","background-position":"center center","background-size":"auto","background-attachment":"scroll","background-type":"","background-media":"","overlay-type":"","overlay-color":"","overlay-opacity":"","overlay-gradient":""},"mobile":{"background-color":"","background-image":"","background-repeat":"repeat","background-position":"center center","background-size":"auto","background-attachment":"scroll","background-type":"","background-media":"","overlay-type":"","overlay-color":"","overlay-opacity":"","overlay-gradient":""}},"ast-content-background-meta":{"desktop":{"background-color":"var(--ast-global-color-5)","background-image":"","background-repeat":"repeat","background-position":"center center","background-size":"auto","background-attachment":"scroll","background-type":"","background-media":"","overlay-type":"","overlay-color":"","overlay-opacity":"","overlay-gradient":""},"tablet":{"background-color":"var(--ast-global-color-5)","background-image":"","background-repeat":"repeat","background-position":"center center","background-size":"auto","background-attachment":"scroll","background-type":"","background-media":"","overlay-type":"","overlay-color":"","overlay-opacity":"","overlay-gradient":""},"mobile":{"background-color":"var(--ast-global-color-5)","background-image":"","background-repeat":"repeat","background-position":"center center","background-size":"auto","background-attachment":"scroll","background-type":"","background-media":"","overlay-type":"","overlay-color":"","overlay-opacity":"","overlay-gradient":""}}},"product_brand":[],"product_cat":[334,436],"product_tag":[453],"class_list":{"0":"post-3348","1":"product","2":"type-product","3":"status-publish","4":"has-post-thumbnail","6":"product_cat-concentres-de-marijuana","7":"product_cat-achetez-du-shatter-dab-wax","8":"product_tag-order-ice-cream-cake-shatter-finland","9":"desktop-align-left","10":"tablet-align-left","11":"mobile-align-left","13":"first","14":"instock","15":"shipping-taxable","16":"purchasable","17":"product-type-variable"},"uagb_featured_image_src":{"full":["https:\/\/pressurezone.shop\/wp-content\/uploads\/2024\/10\/Ice-Cream-Cake-Shatter.jpg",1000,1000,false],"thumbnail":["https:\/\/pressurezone.shop\/wp-content\/uploads\/2024\/10\/Ice-Cream-Cake-Shatter-150x150.jpg",150,150,true],"medium":["https:\/\/pressurezone.shop\/wp-content\/uploads\/2024\/10\/Ice-Cream-Cake-Shatter-300x300.jpg",300,300,true],"medium_large":["https:\/\/pressurezone.shop\/wp-content\/uploads\/2024\/10\/Ice-Cream-Cake-Shatter-768x768.jpg",768,768,true],"large":["https:\/\/pressurezone.shop\/wp-content\/uploads\/2024\/10\/Ice-Cream-Cake-Shatter.jpg",1000,1000,false],"1536x1536":["https:\/\/pressurezone.shop\/wp-content\/uploads\/2024\/10\/Ice-Cream-Cake-Shatter.jpg",1000,1000,false],"2048x2048":["https:\/\/pressurezone.shop\/wp-content\/uploads\/2024\/10\/Ice-Cream-Cake-Shatter.jpg",1000,1000,false],"trp-custom-language-flag":["https:\/\/pressurezone.shop\/wp-content\/uploads\/2024\/10\/Ice-Cream-Cake-Shatter-12x12.jpg",12,12,true],"woocommerce_thumbnail":["https:\/\/pressurezone.shop\/wp-content\/uploads\/2024\/10\/Ice-Cream-Cake-Shatter-300x300.jpg",300,300,true],"woocommerce_single":["https:\/\/pressurezone.shop\/wp-content\/uploads\/2024\/10\/Ice-Cream-Cake-Shatter-600x600.jpg",600,600,true],"woocommerce_gallery_thumbnail":["https:\/\/pressurezone.shop\/wp-content\/uploads\/2024\/10\/Ice-Cream-Cake-Shatter-100x100.jpg",100,100,true]},"uagb_author_info":{"display_name":"pressurezone.shop","author_link":"https:\/\/pressurezone.shop\/pl\/author\/"},"uagb_comment_info":0,"uagb_excerpt":"Achetez Ice Cream Cake Shatter en Ligne D\u00e9couvrez la richesse velout\u00e9e de Ice Cream Cake Shatter, un concentr\u00e9 rare \u00e0 dominance indica (75% Indica \/ 25% Sativa). Issu des c\u00e9l\u00e8bres souches Gelato 33 et Wedding Cake, ce concentr\u00e9 de cannabis haut de gamme offre une exp\u00e9rience in\u00e9gal\u00e9e pour les amateurs de cannabis et les novices.&hellip;","_links":{"self":[{"href":"https:\/\/pressurezone.shop\/pl\/wp-json\/wp\/v2\/product\/3348"}],"collection":[{"href":"https:\/\/pressurezone.shop\/pl\/wp-json\/wp\/v2\/product"}],"about":[{"href":"https:\/\/pressurezone.shop\/pl\/wp-json\/wp\/v2\/types\/product"}],"replies":[{"embeddable":true,"href":"https:\/\/pressurezone.shop\/pl\/wp-json\/wp\/v2\/comments?post=3348"}],"version-history":[{"count":3,"href":"https:\/\/pressurezone.shop\/pl\/wp-json\/wp\/v2\/product\/3348\/revisions"}],"predecessor-version":[{"id":4473,"href":"https:\/\/pressurezone.shop\/pl\/wp-json\/wp\/v2\/product\/3348\/revisions\/4473"}],"wp:featuredmedia":[{"embeddable":true,"href":"https:\/\/pressurezone.shop\/pl\/wp-json\/wp\/v2\/media\/3425"}],"wp:attachment":[{"href":"https:\/\/pressurezone.shop\/pl\/wp-json\/wp\/v2\/media?parent=3348"}],"wp:term":[{"taxonomy":"product_brand","embeddable":true,"href":"https:\/\/pressurezone.shop\/pl\/wp-json\/wp\/v2\/product_brand?post=3348"},{"taxonomy":"product_cat","embeddable":true,"href":"https:\/\/pressurezone.shop\/pl\/wp-json\/wp\/v2\/product_cat?post=3348"},{"taxonomy":"product_tag","embeddable":true,"href":"https:\/\/pressurezone.shop\/pl\/wp-json\/wp\/v2\/product_tag?post=3348"}],"curies":[{"name":"wp","href":"https:\/\/api.w.org\/{rel}","templated":true}]}}