{"id":3349,"date":"2024-10-11T01:00:37","date_gmt":"2024-10-10T23:00:37","guid":{"rendered":"https:\/\/pressurezone.shop\/?post_type=product&#038;p=3349"},"modified":"2024-11-15T21:07:39","modified_gmt":"2024-11-15T20:07:39","slug":"gorilla-glue-shatter","status":"publish","type":"product","link":"https:\/\/pressurezone.shop\/pl\/produkt\/odlamki-kleju-goryla\/","title":{"rendered":"Gorilla Glue Shatter"},"content":{"rendered":"<h3><strong>Kup Gorilla Glue Shatter online w Europie<\/strong><\/h3>\n<p>Odkryj niezr\u00f3wnan\u0105 moc <strong>Shatter Gorilla Glue<\/strong>wyj\u0105tkowy koncentrat konopi indyjskich, kt\u00f3ry oferuje niezapomniane wra\u017cenia dzi\u0119ki silnemu dzia\u0142aniu i wyj\u0105tkowym smakom. Znany jako <strong>Gorilla Glue #1<\/strong> lub <strong>420 Glue<\/strong>Ten shatter jest skrzy\u017cowaniem legendarnego <strong>Czekoladowy Diesel<\/strong> i <strong>Sour Diesel<\/strong>.<\/p>\n<hr \/>\n<h3><strong>Dlaczego warto wybra\u0107 Gorilla Glue Shatter?<\/strong><\/h3>\n<p>Le <strong>Gorilla Glue Shatter<\/strong> jest <strong>hybryda z dominacj\u0105 Indica<\/strong> ze wsp\u00f3\u0142czynnikiem <strong>60% indica \/ 40% sativa<\/strong>zaprojektowany, aby zapewni\u0107 g\u0142\u0119boki, relaksuj\u0105cy haj. Z <strong>Imponuj\u0105ca zawarto\u015b\u0107 THC w 25-28%<\/strong>Ten koncentrat jest idealny dla mi\u0142o\u015bnik\u00f3w konopi, kt\u00f3rzy chc\u0105 osi\u0105gn\u0105\u0107 nowy poziom relaksu i euforii.<a href=\"https:\/\/fuelpackz.com\/\" target=\"_blank\" rel=\"noopener\">.<\/a><\/p>\n<ul>\n<li><strong>Wyj\u0105tkowa moc<\/strong> Koncentrat o wysokim potencjale zapewniaj\u0105cy d\u0142ugotrwa\u0142e efekty.<\/li>\n<li><strong>Zr\u00f3wnowa\u017cona hybryda<\/strong> \u0141\u0105czy w sobie relaks fizyczny i jasno\u015b\u0107 umys\u0142u.<\/li>\n<li><strong>Ekstrakcja premium<\/strong> Wykonane z dba\u0142o\u015bci\u0105 o czysto\u015b\u0107 i smak.<\/li>\n<\/ul>\n<hr \/>\n<h3><strong>Dzia\u0142anie kleju Shatter Gorilla Glue<\/strong><\/h3>\n<p>Le <strong>Shatter Gorilla Glue<\/strong> s\u0142ynie z intensywnych efekt\u00f3w, kt\u00f3re pozostawiaj\u0105 uczucie odpr\u0119\u017cenia i ukojenia. Powoduje szybk\u0105 eufori\u0119 m\u00f3zgow\u0105, po kt\u00f3rej nast\u0119puje g\u0142\u0119bokie rozlu\u017anienie cia\u0142a.<\/p>\n<ul>\n<li><strong>G\u0142\u00f3wne efekty<\/strong> :\n<ul>\n<li><strong>Wysoka moc<\/strong> Uczucie spokoju i dobrego samopoczucia.<\/li>\n<li><strong>Intensywny relaks<\/strong> Idealny do relaksu po stresuj\u0105cym dniu.<\/li>\n<li><strong>U\u015bmierzanie b\u00f3lu<\/strong> \u0141agodzi przewlek\u0142y b\u00f3l i skurcze mi\u0119\u015bni.<\/li>\n<\/ul>\n<\/li>\n<\/ul>\n<hr \/>\n<h3><strong>Korzy\u015bci terapeutyczne<\/strong><\/h3>\n<p>Le <strong>Shatter Gorilla Glue<\/strong> jest cz\u0119sto stosowany w celach leczniczych dzi\u0119ki swoim w\u0142a\u015bciwo\u015bciom koj\u0105cym i terapeutycznym:<\/p>\n<ul>\n<li><strong>Mo\u017ce z\u0142agodzi\u0107<\/strong> :\n<ul>\n<li><strong>Przewlek\u0142y b\u00f3l<\/strong> Idealny dla os\u00f3b cierpi\u0105cych na uporczywy b\u00f3l.<\/li>\n<li><strong>Bezsenno\u015b\u0107<\/strong> Pomaga osi\u0105gn\u0105\u0107 g\u0142\u0119boki, regeneruj\u0105cy sen.<\/li>\n<li><strong>Depresja i stany l\u0119kowe<\/strong> Poprawia nastr\u00f3j i zmniejsza stres.<\/li>\n<li><strong>Skurcze mi\u0119\u015bni i nudno\u015bci<\/strong> Skuteczna ulga w fizycznym dyskomforcie.<\/li>\n<\/ul>\n<\/li>\n<\/ul>\n<hr \/>\n<h3><strong>Smaki i aromaty<\/strong><\/h3>\n<p>Le <strong>Shatter Gorilla Glue<\/strong> s\u0142ynie r\u00f3wnie\u017c z bogatego, z\u0142o\u017conego profilu smakowego:<\/p>\n<ul>\n<li><strong>Smaki<\/strong> Czekolada, olej nap\u0119dowy, korzenny, zio\u0142owy.<\/li>\n<li><strong>Zapachy<\/strong> Pikantny, ziemisty, s\u0142odki.<\/li>\n<\/ul>\n<p>Odwa\u017cny smak czekolady i oleju nap\u0119dowego w po\u0142\u0105czeniu z pikantnymi nutami oferuje wyj\u0105tkowe doznania smakowe, kt\u00f3re zachwyc\u0105 koneser\u00f3w.<\/p>\n<hr \/>\n<h3><strong>Jak u\u017cywa\u0107 kleju Shatter Gorilla Glue?<\/strong><\/h3>\n<p>Skorzystaj z <strong>Gorilla Glue Shatter<\/strong> z nast\u0119puj\u0105cymi metodami konsumpcji:<\/p>\n<ol>\n<li><strong>Dab<\/strong> U\u017cyj urz\u0105dzenia do bezpo\u015bredniej, mocnej inhalacji.<\/li>\n<li><strong>Odparowanie<\/strong> Idealny do delikatnych, kontrolowanych sesji.<\/li>\n<li><strong>Mix<\/strong> Dodaj go do kwiat\u00f3w, aby zintensyfikowa\u0107 efekt.<\/li>\n<\/ol>\n<hr \/>\n<h3><strong>Dlaczego warto zamawia\u0107 w sklepie Pressure Zone Shop?<\/strong><\/h3>\n<p>Kup na <a href=\"https:\/\/pressurezone.shop\/pl\/\" target=\"_new\" rel=\"noopener\">Sklep ze strefami ci\u015bnieniowymi<\/a> gwarantuje najwy\u017csz\u0105 jako\u015b\u0107 i wyj\u0105tkow\u0105 obs\u0142ug\u0119 klienta:<\/p>\n<ul>\n<li><strong>Testowane produkty<\/strong> Certyfikowane ze wzgl\u0119du na ich czysto\u015b\u0107 i moc.<\/li>\n<li><strong>Dyskretna dostawa<\/strong> Szybka i bezpieczna wysy\u0142ka na terenie ca\u0142ej Europy.<\/li>\n<li><strong>Dedykowana obs\u0142uga klienta<\/strong> Pomoc techniczna dost\u0119pna na wszystkie pytania.<\/li>\n<\/ul>\n<hr \/>\n<h3><strong>Zam\u00f3w Shatter Gorilla Glue ju\u017c teraz<\/strong><\/h3>\n<p>Przekszta\u0142\u0107 swoje sesje z konopiami indyjskimi dzi\u0119ki <strong>Gorilla Glue Shatter<\/strong>najwy\u017cszej klasy koncentrat przeznaczony dla hobbyst\u00f3w i u\u017cytkownik\u00f3w medycznych. Nie przegap okazji, aby odkry\u0107 jeden z najbardziej poszukiwanych koncentrat\u00f3w na rynku.<\/p>\n<p><strong>Zam\u00f3w ju\u017c dzi\u015b<\/strong> na <a href=\"https:\/\/pressurezone.shop\/pl\/\" target=\"_new\" rel=\"noopener\">Sklep ze strefami ci\u015bnieniowymi<\/a> i ciesz si\u0119 wyj\u0105tkowym koncentratem konopi dostarczanym prosto pod Twoje drzwi!<\/p>","protected":false},"excerpt":{"rendered":"<p>Achetez du Gorilla Glue Shatter en Ligne Europe D\u00e9couvrez la puissance in\u00e9gal\u00e9e du Shatter Gorilla Glue, un concentr\u00e9 de cannabis exceptionnel qui offre une exp\u00e9rience inoubliable gr\u00e2ce \u00e0 ses effets puissants et ses saveurs uniques. Connu sous le nom de Gorilla Glue #1 ou 420 Glue, ce shatter est issu du croisement des l\u00e9gendaires souches [&hellip;]<\/p>","protected":false},"featured_media":3427,"comment_status":"closed","ping_status":"closed","template":"","meta":{"_uag_custom_page_level_css":"","site-sidebar-layout":"default","site-content-layout":"","ast-site-content-layout":"default","site-content-style":"default","site-sidebar-style":"default","ast-global-header-display":"","ast-banner-title-visibility":"","ast-main-header-display":"","ast-hfb-above-header-display":"","ast-hfb-below-header-display":"","ast-hfb-mobile-header-display":"","site-post-title":"","ast-breadcrumbs-content":"","ast-featured-img":"","footer-sml-layout":"","theme-transparent-header-meta":"default","adv-header-id-meta":"","stick-header-meta":"","header-above-stick-meta":"","header-main-stick-meta":"","header-below-stick-meta":"","astra-migrate-meta-layouts":"set","ast-page-background-enabled":"default","ast-page-background-meta":{"desktop":{"background-color":"","background-image":"","background-repeat":"repeat","background-position":"center center","background-size":"auto","background-attachment":"scroll","background-type":"","background-media":"","overlay-type":"","overlay-color":"","overlay-opacity":"","overlay-gradient":""},"tablet":{"background-color":"","background-image":"","background-repeat":"repeat","background-position":"center center","background-size":"auto","background-attachment":"scroll","background-type":"","background-media":"","overlay-type":"","overlay-color":"","overlay-opacity":"","overlay-gradient":""},"mobile":{"background-color":"","background-image":"","background-repeat":"repeat","background-position":"center center","background-size":"auto","background-attachment":"scroll","background-type":"","background-media":"","overlay-type":"","overlay-color":"","overlay-opacity":"","overlay-gradient":""}},"ast-content-background-meta":{"desktop":{"background-color":"var(--ast-global-color-5)","background-image":"","background-repeat":"repeat","background-position":"center center","background-size":"auto","background-attachment":"scroll","background-type":"","background-media":"","overlay-type":"","overlay-color":"","overlay-opacity":"","overlay-gradient":""},"tablet":{"background-color":"var(--ast-global-color-5)","background-image":"","background-repeat":"repeat","background-position":"center center","background-size":"auto","background-attachment":"scroll","background-type":"","background-media":"","overlay-type":"","overlay-color":"","overlay-opacity":"","overlay-gradient":""},"mobile":{"background-color":"var(--ast-global-color-5)","background-image":"","background-repeat":"repeat","background-position":"center center","background-size":"auto","background-attachment":"scroll","background-type":"","background-media":"","overlay-type":"","overlay-color":"","overlay-opacity":"","overlay-gradient":""}}},"product_brand":[],"product_cat":[334,436],"product_tag":[454],"class_list":{"0":"post-3349","1":"product","2":"type-product","3":"status-publish","4":"has-post-thumbnail","6":"product_cat-concentres-de-marijuana","7":"product_cat-achetez-du-shatter-dab-wax","8":"product_tag-buy-gorilla-glue-shatter-europe","9":"desktop-align-left","10":"tablet-align-left","11":"mobile-align-left","13":"first","14":"instock","15":"shipping-taxable","16":"purchasable","17":"product-type-variable"},"uagb_featured_image_src":{"full":["https:\/\/pressurezone.shop\/wp-content\/uploads\/2024\/10\/Buy-Gorilla-Glue-Shatter.jpg",1000,1000,false],"thumbnail":["https:\/\/pressurezone.shop\/wp-content\/uploads\/2024\/10\/Buy-Gorilla-Glue-Shatter-150x150.jpg",150,150,true],"medium":["https:\/\/pressurezone.shop\/wp-content\/uploads\/2024\/10\/Buy-Gorilla-Glue-Shatter-300x300.jpg",300,300,true],"medium_large":["https:\/\/pressurezone.shop\/wp-content\/uploads\/2024\/10\/Buy-Gorilla-Glue-Shatter-768x768.jpg",768,768,true],"large":["https:\/\/pressurezone.shop\/wp-content\/uploads\/2024\/10\/Buy-Gorilla-Glue-Shatter.jpg",1000,1000,false],"1536x1536":["https:\/\/pressurezone.shop\/wp-content\/uploads\/2024\/10\/Buy-Gorilla-Glue-Shatter.jpg",1000,1000,false],"2048x2048":["https:\/\/pressurezone.shop\/wp-content\/uploads\/2024\/10\/Buy-Gorilla-Glue-Shatter.jpg",1000,1000,false],"trp-custom-language-flag":["https:\/\/pressurezone.shop\/wp-content\/uploads\/2024\/10\/Buy-Gorilla-Glue-Shatter-12x12.jpg",12,12,true],"woocommerce_thumbnail":["https:\/\/pressurezone.shop\/wp-content\/uploads\/2024\/10\/Buy-Gorilla-Glue-Shatter-300x300.jpg",300,300,true],"woocommerce_single":["https:\/\/pressurezone.shop\/wp-content\/uploads\/2024\/10\/Buy-Gorilla-Glue-Shatter-600x600.jpg",600,600,true],"woocommerce_gallery_thumbnail":["https:\/\/pressurezone.shop\/wp-content\/uploads\/2024\/10\/Buy-Gorilla-Glue-Shatter-100x100.jpg",100,100,true]},"uagb_author_info":{"display_name":"pressurezone.shop","author_link":"https:\/\/pressurezone.shop\/pl\/author\/"},"uagb_comment_info":0,"uagb_excerpt":"Achetez du Gorilla Glue Shatter en Ligne Europe D\u00e9couvrez la puissance in\u00e9gal\u00e9e du Shatter Gorilla Glue, un concentr\u00e9 de cannabis exceptionnel qui offre une exp\u00e9rience inoubliable gr\u00e2ce \u00e0 ses effets puissants et ses saveurs uniques. Connu sous le nom de Gorilla Glue #1 ou 420 Glue, ce shatter est issu du croisement des l\u00e9gendaires souches&hellip;","_links":{"self":[{"href":"https:\/\/pressurezone.shop\/pl\/wp-json\/wp\/v2\/product\/3349"}],"collection":[{"href":"https:\/\/pressurezone.shop\/pl\/wp-json\/wp\/v2\/product"}],"about":[{"href":"https:\/\/pressurezone.shop\/pl\/wp-json\/wp\/v2\/types\/product"}],"replies":[{"embeddable":true,"href":"https:\/\/pressurezone.shop\/pl\/wp-json\/wp\/v2\/comments?post=3349"}],"version-history":[{"count":3,"href":"https:\/\/pressurezone.shop\/pl\/wp-json\/wp\/v2\/product\/3349\/revisions"}],"predecessor-version":[{"id":4433,"href":"https:\/\/pressurezone.shop\/pl\/wp-json\/wp\/v2\/product\/3349\/revisions\/4433"}],"wp:featuredmedia":[{"embeddable":true,"href":"https:\/\/pressurezone.shop\/pl\/wp-json\/wp\/v2\/media\/3427"}],"wp:attachment":[{"href":"https:\/\/pressurezone.shop\/pl\/wp-json\/wp\/v2\/media?parent=3349"}],"wp:term":[{"taxonomy":"product_brand","embeddable":true,"href":"https:\/\/pressurezone.shop\/pl\/wp-json\/wp\/v2\/product_brand?post=3349"},{"taxonomy":"product_cat","embeddable":true,"href":"https:\/\/pressurezone.shop\/pl\/wp-json\/wp\/v2\/product_cat?post=3349"},{"taxonomy":"product_tag","embeddable":true,"href":"https:\/\/pressurezone.shop\/pl\/wp-json\/wp\/v2\/product_tag?post=3349"}],"curies":[{"name":"wp","href":"https:\/\/api.w.org\/{rel}","templated":true}]}}