{"id":3350,"date":"2024-10-11T01:00:37","date_gmt":"2024-10-10T23:00:37","guid":{"rendered":"https:\/\/pressurezone.shop\/?post_type=product&#038;p=3350"},"modified":"2024-11-15T20:57:37","modified_gmt":"2024-11-15T19:57:37","slug":"shatter-ghost-train-haze","status":"publish","type":"product","link":"https:\/\/pressurezone.shop\/pl\/produkt\/roztrzaskanie-mgly-pociagu-widmo\/","title":{"rendered":"Shatter Ghost Train Haze"},"content":{"rendered":"<div class=\"flex-shrink-0 flex flex-col relative items-end\">\n<div>\n<div class=\"pt-0\">\n<div class=\"gizmo-bot-avatar flex h-8 w-8 items-center justify-center overflow-hidden rounded-full\">\n<div class=\"relative p-1 rounded-sm flex items-center justify-center bg-token-main-surface-primary text-token-text-primary h-8 w-8\"><\/div>\n<\/div>\n<\/div>\n<\/div>\n<\/div>\n<div class=\"group\/conversation-turn relative flex w-full min-w-0 flex-col agent-turn\">\n<div class=\"flex-col gap-1 md:gap-3\">\n<div class=\"flex max-w-full flex-col flex-grow\">\n<div class=\"min-h-8 text-message flex w-full flex-col items-end gap-2 whitespace-normal break-words [.text-message+&amp;]:mt-5\" dir=\"auto\" data-message-author-role=\"assistant\" data-message-id=\"31e1dc90-319c-4a51-aa0c-37ccefdb3452\" data-message-model-slug=\"gpt-4o\">\n<div class=\"flex w-full flex-col gap-1 empty:hidden first:pt-[3px]\">\n<div class=\"markdown prose w-full break-words dark:prose-invert light\">\n<h3><strong>Kup Shatter Ghost Train Haze online w Europie<\/strong><\/h3>\n<p>Odkryj wyj\u0105tkowe doznania zwi\u0105zane z konopiami indyjskimi dzi\u0119ki <strong>Shatter Ghost Train Haze<\/strong>koncentrat premium ze s\u0142ynnego <strong>Ghost OG<\/strong> i <strong>Wrak Neville'a<\/strong>. Z <strong>Imponuj\u0105ca zawarto\u015b\u0107 THC w 27%<\/strong>Ten shatter jest przeznaczony wy\u0142\u0105cznie dla koneser\u00f3w.<\/p>\n<hr \/>\n<h3><strong>Co sprawia, \u017ce Ghost Train Haze Shatter jest wyj\u0105tkowy?<\/strong><\/h3>\n<p>Le <strong>Shatter Ghost Train Haze<\/strong> jest <strong>hybryda z dominacj\u0105 sativy<\/strong> ze wsp\u00f3\u0142czynnikiem <strong>80:20 sativa\/indica<\/strong>zaprojektowany, aby zapewni\u0107 ekscytuj\u0105cy haj m\u00f3zgowy, kt\u00f3remu towarzyszy subtelne rozlu\u017anienie cia\u0142a. Znany ze swoich <strong>efekty psychodeliczne<\/strong>Koncentrat ten oferuje intensywne i niezapomniane doznania zwi\u0105zane z konopiami indyjskimi.<\/p>\n<ul>\n<li><strong>Ekstremalna moc<\/strong> Dzi\u0119ki zawarto\u015bci 27% THC jest to jeden z najpot\u0119\u017cniejszych dost\u0119pnych shatter\u00f3w.<\/li>\n<li><strong>Efekty m\u00f3zgowe<\/strong> Idealny do stymulowania kreatywno\u015bci i produktywnych chwil.<\/li>\n<li><strong>Wysokiej jako\u015bci<\/strong> Wyprodukowany ze szczep\u00f3w AAA+ przy u\u017cyciu zaawansowanych metod ekstrakcji<a href=\"https:\/\/fuelpackz.com\/\" target=\"_blank\" rel=\"noopener\">.<\/a><\/li>\n<\/ul>\n<hr \/>\n<h3><strong>Efekty Shatter Ghost Train Haze<\/strong><\/h3>\n<p>Le <strong>Ghost Train Haze Shatter<\/strong> oferuje niezwyk\u0142e efekty, \u0142\u0105cz\u0105c eufori\u0119 i zwi\u0119kszon\u0105 koncentracj\u0119. Jednak nadmierne spo\u017cycie mo\u017ce prowadzi\u0107 do <strong>psychodeliczny haj<\/strong>co czyni j\u0105 bardziej odpowiedni\u0105 dla do\u015bwiadczonych u\u017cytkownik\u00f3w.<\/p>\n<ul>\n<li><strong>Wysoki m\u00f3zg<\/strong> Zach\u0119ca do kreatywno\u015bci i koncentracji.<\/li>\n<li><strong>Energetyzuj\u0105cy<\/strong> Idealny na imprezy towarzyskie lub produktywne dni.<\/li>\n<li><strong>Subtelny relaks<\/strong> R\u00f3wnowa\u017cy intensywno\u015b\u0107 z lekkim rozlu\u017anieniem cia\u0142a.<\/li>\n<\/ul>\n<hr \/>\n<h3><strong>Kto powinien u\u017cywa\u0107 Shatter Ghost Train Haze?<\/strong><\/h3>\n<p>Chocia\u017c <strong>Ghost Train Haze Weed Shatter<\/strong> jest doskona\u0142a do relaksu, oferuje r\u00f3wnie\u017c korzy\u015bci terapeutyczne, co czyni j\u0105 popularnym wyborem dla u\u017cytkownik\u00f3w medycznych:<\/p>\n<ul>\n<li><strong>Mo\u017ce z\u0142agodzi\u0107<\/strong> :\n<ul>\n<li><strong>Depresja<\/strong> Pomaga poprawi\u0107 nastr\u00f3j i rozproszy\u0107 negatywne my\u015bli.<\/li>\n<li><strong>Stres<\/strong> Zapewnia jasno\u015b\u0107 umys\u0142u i relaks.<\/li>\n<li><strong>Zm\u0119czenie<\/strong> Zapewnia zastrzyk energii.<\/li>\n<\/ul>\n<\/li>\n<\/ul>\n<p><strong>Uwaga<\/strong> Palenie: Pocz\u0105tkuj\u0105cy palacze lub osoby podatne na stany l\u0119kowe powinny zachowa\u0107 ostro\u017cno\u015b\u0107 ze wzgl\u0119du na intensywno\u015b\u0107 dzia\u0142ania tej odmiany.<\/p>\n<hr \/>\n<h3><strong>Smaki i aromaty<\/strong><\/h3>\n<p>Le <strong>Ghost Train Haze Weed Shatter<\/strong> jest r\u00f3wnie smaczny, co mocny, oferuj\u0105c wyj\u0105tkowe doznania sensoryczne:<\/p>\n<ul>\n<li><strong>Smaki<\/strong> Cytrusowy, kwiatowy, sosnowy, s\u0142odki.<\/li>\n<li><strong>Zapachy<\/strong> Ziemisty, pikantny, ostry, diesel.<\/li>\n<\/ul>\n<p>Po\u0142\u0105czenie s\u0142odkich, cytrusowych nut i ostrego aromatu oleju nap\u0119dowego tworzy <strong>urzekaj\u0105cy profil terpenowy<\/strong> kt\u00f3re zachwyc\u0105 mi\u0142o\u015bnik\u00f3w konopi.<\/p>\n<hr \/>\n<h3><strong>Jak stosowa\u0107 Ghost Train Haze Shatter?<\/strong><\/h3>\n<p>Niezale\u017cnie od tego, czy jeste\u015b do\u015bwiadczonym u\u017cytkownikiem, czy koneserem koncentrat\u00f3w, oto kilka sposob\u00f3w na cieszenie si\u0119 nimi <strong>Shatter Ghost Train Haze<\/strong> :<\/p>\n<ol>\n<li><strong>Dab<\/strong> Idealny dla czystego, pot\u0119\u017cnego do\u015bwiadczenia.<\/li>\n<li><strong>Odparowanie<\/strong> U\u017cywaj kompatybilnych d\u0142ugopis\u00f3w lub urz\u0105dze\u0144 do delikatnej inhalacji.<\/li>\n<li><strong>Uszczelki lub rury<\/strong> Wymieszaj go z kwiatami, aby wzmocni\u0107 haj.<\/li>\n<\/ol>\n<hr \/>\n<h3><strong>Dlaczego warto wybra\u0107 Shatter Ghost Train Haze?<\/strong><\/h3>\n<p>Le <strong>Ghost Train Haze Shatter<\/strong> wyr\u00f3\u017cnia si\u0119 niezr\u00f3wnan\u0105 jako\u015bci\u0105 i pot\u0119\u017cnymi efektami. Kupuj\u0105c od <a href=\"https:\/\/pressurezone.shop\/pl\/\" target=\"_new\" rel=\"noopener\">Sklep ze strefami ci\u015bnieniowymi<\/a>Korzystasz z wysokiej jako\u015bci koncentrat\u00f3w opracowanych z nale\u017cyt\u0105 staranno\u015bci\u0105.<\/p>\n<ul>\n<li><strong>Najwy\u017cszej klasy odci\u0105g<\/strong> Gwarantuje maksymaln\u0105 moc i czysto\u015b\u0107.<\/li>\n<li><strong>Testowane laboratoryjnie<\/strong> Gwarantowane bezpiecze\u0144stwo i sp\u00f3jno\u015b\u0107.<\/li>\n<li><strong>Dyskretna dostawa<\/strong> Szybka i bezpieczna wysy\u0142ka na terenie ca\u0142ej Europy.<\/li>\n<\/ul>\n<hr \/>\n<h3><strong>Zam\u00f3w Shatter Ghost Train Haze online ju\u017c dzi\u015b<\/strong><\/h3>\n<p>Nie przegap tego <strong>koncentrat konopi premium<\/strong> kt\u00f3ra \u0142\u0105czy w sobie moc, smak i korzy\u015bci terapeutyczne. Niezale\u017cnie od tego, czy szukasz kreatywnego do\u0142adowania, energetyzuj\u0105cego haju, czy ulgi w przewlek\u0142ych dolegliwo\u015bciach <strong>Shatter Ghost Train Haze<\/strong> jest dla Ciebie.<\/p>\n<p><strong>Zam\u00f3w teraz<\/strong> na <a href=\"https:\/\/pressurezone.shop\/pl\/\" target=\"_new\" rel=\"noopener\">Sklep ze strefami ci\u015bnieniowymi<\/a> i odkryj moc tej legendarnej odmiany!<\/p>\n<\/div>\n<\/div>\n<\/div>\n<\/div>\n<\/div>\n<\/div>","protected":false},"excerpt":{"rendered":"<p>Achetez du Shatter Ghost Train Haze en Ligne Europe D\u00e9couvrez une exp\u00e9rience de cannabis exceptionnelle avec le Shatter Ghost Train Haze, un concentr\u00e9 premium issu des c\u00e9l\u00e8bres souches Ghost OG et Neville\u2019s Wreck. Avec un taux de THC impressionnant de 27%, ce shatter est r\u00e9serv\u00e9 aux connaisseurs. Qu\u2019est-ce qui Rend le Ghost Train Haze Shatter [&hellip;]<\/p>","protected":false},"featured_media":3429,"comment_status":"closed","ping_status":"closed","template":"","meta":{"_uag_custom_page_level_css":"","site-sidebar-layout":"default","site-content-layout":"","ast-site-content-layout":"default","site-content-style":"default","site-sidebar-style":"default","ast-global-header-display":"","ast-banner-title-visibility":"","ast-main-header-display":"","ast-hfb-above-header-display":"","ast-hfb-below-header-display":"","ast-hfb-mobile-header-display":"","site-post-title":"","ast-breadcrumbs-content":"","ast-featured-img":"","footer-sml-layout":"","theme-transparent-header-meta":"default","adv-header-id-meta":"","stick-header-meta":"","header-above-stick-meta":"","header-main-stick-meta":"","header-below-stick-meta":"","astra-migrate-meta-layouts":"set","ast-page-background-enabled":"default","ast-page-background-meta":{"desktop":{"background-color":"","background-image":"","background-repeat":"repeat","background-position":"center center","background-size":"auto","background-attachment":"scroll","background-type":"","background-media":"","overlay-type":"","overlay-color":"","overlay-opacity":"","overlay-gradient":""},"tablet":{"background-color":"","background-image":"","background-repeat":"repeat","background-position":"center center","background-size":"auto","background-attachment":"scroll","background-type":"","background-media":"","overlay-type":"","overlay-color":"","overlay-opacity":"","overlay-gradient":""},"mobile":{"background-color":"","background-image":"","background-repeat":"repeat","background-position":"center center","background-size":"auto","background-attachment":"scroll","background-type":"","background-media":"","overlay-type":"","overlay-color":"","overlay-opacity":"","overlay-gradient":""}},"ast-content-background-meta":{"desktop":{"background-color":"var(--ast-global-color-5)","background-image":"","background-repeat":"repeat","background-position":"center center","background-size":"auto","background-attachment":"scroll","background-type":"","background-media":"","overlay-type":"","overlay-color":"","overlay-opacity":"","overlay-gradient":""},"tablet":{"background-color":"var(--ast-global-color-5)","background-image":"","background-repeat":"repeat","background-position":"center center","background-size":"auto","background-attachment":"scroll","background-type":"","background-media":"","overlay-type":"","overlay-color":"","overlay-opacity":"","overlay-gradient":""},"mobile":{"background-color":"var(--ast-global-color-5)","background-image":"","background-repeat":"repeat","background-position":"center center","background-size":"auto","background-attachment":"scroll","background-type":"","background-media":"","overlay-type":"","overlay-color":"","overlay-opacity":"","overlay-gradient":""}}},"product_brand":[],"product_cat":[334,436],"product_tag":[455],"class_list":{"0":"post-3350","1":"product","2":"type-product","3":"status-publish","4":"has-post-thumbnail","6":"product_cat-concentres-de-marijuana","7":"product_cat-achetez-du-shatter-dab-wax","8":"product_tag-buy-ghost-train-haze-weed-shatter-europe","9":"desktop-align-left","10":"tablet-align-left","11":"mobile-align-left","13":"first","14":"instock","15":"shipping-taxable","16":"purchasable","17":"product-type-variable"},"uagb_featured_image_src":{"full":["https:\/\/pressurezone.shop\/wp-content\/uploads\/2024\/10\/Buy-Ghost-Train-Haze-Weed-Shatter.jpg",1000,1000,false],"thumbnail":["https:\/\/pressurezone.shop\/wp-content\/uploads\/2024\/10\/Buy-Ghost-Train-Haze-Weed-Shatter-150x150.jpg",150,150,true],"medium":["https:\/\/pressurezone.shop\/wp-content\/uploads\/2024\/10\/Buy-Ghost-Train-Haze-Weed-Shatter-300x300.jpg",300,300,true],"medium_large":["https:\/\/pressurezone.shop\/wp-content\/uploads\/2024\/10\/Buy-Ghost-Train-Haze-Weed-Shatter-768x768.jpg",768,768,true],"large":["https:\/\/pressurezone.shop\/wp-content\/uploads\/2024\/10\/Buy-Ghost-Train-Haze-Weed-Shatter.jpg",1000,1000,false],"1536x1536":["https:\/\/pressurezone.shop\/wp-content\/uploads\/2024\/10\/Buy-Ghost-Train-Haze-Weed-Shatter.jpg",1000,1000,false],"2048x2048":["https:\/\/pressurezone.shop\/wp-content\/uploads\/2024\/10\/Buy-Ghost-Train-Haze-Weed-Shatter.jpg",1000,1000,false],"trp-custom-language-flag":["https:\/\/pressurezone.shop\/wp-content\/uploads\/2024\/10\/Buy-Ghost-Train-Haze-Weed-Shatter-12x12.jpg",12,12,true],"woocommerce_thumbnail":["https:\/\/pressurezone.shop\/wp-content\/uploads\/2024\/10\/Buy-Ghost-Train-Haze-Weed-Shatter-300x300.jpg",300,300,true],"woocommerce_single":["https:\/\/pressurezone.shop\/wp-content\/uploads\/2024\/10\/Buy-Ghost-Train-Haze-Weed-Shatter-600x600.jpg",600,600,true],"woocommerce_gallery_thumbnail":["https:\/\/pressurezone.shop\/wp-content\/uploads\/2024\/10\/Buy-Ghost-Train-Haze-Weed-Shatter-100x100.jpg",100,100,true]},"uagb_author_info":{"display_name":"pressurezone.shop","author_link":"https:\/\/pressurezone.shop\/pl\/author\/"},"uagb_comment_info":0,"uagb_excerpt":"Achetez du Shatter Ghost Train Haze en Ligne Europe D\u00e9couvrez une exp\u00e9rience de cannabis exceptionnelle avec le Shatter Ghost Train Haze, un concentr\u00e9 premium issu des c\u00e9l\u00e8bres souches Ghost OG et Neville\u2019s Wreck. Avec un taux de THC impressionnant de 27%, ce shatter est r\u00e9serv\u00e9 aux connaisseurs. Qu\u2019est-ce qui Rend le Ghost Train Haze Shatter&hellip;","_links":{"self":[{"href":"https:\/\/pressurezone.shop\/pl\/wp-json\/wp\/v2\/product\/3350"}],"collection":[{"href":"https:\/\/pressurezone.shop\/pl\/wp-json\/wp\/v2\/product"}],"about":[{"href":"https:\/\/pressurezone.shop\/pl\/wp-json\/wp\/v2\/types\/product"}],"replies":[{"embeddable":true,"href":"https:\/\/pressurezone.shop\/pl\/wp-json\/wp\/v2\/comments?post=3350"}],"version-history":[{"count":3,"href":"https:\/\/pressurezone.shop\/pl\/wp-json\/wp\/v2\/product\/3350\/revisions"}],"predecessor-version":[{"id":4425,"href":"https:\/\/pressurezone.shop\/pl\/wp-json\/wp\/v2\/product\/3350\/revisions\/4425"}],"wp:featuredmedia":[{"embeddable":true,"href":"https:\/\/pressurezone.shop\/pl\/wp-json\/wp\/v2\/media\/3429"}],"wp:attachment":[{"href":"https:\/\/pressurezone.shop\/pl\/wp-json\/wp\/v2\/media?parent=3350"}],"wp:term":[{"taxonomy":"product_brand","embeddable":true,"href":"https:\/\/pressurezone.shop\/pl\/wp-json\/wp\/v2\/product_brand?post=3350"},{"taxonomy":"product_cat","embeddable":true,"href":"https:\/\/pressurezone.shop\/pl\/wp-json\/wp\/v2\/product_cat?post=3350"},{"taxonomy":"product_tag","embeddable":true,"href":"https:\/\/pressurezone.shop\/pl\/wp-json\/wp\/v2\/product_tag?post=3350"}],"curies":[{"name":"wp","href":"https:\/\/api.w.org\/{rel}","templated":true}]}}