{"id":3351,"date":"2024-10-11T01:00:37","date_gmt":"2024-10-10T23:00:37","guid":{"rendered":"https:\/\/pressurezone.shop\/?post_type=product&#038;p=3351"},"modified":"2024-11-15T22:10:20","modified_gmt":"2024-11-15T21:10:20","slug":"gelato-cannabis-shatter","status":"publish","type":"product","link":"https:\/\/pressurezone.shop\/pl\/produkt\/shatter-z-konopi-indyjskich-gelato\/","title":{"rendered":"Gelato Cannabis Shatter"},"content":{"rendered":"<h3><strong>Zam\u00f3w Gelato Cannabis Shatter online w Europie<\/strong><\/h3>\n<p><strong>Gelato Cannabis Shatter<\/strong>znany r\u00f3wnie\u017c jako <strong>\"Larry Bird<\/strong>to symboliczny koncentrat hybrydowy, kt\u00f3ry zosta\u0142 wybrany <strong>odmiana roku 2018 wed\u0142ug Leafly<\/strong>. Pochodz\u0105cy z obszaru Zatoki San Francisco shatter s\u0142ynie z euforycznych i kreatywnych efekt\u00f3w, oferuj\u0105c jednocze\u015bnie intensywny relaks.<a href=\"https:\/\/fuelpackz.com\/\" target=\"_blank\" rel=\"noopener\">.<\/a><\/p>\n<hr \/>\n<h3><strong>Dlaczego warto wybra\u0107 Gelato Cannabis Shatter?<\/strong><\/h3>\n<p><strong>Gelato Cannabis Shatter<\/strong> to znacznie wi\u0119cej ni\u017c tylko ekstrakcja. Ten wysoko ceniony koncentrat oferuje wyj\u0105tkowe doznania podczas ka\u017cdej sesji.<\/p>\n<ul>\n<li><strong>Ol\u015bniewaj\u0105cy wygl\u0105d<\/strong> G\u0142\u0119boki fioletowy odcie\u0144 podkre\u015blony ognistymi pomara\u0144czowymi w\u0142oskami i warstw\u0105 b\u0142yszcz\u0105cej bia\u0142ej \u017cywicy.<\/li>\n<li><strong>Niezr\u00f3wnana moc<\/strong> Znana ze swoich euforycznych i relaksuj\u0105cych efekt\u00f3w dzi\u0119ki wysokiej zawarto\u015bci THC.<\/li>\n<li><strong>Saveur Gourmande<\/strong> S\u0142odki, kwiatowy profil z nutami owoc\u00f3w, kt\u00f3re przywodz\u0105 na my\u015bl wyrafinowany deser.<\/li>\n<\/ul>\n<hr \/>\n<h3><strong>Efekty i korzy\u015bci<\/strong><\/h3>\n<h4><strong>Efekty :<\/strong><\/h4>\n<ul>\n<li>Energetyzuj\u0105ca euforia<\/li>\n<li>G\u0142\u0119boki relaks<\/li>\n<li>Zwi\u0119kszenie kreatywno\u015bci<\/li>\n<\/ul>\n<h4><strong>Mo\u017ce odci\u0105\u017cy\u0107 :<\/strong><\/h4>\n<ul>\n<li>Przewlek\u0142y stres<\/li>\n<li>Depresja<\/li>\n<li>Umiarkowany do silnego b\u00f3l<\/li>\n<li>Zm\u0119czenie psychiczne<\/li>\n<\/ul>\n<hr \/>\n<h3><strong>Profil smaku i aromatu<\/strong><\/h3>\n<p>Ten koncentrat to prawdziwa uczta dla zmys\u0142\u00f3w, o z\u0142o\u017conym, wyrafinowanym smaku:<\/p>\n<ul>\n<li><strong>Smaki<\/strong> S\u0142odki, kwiatowy, owocowy.<\/li>\n<li><strong>Zapachy<\/strong> S\u0142odki, zio\u0142owy, nuty jag\u00f3d.<\/li>\n<\/ul>\n<hr \/>\n<h3><strong>Czym jest Shatter?<\/strong><\/h3>\n<p>Le <strong>roztrzaskany<\/strong> to klarowny, sta\u0142y koncentrat konopi indyjskich znany z wyj\u0105tkowej mocy i czysto\u015bci. Wykonany z najwy\u017cszej jako\u015bci kwiat\u00f3w konopi, zachowuje maksymaln\u0105 ilo\u015b\u0107 terpen\u00f3w i kannabinoid\u00f3w, zapewniaj\u0105c niezr\u00f3wnane doznania sensoryczne.<\/p>\n<hr \/>\n<h3><strong>Jak je\u015b\u0107 Gelato Cannabis Shatter?<\/strong><\/h3>\n<p>Oto najlepsze sposoby, aby w pe\u0142ni wykorzysta\u0107 <strong>Gelato Cannabis Shatter<\/strong> :<\/p>\n<ol>\n<li><strong>Dabbing<\/strong> Zapewnia szybkie wch\u0142anianie i natychmiastowe efekty.<\/li>\n<li><strong>Odparowanie<\/strong> Delikatna metoda, kt\u00f3ra zachowuje naturalne terpeny.<\/li>\n<li><strong>Ulepszanie kwiat\u00f3w<\/strong> Dodaj go do po\u0142\u0105cze\u0144 lub rur, aby uzyska\u0107 dodatkow\u0105 moc.<\/li>\n<\/ol>\n<hr \/>\n<h3><strong>Dlaczego warto zamawia\u0107 w sklepie Pressure Zone Shop?<\/strong><\/h3>\n<p>Przy <a href=\"https:\/\/pressurezone.shop\/pl\/\" target=\"_new\" rel=\"noopener\">Sklep ze strefami ci\u015bnieniowymi<\/a>Naszym celem jest oferowanie najwy\u017cszej jako\u015bci koncentrat\u00f3w konopi indyjskich.<\/p>\n<ul>\n<li><strong>Certyfikowana jako\u015b\u0107<\/strong> Wszystkie nasze produkty s\u0105 testowane laboratoryjnie, aby zagwarantowa\u0107 ich czysto\u015b\u0107.<\/li>\n<li><strong>Szybka i dyskretna dostawa<\/strong> Zam\u00f3w z pewno\u015bci\u0105.<\/li>\n<li><strong>Dedykowana obs\u0142uga klienta<\/strong> Zesp\u00f3\u0142 gotowy odpowiedzie\u0107 na wszystkie pytania.<\/li>\n<\/ul>\n<hr \/>\n<h3><strong>Zam\u00f3w Gelato Cannabis Shatter ju\u017c teraz<\/strong><\/h3>\n<p>Dowiedz si\u0119 dlaczego <strong>Gelato Cannabis Shatter<\/strong> to wyb\u00f3r mi\u0142o\u015bnik\u00f3w konopi w ca\u0142ej Europie. Nie przegap tego wyj\u0105tkowego do\u015bwiadczenia - <strong>zam\u00f3w ju\u017c dzi\u015b<\/strong> na <a href=\"https:\/\/pressurezone.shop\/pl\/\" target=\"_new\" rel=\"noopener\">Sklep ze strefami ci\u015bnieniowymi<\/a> i poczu\u0107 ostateczn\u0105 eufori\u0119.<\/p>","protected":false},"excerpt":{"rendered":"<p>Commandez Gelato Cannabis Shatter en Ligne en Europe Gelato Cannabis Shatter, \u00e9galement connu sous le nom de \u00ab\u00a0Larry Bird\u00a0\u00bb, est un concentr\u00e9 hybride embl\u00e9matique qui a \u00e9t\u00e9 \u00e9lu vari\u00e9t\u00e9 de l\u2019ann\u00e9e 2018 par Leafly. Originaire de la r\u00e9gion de la Baie de San Francisco, ce shatter est c\u00e9l\u00e8bre pour ses effets euphoriques et cr\u00e9atifs, tout [&hellip;]<\/p>","protected":false},"featured_media":3439,"comment_status":"closed","ping_status":"closed","template":"","meta":{"_uag_custom_page_level_css":"","site-sidebar-layout":"default","site-content-layout":"","ast-site-content-layout":"default","site-content-style":"default","site-sidebar-style":"default","ast-global-header-display":"","ast-banner-title-visibility":"","ast-main-header-display":"","ast-hfb-above-header-display":"","ast-hfb-below-header-display":"","ast-hfb-mobile-header-display":"","site-post-title":"","ast-breadcrumbs-content":"","ast-featured-img":"","footer-sml-layout":"","theme-transparent-header-meta":"default","adv-header-id-meta":"","stick-header-meta":"","header-above-stick-meta":"","header-main-stick-meta":"","header-below-stick-meta":"","astra-migrate-meta-layouts":"set","ast-page-background-enabled":"default","ast-page-background-meta":{"desktop":{"background-color":"","background-image":"","background-repeat":"repeat","background-position":"center center","background-size":"auto","background-attachment":"scroll","background-type":"","background-media":"","overlay-type":"","overlay-color":"","overlay-opacity":"","overlay-gradient":""},"tablet":{"background-color":"","background-image":"","background-repeat":"repeat","background-position":"center center","background-size":"auto","background-attachment":"scroll","background-type":"","background-media":"","overlay-type":"","overlay-color":"","overlay-opacity":"","overlay-gradient":""},"mobile":{"background-color":"","background-image":"","background-repeat":"repeat","background-position":"center center","background-size":"auto","background-attachment":"scroll","background-type":"","background-media":"","overlay-type":"","overlay-color":"","overlay-opacity":"","overlay-gradient":""}},"ast-content-background-meta":{"desktop":{"background-color":"var(--ast-global-color-5)","background-image":"","background-repeat":"repeat","background-position":"center center","background-size":"auto","background-attachment":"scroll","background-type":"","background-media":"","overlay-type":"","overlay-color":"","overlay-opacity":"","overlay-gradient":""},"tablet":{"background-color":"var(--ast-global-color-5)","background-image":"","background-repeat":"repeat","background-position":"center center","background-size":"auto","background-attachment":"scroll","background-type":"","background-media":"","overlay-type":"","overlay-color":"","overlay-opacity":"","overlay-gradient":""},"mobile":{"background-color":"var(--ast-global-color-5)","background-image":"","background-repeat":"repeat","background-position":"center center","background-size":"auto","background-attachment":"scroll","background-type":"","background-media":"","overlay-type":"","overlay-color":"","overlay-opacity":"","overlay-gradient":""}}},"product_brand":[],"product_cat":[334,436],"product_tag":[456],"class_list":{"0":"post-3351","1":"product","2":"type-product","3":"status-publish","4":"has-post-thumbnail","6":"product_cat-concentres-de-marijuana","7":"product_cat-achetez-du-shatter-dab-wax","8":"product_tag-order-gelato-cannabis-shatter-europe","9":"desktop-align-left","10":"tablet-align-left","11":"mobile-align-left","13":"first","14":"instock","15":"shipping-taxable","16":"purchasable","17":"product-type-variable"},"uagb_featured_image_src":{"full":["https:\/\/pressurezone.shop\/wp-content\/uploads\/2024\/10\/Order-Gelato-Cannabis-Shatter.jpg",1000,1000,false],"thumbnail":["https:\/\/pressurezone.shop\/wp-content\/uploads\/2024\/10\/Order-Gelato-Cannabis-Shatter-150x150.jpg",150,150,true],"medium":["https:\/\/pressurezone.shop\/wp-content\/uploads\/2024\/10\/Order-Gelato-Cannabis-Shatter-300x300.jpg",300,300,true],"medium_large":["https:\/\/pressurezone.shop\/wp-content\/uploads\/2024\/10\/Order-Gelato-Cannabis-Shatter-768x768.jpg",768,768,true],"large":["https:\/\/pressurezone.shop\/wp-content\/uploads\/2024\/10\/Order-Gelato-Cannabis-Shatter.jpg",1000,1000,false],"1536x1536":["https:\/\/pressurezone.shop\/wp-content\/uploads\/2024\/10\/Order-Gelato-Cannabis-Shatter.jpg",1000,1000,false],"2048x2048":["https:\/\/pressurezone.shop\/wp-content\/uploads\/2024\/10\/Order-Gelato-Cannabis-Shatter.jpg",1000,1000,false],"trp-custom-language-flag":["https:\/\/pressurezone.shop\/wp-content\/uploads\/2024\/10\/Order-Gelato-Cannabis-Shatter-12x12.jpg",12,12,true],"woocommerce_thumbnail":["https:\/\/pressurezone.shop\/wp-content\/uploads\/2024\/10\/Order-Gelato-Cannabis-Shatter-300x300.jpg",300,300,true],"woocommerce_single":["https:\/\/pressurezone.shop\/wp-content\/uploads\/2024\/10\/Order-Gelato-Cannabis-Shatter-600x600.jpg",600,600,true],"woocommerce_gallery_thumbnail":["https:\/\/pressurezone.shop\/wp-content\/uploads\/2024\/10\/Order-Gelato-Cannabis-Shatter-100x100.jpg",100,100,true]},"uagb_author_info":{"display_name":"pressurezone.shop","author_link":"https:\/\/pressurezone.shop\/pl\/author\/"},"uagb_comment_info":0,"uagb_excerpt":"Commandez Gelato Cannabis Shatter en Ligne en Europe Gelato Cannabis Shatter, \u00e9galement connu sous le nom de \u00ab\u00a0Larry Bird\u00a0\u00bb, est un concentr\u00e9 hybride embl\u00e9matique qui a \u00e9t\u00e9 \u00e9lu vari\u00e9t\u00e9 de l\u2019ann\u00e9e 2018 par Leafly. Originaire de la r\u00e9gion de la Baie de San Francisco, ce shatter est c\u00e9l\u00e8bre pour ses effets euphoriques et cr\u00e9atifs, tout&hellip;","_links":{"self":[{"href":"https:\/\/pressurezone.shop\/pl\/wp-json\/wp\/v2\/product\/3351"}],"collection":[{"href":"https:\/\/pressurezone.shop\/pl\/wp-json\/wp\/v2\/product"}],"about":[{"href":"https:\/\/pressurezone.shop\/pl\/wp-json\/wp\/v2\/types\/product"}],"replies":[{"embeddable":true,"href":"https:\/\/pressurezone.shop\/pl\/wp-json\/wp\/v2\/comments?post=3351"}],"version-history":[{"count":3,"href":"https:\/\/pressurezone.shop\/pl\/wp-json\/wp\/v2\/product\/3351\/revisions"}],"predecessor-version":[{"id":4497,"href":"https:\/\/pressurezone.shop\/pl\/wp-json\/wp\/v2\/product\/3351\/revisions\/4497"}],"wp:featuredmedia":[{"embeddable":true,"href":"https:\/\/pressurezone.shop\/pl\/wp-json\/wp\/v2\/media\/3439"}],"wp:attachment":[{"href":"https:\/\/pressurezone.shop\/pl\/wp-json\/wp\/v2\/media?parent=3351"}],"wp:term":[{"taxonomy":"product_brand","embeddable":true,"href":"https:\/\/pressurezone.shop\/pl\/wp-json\/wp\/v2\/product_brand?post=3351"},{"taxonomy":"product_cat","embeddable":true,"href":"https:\/\/pressurezone.shop\/pl\/wp-json\/wp\/v2\/product_cat?post=3351"},{"taxonomy":"product_tag","embeddable":true,"href":"https:\/\/pressurezone.shop\/pl\/wp-json\/wp\/v2\/product_tag?post=3351"}],"curies":[{"name":"wp","href":"https:\/\/api.w.org\/{rel}","templated":true}]}}